{"id":6730,"date":"2026-02-02T15:25:35","date_gmt":"2026-02-02T14:25:35","guid":{"rendered":"https:\/\/www.innovatingbytes.com\/product\/raspberry-pi-ontari2-w-a-souder-avec-tete-soudee-officiel-et-original\/"},"modified":"2026-04-04T07:08:37","modified_gmt":"2026-04-04T05:08:37","slug":"raspberry-pi-ontari2-w-a-souder-avec-tete-soudee-officiel-et-original","status":"publish","type":"product","link":"https:\/\/www.innovatingbytes.com\/en\/product\/raspberry-pi-ontari2-w-a-souder-avec-tete-soudee-officiel-et-original\/","title":{"rendered":"Raspberry Pi ontari2 W Soldering with Soldered Head, Official and Original"},"content":{"rendered":"<div class=\"product-specs-list-container\">\n<ul class=\"product-specs-list util-clearfix\">\n<li class=\"product-prop line-limit-length\"><span class=\"property-title\">Batterie incluse:&nbsp;<\/span><span class=\"property-desc line-limit-length\">Non<\/span>\n                            <\/li>\n<li class=\"product-prop line-limit-length\"><span class=\"property-title\">Domaines d&#039;application typiques:&nbsp;<\/span><span class=\"property-desc line-limit-length\">Autres domaines<\/span>\n                            <\/li>\n<li class=\"product-prop line-limit-length\"><span class=\"property-title\">Produit chimique \u00e0 haute pr\u00e9occupation:&nbsp;<\/span><span class=\"property-desc line-limit-length\">Aucun<\/span>\n                            <\/li>\n<li class=\"product-prop line-limit-length\"><span class=\"property-title\">Interface:&nbsp;<\/span><span class=\"property-desc line-limit-length\">Prise en charge de la carte TF,Sortie HDMI\/RCA<\/span>\n                            <\/li>\n<li class=\"product-prop line-limit-length\"><span class=\"property-title\">Marque du processeur:&nbsp;<\/span><span class=\"property-desc line-limit-length\">BROADCOM<\/span>\n                            <\/li>\n<li class=\"product-prop line-limit-length\"><span class=\"property-title\">Fonctionnalit\u00e9 int\u00e9gr\u00e9e:&nbsp;<\/span><span class=\"property-desc line-limit-length\">Wi-Fi 802.11b\/g\/n,Bluetooth<\/span>\n                            <\/li>\n<li class=\"product-prop line-limit-length\"><span class=\"property-title\">Capacit\u00e9 m\u00e9moire:&nbsp;<\/span><span class=\"property-desc line-limit-length\">512 Mo<\/span>\n                            <\/li>\n<li class=\"product-prop line-limit-length\"><span class=\"property-title\">Num\u00e9ro de Mod\u00e8le:&nbsp;<\/span><span class=\"property-desc line-limit-length\">Raspberry Pi Zero 2 W(Can with pin)<\/span>\n                            <\/li>\n<li class=\"product-prop line-limit-length\"><span class=\"property-title\">Type de tableau de d\u00e9monstration:&nbsp;<\/span><span class=\"property-desc line-limit-length\">Framboise Pi 2 B<\/span>\n                            <\/li>\n<li class=\"product-prop line-limit-length\"><span class=\"property-title\">Nom de marque:&nbsp;<\/span><span class=\"property-desc line-limit-length\">NoEnName_Null<\/span>\n                            <\/li>\n<li class=\"product-prop line-limit-length\"><span class=\"property-title\">Origine:&nbsp;<\/span><span class=\"property-desc line-limit-length\">GB (Origine)<\/span>\n                            <\/li>\n<li class=\"product-prop line-limit-length\"><span class=\"property-title\">Chip:&nbsp;<\/span><span class=\"property-desc line-limit-length\">Broadcom BCM2710A1<\/span>\n                            <\/li>\n<li class=\"product-prop line-limit-length\"><span class=\"property-title\">CPU Processor:&nbsp;<\/span><span class=\"property-desc line-limit-length\">1GHz quad-core 64-bit ARM Cortex-A53<\/span>\n                            <\/li>\n<li class=\"product-prop line-limit-length\"><span class=\"property-title\">Graphics Processing Unit:&nbsp;<\/span><span class=\"property-desc line-limit-length\">VideoCore IV GPU<\/span>\n                            <\/li>\n<li class=\"product-prop line-limit-length\"><span class=\"property-title\">Bluetooth:&nbsp;<\/span><span class=\"property-desc line-limit-length\">Bluetooth 4.2 and BLE<\/span>\n                            <\/li>\n<li class=\"product-prop line-limit-length\"><span class=\"property-title\">HDMI Port:&nbsp;<\/span><span class=\"property-desc line-limit-length\">Mini HDMI and USB2.0 OTG Ports<\/span>\n                            <\/li>\n<\/ul><\/div>\n<p><img decoding=\"async\" width=\"750\" height=\"auto\" src=\"https:\/\/ae01.alicdn.com\/kf\/Se527230a3ee744e2b86145701e53a689J.jpg\" \/><img decoding=\"async\" width=\"750\" height=\"auto\" src=\"https:\/\/ae01.alicdn.com\/kf\/S021dc7854aac4ccd8a74a290a19ff515R.jpg\" \/><\/p>\n<p><\/p>","protected":false},"excerpt":{"rendered":"<p>Batterie incluse:&nbsp;Non Domaines d&#039;application typiques:&nbsp;Autres domaines Produit chimique \u00e0 haute pr\u00e9occupation:&nbsp;Aucun Interface:&nbsp;Prise en charge de la carte TF,Sortie HDMI\/RCA Marque du processeur:&nbsp;BROADCOM Fonctionnalit\u00e9 int\u00e9gr\u00e9e:&nbsp;Wi-Fi 802.11b\/g\/n,Bluetooth Capacit\u00e9 m\u00e9moire:&nbsp;512 Mo Num\u00e9ro de Mod\u00e8le:&nbsp;Raspberry Pi Zero 2 W(Can with pin) Type de tableau de d\u00e9monstration:&nbsp;Framboise Pi 2 B Nom de marque:&nbsp;NoEnName_Null Origine:&nbsp;GB (Origine) Chip:&nbsp;Broadcom BCM2710A1 CPU Processor:&nbsp;1GHz quad-core&hellip;<\/p>","protected":false},"featured_media":6732,"comment_status":"open","ping_status":"closed","template":"","meta":[],"product_brand":[],"product_cat":[810,945],"product_tag":[],"class_list":{"0":"post-6730","1":"product","2":"type-product","3":"status-publish","4":"has-post-thumbnail","6":"product_cat-computer-office","7":"product_cat-raspberry-pi","9":"first","10":"instock","11":"taxable","12":"shipping-taxable","13":"purchasable","14":"product-type-simple"},"_links":{"self":[{"href":"https:\/\/www.innovatingbytes.com\/en\/wp-json\/wp\/v2\/product\/6730","targetHints":{"allow":["GET"]}}],"collection":[{"href":"https:\/\/www.innovatingbytes.com\/en\/wp-json\/wp\/v2\/product"}],"about":[{"href":"https:\/\/www.innovatingbytes.com\/en\/wp-json\/wp\/v2\/types\/product"}],"replies":[{"embeddable":true,"href":"https:\/\/www.innovatingbytes.com\/en\/wp-json\/wp\/v2\/comments?post=6730"}],"version-history":[{"count":0,"href":"https:\/\/www.innovatingbytes.com\/en\/wp-json\/wp\/v2\/product\/6730\/revisions"}],"wp:featuredmedia":[{"embeddable":true,"href":"https:\/\/www.innovatingbytes.com\/en\/wp-json\/wp\/v2\/media\/6732"}],"wp:attachment":[{"href":"https:\/\/www.innovatingbytes.com\/en\/wp-json\/wp\/v2\/media?parent=6730"}],"wp:term":[{"taxonomy":"product_brand","embeddable":true,"href":"https:\/\/www.innovatingbytes.com\/en\/wp-json\/wp\/v2\/product_brand?post=6730"},{"taxonomy":"product_cat","embeddable":true,"href":"https:\/\/www.innovatingbytes.com\/en\/wp-json\/wp\/v2\/product_cat?post=6730"},{"taxonomy":"product_tag","embeddable":true,"href":"https:\/\/www.innovatingbytes.com\/en\/wp-json\/wp\/v2\/product_tag?post=6730"}],"curies":[{"name":"wp","href":"https:\/\/api.w.org\/{rel}","templated":true}]}}