{"id":6704,"date":"2026-02-02T15:25:01","date_gmt":"2026-02-02T14:25:01","guid":{"rendered":"https:\/\/www.innovatingbytes.com\/product\/raspberry-pi-pico-2-pico-2-w-pico-2-soudure-pico-2-w-broche-de-soudure-kit-de-base-en-tete-rp2350a-sans-fil-lan-bluetooth-5-2\/"},"modified":"2026-04-08T07:03:11","modified_gmt":"2026-04-08T05:03:11","slug":"raspberry-pi-pico-2-pico-2-w-pico-2-soudure-pico-2-w-broche-de-soudure-kit-de-base-en-tete-rp2350a-sans-fil-lan-bluetooth-5-2","status":"publish","type":"product","link":"https:\/\/www.innovatingbytes.com\/en\/product\/raspberry-pi-pico-2-pico-2-w-pico-2-soudure-pico-2-w-broche-de-soudure-kit-de-base-en-tete-rp2350a-sans-fil-lan-bluetooth-5-2\/","title":{"rendered":"Raspberry Pi Pico 2 Pico 2 W Pico 2 soldering Pico 2 W-soldering spindle basic kit header RP2350A wireless LAN Bluetooth 5.2"},"content":{"rendered":"<div class=\"product-specs-list-container\">\n<ul class=\"product-specs-list util-clearfix\">\n<li class=\"product-prop line-limit-length\"><span class=\"property-title\">Batterie incluse:&nbsp;<\/span><span class=\"property-desc line-limit-length\">Non<\/span>\n                            <\/li>\n<li class=\"product-prop line-limit-length\"><span class=\"property-title\">Domaines d&#039;application typiques:&nbsp;<\/span><span class=\"property-desc line-limit-length\">Autres domaines<\/span>\n                            <\/li>\n<li class=\"product-prop line-limit-length\"><span class=\"property-title\">Produit chimique \u00e0 haute pr\u00e9occupation:&nbsp;<\/span><span class=\"property-desc line-limit-length\">Aucun<\/span>\n                            <\/li>\n<li class=\"product-prop line-limit-length\"><span class=\"property-title\">Num\u00e9ro de Mod\u00e8le:&nbsp;<\/span><span class=\"property-desc line-limit-length\">Raspberry Pi Pico 2 Pico 2W<\/span>\n                            <\/li>\n<li class=\"product-prop line-limit-length\"><span class=\"property-title\">Type de tableau de d\u00e9monstration:&nbsp;<\/span><span class=\"property-desc line-limit-length\">Framboise Pi 2 B<\/span>\n                            <\/li>\n<li class=\"product-prop line-limit-length\"><span class=\"property-title\">Nom de marque:&nbsp;<\/span><span class=\"property-desc line-limit-length\">NoEnName_Null<\/span>\n                            <\/li>\n<li class=\"product-prop line-limit-length\"><span class=\"property-title\">Origine:&nbsp;<\/span><span class=\"property-desc line-limit-length\">GB (Origine)<\/span>\n                            <\/li>\n<li class=\"product-prop line-limit-length\"><span class=\"property-title\">Utilized IC \/ Part:&nbsp;<\/span><span class=\"property-desc line-limit-length\">RP2350<\/span>\n                            <\/li>\n<li class=\"product-prop line-limit-length\"><span class=\"property-title\">Core Processor:&nbsp;<\/span><span class=\"property-desc line-limit-length\">ARM Cortex-M33<\/span>\n                            <\/li>\n<li class=\"product-prop line-limit-length\"><span class=\"property-title\">Bluetooth:&nbsp;<\/span><span class=\"property-desc line-limit-length\">Pico 2 W add Bluetooth 5.2<\/span>\n                            <\/li>\n<li class=\"product-prop line-limit-length\"><span class=\"property-title\">Wireless:&nbsp;<\/span><span class=\"property-desc line-limit-length\">Pico 2 W add 2.4GHz  802.11n Wireless LAN<\/span>\n                            <\/li>\n<\/ul><\/div>\n<div class=\"detailmodule_html\">\n<div class=\"detail-desc-decorate-richtext\">\n<p><img decoding=\"async\" width=\"750\" height=\"auto\" src=\"https:\/\/ae01.alicdn.com\/kf\/S0750347164ca46ec90d788358a21385do.jpg\" \/><\/p>\n<p><\/p>\n<\/div>\n<\/div>","protected":false},"excerpt":{"rendered":"<p>Batterie incluse:&nbsp;Non Domaines d&#039;application typiques:&nbsp;Autres domaines Produit chimique \u00e0 haute pr\u00e9occupation:&nbsp;Aucun Num\u00e9ro de Mod\u00e8le:&nbsp;Raspberry Pi Pico 2 Pico 2W Type de tableau de d\u00e9monstration:&nbsp;Framboise Pi 2 B Nom de marque:&nbsp;NoEnName_Null Origine:&nbsp;GB (Origine) Utilized IC \/ Part:&nbsp;RP2350 Core Processor:&nbsp;ARM Cortex-M33 Bluetooth:&nbsp;Pico 2 W add Bluetooth 5.2 Wireless:&nbsp;Pico 2 W add 2.4GHz 802.11n Wireless LAN<\/p>","protected":false},"featured_media":6706,"comment_status":"open","ping_status":"closed","template":"","meta":[],"product_brand":[],"product_cat":[815,945],"product_tag":[],"class_list":{"0":"post-6704","1":"product","2":"type-product","3":"status-publish","4":"has-post-thumbnail","6":"product_cat-computer-components","7":"product_cat-raspberry-pi","9":"first","10":"instock","11":"taxable","12":"shipping-taxable","13":"purchasable","14":"product-type-variable"},"_links":{"self":[{"href":"https:\/\/www.innovatingbytes.com\/en\/wp-json\/wp\/v2\/product\/6704","targetHints":{"allow":["GET"]}}],"collection":[{"href":"https:\/\/www.innovatingbytes.com\/en\/wp-json\/wp\/v2\/product"}],"about":[{"href":"https:\/\/www.innovatingbytes.com\/en\/wp-json\/wp\/v2\/types\/product"}],"replies":[{"embeddable":true,"href":"https:\/\/www.innovatingbytes.com\/en\/wp-json\/wp\/v2\/comments?post=6704"}],"version-history":[{"count":0,"href":"https:\/\/www.innovatingbytes.com\/en\/wp-json\/wp\/v2\/product\/6704\/revisions"}],"wp:featuredmedia":[{"embeddable":true,"href":"https:\/\/www.innovatingbytes.com\/en\/wp-json\/wp\/v2\/media\/6706"}],"wp:attachment":[{"href":"https:\/\/www.innovatingbytes.com\/en\/wp-json\/wp\/v2\/media?parent=6704"}],"wp:term":[{"taxonomy":"product_brand","embeddable":true,"href":"https:\/\/www.innovatingbytes.com\/en\/wp-json\/wp\/v2\/product_brand?post=6704"},{"taxonomy":"product_cat","embeddable":true,"href":"https:\/\/www.innovatingbytes.com\/en\/wp-json\/wp\/v2\/product_cat?post=6704"},{"taxonomy":"product_tag","embeddable":true,"href":"https:\/\/www.innovatingbytes.com\/en\/wp-json\/wp\/v2\/product_tag?post=6704"}],"curies":[{"name":"wp","href":"https:\/\/api.w.org\/{rel}","templated":true}]}}