{"id":6698,"date":"2026-02-02T15:24:53","date_gmt":"2026-02-02T14:24:53","guid":{"rendered":"https:\/\/www.innovatingbytes.com\/product\/un-ensemble-de-haute-qualite-uno-r3-boite-officielle-atmega16u2-puce-mega328p-pour-carte-de-developpement-arduino-uno-r3-cable-usb\/"},"modified":"2026-04-08T07:04:04","modified_gmt":"2026-04-08T05:04:04","slug":"un-ensemble-de-haute-qualite-uno-r3-boite-officielle-atmega16u2-puce-mega328p-pour-carte-de-developpement-arduino-uno-r3-cable-usb","status":"publish","type":"product","link":"https:\/\/www.innovatingbytes.com\/en\/product\/un-ensemble-de-haute-qualite-uno-r3-boite-officielle-atmega16u2-puce-mega328p-pour-carte-de-developpement-arduino-uno-r3-cable-usb\/","title":{"rendered":"A high-quality UNO R3 kit, official ATMEGA16U2 box + Mega328P chip for Arduino UNO R3 development board + USB cable"},"content":{"rendered":"<div class=\"product-specs-list-container\">\n<ul class=\"product-specs-list util-clearfix\">\n<li class=\"product-prop line-limit-length\"><span class=\"property-title\">Produit chimique \u00e0 haute pr\u00e9occupation:&nbsp;<\/span><span class=\"property-desc line-limit-length\">Aucun<\/span>\n                            <\/li>\n<li class=\"product-prop line-limit-length\"><span class=\"property-title\">Paquet:&nbsp;<\/span><span class=\"property-desc line-limit-length\">SMD<\/span>\n                            <\/li>\n<li class=\"product-prop line-limit-length\"><span class=\"property-title\">est_personnalis\u00e9:&nbsp;<\/span><span class=\"property-desc line-limit-length\">Oui<\/span>\n                            <\/li>\n<li class=\"product-prop line-limit-length\"><span class=\"property-title\">Puissance de dissipation:&nbsp;<\/span><span class=\"property-desc line-limit-length\">standard<\/span>\n                            <\/li>\n<li class=\"product-prop line-limit-length\"><span class=\"property-title\">Tension d&#039;alimentation:&nbsp;<\/span><span class=\"property-desc line-limit-length\">standard<\/span>\n                            <\/li>\n<li class=\"product-prop line-limit-length\"><span class=\"property-title\">Type:&nbsp;<\/span><span class=\"property-desc line-limit-length\">Circuits int\u00e9gr\u00e9s logiques<\/span>\n                            <\/li>\n<li class=\"product-prop line-limit-length\"><span class=\"property-title\">Nom de marque:&nbsp;<\/span><span class=\"property-desc line-limit-length\">Si Tai&amp;SH<\/span>\n                            <\/li>\n<li class=\"product-prop line-limit-length\"><span class=\"property-title\">Origine:&nbsp;<\/span><span class=\"property-desc line-limit-length\">CN (Origine)<\/span>\n                            <\/li>\n<li class=\"product-prop line-limit-length\"><span class=\"property-title\">\u00c9tat:&nbsp;<\/span><span class=\"property-desc line-limit-length\">Nouveau<\/span>\n                            <\/li>\n<li class=\"product-prop line-limit-length\"><span class=\"property-title\">Temp\u00e9rature de fonctionnement:&nbsp;<\/span><span class=\"property-desc line-limit-length\">standard<\/span>\n                            <\/li>\n<\/ul><\/div>\n<div class=\"detailmodule_html\">\n<div class=\"detail-desc-decorate-richtext\">\n<p><img decoding=\"async\" style=\"width:1000px\" width=\"1000px\" src=\"https:\/\/ae01.alicdn.com\/kf\/H4c242dbd6943420c828f80d2c31e3237t.jpg\" data-src=\"https:\/\/ae01.alicdn.com\/kf\/H4c242dbd6943420c828f80d2c31e3237t.jpg\" \/><\/p>\n<p style=\"font-family:verdana, sans-serif;font-size:18px;border:0px currentcolor;margin:10px 0px;padding:0px;padding:0px;margin:10px 0px\"><span>Microcontr&ocirc;leur ATmega328<\/span><\/p>\n<p style=\"font-family:verdana, sans-serif;font-size:18px;border:0px currentcolor;margin:10px 0px;padding:0px;padding:0px;margin:10px 0px\"><span>Tension de fonctionnement 5V<\/span><\/p>\n<p style=\"font-family:verdana, sans-serif;font-size:18px;border:0px currentcolor;margin:10px 0px;padding:0px;padding:0px;margin:10px 0px\"><span>Tension d&rsquo;entr&eacute;e (recommand&eacute;e) 7-12 V<\/span><\/p>\n<p style=\"font-family:verdana, sans-serif;font-size:18px;border:0px currentcolor;margin:10px 0px;padding:0px;padding:0px;margin:10px 0px\"><span>Tension d&rsquo;entr&eacute;e (limites) 6-20 V<\/span><\/p>\n<p style=\"font-family:verdana, sans-serif;font-size:18px;border:0px currentcolor;margin:10px 0px;padding:0px;padding:0px;margin:10px 0px\"><span>Pins d&rsquo;E\/S num&eacute;riques 14 (dont que 6 fournissent une sortie PWM)<\/span><\/p>\n<p style=\"font-family:verdana, sans-serif;font-size:18px;border:0px currentcolor;margin:10px 0px;padding:0px;padding:0px;margin:10px 0px\"><span>Broches d&rsquo;entr&eacute;e analogique 6<\/span><\/p>\n<p style=\"font-family:verdana, sans-serif;font-size:18px;border:0px currentcolor;margin:10px 0px;padding:0px;padding:0px;margin:10px 0px\"><span>Courant CC par broche E\/S 40 mA<\/span><\/p>\n<p style=\"font-family:verdana, sans-serif;font-size:18px;border:0px currentcolor;margin:10px 0px;padding:0px;padding:0px;margin:10px 0px\"><span>Courant CC pour broche 3,3 V 50 mA<\/span><\/p>\n<p style=\"font-family:verdana, sans-serif;font-size:18px;border:0px currentcolor;margin:10px 0px;padding:0px;padding:0px;margin:10px 0px\"><span>M&eacute;moire Flash 32 Ko (ATmega328) dont 0,5 Ko utilis&eacute;s par le chargeur de d&eacute;marrage<\/span><\/p>\n<p style=\"font-family:verdana, sans-serif;font-size:18px;border:0px currentcolor;margin:10px 0px;padding:0px;padding:0px;margin:10px 0px\"><span>SRAM 2 Ko (ATmega328)<\/span><\/p>\n<p style=\"font-family:verdana, sans-serif;font-size:18px;border:0px currentcolor;margin:10px 0px;padding:0px;padding:0px;margin:10px 0px\"><span>EEPROM 1 Ko (ATmega328)<\/span><\/p>\n<p style=\"font-family:verdana, sans-serif;font-size:18px;border:0px currentcolor;margin:10px 0px;padding:0px;padding:0px;margin:10px 0px\"><span>Vitesse d&rsquo;horloge 16 MHz<\/span><\/p>\n<p><img decoding=\"async\" style=\"width:1000px\" width=\"1000px\" src=\"https:\/\/ae01.alicdn.com\/kf\/H043be847ecee4f79a15c54ce05159d82c.jpg\" data-src=\"https:\/\/ae01.alicdn.com\/kf\/H043be847ecee4f79a15c54ce05159d82c.jpg\" \/><\/p>\n<p><img decoding=\"async\" style=\"width:1000px\" width=\"1000px\" src=\"https:\/\/ae01.alicdn.com\/kf\/H774595a459804754b85ac003e820ce3dh.jpg\" data-src=\"https:\/\/ae01.alicdn.com\/kf\/H774595a459804754b85ac003e820ce3dh.jpg\" \/><\/p>\n<p><img decoding=\"async\" style=\"width:1000px\" width=\"1000px\" src=\"https:\/\/ae01.alicdn.com\/kf\/Hf802eecf7c4f4323ab21734d8d9abcb29.jpg\" data-src=\"https:\/\/ae01.alicdn.com\/kf\/Hf802eecf7c4f4323ab21734d8d9abcb29.jpg\" \/><\/p>\n<p><img decoding=\"async\" style=\"width:1000px\" width=\"1000px\" src=\"https:\/\/ae01.alicdn.com\/kf\/H7d7288c3df5c4909bdf226d881ca9fedF.jpg\" data-src=\"https:\/\/ae01.alicdn.com\/kf\/H7d7288c3df5c4909bdf226d881ca9fedF.jpg\" \/><\/p>\n<p><\/div>\n<\/div>","protected":false},"excerpt":{"rendered":"<p>Produit chimique \u00e0 haute pr\u00e9occupation:&nbsp;Aucun Paquet:&nbsp;SMD est_personnalis\u00e9:&nbsp;Oui Puissance de dissipation:&nbsp;standard Tension d&#039;alimentation:&nbsp;standard Type:&nbsp;Circuits int\u00e9gr\u00e9s logiques Nom de marque:&nbsp;Si Tai&amp;SH Origine:&nbsp;CN (Origine) \u00c9tat:&nbsp;Nouveau Temp\u00e9rature de fonctionnement:&nbsp;standard Microcontr&ocirc;leur ATmega328 Tension de fonctionnement 5V Tension d&rsquo;entr&eacute;e (recommand&eacute;e) 7-12 V Tension d&rsquo;entr&eacute;e (limites) 6-20 V Pins d&rsquo;E\/S num&eacute;riques 14 (dont que 6 fournissent une sortie PWM) Broches d&rsquo;entr&eacute;e analogique&hellip;<\/p>","protected":false},"featured_media":6700,"comment_status":"open","ping_status":"closed","template":"","meta":[],"product_brand":[],"product_cat":[959,540,958],"product_tag":[],"class_list":{"0":"post-6698","1":"product","2":"type-product","3":"status-publish","4":"has-post-thumbnail","6":"product_cat-active-components","7":"product_cat-arduino","8":"product_cat-electronic-components-supplies","10":"first","11":"instock","12":"taxable","13":"shipping-taxable","14":"purchasable","15":"product-type-simple"},"_links":{"self":[{"href":"https:\/\/www.innovatingbytes.com\/en\/wp-json\/wp\/v2\/product\/6698","targetHints":{"allow":["GET"]}}],"collection":[{"href":"https:\/\/www.innovatingbytes.com\/en\/wp-json\/wp\/v2\/product"}],"about":[{"href":"https:\/\/www.innovatingbytes.com\/en\/wp-json\/wp\/v2\/types\/product"}],"replies":[{"embeddable":true,"href":"https:\/\/www.innovatingbytes.com\/en\/wp-json\/wp\/v2\/comments?post=6698"}],"version-history":[{"count":0,"href":"https:\/\/www.innovatingbytes.com\/en\/wp-json\/wp\/v2\/product\/6698\/revisions"}],"wp:featuredmedia":[{"embeddable":true,"href":"https:\/\/www.innovatingbytes.com\/en\/wp-json\/wp\/v2\/media\/6700"}],"wp:attachment":[{"href":"https:\/\/www.innovatingbytes.com\/en\/wp-json\/wp\/v2\/media?parent=6698"}],"wp:term":[{"taxonomy":"product_brand","embeddable":true,"href":"https:\/\/www.innovatingbytes.com\/en\/wp-json\/wp\/v2\/product_brand?post=6698"},{"taxonomy":"product_cat","embeddable":true,"href":"https:\/\/www.innovatingbytes.com\/en\/wp-json\/wp\/v2\/product_cat?post=6698"},{"taxonomy":"product_tag","embeddable":true,"href":"https:\/\/www.innovatingbytes.com\/en\/wp-json\/wp\/v2\/product_tag?post=6698"}],"curies":[{"name":"wp","href":"https:\/\/api.w.org\/{rel}","templated":true}]}}