{"id":6674,"date":"2026-02-02T15:24:24","date_gmt":"2026-02-02T14:24:24","guid":{"rendered":"https:\/\/www.innovatingbytes.com\/product\/mega2560-mega-2560-r3-atmega2560-16au-ch340g-carte-de-developpement-de-carte-usb-avr-mega2560-pro-pour-carte-dextension-arduino-kit-de-bricolage-2\/"},"modified":"2026-04-09T06:53:43","modified_gmt":"2026-04-09T04:53:43","slug":"mega2560-mega-2560-r3-atmega2560-16au-ch340g-carte-de-developpement-de-carte-usb-avr-mega2560-pro-pour-carte-dextension-arduino-kit-de-bricolage-2","status":"publish","type":"product","link":"https:\/\/www.innovatingbytes.com\/en\/product\/mega2560-mega-2560-r3-atmega2560-16au-ch340g-carte-de-developpement-de-carte-usb-avr-mega2560-pro-pour-carte-dextension-arduino-kit-de-bricolage-2\/","title":{"rendered":"MEGA2560 MEGA 2560 R3 (ATmega2560-16AU CH340G) carte de d\u00e9veloppement de carte USB AVR MEGA2560 PRO pour carte d&rsquo;extension Arduino Kit de bricolage"},"content":{"rendered":"<div class=\"product-specs-list-container\">\n<ul class=\"product-specs-list util-clearfix\">\n<li class=\"product-prop line-limit-length\"><span class=\"property-title\">Produit chimique \u00e0 haute pr\u00e9occupation:&nbsp;<\/span><span class=\"property-desc line-limit-length\">Aucun<\/span>\n                            <\/li>\n<li class=\"product-prop line-limit-length\"><span class=\"property-title\">Type:&nbsp;<\/span><span class=\"property-desc line-limit-length\">Module<\/span>\n                            <\/li>\n<li class=\"product-prop line-limit-length\"><span class=\"property-title\">Nom de marque:&nbsp;<\/span><span class=\"property-desc line-limit-length\">SNVI<\/span>\n                            <\/li>\n<li class=\"product-prop line-limit-length\"><span class=\"property-title\">Origine:&nbsp;<\/span><span class=\"property-desc line-limit-length\">CN (Origine)<\/span>\n                            <\/li>\n<li class=\"product-prop line-limit-length\"><span class=\"property-title\">\u00c9tat:&nbsp;<\/span><span class=\"property-desc line-limit-length\">Nouveau<\/span>\n                            <\/li>\n<\/ul><\/div>\n<div class=\"detailmodule_html\">\n<div class=\"detail-desc-decorate-richtext\">\n<p style=\"text-align:center\" align=\"center\"><strong><span style=\"font-size:24px;font-family:georgia, serif\" id=\"tl_1\">The store supports large quantities and wholesale, and if the boss needs a large purchase, you can contact our customer service to apply for price discounts and shipping changes<\/span><\/strong><\/p>\n<p style=\"text-align:left\" align=\"left\"><img decoding=\"async\" src=\"https:\/\/ae01.alicdn.com\/kf\/Se1b810c85545482da7b17fb9f4eb794cX.jpg\" \/><span style=\"font-size:24px\">.<\/span><img decoding=\"async\" src=\"https:\/\/ae01.alicdn.com\/kf\/S5867d13bbe8446aa931777513c4ca586i.jpg\" \/><img decoding=\"async\" src=\"https:\/\/ae01.alicdn.com\/kf\/Se55dc8575b134bffab7e60d05ff4a7fdm.jpg\" \/><img decoding=\"async\" src=\"https:\/\/ae01.alicdn.com\/kf\/S7bf06d371c6147e1ae09cfd843c38072o.jpg\" \/><\/p>\n<\/div>\n<\/div>","protected":false},"excerpt":{"rendered":"<p>Produit chimique \u00e0 haute pr\u00e9occupation:&nbsp;Aucun Type:&nbsp;Module Nom de marque:&nbsp;SNVI Origine:&nbsp;CN (Origine) \u00c9tat:&nbsp;Nouveau The store supports large quantities and wholesale, and if the boss needs a large purchase, you can contact our customer service to apply for price discounts and shipping changes .<\/p>","protected":false},"featured_media":6676,"comment_status":"open","ping_status":"closed","template":"","meta":[],"product_brand":[],"product_cat":[959,540,958],"product_tag":[],"class_list":{"0":"post-6674","1":"product","2":"type-product","3":"status-publish","4":"has-post-thumbnail","6":"product_cat-active-components","7":"product_cat-arduino","8":"product_cat-electronic-components-supplies","10":"first","11":"outofstock","12":"sale","13":"taxable","14":"shipping-taxable","15":"purchasable","16":"product-type-variable"},"_links":{"self":[{"href":"https:\/\/www.innovatingbytes.com\/en\/wp-json\/wp\/v2\/product\/6674","targetHints":{"allow":["GET"]}}],"collection":[{"href":"https:\/\/www.innovatingbytes.com\/en\/wp-json\/wp\/v2\/product"}],"about":[{"href":"https:\/\/www.innovatingbytes.com\/en\/wp-json\/wp\/v2\/types\/product"}],"replies":[{"embeddable":true,"href":"https:\/\/www.innovatingbytes.com\/en\/wp-json\/wp\/v2\/comments?post=6674"}],"version-history":[{"count":0,"href":"https:\/\/www.innovatingbytes.com\/en\/wp-json\/wp\/v2\/product\/6674\/revisions"}],"wp:featuredmedia":[{"embeddable":true,"href":"https:\/\/www.innovatingbytes.com\/en\/wp-json\/wp\/v2\/media\/6676"}],"wp:attachment":[{"href":"https:\/\/www.innovatingbytes.com\/en\/wp-json\/wp\/v2\/media?parent=6674"}],"wp:term":[{"taxonomy":"product_brand","embeddable":true,"href":"https:\/\/www.innovatingbytes.com\/en\/wp-json\/wp\/v2\/product_brand?post=6674"},{"taxonomy":"product_cat","embeddable":true,"href":"https:\/\/www.innovatingbytes.com\/en\/wp-json\/wp\/v2\/product_cat?post=6674"},{"taxonomy":"product_tag","embeddable":true,"href":"https:\/\/www.innovatingbytes.com\/en\/wp-json\/wp\/v2\/product_tag?post=6674"}],"curies":[{"name":"wp","href":"https:\/\/api.w.org\/{rel}","templated":true}]}}