{"id":6662,"date":"2026-02-02T15:24:11","date_gmt":"2026-02-02T14:24:11","guid":{"rendered":"https:\/\/www.innovatingbytes.com\/product\/mega2560-mega-2560-r3-atmega2560-16au-ch340g-carte-de-developpement-de-carte-usb-avr-mega2560-pro-pour-carte-dextension-arduino-kit-de-bricolage\/"},"modified":"2026-04-08T07:05:10","modified_gmt":"2026-04-08T05:05:10","slug":"mega2560-mega-2560-r3-atmega2560-16au-ch340g-carte-de-developpement-de-carte-usb-avr-mega2560-pro-pour-carte-dextension-arduino-kit-de-bricolage","status":"publish","type":"product","link":"https:\/\/www.innovatingbytes.com\/en\/product\/mega2560-mega-2560-r3-atmega2560-16au-ch340g-carte-de-developpement-de-carte-usb-avr-mega2560-pro-pour-carte-dextension-arduino-kit-de-bricolage\/","title":{"rendered":"MEGA2560 MEGA 2560 R3 (ATmega2560-16AU CH340G) carte de d\u00e9veloppement de carte USB AVR MEGA2560 PRO pour carte d&rsquo;extension Arduino Kit de bricolage"},"content":{"rendered":"<div class=\"product-specs-list-container\">\n<ul class=\"product-specs-list util-clearfix\">\n<li class=\"product-prop line-limit-length\"><span class=\"property-title\">Produit chimique \u00e0 haute pr\u00e9occupation:&nbsp;<\/span><span class=\"property-desc line-limit-length\">Aucun<\/span>\n                            <\/li>\n<li class=\"product-prop line-limit-length\"><span class=\"property-title\">Paquet:&nbsp;<\/span><span class=\"property-desc line-limit-length\">SMD<\/span>\n                            <\/li>\n<li class=\"product-prop line-limit-length\"><span class=\"property-title\">est_personnalis\u00e9:&nbsp;<\/span><span class=\"property-desc line-limit-length\">Oui<\/span>\n                            <\/li>\n<li class=\"product-prop line-limit-length\"><span class=\"property-title\">Puissance de dissipation:&nbsp;<\/span><span class=\"property-desc line-limit-length\">&#8211;<\/span>\n                            <\/li>\n<li class=\"product-prop line-limit-length\"><span class=\"property-title\">Tension d&#039;alimentation:&nbsp;<\/span><span class=\"property-desc line-limit-length\">&#8211;<\/span>\n                            <\/li>\n<li class=\"product-prop line-limit-length\"><span class=\"property-title\">Application:&nbsp;<\/span><span class=\"property-desc line-limit-length\">&#8211;<\/span>\n                            <\/li>\n<li class=\"product-prop line-limit-length\"><span class=\"property-title\">Type:&nbsp;<\/span><span class=\"property-desc line-limit-length\">Module<\/span>\n                            <\/li>\n<li class=\"product-prop line-limit-length\"><span class=\"property-title\">Origine:&nbsp;<\/span><span class=\"property-desc line-limit-length\">CN (Origine)<\/span>\n                            <\/li>\n<li class=\"product-prop line-limit-length\"><span class=\"property-title\">\u00c9tat:&nbsp;<\/span><span class=\"property-desc line-limit-length\">Nouveau<\/span>\n                            <\/li>\n<li class=\"product-prop line-limit-length\"><span class=\"property-title\">Temp\u00e9rature de fonctionnement:&nbsp;<\/span><span class=\"property-desc line-limit-length\">&#8211;<\/span>\n                            <\/li>\n<\/ul><\/div>\n<div class=\"detailmodule_html\">\n<div class=\"detail-desc-decorate-richtext\">\n<p><img decoding=\"async\" src=\"https:\/\/ae01.alicdn.com\/kf\/S8f192b302d064364890f2a3e7bf05abex.png\" \/><img decoding=\"async\" src=\"https:\/\/ae01.alicdn.com\/kf\/S0ec33fdca0fd4a7bb103e993180ff8dbJ.png\" \/><img decoding=\"async\" src=\"https:\/\/ae01.alicdn.com\/kf\/Sfa47c0cd77094cf7b1f3ff22ee94f2b7Y.png\" \/><img decoding=\"async\" src=\"https:\/\/ae01.alicdn.com\/kf\/Sba21351160064513af1424888445600bX.png\" \/><img decoding=\"async\" src=\"https:\/\/ae01.alicdn.com\/kf\/S015ab48791b94261b627ababd2aa14bfL.png\" \/><img decoding=\"async\" src=\"https:\/\/ae01.alicdn.com\/kf\/Sfa47c0cd77094cf7b1f3ff22ee94f2b7Y.png\" \/><img decoding=\"async\" src=\"https:\/\/ae01.alicdn.com\/kf\/S015ab48791b94261b627ababd2aa14bfL.png\" \/><img decoding=\"async\" src=\"https:\/\/ae01.alicdn.com\/kf\/Sba21351160064513af1424888445600bX.png\" \/><\/p>\n<\/div>\n<\/div>","protected":false},"excerpt":{"rendered":"<p>Produit chimique \u00e0 haute pr\u00e9occupation:&nbsp;Aucun Paquet:&nbsp;SMD est_personnalis\u00e9:&nbsp;Oui Puissance de dissipation:&nbsp;&#8211; Tension d&#039;alimentation:&nbsp;&#8211; Application:&nbsp;&#8211; Type:&nbsp;Module Origine:&nbsp;CN (Origine) \u00c9tat:&nbsp;Nouveau Temp\u00e9rature de fonctionnement:&nbsp;&#8211;<\/p>","protected":false},"featured_media":6663,"comment_status":"open","ping_status":"closed","template":"","meta":[],"product_brand":[],"product_cat":[959,540,958],"product_tag":[],"class_list":{"0":"post-6662","1":"product","2":"type-product","3":"status-publish","4":"has-post-thumbnail","6":"product_cat-active-components","7":"product_cat-arduino","8":"product_cat-electronic-components-supplies","10":"first","11":"instock","12":"taxable","13":"shipping-taxable","14":"purchasable","15":"product-type-variable"},"_links":{"self":[{"href":"https:\/\/www.innovatingbytes.com\/en\/wp-json\/wp\/v2\/product\/6662","targetHints":{"allow":["GET"]}}],"collection":[{"href":"https:\/\/www.innovatingbytes.com\/en\/wp-json\/wp\/v2\/product"}],"about":[{"href":"https:\/\/www.innovatingbytes.com\/en\/wp-json\/wp\/v2\/types\/product"}],"replies":[{"embeddable":true,"href":"https:\/\/www.innovatingbytes.com\/en\/wp-json\/wp\/v2\/comments?post=6662"}],"version-history":[{"count":0,"href":"https:\/\/www.innovatingbytes.com\/en\/wp-json\/wp\/v2\/product\/6662\/revisions"}],"wp:featuredmedia":[{"embeddable":true,"href":"https:\/\/www.innovatingbytes.com\/en\/wp-json\/wp\/v2\/media\/6663"}],"wp:attachment":[{"href":"https:\/\/www.innovatingbytes.com\/en\/wp-json\/wp\/v2\/media?parent=6662"}],"wp:term":[{"taxonomy":"product_brand","embeddable":true,"href":"https:\/\/www.innovatingbytes.com\/en\/wp-json\/wp\/v2\/product_brand?post=6662"},{"taxonomy":"product_cat","embeddable":true,"href":"https:\/\/www.innovatingbytes.com\/en\/wp-json\/wp\/v2\/product_cat?post=6662"},{"taxonomy":"product_tag","embeddable":true,"href":"https:\/\/www.innovatingbytes.com\/en\/wp-json\/wp\/v2\/product_tag?post=6662"}],"curies":[{"name":"wp","href":"https:\/\/api.w.org\/{rel}","templated":true}]}}