{"id":6628,"date":"2026-02-02T15:20:29","date_gmt":"2026-02-02T14:20:29","guid":{"rendered":"https:\/\/www.innovatingbytes.com\/product\/%e3%80%90e%e3%80%91-cuillere-a-merde-pour-chien-et-chat-en-acier-a-long-manche-pliable-collecteur-de-dechets-telescopique-cueilleur-de-salete-ecologique-nettoyage-des-animaux-de-compagnie\/"},"modified":"2026-04-09T06:53:20","modified_gmt":"2026-04-09T04:53:20","slug":"%e3%80%90e%e3%80%91-cuillere-a-merde-pour-chien-et-chat-en-acier-a-long-manche-pliable-collecteur-de-dechets-telescopique-cueilleur-de-salete-ecologique-nettoyage-des-animaux-de-compagnie","status":"publish","type":"product","link":"https:\/\/www.innovatingbytes.com\/en\/product\/%e3%80%90e%e3%80%91-cuillere-a-merde-pour-chien-et-chat-en-acier-a-long-manche-pliable-collecteur-de-dechets-telescopique-cueilleur-de-salete-ecologique-nettoyage-des-animaux-de-compagnie\/","title":{"rendered":"\u3010E\u3011 cuill\u00e8re \u00e0 merde pour chien et chat en acier \u00e0 Long manche pliable, collecteur de d\u00e9chets t\u00e9lescopique, cueilleur de salet\u00e9, \u00e9cologique, nettoyage des animaux de compagnie"},"content":{"rendered":"<div class=\"product-specs-list-container\">\n<ul class=\"product-specs-list util-clearfix\">\n<li class=\"product-prop line-limit-length\"><span class=\"property-title\">Produit chimique \u00e0 haute pr\u00e9occupation:&nbsp;<\/span><span class=\"property-desc line-limit-length\">Aucun<\/span>\n                            <\/li>\n<li class=\"product-prop line-limit-length\"><span class=\"property-title\">Origine:&nbsp;<\/span><span class=\"property-desc line-limit-length\">CN (Origine)<\/span>\n                            <\/li>\n<\/ul><\/div>\n<div class=\"detailmodule_html\">\n<div class=\"detail-desc-decorate-richtext\">\n<div class=\"detailmodule_html\">\n<div class=\"detail-desc-decorate-richtext\">\n<p><span style=\"font-size: 16px;font-family: Verdana\" id=\"tl_1\">Nouveau et de haute qualit&eacute;!<\/span><\/p>\n<p><span style=\"font-size: 16px;font-family: Verdana\" id=\"tl_2\">Description :<\/span><\/p>\n<p><span style=\"font-size: 16px;font-family: Verdana\" id=\"tl_3\">1.Facile &agrave; transporter : les toilettes sont g&eacute;n&eacute;ralement con&ccedil;ues pour &ecirc;tre petites et l&eacute;g&egrave;res, faciles &agrave; transporter et peuvent &ecirc;tre transport&eacute;es dans un sac ou accroch&eacute;es &agrave; la laisse d&rsquo;un animal, ce qui est tr&egrave;s pratique.<\/span><\/p>\n<p><span style=\"font-size: 16px;font-family: Verdana\" id=\"tl_4\">2.Hygi&egrave;ne de l&rsquo;environnement : les toilettes peuvent facilement recevoir des excr&eacute;ments d&rsquo;animaux, &eacute;vitant ainsi la pollution pour l&rsquo;environnement public.Et les toilettes peuvent g&eacute;n&eacute;ralement &ecirc;tre nettoy&eacute;es ou utilis&eacute;es une seule fois, ce qui contribue grandement &agrave; maintenir l&rsquo;hygi&egrave;ne de l&rsquo;environnement.<\/span><\/p>\n<p><span style=\"font-size: 16px;font-family: Verdana\" id=\"tl_5\">3.Conception diversifi&eacute;e : les toilettes sont disponibles dans diff&eacute;rents styles et couleurs pour r&eacute;pondre aux besoins des diff&eacute;rents consommateurs.Certains disposent &eacute;galement de toilettes sp&eacute;cialement con&ccedil;ues qui peuvent emp&ecirc;cher les propri&eacute;taires d&rsquo;animaux d&rsquo;entrer directement en contact avec les excr&eacute;ments de leur animal, le rendant plus hygi&eacute;nique.<\/span><\/p>\n<p><span style=\"font-size: 16px;font-family: Verdana\" id=\"tl_6\">4.Facile &agrave; utiliser : les toilettes ne n&eacute;cessitent g&eacute;n&eacute;ralement que de simples mouvements, et certaines toilettes sont &eacute;galement &eacute;quip&eacute;es de sacs de toilette sp&eacute;cialis&eacute;s, ce qui les rend plus pratiques &agrave; utiliser.<\/span><\/p>\n<p><span style=\"font-size: 16px;font-family: Verdana\" id=\"tl_7\">5.Prix abordable : par rapport &agrave; l&rsquo;achat de couches pour animaux de compagnie ou &agrave; quelqu&rsquo;un d&rsquo;excr&eacute;ments propres pour animaux de compagnie, une toilette est un choix plus &eacute;conomique.De plus, en raison de sa conception simple et de ses faibles co&ucirc;ts de production, le prix du march&eacute; est g&eacute;n&eacute;ralement relativement abordable.<\/span><\/p>\n<p><span style=\"font-size: 16px;font-family: Verdana\" id=\"tl_8\">Mat&eacute;riau : plastiques<\/span><\/p>\n<p><span style=\"font-size: 16px;font-family: Verdana\" id=\"tl_9\">Couleur : comme indiqu&eacute;<\/span><\/p>\n<p><span style=\"font-size: 16px;font-family: Verdana\" id=\"tl_10\">Taille : image de r&eacute;f&eacute;rence<\/span><\/p>\n<p><span style=\"font-size: 16px;font-family: Verdana\" id=\"tl_11\">Le forfait comprend: 1 pi&egrave;ce<\/span><\/p>\n<p><span style=\"font-size: 16px;font-family: Verdana\" id=\"tl_12\">Remarque :<\/span><\/p>\n<p><span style=\"font-size: 16px;font-family: Verdana\" id=\"tl_13\">1.En raison de la mesure manuelle, veuillez autoriser une erreur de 2 % &agrave; 5 %.<\/span><\/p>\n<p><span style=\"font-size: 16px;font-family: Verdana\" id=\"tl_14\">2. Comme diff&eacute;rents ordinateurs affichent des couleurs diff&eacute;rentes, merci de votre compr&eacute;hension, la couleur r&eacute;elle du produit peut &ecirc;tre l&eacute;g&egrave;rement diff&eacute;rente de l&rsquo;image.<\/span><\/p>\n<\/p><\/div>\n<\/div>\n<div class=\"detailmodule_image\">\n <img decoding=\"async\" src=\"https:\/\/ae01.alicdn.com\/kf\/S6a033e3102d3434f965f966b2a3c70a61.jpg\" class=\"detail-desc-decorate-image\" \/><br \/>\n <img decoding=\"async\" src=\"https:\/\/ae01.alicdn.com\/kf\/Sfd046e676d0f49b48600344ef5b93613g.jpg\" class=\"detail-desc-decorate-image\" \/><br \/>\n <img decoding=\"async\" src=\"https:\/\/ae01.alicdn.com\/kf\/S5bf15b0146194c3698832f23c9e27a43c.jpg\" class=\"detail-desc-decorate-image\" \/><br \/>\n <img decoding=\"async\" src=\"https:\/\/ae01.alicdn.com\/kf\/S01f51f1b5ca5419099154ffebc4cc383I.jpg\" class=\"detail-desc-decorate-image\" \/><br \/>\n <img decoding=\"async\" src=\"https:\/\/ae01.alicdn.com\/kf\/S7a91724830804c758a9574faf42bb927z.jpg\" class=\"detail-desc-decorate-image\" \/><br \/>\n <img decoding=\"async\" src=\"https:\/\/ae01.alicdn.com\/kf\/Sedfeab7bee88469c814e53b2d52d35d06.jpg\" class=\"detail-desc-decorate-image\" \/><br \/>\n <img decoding=\"async\" src=\"https:\/\/ae01.alicdn.com\/kf\/S4e4f1a630e7a46ce90a629a79184de75K.jpg\" class=\"detail-desc-decorate-image\" \/>\n<\/div>\n<\/div>\n<\/div>\n<div class=\"detailmodule_image\"><img decoding=\"async\" src=\"https:\/\/ae01.alicdn.com\/kf\/S6a033e3102d3434f965f966b2a3c70a61.jpg\" class=\"detail-desc-decorate-image\"><img decoding=\"async\" src=\"https:\/\/ae01.alicdn.com\/kf\/Sfd046e676d0f49b48600344ef5b93613g.jpg\" class=\"detail-desc-decorate-image\"><img decoding=\"async\" src=\"https:\/\/ae01.alicdn.com\/kf\/S5bf15b0146194c3698832f23c9e27a43c.jpg\" class=\"detail-desc-decorate-image\"><img decoding=\"async\" src=\"https:\/\/ae01.alicdn.com\/kf\/S01f51f1b5ca5419099154ffebc4cc383I.jpg\" class=\"detail-desc-decorate-image\"><img decoding=\"async\" src=\"https:\/\/ae01.alicdn.com\/kf\/S7a91724830804c758a9574faf42bb927z.jpg\" class=\"detail-desc-decorate-image\"><img decoding=\"async\" src=\"https:\/\/ae01.alicdn.com\/kf\/Sedfeab7bee88469c814e53b2d52d35d06.jpg\" class=\"detail-desc-decorate-image\"><img decoding=\"async\" src=\"https:\/\/ae01.alicdn.com\/kf\/S4e4f1a630e7a46ce90a629a79184de75K.jpg\" class=\"detail-desc-decorate-image\"><\/div>","protected":false},"excerpt":{"rendered":"<p>Produit chimique \u00e0 haute pr\u00e9occupation:&nbsp;Aucun Origine:&nbsp;CN (Origine) Nouveau et de haute qualit&eacute;! Description : 1.Facile &agrave; transporter : les toilettes sont g&eacute;n&eacute;ralement con&ccedil;ues pour &ecirc;tre petites et l&eacute;g&egrave;res, faciles &agrave; transporter et peuvent &ecirc;tre transport&eacute;es dans un sac ou accroch&eacute;es &agrave; la laisse d&rsquo;un animal, ce qui est tr&egrave;s pratique. 2.Hygi&egrave;ne de l&rsquo;environnement : les&hellip;<\/p>","protected":false},"featured_media":6630,"comment_status":"open","ping_status":"closed","template":"","meta":[],"product_brand":[],"product_cat":[947,948],"product_tag":[],"class_list":{"0":"post-6628","1":"product","2":"type-product","3":"status-publish","4":"has-post-thumbnail","6":"product_cat-home-garden","7":"product_cat-pet-products","9":"first","10":"instock","11":"taxable","12":"shipping-taxable","13":"purchasable","14":"product-type-variable"},"_links":{"self":[{"href":"https:\/\/www.innovatingbytes.com\/en\/wp-json\/wp\/v2\/product\/6628","targetHints":{"allow":["GET"]}}],"collection":[{"href":"https:\/\/www.innovatingbytes.com\/en\/wp-json\/wp\/v2\/product"}],"about":[{"href":"https:\/\/www.innovatingbytes.com\/en\/wp-json\/wp\/v2\/types\/product"}],"replies":[{"embeddable":true,"href":"https:\/\/www.innovatingbytes.com\/en\/wp-json\/wp\/v2\/comments?post=6628"}],"version-history":[{"count":0,"href":"https:\/\/www.innovatingbytes.com\/en\/wp-json\/wp\/v2\/product\/6628\/revisions"}],"wp:featuredmedia":[{"embeddable":true,"href":"https:\/\/www.innovatingbytes.com\/en\/wp-json\/wp\/v2\/media\/6630"}],"wp:attachment":[{"href":"https:\/\/www.innovatingbytes.com\/en\/wp-json\/wp\/v2\/media?parent=6628"}],"wp:term":[{"taxonomy":"product_brand","embeddable":true,"href":"https:\/\/www.innovatingbytes.com\/en\/wp-json\/wp\/v2\/product_brand?post=6628"},{"taxonomy":"product_cat","embeddable":true,"href":"https:\/\/www.innovatingbytes.com\/en\/wp-json\/wp\/v2\/product_cat?post=6628"},{"taxonomy":"product_tag","embeddable":true,"href":"https:\/\/www.innovatingbytes.com\/en\/wp-json\/wp\/v2\/product_tag?post=6628"}],"curies":[{"name":"wp","href":"https:\/\/api.w.org\/{rel}","templated":true}]}}