{"id":6619,"date":"2026-02-02T15:20:15","date_gmt":"2026-02-02T14:20:15","guid":{"rendered":"https:\/\/www.innovatingbytes.com\/product\/brosse-anti-peluches-pliable-brosse-depilation-reutilisable-mini-brosses-delimination-des-peluches-pour-vetements-poils-danimaux-canape-tissu-1-2-pieces\/"},"modified":"2026-03-26T05:56:13","modified_gmt":"2026-03-26T04:56:13","slug":"brosse-anti-peluches-pliable-brosse-depilation-reutilisable-mini-brosses-delimination-des-peluches-pour-vetements-poils-danimaux-canape-tissu-1-2-pieces","status":"publish","type":"product","link":"https:\/\/www.innovatingbytes.com\/en\/product\/brosse-anti-peluches-pliable-brosse-depilation-reutilisable-mini-brosses-delimination-des-peluches-pour-vetements-poils-danimaux-canape-tissu-1-2-pieces\/","title":{"rendered":"Brosse anti-peluches pliable, brosse d&rsquo;\u00e9pilation r\u00e9utilisable, Mini brosses d&rsquo;\u00e9limination des peluches pour v\u00eatements, poils d&rsquo;animaux, canap\u00e9, tissu, 1\/2 pi\u00e8ces"},"content":{"rendered":"<div class=\"product-specs-list-container\">\n<ul class=\"product-specs-list util-clearfix\">\n<li class=\"product-prop line-limit-length\"><span class=\"property-title\">Produit chimique \u00e0 haute pr\u00e9occupation:&nbsp;<\/span><span class=\"property-desc line-limit-length\">Aucun<\/span>\n                            <\/li>\n<li class=\"product-prop line-limit-length\"><span class=\"property-title\">Mat\u00e9riau:&nbsp;<\/span><span class=\"property-desc line-limit-length\">plastique<\/span>\n                            <\/li>\n<li class=\"product-prop line-limit-length\"><span class=\"property-title\">Style:&nbsp;<\/span><span class=\"property-desc line-limit-length\">Manuel<\/span>\n                            <\/li>\n<li class=\"product-prop line-limit-length\"><span class=\"property-title\">Fabrication:&nbsp;<\/span><span class=\"property-desc line-limit-length\">Rouleau adh\u00e9sif \u00e0 peluches<\/span>\n                            <\/li>\n<li class=\"product-prop line-limit-length\"><span class=\"property-title\">Nom de marque:&nbsp;<\/span><span class=\"property-desc line-limit-length\">isfriday<\/span>\n                            <\/li>\n<li class=\"product-prop line-limit-length\"><span class=\"property-title\">Utiliser:&nbsp;<\/span><span class=\"property-desc line-limit-length\">v\u00eatements<\/span>\n                            <\/li>\n<li class=\"product-prop line-limit-length\"><span class=\"property-title\">Origine:&nbsp;<\/span><span class=\"property-desc line-limit-length\">CN (Origine)<\/span>\n                            <\/li>\n<\/ul><\/div>\n<div class=\"detailmodule_html\">\n<div class=\"detail-desc-decorate-richtext\">\n<div class=\"detailmodule_html\">\n<div class=\"detail-desc-decorate-richtext\">\n<h1 style=\"font-family:Helvetica, Arial, sans-serif;font-size:2em;font-weight:400;letter-spacing:normal;text-align:left;white-space:pre-wrap;margin:0px;margin-bottom:0px;margin-top:0px;margin-left:0px;margin-right:0px;padding:0px;padding-bottom:0px;padding-top:0px;padding-left:0px;padding-right:0px\" align=\"left\"><strong id=\"tl_1\">Caract&eacute;ristique :<\/strong><\/h1>\n<h2 style=\"font-family:Helvetica, Arial, sans-serif;font-size:1.5em;font-weight:400;letter-spacing:normal;text-align:left;white-space:pre-wrap;margin:0px;margin-bottom:0px;margin-top:0px;margin-left:0px;margin-right:0px;padding:0px;padding-bottom:0px;padding-top:0px;padding-left:0px;padding-right:0px\" align=\"left\"><\/h2>\n<h2 style=\"font-family:Helvetica, Arial, sans-serif;font-size:1.5em;font-weight:400;letter-spacing:normal;text-align:left;white-space:pre-wrap;margin:0px;margin-bottom:0px;margin-top:0px;margin-left:0px;margin-right:0px;padding:0px;padding-bottom:0px;padding-top:0px;padding-left:0px;padding-right:0px\" align=\"left\" id=\"tl_2\">1. Il convient au nettoyage de toutes sortes de poils moelleux et d&rsquo;animaux, sans endommager les v&ecirc;tements, et peut mieux entretenir les v&ecirc;tements.<\/h2>\n<h2 style=\"font-family:Helvetica, Arial, sans-serif;font-size:1.5em;font-weight:400;letter-spacing:normal;text-align:left;white-space:pre-wrap;margin:0px;margin-bottom:0px;margin-top:0px;margin-left:0px;margin-right:0px;padding:0px;padding-bottom:0px;padding-top:0px;padding-left:0px;padding-right:0px\" align=\"left\" id=\"tl_3\">2. Id&eacute;al pour nettoyer vos v&ecirc;tements, literie, meubles et tissus d&rsquo;ameublement de voiture.La brosse peut &ecirc;tre pli&eacute;e.<\/h2>\n<h2 style=\"font-family:Helvetica, Arial, sans-serif;font-size:1.5em;font-weight:400;letter-spacing:normal;text-align:left;white-space:pre-wrap;margin:0px;margin-bottom:0px;margin-top:0px;margin-left:0px;margin-right:0px;padding:0px;padding-bottom:0px;padding-top:0px;padding-left:0px;padding-right:0px\" align=\"left\" id=\"tl_4\">3. Il &eacute;limine facilement les poils, les peluches et plus encore sans laisser de r&eacute;sidu collant.<\/h2>\n<h2 style=\"font-family:Helvetica, Arial, sans-serif;font-size:1.5em;font-weight:400;letter-spacing:normal;text-align:left;white-space:pre-wrap;margin:0px;margin-bottom:0px;margin-top:0px;margin-left:0px;margin-right:0px;padding:0px;padding-bottom:0px;padding-top:0px;padding-left:0px;padding-right:0px\" align=\"left\" id=\"tl_5\">4.Portable et pliable, tr&egrave;s pratique &agrave; transporter, &agrave; utiliser &agrave; tout moment et en tout lieu.<\/h2>\n<h2 style=\"font-family:Helvetica, Arial, sans-serif;font-size:1.5em;font-weight:400;letter-spacing:normal;text-align:left;white-space:pre-wrap;margin:0px;margin-bottom:0px;margin-top:0px;margin-left:0px;margin-right:0px;padding:0px;padding-bottom:0px;padding-top:0px;padding-left:0px;padding-right:0px\" align=\"left\" id=\"tl_6\">5. Le d&eacute;poussi&eacute;rage est simple, le nettoyage est approfondi, nettoyez la brosse avec une serviette en papier humide.<\/h2>\n<h2 style=\"font-family:Helvetica, Arial, sans-serif;font-size:1.5em;font-weight:400;letter-spacing:normal;text-align:left;white-space:pre-wrap;margin:0px;margin-bottom:0px;margin-top:0px;margin-left:0px;margin-right:0px;padding:0px;padding-bottom:0px;padding-top:0px;padding-left:0px;padding-right:0px\" align=\"left\"><\/h2>\n<h1 style=\"font-family:Helvetica, Arial, sans-serif;font-size:2em;font-weight:400;letter-spacing:normal;text-align:left;white-space:pre-wrap;margin:0px;margin-bottom:0px;margin-top:0px;margin-left:0px;margin-right:0px;padding:0px;padding-bottom:0px;padding-top:0px;padding-left:0px;padding-right:0px\" align=\"left\"><strong id=\"tl_7\">Sp&eacute;cification :<\/strong><\/h1>\n<h2 style=\"font-family:Helvetica, Arial, sans-serif;font-size:1.5em;font-weight:400;letter-spacing:normal;text-align:left;white-space:pre-wrap;margin:0px;margin-bottom:0px;margin-top:0px;margin-left:0px;margin-right:0px;padding:0px;padding-bottom:0px;padding-top:0px;padding-left:0px;padding-right:0px\" align=\"left\"><\/h2>\n<h2 style=\"font-family:Helvetica, Arial, sans-serif;font-size:1.5em;font-weight:400;letter-spacing:normal;text-align:left;white-space:pre-wrap;margin:0px;margin-bottom:0px;margin-top:0px;margin-left:0px;margin-right:0px;padding:0px;padding-bottom:0px;padding-top:0px;padding-left:0px;padding-right:0px\" align=\"left\" id=\"tl_8\">Mat&eacute;riel: Abs, plastique<\/h2>\n<h2 style=\"font-family:Helvetica, Arial, sans-serif;font-size:1.5em;font-weight:400;letter-spacing:normal;text-align:left;white-space:pre-wrap;margin:0px;margin-bottom:0px;margin-top:0px;margin-left:0px;margin-right:0px;padding:0px;padding-bottom:0px;padding-top:0px;padding-left:0px;padding-right:0px\" align=\"left\" id=\"tl_9\">Taille: comme le montre<\/h2>\n<h2 style=\"font-family:Helvetica, Arial, sans-serif;font-size:1.5em;font-weight:400;letter-spacing:normal;text-align:left;white-space:pre-wrap;margin:0px;margin-bottom:0px;margin-top:0px;margin-left:0px;margin-right:0px;padding:0px;padding-bottom:0px;padding-top:0px;padding-left:0px;padding-right:0px\" align=\"left\"><\/h2>\n<h1 style=\"font-family:Helvetica, Arial, sans-serif;font-size:2em;font-weight:400;letter-spacing:normal;text-align:left;white-space:pre-wrap;margin:0px;margin-bottom:0px;margin-top:0px;margin-left:0px;margin-right:0px;padding:0px;padding-bottom:0px;padding-top:0px;padding-left:0px;padding-right:0px\" align=\"left\"><strong id=\"tl_10\">Le forfait comprend:<\/strong><\/h1>\n<h2 style=\"font-family:Helvetica, Arial, sans-serif;font-size:1.5em;font-weight:400;letter-spacing:normal;text-align:left;white-space:pre-wrap;margin:0px;margin-bottom:0px;margin-top:0px;margin-left:0px;margin-right:0px;padding:0px;padding-bottom:0px;padding-top:0px;padding-left:0px;padding-right:0px\" align=\"left\"><\/h2>\n<h2 style=\"font-family:Helvetica, Arial, sans-serif;font-size:1.5em;font-weight:400;letter-spacing:normal;text-align:left;white-space:pre-wrap;margin:0px;margin-bottom:0px;margin-top:0px;margin-left:0px;margin-right:0px;padding:0px;padding-bottom:0px;padding-top:0px;padding-left:0px;padding-right:0px\" align=\"left\" id=\"tl_11\">1x brosse &agrave; v&ecirc;tements<\/h2>\n<p style=\"font-family:Helvetica, Arial, sans-serif;font-size:13px;font-weight:400;letter-spacing:normal;text-align:left;white-space:pre-wrap;margin:0px;margin-bottom:0px;margin-top:0px;margin-left:0px;margin-right:0px;padding:0px;padding-bottom:0px;padding-top:0px;padding-left:0px;padding-right:0px\" align=\"left\"><\/p>\n<p style=\"font-family:Helvetica, Arial, sans-serif;font-size:13px;font-weight:400;letter-spacing:normal;text-align:left;white-space:pre-wrap;margin:0px;margin-bottom:0px;margin-top:0px;margin-left:0px;margin-right:0px;padding:0px;padding-bottom:0px;padding-top:0px;padding-left:0px;padding-right:0px\" align=\"left\"><\/p>\n<p style=\"font-family:Helvetica, Arial, sans-serif;font-size:13px;font-weight:400;letter-spacing:normal;text-align:left;white-space:pre-wrap;margin:0px;margin-bottom:0px;margin-top:0px;margin-left:0px;margin-right:0px;padding:0px;padding-bottom:0px;padding-top:0px;padding-left:0px;padding-right:0px\" align=\"left\"><img decoding=\"async\" style=\"border:none;margin:0px;margin-bottom:0px;margin-top:0px;margin-left:0px;margin-right:0px;padding:0px;padding-bottom:0px;padding-top:0px;padding-left:0px;padding-right:0px;display:inline-block;max-width:100%\" src=\"https:\/\/cdno-sz-morningfast.morningfast.com\/uploads\/file\/20250307\/1741336747705.jpg\" \/><\/p>\n<p style=\"font-family:Helvetica, Arial, sans-serif;font-size:13px;font-weight:400;letter-spacing:normal;text-align:left;white-space:pre-wrap;margin:0px;margin-bottom:0px;margin-top:0px;margin-left:0px;margin-right:0px;padding:0px;padding-bottom:0px;padding-top:0px;padding-left:0px;padding-right:0px\" align=\"left\"><img decoding=\"async\" style=\"border:none;margin:0px;margin-bottom:0px;margin-top:0px;margin-left:0px;margin-right:0px;padding:0px;padding-bottom:0px;padding-top:0px;padding-left:0px;padding-right:0px;display:inline-block;max-width:100%\" src=\"https:\/\/cdno-sz-morningfast.morningfast.com\/uploads\/file\/20250307\/1741336747864.jpg\" \/><\/p>\n<p style=\"font-family:Helvetica, Arial, sans-serif;font-size:13px;font-weight:400;letter-spacing:normal;text-align:left;white-space:pre-wrap;margin:0px;margin-bottom:0px;margin-top:0px;margin-left:0px;margin-right:0px;padding:0px;padding-bottom:0px;padding-top:0px;padding-left:0px;padding-right:0px\" align=\"left\"><img decoding=\"async\" style=\"border:none;margin:0px;margin-bottom:0px;margin-top:0px;margin-left:0px;margin-right:0px;padding:0px;padding-bottom:0px;padding-top:0px;padding-left:0px;padding-right:0px;display:inline-block;max-width:100%\" src=\"https:\/\/cdno-sz-morningfast.morningfast.com\/uploads\/file\/20250307\/1741336747733.jpg\" \/><\/p>\n<p style=\"font-family:Helvetica, Arial, sans-serif;font-size:13px;font-weight:400;letter-spacing:normal;text-align:left;white-space:pre-wrap;margin:0px;margin-bottom:0px;margin-top:0px;margin-left:0px;margin-right:0px;padding:0px;padding-bottom:0px;padding-top:0px;padding-left:0px;padding-right:0px\" align=\"left\"><img decoding=\"async\" style=\"border:none;margin:0px;margin-bottom:0px;margin-top:0px;margin-left:0px;margin-right:0px;padding:0px;padding-bottom:0px;padding-top:0px;padding-left:0px;padding-right:0px;display:inline-block;max-width:100%\" src=\"https:\/\/cdno-sz-morningfast.morningfast.com\/uploads\/file\/20250307\/1741336747761.jpg\" \/><\/p>\n<p style=\"font-family:Helvetica, Arial, sans-serif;font-size:13px;font-weight:400;letter-spacing:normal;text-align:left;white-space:pre-wrap;margin:0px;margin-bottom:0px;margin-top:0px;margin-left:0px;margin-right:0px;padding:0px;padding-bottom:0px;padding-top:0px;padding-left:0px;padding-right:0px\" align=\"left\"><img decoding=\"async\" style=\"border:none;margin:0px;margin-bottom:0px;margin-top:0px;margin-left:0px;margin-right:0px;padding:0px;padding-bottom:0px;padding-top:0px;padding-left:0px;padding-right:0px;display:inline-block;max-width:100%\" src=\"https:\/\/cdno-sz-morningfast.morningfast.com\/uploads\/file\/20250307\/1741336747796.jpg\" \/><\/p>\n<p style=\"font-family:Helvetica, Arial, sans-serif;font-size:13px;font-weight:400;letter-spacing:normal;text-align:left;white-space:pre-wrap;margin:0px;margin-bottom:0px;margin-top:0px;margin-left:0px;margin-right:0px;padding:0px;padding-bottom:0px;padding-top:0px;padding-left:0px;padding-right:0px\" align=\"left\"><img decoding=\"async\" style=\"border:none;margin:0px;margin-bottom:0px;margin-top:0px;margin-left:0px;margin-right:0px;padding:0px;padding-bottom:0px;padding-top:0px;padding-left:0px;padding-right:0px;display:inline-block;max-width:100%\" src=\"https:\/\/cdno-sz-morningfast.morningfast.com\/uploads\/file\/20250307\/1741336747980.jpg\" \/><\/p>\n<p style=\"font-family:Helvetica, Arial, sans-serif;font-size:13px;font-weight:400;letter-spacing:normal;text-align:left;white-space:pre-wrap;margin:0px;margin-bottom:0px;margin-top:0px;margin-left:0px;margin-right:0px;padding:0px;padding-bottom:0px;padding-top:0px;padding-left:0px;padding-right:0px\" align=\"left\"><img decoding=\"async\" style=\"border:none;margin:0px;margin-bottom:0px;margin-top:0px;margin-left:0px;margin-right:0px;padding:0px;padding-bottom:0px;padding-top:0px;padding-left:0px;padding-right:0px;display:inline-block;max-width:100%\" src=\"https:\/\/cdno-sz-morningfast.morningfast.com\/uploads\/file\/20250307\/1741336747771.jpg\" \/><\/p>\n<p style=\"font-family:Helvetica, Arial, sans-serif;font-size:13px;font-weight:400;letter-spacing:normal;text-align:left;white-space:pre-wrap;margin:0px;margin-bottom:0px;margin-top:0px;margin-left:0px;margin-right:0px;padding:0px;padding-bottom:0px;padding-top:0px;padding-left:0px;padding-right:0px\" align=\"left\"><img decoding=\"async\" style=\"border:none;margin:0px;margin-bottom:0px;margin-top:0px;margin-left:0px;margin-right:0px;padding:0px;padding-bottom:0px;padding-top:0px;padding-left:0px;padding-right:0px;display:inline-block;max-width:100%\" src=\"https:\/\/cdno-sz-morningfast.morningfast.com\/uploads\/file\/20250307\/1741336748031.jpg\" \/><\/p>\n<p style=\"font-family:Helvetica, Arial, sans-serif;font-size:13px;font-weight:400;letter-spacing:normal;text-align:left;white-space:pre-wrap;margin:0px;margin-bottom:0px;margin-top:0px;margin-left:0px;margin-right:0px;padding:0px;padding-bottom:0px;padding-top:0px;padding-left:0px;padding-right:0px\" align=\"left\"><img decoding=\"async\" style=\"border:none;margin:0px;margin-bottom:0px;margin-top:0px;margin-left:0px;margin-right:0px;padding:0px;padding-bottom:0px;padding-top:0px;padding-left:0px;padding-right:0px;display:inline-block;max-width:100%\" src=\"https:\/\/cdno-sz-morningfast.morningfast.com\/uploads\/file\/20250307\/1741336748043.jpg\" \/><\/p>\n<p style=\"font-family:Helvetica, Arial, sans-serif;font-size:13px;font-weight:400;letter-spacing:normal;text-align:left;white-space:pre-wrap;margin:0px;margin-bottom:0px;margin-top:0px;margin-left:0px;margin-right:0px;padding:0px;padding-bottom:0px;padding-top:0px;padding-left:0px;padding-right:0px\" align=\"left\"><img decoding=\"async\" style=\"border:none;margin:0px;margin-bottom:0px;margin-top:0px;margin-left:0px;margin-right:0px;padding:0px;padding-bottom:0px;padding-top:0px;padding-left:0px;padding-right:0px;display:inline-block;max-width:100%\" src=\"https:\/\/cdno-sz-morningfast.morningfast.com\/uploads\/file\/20250307\/1741336748058.jpg\" \/><\/p>\n<p style=\"font-family:Helvetica, Arial, sans-serif;font-size:13px;font-weight:400;letter-spacing:normal;text-align:left;white-space:pre-wrap;margin:0px;margin-bottom:0px;margin-top:0px;margin-left:0px;margin-right:0px;padding:0px;padding-bottom:0px;padding-top:0px;padding-left:0px;padding-right:0px\" align=\"left\"><img decoding=\"async\" style=\"border:none;margin:0px;margin-bottom:0px;margin-top:0px;margin-left:0px;margin-right:0px;padding:0px;padding-bottom:0px;padding-top:0px;padding-left:0px;padding-right:0px;display:inline-block;max-width:100%\" src=\"https:\/\/cdno-sz-morningfast.morningfast.com\/uploads\/file\/20250307\/1741336748047.jpg\" \/><\/p>\n<\/p><\/div>\n<\/div>\n<\/div>\n<\/div>","protected":false},"excerpt":{"rendered":"<p>Produit chimique \u00e0 haute pr\u00e9occupation:&nbsp;Aucun Mat\u00e9riau:&nbsp;plastique Style:&nbsp;Manuel Fabrication:&nbsp;Rouleau adh\u00e9sif \u00e0 peluches Nom de marque:&nbsp;isfriday Utiliser:&nbsp;v\u00eatements Origine:&nbsp;CN (Origine) Caract&eacute;ristique : 1. Il convient au nettoyage de toutes sortes de poils moelleux et d&rsquo;animaux, sans endommager les v&ecirc;tements, et peut mieux entretenir les v&ecirc;tements. 2. Id&eacute;al pour nettoyer vos v&ecirc;tements, literie, meubles et tissus d&rsquo;ameublement de voiture.La&hellip;<\/p>","protected":false},"featured_media":6621,"comment_status":"open","ping_status":"closed","template":"","meta":[],"product_brand":[],"product_cat":[947,949],"product_tag":[],"class_list":{"0":"post-6619","1":"product","2":"type-product","3":"status-publish","4":"has-post-thumbnail","6":"product_cat-home-garden","7":"product_cat-household-merchandises","9":"first","10":"instock","11":"taxable","12":"shipping-taxable","13":"purchasable","14":"product-type-variable"},"_links":{"self":[{"href":"https:\/\/www.innovatingbytes.com\/en\/wp-json\/wp\/v2\/product\/6619","targetHints":{"allow":["GET"]}}],"collection":[{"href":"https:\/\/www.innovatingbytes.com\/en\/wp-json\/wp\/v2\/product"}],"about":[{"href":"https:\/\/www.innovatingbytes.com\/en\/wp-json\/wp\/v2\/types\/product"}],"replies":[{"embeddable":true,"href":"https:\/\/www.innovatingbytes.com\/en\/wp-json\/wp\/v2\/comments?post=6619"}],"version-history":[{"count":0,"href":"https:\/\/www.innovatingbytes.com\/en\/wp-json\/wp\/v2\/product\/6619\/revisions"}],"wp:featuredmedia":[{"embeddable":true,"href":"https:\/\/www.innovatingbytes.com\/en\/wp-json\/wp\/v2\/media\/6621"}],"wp:attachment":[{"href":"https:\/\/www.innovatingbytes.com\/en\/wp-json\/wp\/v2\/media?parent=6619"}],"wp:term":[{"taxonomy":"product_brand","embeddable":true,"href":"https:\/\/www.innovatingbytes.com\/en\/wp-json\/wp\/v2\/product_brand?post=6619"},{"taxonomy":"product_cat","embeddable":true,"href":"https:\/\/www.innovatingbytes.com\/en\/wp-json\/wp\/v2\/product_cat?post=6619"},{"taxonomy":"product_tag","embeddable":true,"href":"https:\/\/www.innovatingbytes.com\/en\/wp-json\/wp\/v2\/product_tag?post=6619"}],"curies":[{"name":"wp","href":"https:\/\/api.w.org\/{rel}","templated":true}]}}