{"id":6611,"date":"2026-02-02T15:20:00","date_gmt":"2026-02-02T14:20:00","guid":{"rendered":"https:\/\/www.innovatingbytes.com\/product\/45cm-chien-pooper-scooper-chien-de-compagnie-longue-poignee-caca-pour-animaux-de-compagnie-scoop-cueilleur-collecteur-dexcrements-chiens-chats-exterieur-pliable-nettoyant-outils\/"},"modified":"2026-04-08T07:05:43","modified_gmt":"2026-04-08T05:05:43","slug":"45cm-chien-pooper-scooper-chien-de-compagnie-longue-poignee-caca-pour-animaux-de-compagnie-scoop-cueilleur-collecteur-dexcrements-chiens-chats-exterieur-pliable-nettoyant-outils","status":"publish","type":"product","link":"https:\/\/www.innovatingbytes.com\/en\/product\/45cm-chien-pooper-scooper-chien-de-compagnie-longue-poignee-caca-pour-animaux-de-compagnie-scoop-cueilleur-collecteur-dexcrements-chiens-chats-exterieur-pliable-nettoyant-outils\/","title":{"rendered":"45CM chien Pooper Scooper chien de compagnie longue poign\u00e9e caca pour animaux de compagnie Scoop cueilleur collecteur d&rsquo;excr\u00e9ments chiens chats ext\u00e9rieur pliable nettoyant outils"},"content":{"rendered":"<div class=\"product-specs-list-container\">\n<ul class=\"product-specs-list util-clearfix\">\n<li class=\"product-prop line-limit-length\"><span class=\"property-title\">Produit chimique \u00e0 haute pr\u00e9occupation:&nbsp;<\/span><span class=\"property-desc line-limit-length\">Aucun<\/span>\n                            <\/li>\n<li class=\"product-prop line-limit-length\"><span class=\"property-title\">Type d&#039;article : liti\u00e8re pour chien:&nbsp;<\/span><span class=\"property-desc line-limit-length\">Scoopers et sacs \u00e0 crottes<\/span>\n                            <\/li>\n<li class=\"product-prop line-limit-length\"><span class=\"property-title\">Origine:&nbsp;<\/span><span class=\"property-desc line-limit-length\">CN (Origine)<\/span>\n                            <\/li>\n<li class=\"product-prop line-limit-length\"><span class=\"property-title\">Dog Litter Item Type:&nbsp;<\/span><span class=\"property-desc line-limit-length\">Pooper Scoopers &amp; Bags<\/span>\n                            <\/li>\n<li class=\"product-prop line-limit-length\"><span class=\"property-title\">color:&nbsp;<\/span><span class=\"property-desc line-limit-length\">black,blue<\/span>\n                            <\/li>\n<li class=\"product-prop line-limit-length\"><span class=\"property-title\">size:&nbsp;<\/span><span class=\"property-desc line-limit-length\">45cm<\/span>\n                            <\/li>\n<li class=\"product-prop line-limit-length\"><span class=\"property-title\">type1:&nbsp;<\/span><span class=\"property-desc line-limit-length\">Dog Pooper Scooper<\/span>\n                            <\/li>\n<li class=\"product-prop line-limit-length\"><span class=\"property-title\">type2:&nbsp;<\/span><span class=\"property-desc line-limit-length\">Pet Pooper Scooper<\/span>\n                            <\/li>\n<li class=\"product-prop line-limit-length\"><span class=\"property-title\">type3:&nbsp;<\/span><span class=\"property-desc line-limit-length\">Pet Poop Picker<\/span>\n                            <\/li>\n<\/ul><\/div>\n<div class=\"detailmodule_html\">\n<div class=\"detail-desc-decorate-richtext\">\n<p><strong>Description :<\/strong><\/p>\n<p><\/p>\n<p>1.Cette pelle est fabriqu\u00e9e en plastique ABS robuste, maintient votre appareil \u00e9ternellement utilis\u00e9 pendant longtemps.<\/p>\n<p><\/p>\n<p>2.Poign\u00e9e ergonomique.Poign\u00e9e arqu\u00e9e confortable pour garantir une action de ramassage avec moins de force.<\/p>\n<p><\/p>\n<p>3.Contr\u00f4lez facilement la m\u00e2choire pour ouvrir et fermer, portable et gardez votre main \u00e0 l&rsquo;abri de la salet\u00e9.<\/p>\n<p><\/p>\n<p>4.Gardez la pelle \u00e0 crottes de chien \u00e0 port\u00e9e de main pour faire de la randonn\u00e9e, des promenades ou une sortie au parc.Il est id\u00e9al pour l&rsquo;herbe, le b\u00e9ton, le gravier, etc.<\/p>\n<p><\/p>\n<p>5.Enlevez les crottes de chien et les d\u00e9chets de n&rsquo;importe quelle surface sans utiliser vos mains.Couvrez simplement les m\u00e2choires avec un sac en plastique et \u00e9vitez la sensation de ramasser les d\u00e9chets animaux.<\/p>\n<p><\/p>\n<p>Sp\u00e9cification<\/p>\n<p><\/p>\n<p>Type d&rsquo;article : cuill\u00e8re \u00e0 merveilles pour animaux de compagnie<\/p>\n<p><\/p>\n<p>Couleur: bleu, noir<\/p>\n<p><\/p>\n<p>Mat\u00e9riel: ABS + PP<\/p>\n<p><\/p>\n<p>Le forfait comprend: 1 PC<\/p>\n<p><\/p>\n<p><strong>Remarque :<\/strong><\/p>\n<p><\/p>\n<p>1. En raison de la mesure manuelle, veuillez permettre une erreur dimensionnelle de 1 \u00e0 2 cm.<\/p>\n<p>2. En raison des diff\u00e9rentes r\u00e9solutions de l&rsquo;ordinateur, il peut y avoir de l\u00e9g\u00e8res distorsions de couleur.<\/p>\n<p>3. Veuillez laisser un commentaire 5 \u00e9toiles si vous \u00eates satisfait de nos produits et services, nous l&rsquo;appr\u00e9cierons.<\/p>\n<p>4. Si les produits que vous avez re\u00e7us \u00e9taient endommag\u00e9s ou si vous ne savez pas comment les utiliser, veuillez contacter notre service client, veuillez ne pas donner de commentaires n\u00e9gatifs, nous ferons de notre mieux pour r\u00e9soudre votre probl\u00e8me.<\/p>\n<p><\/p>\n<p><img decoding=\"async\" src=\"https:\/\/ae01.alicdn.com\/kf\/Sbb08f81e6f7e4099a22b301c246942a3W.jpg\"><img decoding=\"async\" src=\"https:\/\/ae01.alicdn.com\/kf\/S05f30b21a3704c2d9690307290d92992q.jpg\"><img decoding=\"async\" src=\"https:\/\/ae01.alicdn.com\/kf\/Sfd6e8dc50e964617be7d295c5debcf1dt.jpg\"><img decoding=\"async\" src=\"https:\/\/ae01.alicdn.com\/kf\/S16d41a99090c4a6791d5c77d47b415358.jpg\"><img decoding=\"async\" src=\"https:\/\/ae01.alicdn.com\/kf\/S3545258e3bf9494f92f1e6b836399cb8n.jpg\"><img decoding=\"async\" src=\"https:\/\/ae01.alicdn.com\/kf\/S6e39623ebf5741328b753dcc704dfe5eX.jpg\"><img decoding=\"async\" src=\"https:\/\/ae01.alicdn.com\/kf\/Sd01a61aa732848c1b0e8049edea32cabA.jpg\"><img decoding=\"async\" src=\"https:\/\/ae01.alicdn.com\/kf\/S67c7dda2766b43a48d91643dbaf959a5p.jpg\"><img decoding=\"async\" src=\"https:\/\/ae01.alicdn.com\/kf\/S8b1eddf11c0844dcb917df3e2a1f2a10l.jpg\"><img decoding=\"async\" src=\"https:\/\/ae01.alicdn.com\/kf\/Sb4994b78718e4645b44cb6889239fa1fA.jpg\"><img decoding=\"async\" src=\"https:\/\/ae01.alicdn.com\/kf\/S70668bda60374feaba272065e054bc5fj.jpg\"><img decoding=\"async\" src=\"https:\/\/ae01.alicdn.com\/kf\/S51d9f4a3aca64535a27dadfb2eec1f28b.jpg\"><img decoding=\"async\" src=\"https:\/\/ae01.alicdn.com\/kf\/Sd634125d24f54a778f72529d2fbcbd54V.jpg\"><img decoding=\"async\" src=\"https:\/\/ae01.alicdn.com\/kf\/Sf191b0ac52044ed096f16b20a3bf47daM.jpg\"><img decoding=\"async\" src=\"https:\/\/ae01.alicdn.com\/kf\/Sc07dbb0cf7e44d0ab37a2b1fc871fb12D.jpg\"><\/p>\n<\/div>\n<\/div>","protected":false},"excerpt":{"rendered":"<p>Produit chimique \u00e0 haute pr\u00e9occupation:&nbsp;Aucun Type d&#039;article : liti\u00e8re pour chien:&nbsp;Scoopers et sacs \u00e0 crottes Origine:&nbsp;CN (Origine) Dog Litter Item Type:&nbsp;Pooper Scoopers &amp; Bags color:&nbsp;black,blue size:&nbsp;45cm type1:&nbsp;Dog Pooper Scooper type2:&nbsp;Pet Pooper Scooper type3:&nbsp;Pet Poop Picker Description : 1.Cette pelle est fabriqu\u00e9e en plastique ABS robuste, maintient votre appareil \u00e9ternellement utilis\u00e9 pendant longtemps. 2.Poign\u00e9e ergonomique.Poign\u00e9e arqu\u00e9e&hellip;<\/p>","protected":false},"featured_media":6612,"comment_status":"open","ping_status":"closed","template":"","meta":[],"product_brand":[],"product_cat":[947,948],"product_tag":[],"class_list":{"0":"post-6611","1":"product","2":"type-product","3":"status-publish","4":"has-post-thumbnail","6":"product_cat-home-garden","7":"product_cat-pet-products","9":"first","10":"instock","11":"taxable","12":"shipping-taxable","13":"purchasable","14":"product-type-variable"},"_links":{"self":[{"href":"https:\/\/www.innovatingbytes.com\/en\/wp-json\/wp\/v2\/product\/6611","targetHints":{"allow":["GET"]}}],"collection":[{"href":"https:\/\/www.innovatingbytes.com\/en\/wp-json\/wp\/v2\/product"}],"about":[{"href":"https:\/\/www.innovatingbytes.com\/en\/wp-json\/wp\/v2\/types\/product"}],"replies":[{"embeddable":true,"href":"https:\/\/www.innovatingbytes.com\/en\/wp-json\/wp\/v2\/comments?post=6611"}],"version-history":[{"count":0,"href":"https:\/\/www.innovatingbytes.com\/en\/wp-json\/wp\/v2\/product\/6611\/revisions"}],"wp:featuredmedia":[{"embeddable":true,"href":"https:\/\/www.innovatingbytes.com\/en\/wp-json\/wp\/v2\/media\/6612"}],"wp:attachment":[{"href":"https:\/\/www.innovatingbytes.com\/en\/wp-json\/wp\/v2\/media?parent=6611"}],"wp:term":[{"taxonomy":"product_brand","embeddable":true,"href":"https:\/\/www.innovatingbytes.com\/en\/wp-json\/wp\/v2\/product_brand?post=6611"},{"taxonomy":"product_cat","embeddable":true,"href":"https:\/\/www.innovatingbytes.com\/en\/wp-json\/wp\/v2\/product_cat?post=6611"},{"taxonomy":"product_tag","embeddable":true,"href":"https:\/\/www.innovatingbytes.com\/en\/wp-json\/wp\/v2\/product_tag?post=6611"}],"curies":[{"name":"wp","href":"https:\/\/api.w.org\/{rel}","templated":true}]}}