{"id":6380,"date":"2025-11-21T16:42:58","date_gmt":"2025-11-21T15:42:58","guid":{"rendered":"https:\/\/www.innovatingbytes.com\/product\/console-de-jeu-video-portable-16000-emulateur-de-jeux-pour-ps1-psp-dc-n64-ss-500nit-3-5-pouces-ecran-ips\/"},"modified":"2026-04-08T07:03:44","modified_gmt":"2026-04-08T05:03:44","slug":"console-de-jeu-video-portable-16000-emulateur-de-jeux-pour-ps1-psp-dc-n64-ss-500nit-3-5-pouces-ecran-ips","status":"publish","type":"product","link":"https:\/\/www.innovatingbytes.com\/en\/product\/console-de-jeu-video-portable-16000-emulateur-de-jeux-pour-ps1-psp-dc-n64-ss-500nit-3-5-pouces-ecran-ips\/","title":{"rendered":"Console de jeu vid\u00e9o portable 16000 \u00e9mulateur de jeux pour PS1\/PSP\/DC\/N64\/SS 500nit 3.5 pouces \u00e9cran IPS"},"content":{"rendered":"\n<div class=\"product-specs-list-container\">\n<ul class=\"product-specs-list util-clearfix\">\n<li class=\"product-prop line-limit-length\"><span\n                                        class=\"property-title\">Batterie incluse:&nbsp;<\/span><span\n                                        class=\"property-desc line-limit-length\">Oui<\/span>\n                            <\/li>\n<li class=\"product-prop line-limit-length\"><span\n                                        class=\"property-title\">Produit chimique \u00e0 haute pr\u00e9occupation:&nbsp;<\/span><span\n                                        class=\"property-desc line-limit-length\">Aucun<\/span>\n                            <\/li>\n<li class=\"product-prop line-limit-length\"><span\n                                        class=\"property-title\">Effet Hall:&nbsp;<\/span><span\n                                        class=\"property-desc line-limit-length\">Oui<\/span>\n                            <\/li>\n<li class=\"product-prop line-limit-length\"><span\n                                        class=\"property-title\">Type de jeux:&nbsp;<\/span><span\n                                        class=\"property-desc line-limit-length\">Arcade<\/span>\n                            <\/li>\n<li class=\"product-prop line-limit-length\"><span\n                                        class=\"property-title\">Mat\u00e9riau:&nbsp;<\/span><span\n                                        class=\"property-desc line-limit-length\">plastique<\/span>\n                            <\/li>\n<li class=\"product-prop line-limit-length\"><span\n                                        class=\"property-title\">Capacit\u00e9 de la batterie [mAh]:&nbsp;<\/span><span\n                                        class=\"property-desc line-limit-length\">3500<\/span>\n                            <\/li>\n<li class=\"product-prop line-limit-length\"><span\n                                        class=\"property-title\">Capacit\u00e9 de stockage de donn\u00e9es:&nbsp;<\/span><span\n                                        class=\"property-desc line-limit-length\">64G<\/span>\n                            <\/li>\n<li class=\"product-prop line-limit-length\"><span\n                                        class=\"property-title\">Jeux inclus:&nbsp;<\/span><span\n                                        class=\"property-desc line-limit-length\">16000+<\/span>\n                            <\/li>\n<li class=\"product-prop line-limit-length\"><span\n                                        class=\"property-title\">Cat\u00e9gorie:&nbsp;<\/span><span\n                                        class=\"property-desc line-limit-length\">Joueurs de jeu portables<\/span>\n                            <\/li>\n<li class=\"product-prop line-limit-length\"><span\n                                        class=\"property-title\">Type D&#039;interface de Chargement:&nbsp;<\/span><span\n                                        class=\"property-desc line-limit-length\">TYPE-C<\/span>\n                            <\/li>\n<li class=\"product-prop line-limit-length\"><span\n                                        class=\"property-title\">R\u00e9solution d&#039;\u00e9cran:&nbsp;<\/span><span\n                                        class=\"property-desc line-limit-length\">640&#215;480<\/span>\n                            <\/li>\n<li class=\"product-prop line-limit-length\"><span\n                                        class=\"property-title\">Type d&#039;\u00e9cran:&nbsp;<\/span><span\n                                        class=\"property-desc line-limit-length\">IPS<\/span>\n                            <\/li>\n<li class=\"product-prop line-limit-length\"><span\n                                        class=\"property-title\">Syst\u00e8me D&#039;exploitation:&nbsp;<\/span><span\n                                        class=\"property-desc line-limit-length\">Opendinglinux<\/span>\n                            <\/li>\n<li class=\"product-prop line-limit-length\"><span\n                                        class=\"property-title\">Langue de soutien:&nbsp;<\/span><span\n                                        class=\"property-desc line-limit-length\">Japonais,French,allemand,Italien,Espagnol,Portugais,Russe,english,su\u00e9dois,POLISH,Grec,Turkish,cor\u00e9en,Dutch,Espagnol latino-Am\u00e9ricain,Portugais br\u00e9silien,Chinois simplifi\u00e9,Style chinois traditionnel,UKRAINIEN<\/span>\n                            <\/li>\n<li class=\"product-prop line-limit-length\"><span\n                                        class=\"property-title\">Paquet:&nbsp;<\/span><span\n                                        class=\"property-desc line-limit-length\">Oui<\/span>\n                            <\/li>\n<li class=\"product-prop line-limit-length\"><span\n                                        class=\"property-title\">Communication:&nbsp;<\/span><span\n                                        class=\"property-desc line-limit-length\">USB<\/span>\n                            <\/li>\n<li class=\"product-prop line-limit-length\"><span\n                                        class=\"property-title\">\u00c9cran Tactile:&nbsp;<\/span><span\n                                        class=\"property-desc line-limit-length\">Pas de<\/span>\n                            <\/li>\n<li class=\"product-prop line-limit-length\"><span\n                                        class=\"property-title\">Affichage des couleurs:&nbsp;<\/span><span\n                                        class=\"property-desc line-limit-length\">Oui<\/span>\n                            <\/li>\n<li class=\"product-prop line-limit-length\"><span\n                                        class=\"property-title\">Nom de marque:&nbsp;<\/span><span\n                                        class=\"property-desc line-limit-length\">KINHANK<\/span>\n                            <\/li>\n<li class=\"product-prop line-limit-length\"><span\n                                        class=\"property-title\">KINHANK Mod\u00e8le:&nbsp;<\/span><span\n                                        class=\"property-desc line-limit-length\">K36<\/span>\n                            <\/li>\n<li class=\"product-prop line-limit-length\"><span\n                                        class=\"property-title\">Taille D&#039;\u00e9cran:&nbsp;<\/span><span\n                                        class=\"property-desc line-limit-length\">3,5 &quot;<\/span>\n                            <\/li>\n<li class=\"product-prop line-limit-length\"><span\n                                        class=\"property-title\">Origine:&nbsp;<\/span><span\n                                        class=\"property-desc line-limit-length\">CN (Origine)<\/span>\n                            <\/li>\n<li class=\"product-prop line-limit-length\"><span\n                                        class=\"property-title\">WIFI:&nbsp;<\/span><span\n                                        class=\"property-desc line-limit-length\">Oui<\/span>\n                            <\/li>\n<\/ul><\/div>\n<div class=\"detailmodule_html\">\n<div class=\"detail-desc-decorate-richtext\">\n<div class=\"detailmodule_text-image\">\n<p style=\"font-family:OpenSans;font-size:20px;font-weight:900;line-height:28px;white-space:pre-wrap;color:rgb(0, 0, 0);margin-bottom:12px\" class=\"detail-desc-decorate-title\">Caract\u00e9ristiques principales :<\/p>\n<p style=\"font-family:OpenSans;font-size:14px;font-weight:300;line-height:20px;white-space:pre-wrap;color:rgb(0, 0, 0);margin-bottom:12px\" class=\"detail-desc-decorate-content\">1.Cette console de jeu portable propose plus de 16 000 jeux classiques s\u00e9lectionn\u00e9s et prend en charge les \u00e9mulateurs classiques tels que PSP\/PS1\/SS\/DC\/N64.<\/p>\n<p>2.\u00c9cran IPS haute d\u00e9finition 640*480 avec une luminosit\u00e9 allant jusqu&rsquo;\u00e0 500 nits, pr\u00e9sentant une qualit\u00e9 d&rsquo;image d\u00e9licate et claire, un fonctionnement plus pratique et plus convivial.<\/p>\n<p>3. Joystick Hall de haute pr\u00e9cision, meilleure sensation, meilleure exp\u00e9rience de fonctionnement.<\/p>\n<p>4.Il prend en charge le t\u00e9l\u00e9chargement et la collecte de jeux, prend en charge plusieurs simulateurs et couvre une large gamme de jeux.<\/p>\n<div><img decoding=\"async\" class=\"detail-desc-decorate-image\" src=\"https:\/\/ae01.alicdn.com\/kf\/S0b43a1b4cc8345ec9b556a1fa0b171585.jpg\" slate-data-type=\"image\"><\/div>\n<\/div>\n<div class=\"detailmodule_text-image\">\n<p style=\"font-family:OpenSans;font-size:20px;font-weight:900;line-height:28px;white-space:pre-wrap;color:rgb(0, 0, 0);margin-bottom:12px\" class=\"detail-desc-decorate-title\">Cinq fonctionnalit\u00e9s principales de EmuELEC 4.7<\/p>\n<p style=\"font-family:OpenSans;font-size:14px;font-weight:300;line-height:20px;white-space:pre-wrap;color:rgb(0, 0, 0);margin-bottom:12px\" class=\"detail-desc-decorate-content\">Le syst\u00e8me EmuELEC4.7 int\u00e9gr\u00e9, riche en fonctions, t\u00e9l\u00e9chargement de jeux, sauvegarde de la progression du jeu, changement de th\u00e8mes et personnalisation des boutons, est tout un jeu d&rsquo;enfant.<\/p>\n<div><img decoding=\"async\" class=\"detail-desc-decorate-image\" src=\"https:\/\/ae01.alicdn.com\/kf\/Se62e2c2646f04cc8ad151b2dbf76ecced.jpg\" slate-data-type=\"image\"><\/div>\n<\/div>\n<div class=\"detailmodule_text-image\">\n<p style=\"font-family:OpenSans;font-size:20px;font-weight:900;line-height:28px;white-space:pre-wrap;color:rgb(0, 0, 0);margin-bottom:12px\" class=\"detail-desc-decorate-title\">\u00c9cran IPS HD<\/p>\n<p style=\"font-family:OpenSans;font-size:14px;font-weight:300;line-height:20px;white-space:pre-wrap;color:rgb(0, 0, 0);margin-bottom:12px\" class=\"detail-desc-decorate-content\">\u00c9cran couleur enti\u00e8rement lamin\u00e9 de 3,5 pouces<br \/>Haute r\u00e9solution : 680*480 Luminosit\u00e9 maximale : 500 nits<br \/>Qualit\u00e9 d&rsquo;image claire, couleurs d\u00e9licates et douces, r\u00e9duisant la fatigue oculaire pendant les jeux \u00e0 long terme.<\/p>\n<div><img decoding=\"async\" class=\"detail-desc-decorate-image\" src=\"https:\/\/ae01.alicdn.com\/kf\/S2aa565154bde4df896456d759ad2e5c8r.jpg\" slate-data-type=\"image\"><\/div>\n<\/div>\n<div class=\"detailmodule_text-image\">\n<p style=\"font-family:OpenSans;font-size:20px;font-weight:900;line-height:28px;white-space:pre-wrap;color:rgb(0, 0, 0);margin-bottom:12px\" class=\"detail-desc-decorate-title\">Prise en charge du t\u00e9l\u00e9chargement de jeux<\/p>\n<p style=\"font-family:OpenSans;font-size:14px;font-weight:300;line-height:20px;white-space:pre-wrap;color:rgb(0, 0, 0);margin-bottom:12px\" class=\"detail-desc-decorate-content\">Il est tr\u00e8s pratique d&rsquo;ajouter des jeux en trois \u00e9tapes faciles.<br \/>\u00c9tape 1 : ins\u00e9rez la carte de jeu dans votre ordinateur.(Un lecteur de carte peut \u00eatre n\u00e9cessaire)<br \/>\u00c9tape 2 : Copiez les fichiers de jeu sur la partition EEROMS.<br \/>\u00c9tape 3 : \u00e9jectez la carte de jeu en toute s\u00e9curit\u00e9, puis ins\u00e9rez le K36 pour terminer l&rsquo;addition.<\/p>\n<div><img decoding=\"async\" class=\"detail-desc-decorate-image\" src=\"https:\/\/ae01.alicdn.com\/kf\/S852ae52f9fee4d53bd92de35236d9f18v.jpg\" slate-data-type=\"image\"><\/div>\n<\/div>\n<div class=\"detailmodule_text-image\">\n<p style=\"font-family:OpenSans;font-size:20px;font-weight:900;line-height:28px;white-space:pre-wrap;color:rgb(0, 0, 0);margin-bottom:12px\" class=\"detail-desc-decorate-title\">Prise en charge de l&rsquo;\u00e9conomie de progr\u00e8s du jeu<\/p>\n<p style=\"font-family:OpenSans;font-size:14px;font-weight:300;line-height:20px;white-space:pre-wrap;color:rgb(0, 0, 0);margin-bottom:12px\" class=\"detail-desc-decorate-content\">Il prend en charge la sauvegarde et le chargement des jeux.Lorsque vous jouez au jeu, vous pouvez appuyer sur SELECT+R1 pour enregistrer la progression du jeu.La prochaine fois que vous continuez \u00e0 jouer, vous pourrez appuyer sur SELECT+L1 pour charger la progression.Il n&rsquo;est pas n\u00e9cessaire de red\u00e9marrer, ce qui est tr\u00e8s pratique.<\/p>\n<div><img decoding=\"async\" class=\"detail-desc-decorate-image\" src=\"https:\/\/ae01.alicdn.com\/kf\/S9439ea2d8119422e98fff247a6f9ae8e7.jpg\" slate-data-type=\"image\"><\/div>\n<\/div>\n<div class=\"detailmodule_text-image\">\n<p style=\"font-family:OpenSans;font-size:20px;font-weight:900;line-height:28px;white-space:pre-wrap;color:rgb(0, 0, 0);margin-bottom:12px\" class=\"detail-desc-decorate-title\">Fonction de recherche de jeu<\/p>\n<p style=\"font-family:OpenSans;font-size:14px;font-weight:300;line-height:20px;white-space:pre-wrap;color:rgb(0, 0, 0);margin-bottom:12px\" class=\"detail-desc-decorate-content\">Vous pouvez appuyer longuement sur le bouton X pour afficher le menu de recherche et acc\u00e9der directement au jeu que vous souhaitez jouer.<\/p>\n<div><img decoding=\"async\" class=\"detail-desc-decorate-image\" src=\"https:\/\/ae01.alicdn.com\/kf\/S54a696f936ec449ebcae4b3d9ebb6ae9L.jpg\" slate-data-type=\"image\"><\/div>\n<\/div>\n<div class=\"detailmodule_text-image\">\n<p style=\"font-family:OpenSans;font-size:20px;font-weight:900;line-height:28px;white-space:pre-wrap;color:rgb(0, 0, 0);margin-bottom:12px\" class=\"detail-desc-decorate-title\">Trois th\u00e8mes classiques \u00e0 choisir<\/p>\n<p style=\"font-family:OpenSans;font-size:14px;font-weight:300;line-height:20px;white-space:pre-wrap;color:rgb(0, 0, 0);margin-bottom:12px\" class=\"detail-desc-decorate-content\">K36 dispose de trois th\u00e8mes classiques int\u00e9gr\u00e9s.Vous pouvez changer les th\u00e8mes dans le menu des param\u00e8tres.Diff\u00e9rents th\u00e8mes peuvent convenir \u00e0 diff\u00e9rentes humeurs.<\/p>\n<div><img decoding=\"async\" class=\"detail-desc-decorate-image\" src=\"https:\/\/ae01.alicdn.com\/kf\/Sb49364a279394be491ccbba96aae8d5bU.jpg\" slate-data-type=\"image\"><\/div>\n<\/div>\n<div class=\"detailmodule_text-image\">\n<p style=\"font-family:OpenSans;font-size:20px;font-weight:900;line-height:28px;white-space:pre-wrap;color:rgb(0, 0, 0);margin-bottom:12px\" class=\"detail-desc-decorate-title\">Prise en charge de plus de 30 langues<\/p>\n<p style=\"font-family:OpenSans;font-size:14px;font-weight:300;line-height:20px;white-space:pre-wrap;color:rgb(0, 0, 0);margin-bottom:12px\" class=\"detail-desc-decorate-content\">Aucune crainte des barri\u00e8res linguistiques.<\/p>\n<div><img decoding=\"async\" class=\"detail-desc-decorate-image\" src=\"https:\/\/ae01.alicdn.com\/kf\/S853d55747c8e46c59b202061b26c9a3bD.jpg\" slate-data-type=\"image\"><\/div>\n<\/div>\n<div class=\"detailmodule_text-image\">\n<p style=\"font-family:OpenSans;font-size:20px;font-weight:900;line-height:28px;white-space:pre-wrap;color:rgb(0, 0, 0);margin-bottom:12px\" class=\"detail-desc-decorate-title\">Arc parfait qui s&rsquo;adapte \u00e0 la paume<\/p>\n<p style=\"font-family:OpenSans;font-size:14px;font-weight:300;line-height:20px;white-space:pre-wrap;color:rgb(0, 0, 0);margin-bottom:12px\" class=\"detail-desc-decorate-content\">Le design incurv\u00e9 bien pens\u00e9 et l&rsquo;excellente sensation d&rsquo;adh\u00e9rence vous permettent de jouer \u00e0 des jeux pendant longtemps sans vous fatiguer.<\/p>\n<div><img decoding=\"async\" class=\"detail-desc-decorate-image\" src=\"https:\/\/ae01.alicdn.com\/kf\/Sf69ad87e95de43cf934ac37fd0969aeeg.jpg\" slate-data-type=\"image\"><\/div>\n<\/div>\n<div class=\"detailmodule_text-image\">\n<p style=\"font-family:OpenSans;font-size:20px;font-weight:900;line-height:28px;white-space:pre-wrap;color:rgb(0, 0, 0);margin-bottom:12px\" class=\"detail-desc-decorate-title\">Joystick effet Hall<\/p>\n<p style=\"font-family:OpenSans;font-size:14px;font-weight:300;line-height:20px;white-space:pre-wrap;color:rgb(0, 0, 0);margin-bottom:12px\" class=\"detail-desc-decorate-content\">Les bascule \u00e0 effet Hall personnalis\u00e9e peuvent fournir une plus grande coh\u00e9rence et une plus grande douceur pour maximiser la sensation de jeu.<\/p>\n<div><img decoding=\"async\" class=\"detail-desc-decorate-image\" src=\"https:\/\/ae01.alicdn.com\/kf\/S4f8ec99856ba449faddd46127aba7689n.jpg\" slate-data-type=\"image\"><\/div>\n<\/div>\n<div class=\"detailmodule_text-image\">\n<p style=\"font-family:OpenSans;font-size:20px;font-weight:900;line-height:28px;white-space:pre-wrap;color:rgb(0, 0, 0);margin-bottom:12px\" class=\"detail-desc-decorate-title\">Haut-parleur \u00e0 cavit\u00e9 personnalis\u00e9<\/p>\n<p style=\"font-family:OpenSans;font-size:14px;font-weight:300;line-height:20px;white-space:pre-wrap;color:rgb(0, 0, 0);margin-bottom:12px\" class=\"detail-desc-decorate-content\">Les haut-parleurs \u00e0 cavit\u00e9 personnalis\u00e9s ont un son d\u00e9licat et de meilleurs effets sonores, vous offrant une exp\u00e9rience d&rsquo;\u00e9coute immersive.<\/p>\n<div><img decoding=\"async\" class=\"detail-desc-decorate-image\" src=\"https:\/\/ae01.alicdn.com\/kf\/S89fe781e3ed741fda88bccb03b7781c8j.jpg\" slate-data-type=\"image\"><\/div>\n<\/div>\n<div class=\"detailmodule_text-image\">\n<p style=\"font-family:OpenSans;font-size:20px;font-weight:900;line-height:28px;white-space:pre-wrap;color:rgb(0, 0, 0);margin-bottom:12px\" class=\"detail-desc-decorate-title\">Grande batterie de 3 500 mAh<\/p>\n<p style=\"font-family:OpenSans;font-size:14px;font-weight:300;line-height:20px;white-space:pre-wrap;color:rgb(0, 0, 0);margin-bottom:12px\" class=\"detail-desc-decorate-content\">La grande batterie de 3 500 mAh vous permet de jouer en continu pendant 2 \u00e0 4 heures pour \u00e9viter l&rsquo;anxi\u00e9t\u00e9 de la batterie.<\/p>\n<div><img decoding=\"async\" class=\"detail-desc-decorate-image\" src=\"https:\/\/ae01.alicdn.com\/kf\/S1189cc18859243d9929eeafcd614587eI.jpg\" slate-data-type=\"image\"><\/div>\n<\/div>\n<div class=\"detailmodule_text-image\">\n<p style=\"font-family:OpenSans;font-size:20px;font-weight:900;line-height:28px;white-space:pre-wrap;color:rgb(0, 0, 0);margin-bottom:12px\" class=\"detail-desc-decorate-title\">Puce professionnelle<\/p>\n<p style=\"font-family:OpenSans;font-size:14px;font-weight:300;line-height:20px;white-space:pre-wrap;color:rgb(0, 0, 0);margin-bottom:12px\" class=\"detail-desc-decorate-content\">Puce de jeu professionnelle RK3326, 1,5 GHz, 64 bits.<br \/>Peut facilement ex\u00e9cuter de grands jeux 2D et 3D.<\/p>\n<div><img decoding=\"async\" class=\"detail-desc-decorate-image\" src=\"https:\/\/ae01.alicdn.com\/kf\/S7723cba5b9674d458fcf2bf7aefca427Z.jpg\" slate-data-type=\"image\"><\/div>\n<\/div>\n<div class=\"detailmodule_text-image\">\n<p style=\"font-family:OpenSans;font-size:20px;font-weight:900;line-height:28px;white-space:pre-wrap;color:rgb(0, 0, 0);margin-bottom:12px\" class=\"detail-desc-decorate-title\">L\u00e9ger et portable<\/p>\n<p style=\"font-family:OpenSans;font-size:14px;font-weight:300;line-height:20px;white-space:pre-wrap;color:rgb(0, 0, 0);margin-bottom:12px\" class=\"detail-desc-decorate-content\">Mettez la console de jeu dans votre poche, elle est l\u00e9g\u00e8re et portable, et vous pouvez jouer \u00e0 des jeux \u00e0 tout moment et en tout lieu.<\/p>\n<div><img decoding=\"async\" class=\"detail-desc-decorate-image\" src=\"https:\/\/ae01.alicdn.com\/kf\/Sd79adfebe1024e42801305dbe7974970r.jpg\" slate-data-type=\"image\"><img decoding=\"async\" class=\"detail-desc-decorate-image\" src=\"https:\/\/ae01.alicdn.com\/kf\/S7f28740a19354a899605f9154191c0d4O.jpg\" slate-data-type=\"image\"><\/div>\n<\/div>\n<div class=\"detailmodule_text-image\">\n<p style=\"font-family:OpenSans;font-size:20px;font-weight:900;line-height:28px;white-space:pre-wrap;color:rgb(0, 0, 0);margin-bottom:12px\" class=\"detail-desc-decorate-title\">Le meilleur cadeau pour les enfants<\/p>\n<p style=\"font-family:OpenSans;font-size:14px;font-weight:300;line-height:20px;white-space:pre-wrap;color:rgb(0, 0, 0);margin-bottom:12px\" class=\"detail-desc-decorate-content\">Le meilleur cadeau parent-enfant, profitez de la joie des jeux avec vos enfants.<\/p>\n<div><img decoding=\"async\" class=\"detail-desc-decorate-image\" src=\"https:\/\/ae01.alicdn.com\/kf\/S6abf987cc2144f8c8105ab032086d831K.jpg\" slate-data-type=\"image\"><\/div>\n<\/div>\n<div class=\"detailmodule_text\">\n<p style=\"font-family:OpenSans;font-size:20px;font-weight:900;line-height:28px;white-space:pre-wrap;color:rgb(0, 0, 0);margin-bottom:12px\" class=\"detail-desc-decorate-title\">Afficher les d\u00e9tails :<\/p>\n<\/div>\n<div class=\"detailmodule_image\"><img decoding=\"async\" class=\"detail-desc-decorate-image\" src=\"https:\/\/ae01.alicdn.com\/kf\/S45a5fc117c4545afb42becae0f4a0b8fg.jpg\" slate-data-type=\"image\"><\/div>\n<div class=\"detailmodule_text\">\n<p style=\"font-family:OpenSans;font-size:20px;font-weight:900;line-height:28px;white-space:pre-wrap;color:rgb(0, 0, 0);margin-bottom:12px\" class=\"detail-desc-decorate-title\">Emballage inclus :<\/p>\n<p style=\"font-family:OpenSans;font-size:14px;font-weight:300;line-height:20px;white-space:pre-wrap;color:rgb(0, 0, 0);margin-bottom:12px\" class=\"detail-desc-decorate-content\">1 * console de jeu,<\/p>\n<p>1 * carte TF (int\u00e9gr\u00e9e),<\/p>\n<p>1 * c\u00e2ble de chargement,<\/p>\n<p>1 * lecteur de carte,<\/p>\n<p>1 * manuel<\/p>\n<\/div>\n<div class=\"detailmodule_image\"><img decoding=\"async\" class=\"detail-desc-decorate-image\" src=\"https:\/\/ae01.alicdn.com\/kf\/Scd5e1e28fdbb4658a2f1fc14aafab5dam.jpg\" slate-data-type=\"image\"><img decoding=\"async\" class=\"detail-desc-decorate-image\" src=\"https:\/\/ae01.alicdn.com\/kf\/S7f56aa4715fd47b29248674f19bc7698A.jpg\" slate-data-type=\"image\"><img decoding=\"async\" class=\"detail-desc-decorate-image\" src=\"https:\/\/ae01.alicdn.com\/kf\/S8bf000365811491d8332f2c239bb55f1F.jpg\" slate-data-type=\"image\"><\/div>\n<p><\/p>\n<\/div>\n<\/div>\n","protected":false},"excerpt":{"rendered":"<p>Batterie incluse:&nbsp;Oui Produit chimique \u00e0 haute pr\u00e9occupation:&nbsp;Aucun Effet Hall:&nbsp;Oui Type de jeux:&nbsp;Arcade Mat\u00e9riau:&nbsp;plastique Capacit\u00e9 de la batterie [mAh]:&nbsp;3500 Capacit\u00e9 de stockage de donn\u00e9es:&nbsp;64G Jeux inclus:&nbsp;16000+ Cat\u00e9gorie:&nbsp;Joueurs de jeu portables Type D&#039;interface de Chargement:&nbsp;TYPE-C R\u00e9solution d&#039;\u00e9cran:&nbsp;640&#215;480 Type d&#039;\u00e9cran:&nbsp;IPS Syst\u00e8me D&#039;exploitation:&nbsp;Opendinglinux Langue de soutien:&nbsp;Japonais,French,allemand,Italien,Espagnol,Portugais,Russe,english,su\u00e9dois,POLISH,Grec,Turkish,cor\u00e9en,Dutch,Espagnol latino-Am\u00e9ricain,Portugais br\u00e9silien,Chinois simplifi\u00e9,Style chinois traditionnel,UKRAINIEN Paquet:&nbsp;Oui Communication:&nbsp;USB \u00c9cran Tactile:&nbsp;Pas de Affichage des couleurs:&nbsp;Oui&hellip;<\/p>\n","protected":false},"featured_media":6381,"comment_status":"open","ping_status":"closed","template":"","meta":[],"product_brand":[],"product_cat":[813,946],"product_tag":[],"class_list":{"0":"post-6380","1":"product","2":"type-product","3":"status-publish","4":"has-post-thumbnail","6":"product_cat-consumer-electronics","7":"product_cat-jouets","9":"first","10":"instock","11":"taxable","12":"shipping-taxable","13":"purchasable","14":"product-type-variable"},"_links":{"self":[{"href":"https:\/\/www.innovatingbytes.com\/en\/wp-json\/wp\/v2\/product\/6380","targetHints":{"allow":["GET"]}}],"collection":[{"href":"https:\/\/www.innovatingbytes.com\/en\/wp-json\/wp\/v2\/product"}],"about":[{"href":"https:\/\/www.innovatingbytes.com\/en\/wp-json\/wp\/v2\/types\/product"}],"replies":[{"embeddable":true,"href":"https:\/\/www.innovatingbytes.com\/en\/wp-json\/wp\/v2\/comments?post=6380"}],"version-history":[{"count":0,"href":"https:\/\/www.innovatingbytes.com\/en\/wp-json\/wp\/v2\/product\/6380\/revisions"}],"wp:featuredmedia":[{"embeddable":true,"href":"https:\/\/www.innovatingbytes.com\/en\/wp-json\/wp\/v2\/media\/6381"}],"wp:attachment":[{"href":"https:\/\/www.innovatingbytes.com\/en\/wp-json\/wp\/v2\/media?parent=6380"}],"wp:term":[{"taxonomy":"product_brand","embeddable":true,"href":"https:\/\/www.innovatingbytes.com\/en\/wp-json\/wp\/v2\/product_brand?post=6380"},{"taxonomy":"product_cat","embeddable":true,"href":"https:\/\/www.innovatingbytes.com\/en\/wp-json\/wp\/v2\/product_cat?post=6380"},{"taxonomy":"product_tag","embeddable":true,"href":"https:\/\/www.innovatingbytes.com\/en\/wp-json\/wp\/v2\/product_tag?post=6380"}],"curies":[{"name":"wp","href":"https:\/\/api.w.org\/{rel}","templated":true}]}}