{"id":6311,"date":"2025-11-21T16:31:56","date_gmt":"2025-11-21T15:31:56","guid":{"rendered":"https:\/\/www.innovatingbytes.com\/product\/bulldozer-telecommande-avec-lumiere-jouet-rc-pelle-camion-a-roulettes-jouets-pour-enfants\/"},"modified":"2026-03-27T06:04:23","modified_gmt":"2026-03-27T05:04:23","slug":"bulldozer-telecommande-avec-lumiere-jouet-rc-pelle-camion-a-roulettes-jouets-pour-enfants","status":"publish","type":"product","link":"https:\/\/www.innovatingbytes.com\/en\/product\/bulldozer-telecommande-avec-lumiere-jouet-rc-pelle-camion-a-roulettes-jouets-pour-enfants\/","title":{"rendered":"Bulldozer t\u00e9l\u00e9command\u00e9 avec lumi\u00e8re, jouet RC, pelle, camion \u00e0 roulettes, jouets pour enfants"},"content":{"rendered":"<div class=\"product-specs-list-container\">\n<ul class=\"product-specs-list util-clearfix\">\n<li class=\"product-prop line-limit-length\"><span\n                                        class=\"property-title\">Produit chimique \u00e0 haute pr\u00e9occupation:&nbsp;<\/span><span\n                                        class=\"property-desc line-limit-length\">Aucun<\/span>\n                            <\/li>\n<li class=\"product-prop line-limit-length\"><span\n                                        class=\"property-title\">Est \u00e9lectrique:&nbsp;<\/span><span\n                                        class=\"property-desc line-limit-length\">Batterie au lithium<\/span>\n                            <\/li>\n<li class=\"product-prop line-limit-length\"><span\n                                        class=\"property-title\">\u00c9tat de l&#039;Assembl\u00e9e:&nbsp;<\/span><span\n                                        class=\"property-desc line-limit-length\">Pr\u00eat-\u00e0-aller<\/span>\n                            <\/li>\n<li class=\"product-prop line-limit-length\"><span\n                                        class=\"property-title\">Avertissement:&nbsp;<\/span><span\n                                        class=\"property-desc line-limit-length\">Keep away from fire<\/span>\n                            <\/li>\n<li class=\"product-prop line-limit-length\"><span\n                                        class=\"property-title\">\u00c9chelle:&nbsp;<\/span><span\n                                        class=\"property-desc line-limit-length\">1:30<\/span>\n                            <\/li>\n<li class=\"product-prop line-limit-length\"><span\n                                        class=\"property-title\">Source d&#039;\u00e9nergie:&nbsp;<\/span><span\n                                        class=\"property-desc line-limit-length\">\u00c9lectrique<\/span>\n                            <\/li>\n<li class=\"product-prop line-limit-length\"><span\n                                        class=\"property-title\">Num\u00e9ro de Mod\u00e8le:&nbsp;<\/span><span\n                                        class=\"property-desc line-limit-length\">Remote control trucks<\/span>\n                            <\/li>\n<li class=\"product-prop line-limit-length\"><span\n                                        class=\"property-title\">Mode contr\u00f4leur:&nbsp;<\/span><span\n                                        class=\"property-desc line-limit-length\">Mode 2<\/span>\n                            <\/li>\n<li class=\"product-prop line-limit-length\"><span\n                                        class=\"property-title\">Canaux de contr\u00f4le:&nbsp;<\/span><span\n                                        class=\"property-desc line-limit-length\">4 Canaux<\/span>\n                            <\/li>\n<li class=\"product-prop line-limit-length\"><span\n                                        class=\"property-title\">Batterie du contr\u00f4leur:&nbsp;<\/span><span\n                                        class=\"property-desc line-limit-length\">2*AA(not included)<\/span>\n                            <\/li>\n<li class=\"product-prop line-limit-length\"><span\n                                        class=\"property-title\">Distance:&nbsp;<\/span><span\n                                        class=\"property-desc line-limit-length\">About 25 meters<\/span>\n                            <\/li>\n<li class=\"product-prop line-limit-length\"><span\n                                        class=\"property-title\">Mat\u00e9riau:&nbsp;<\/span><span\n                                        class=\"property-desc line-limit-length\">plastique<\/span>\n                            <\/li>\n<li class=\"product-prop line-limit-length\"><span\n                                        class=\"property-title\">Nom de marque:&nbsp;<\/span><span\n                                        class=\"property-desc line-limit-length\">Kmoist<\/span>\n                            <\/li>\n<li class=\"product-prop line-limit-length\"><span\n                                        class=\"property-title\">Recommande L&#039;\u00e2ge:&nbsp;<\/span><span\n                                        class=\"property-desc line-limit-length\">14 + y,6-12 ans<\/span>\n                            <\/li>\n<li class=\"product-prop line-limit-length\"><span\n                                        class=\"property-title\">Origine:&nbsp;<\/span><span\n                                        class=\"property-desc line-limit-length\">CN (Origine)<\/span>\n                            <\/li>\n<li class=\"product-prop line-limit-length\"><span\n                                        class=\"property-title\">Caract\u00e9ristiques:&nbsp;<\/span><span\n                                        class=\"property-desc line-limit-length\">T\u00e9l\u00e9commande<\/span>\n                            <\/li>\n<li class=\"product-prop line-limit-length\"><span\n                                        class=\"property-title\">Type:&nbsp;<\/span><span\n                                        class=\"property-desc line-limit-length\">Camion<\/span>\n                            <\/li>\n<\/ul><\/div>\n<div class=\"detailmodule_html\">\n<div class=\"detail-desc-decorate-richtext\">\n<div class=\"detailmodule_html\">\n<div class=\"detail-desc-decorate-richtext\">\n<p style=\"white-space:pre-line;color:rgb(48, 49, 51)\"><strong id=\"tl_1\">SP&Eacute;CIFICATION :<\/strong><\/p>\n<p style=\"white-space:pre-line;color:rgb(48, 49, 51)\" id=\"tl_2\">Nom du produit: v&eacute;hicule d&rsquo;ing&eacute;nierie t&eacute;l&eacute;command&eacute; &agrave; quatre voies 1:30 27 MHz<\/p>\n<p style=\"white-space:pre-line;color:rgb(48, 49, 51)\" id=\"tl_3\">Taille du produit: 26x9x10cm<\/p>\n<p style=\"white-space:pre-line;color:rgb(48, 49, 51)\" id=\"tl_4\">Mat&eacute;riaux : plastique<\/p>\n<p style=\"white-space:pre-line;color:rgb(48, 49, 51)\" id=\"tl_5\">Origine : Chine continentale<\/p>\n<p style=\"white-space:pre-line;color:rgb(48, 49, 51)\" id=\"tl_6\">Distance &agrave; distance : environ 25 m<\/p>\n<p style=\"white-space:pre-line;color:rgb(48, 49, 51)\" id=\"tl_7\">Batterie du corps : 3 * AA (non incluses)<\/p>\n<p style=\"white-space:pre-line;color:rgb(48, 49, 51)\" id=\"tl_8\">Pile de la t&eacute;l&eacute;commande : 2 * AA (non incluses)<\/p>\n<p>&nbsp;<\/p>\n<div>\n   <br \/>\n   <strong id=\"tl_9\">CARACT&Eacute;RISTIQUES :<\/strong>\n  <\/div>\n<p id=\"tl_10\">Mouvement avant et arri&egrave;re, virages gauche et droit, lumi&egrave;res<\/p>\n<p>&nbsp;<\/p>\n<p><strong id=\"tl_11\">LISTE D&rsquo;EMBALLAGE :<\/strong><\/p>\n<p><span style=\"font-family:Arial\" id=\"tl_12\">v&eacute;hicule d&rsquo;ing&eacute;nierie * 1, t&eacute;l&eacute;commande * 1<\/span><\/p>\n<p>&nbsp;<\/p>\n<p><img decoding=\"async\" height=\"auto\" slate-data-type=\"image\" src=\"https:\/\/ae01.alicdn.com\/kf\/S76c63c356968499ca65c9b0e1a460f6ee.jpg\" style=\"display:block;width:100%;height:auto\" usemap=\"#_sdmap_6\" width=\"100%\" \/> <img decoding=\"async\" height=\"auto\" slate-data-type=\"image\" src=\"https:\/\/ae01.alicdn.com\/kf\/S458123af60b448fd8f2f726631c53164c.jpg\" style=\"display:block;width:100%;height:auto\" usemap=\"#_sdmap_7\" width=\"100%\" \/> <img decoding=\"async\" height=\"auto\" slate-data-type=\"image\" src=\"https:\/\/ae01.alicdn.com\/kf\/S5b289495982e4866a84536dd879a9c3eQ.jpg\" style=\"display:block;width:100%;height:auto\" usemap=\"#_sdmap_8\" width=\"100%\" \/> <img decoding=\"async\" height=\"auto\" slate-data-type=\"image\" src=\"https:\/\/ae01.alicdn.com\/kf\/Saed8031958a94649ba7a6e710c632304U.jpg\" style=\"display:block;width:100%;height:auto\" usemap=\"#_sdmap_9\" width=\"100%\" \/> <img decoding=\"async\" height=\"auto\" slate-data-type=\"image\" src=\"https:\/\/ae01.alicdn.com\/kf\/S218af1194ca944cda274849c04fe5700L.jpg\" style=\"display:block;width:100%;height:auto\" usemap=\"#_sdmap_10\" width=\"100%\" \/> <img decoding=\"async\" height=\"auto\" slate-data-type=\"image\" src=\"https:\/\/ae01.alicdn.com\/kf\/Sd2248a3e2ce041e28f9b0b335becf8a1C.jpg\" style=\"display:block;width:100%;height:auto\" usemap=\"#_sdmap_11\" width=\"100%\" \/> <img decoding=\"async\" height=\"auto\" slate-data-type=\"image\" src=\"https:\/\/ae01.alicdn.com\/kf\/Sfeff6c7aead04084b28f6c3dadf6e4f2D.jpg\" style=\"display:block;width:100%;height:auto\" usemap=\"#_sdmap_12\" width=\"100%\" \/> <img decoding=\"async\" height=\"auto\" slate-data-type=\"image\" src=\"https:\/\/ae01.alicdn.com\/kf\/S478617f636ba47b9a00fac53012f3b4a9.jpg\" style=\"display:block;width:100%;height:auto\" usemap=\"#_sdmap_13\" width=\"100%\" \/> <img decoding=\"async\" height=\"auto\" slate-data-type=\"image\" src=\"https:\/\/ae01.alicdn.com\/kf\/S4670b32f19d1469491d9c0e249394823P.jpg\" style=\"display:block;width:100%;height:auto\" usemap=\"#_sdmap_14\" width=\"100%\" \/> <img decoding=\"async\" height=\"auto\" slate-data-type=\"image\" src=\"https:\/\/ae01.alicdn.com\/kf\/S2909604a3f23435cbc09cfa0537da146o.jpg\" style=\"display:block;width:100%;height:auto\" usemap=\"#_sdmap_15\" width=\"100%\" \/> <img decoding=\"async\" height=\"auto\" slate-data-type=\"image\" src=\"https:\/\/ae01.alicdn.com\/kf\/S984c697001b8480c98cc97e734e6126br.jpg\" style=\"display:block;width:100%;height:auto\" usemap=\"#_sdmap_16\" width=\"100%\" \/> <img decoding=\"async\" height=\"auto\" slate-data-type=\"image\" src=\"https:\/\/ae01.alicdn.com\/kf\/S2dca12646bd94a2a90657babbc0c4f52o.jpg\" style=\"display:block;width:100%;height:auto\" usemap=\"#_sdmap_17\" width=\"100%\" \/> <img decoding=\"async\" height=\"auto\" slate-data-type=\"image\" src=\"https:\/\/ae01.alicdn.com\/kf\/Sfa209c43f2554b65b6171145831f219cf.jpg\" style=\"display:block;width:100%;height:auto\" usemap=\"#_sdmap_18\" width=\"100%\" \/> <img decoding=\"async\" height=\"auto\" slate-data-type=\"image\" src=\"https:\/\/ae01.alicdn.com\/kf\/S4c1c8dc593f54cc991197ac0e5e19c6f8.jpg\" style=\"display:block;width:100%;height:auto\" usemap=\"#_sdmap_19\" width=\"100%\" \/> <img decoding=\"async\" height=\"auto\" slate-data-type=\"image\" src=\"https:\/\/ae01.alicdn.com\/kf\/Sa4b6cf482fd14a1fb6fb6f505a840f0bz.jpg\" style=\"display:block;width:100%;height:auto\" usemap=\"#_sdmap_20\" width=\"100%\" \/> <img decoding=\"async\" height=\"auto\" slate-data-type=\"image\" src=\"https:\/\/ae01.alicdn.com\/kf\/S5e925dc4ed3449728fe837ed683a6b485.jpg\" style=\"display:block;width:100%;height:auto\" usemap=\"#_sdmap_21\" width=\"100%\" \/> <img decoding=\"async\" height=\"auto\" slate-data-type=\"image\" src=\"https:\/\/ae01.alicdn.com\/kf\/Sf74e0ddf4e664f5a8a3f3700f29c3594n.jpg\" style=\"display:block;width:100%;height:auto\" usemap=\"#_sdmap_22\" width=\"100%\" \/> <img decoding=\"async\" height=\"auto\" slate-data-type=\"image\" src=\"https:\/\/ae01.alicdn.com\/kf\/Sf69b3fa4675c4b788e064b01167863bbS.jpg\" style=\"display:block;width:100%;height:auto\" usemap=\"#_sdmap_23\" width=\"100%\" \/> <img decoding=\"async\" height=\"auto\" slate-data-type=\"image\" src=\"https:\/\/ae01.alicdn.com\/kf\/Sd6bb8d5883d94e7cb958c5fced9f22b6f.jpg\" style=\"display:block;width:100%;height:auto\" usemap=\"#_sdmap_24\" width=\"100%\" \/> <img decoding=\"async\" height=\"auto\" slate-data-type=\"image\" src=\"https:\/\/ae01.alicdn.com\/kf\/Sc91cd8c3e139476c8e38b569016501f5k.jpg\" style=\"display:block;width:100%;height:auto\" usemap=\"#_sdmap_25\" width=\"100%\" \/> <img decoding=\"async\" height=\"auto\" slate-data-type=\"image\" src=\"https:\/\/ae01.alicdn.com\/kf\/S21e703172cfe40bd8b8ffb6dd3539622d.jpg\" style=\"display:block;width:100%;height:auto\" usemap=\"#_sdmap_26\" width=\"100%\" \/> <img decoding=\"async\" height=\"auto\" slate-data-type=\"image\" src=\"https:\/\/ae01.alicdn.com\/kf\/Sa87734defd3748398138b7e8796c840bp.jpg\" style=\"display:block;width:100%;height:auto\" usemap=\"#_sdmap_27\" width=\"100%\" \/> <img decoding=\"async\" height=\"auto\" slate-data-type=\"image\" src=\"https:\/\/ae01.alicdn.com\/kf\/S2689d5082bbe4f7c9a4aa7faa16ca5ca8.jpg\" style=\"display:block;width:100%;height:auto\" usemap=\"#_sdmap_28\" width=\"100%\" \/><br \/><img decoding=\"async\" height=\"auto\" slate-data-type=\"image\" src=\"https:\/\/ae01.alicdn.com\/kf\/S5fca866275504a059e6d7d8178646aedG.jpg\" style=\"display:block;width:100%;height:auto\" usemap=\"#_sdmap_30\" width=\"100%\" \/><\/p>\n<p>&nbsp;<\/p>\n<p> \n <\/div>\n<\/div>\n<\/div>\n<\/div>","protected":false},"excerpt":{"rendered":"<p>Produit chimique \u00e0 haute pr\u00e9occupation:&nbsp;Aucun Est \u00e9lectrique:&nbsp;Batterie au lithium \u00c9tat de l&#039;Assembl\u00e9e:&nbsp;Pr\u00eat-\u00e0-aller Avertissement:&nbsp;Keep away from fire \u00c9chelle:&nbsp;1:30 Source d&#039;\u00e9nergie:&nbsp;\u00c9lectrique Num\u00e9ro de Mod\u00e8le:&nbsp;Remote control trucks Mode contr\u00f4leur:&nbsp;Mode 2 Canaux de contr\u00f4le:&nbsp;4 Canaux Batterie du contr\u00f4leur:&nbsp;2*AA(not included) Distance:&nbsp;About 25 meters Mat\u00e9riau:&nbsp;plastique Nom de marque:&nbsp;Kmoist Recommande L&#039;\u00e2ge:&nbsp;14 + y,6-12 ans Origine:&nbsp;CN (Origine) Caract\u00e9ristiques:&nbsp;T\u00e9l\u00e9commande Type:&nbsp;Camion SP&Eacute;CIFICATION : Nom du&hellip;<\/p>","protected":false},"featured_media":6312,"comment_status":"open","ping_status":"closed","template":"","meta":[],"product_brand":[],"product_cat":[946],"product_tag":[],"class_list":{"0":"post-6311","1":"product","2":"type-product","3":"status-publish","4":"has-post-thumbnail","6":"product_cat-jouets","8":"first","9":"instock","10":"taxable","11":"shipping-taxable","12":"purchasable","13":"product-type-variable"},"_links":{"self":[{"href":"https:\/\/www.innovatingbytes.com\/en\/wp-json\/wp\/v2\/product\/6311","targetHints":{"allow":["GET"]}}],"collection":[{"href":"https:\/\/www.innovatingbytes.com\/en\/wp-json\/wp\/v2\/product"}],"about":[{"href":"https:\/\/www.innovatingbytes.com\/en\/wp-json\/wp\/v2\/types\/product"}],"replies":[{"embeddable":true,"href":"https:\/\/www.innovatingbytes.com\/en\/wp-json\/wp\/v2\/comments?post=6311"}],"version-history":[{"count":0,"href":"https:\/\/www.innovatingbytes.com\/en\/wp-json\/wp\/v2\/product\/6311\/revisions"}],"wp:featuredmedia":[{"embeddable":true,"href":"https:\/\/www.innovatingbytes.com\/en\/wp-json\/wp\/v2\/media\/6312"}],"wp:attachment":[{"href":"https:\/\/www.innovatingbytes.com\/en\/wp-json\/wp\/v2\/media?parent=6311"}],"wp:term":[{"taxonomy":"product_brand","embeddable":true,"href":"https:\/\/www.innovatingbytes.com\/en\/wp-json\/wp\/v2\/product_brand?post=6311"},{"taxonomy":"product_cat","embeddable":true,"href":"https:\/\/www.innovatingbytes.com\/en\/wp-json\/wp\/v2\/product_cat?post=6311"},{"taxonomy":"product_tag","embeddable":true,"href":"https:\/\/www.innovatingbytes.com\/en\/wp-json\/wp\/v2\/product_tag?post=6311"}],"curies":[{"name":"wp","href":"https:\/\/api.w.org\/{rel}","templated":true}]}}