{"id":6281,"date":"2025-11-21T16:21:05","date_gmt":"2025-11-21T15:21:05","guid":{"rendered":"https:\/\/www.innovatingbytes.com\/product\/pd-20w-chargeur-rapide-pour-iphone-14-13-12-11-pro-type-c\/"},"modified":"2026-04-08T07:05:11","modified_gmt":"2026-04-08T05:05:11","slug":"pd-20w-chargeur-rapide-pour-iphone-14-13-12-11-pro-type-c","status":"publish","type":"product","link":"https:\/\/www.innovatingbytes.com\/en\/product\/pd-20w-chargeur-rapide-pour-iphone-14-13-12-11-pro-type-c\/","title":{"rendered":"PD 20W chargeur rapide pour iPhone 14 13 12 11 Pro, Type C"},"content":{"rendered":"<div class=\"product-specs-list-container\">\n<ul class=\"product-specs-list util-clearfix\">\n<li class=\"product-prop line-limit-length\"><span\n                                        class=\"property-title\">Produit chimique \u00e0 haute pr\u00e9occupation:&nbsp;<\/span><span\n                                        class=\"property-desc line-limit-length\">Aucun<\/span>\n                            <\/li>\n<li class=\"product-prop line-limit-length\"><span\n                                        class=\"property-title\">Protocoles de charge rapide appliqu\u00e9s:&nbsp;<\/span><span\n                                        class=\"property-desc line-limit-length\">autre<\/span>\n                            <\/li>\n<li class=\"product-prop line-limit-length\"><span\n                                        class=\"property-title\">GaN:&nbsp;<\/span><span\n                                        class=\"property-desc line-limit-length\">Non<\/span>\n                            <\/li>\n<li class=\"product-prop line-limit-length\"><span\n                                        class=\"property-title\">Puissance de Sortie Max.:&nbsp;<\/span><span\n                                        class=\"property-desc line-limit-length\">20w<\/span>\n                            <\/li>\n<li class=\"product-prop line-limit-length\"><span\n                                        class=\"property-title\">Type:&nbsp;<\/span><span\n                                        class=\"property-desc line-limit-length\">Chargeur rapide<\/span>\n                            <\/li>\n<li class=\"product-prop line-limit-length\"><span\n                                        class=\"property-title\">Interface de sortie:&nbsp;<\/span><span\n                                        class=\"property-desc line-limit-length\">Type c<\/span>\n                            <\/li>\n<li class=\"product-prop line-limit-length\"><span\n                                        class=\"property-title\">Origine:&nbsp;<\/span><span\n                                        class=\"property-desc line-limit-length\">CN (Origine)<\/span>\n                            <\/li>\n<\/ul><\/div>\n<div class=\"detailmodule_html\">\n<div class=\"detail-desc-decorate-richtext\">\n<div class=\"detailmodule_html\">\n<div class=\"detail-desc-decorate-richtext\">\n<p>Chargeur rapide PD 20W pour iPhone 14 13 12 11 Pro Max Mini 7 8 Plus c\u00e2ble XR Type C charge rapide cordon de Date accessoires de t\u00e9l\u00e9phone<img decoding=\"async\" src=\"https:\/\/ae01.alicdn.com\/kf\/Sd875dd92beaa410db233f44f85f2c655f.jpg\" slate-data-type=\"image\"><img decoding=\"async\" src=\"https:\/\/ae01.alicdn.com\/kf\/Sda6c49cd5ab84f7e82e55d5c5c4dbe58W.jpg\" slate-data-type=\"image\"><img decoding=\"async\" src=\"https:\/\/ae01.alicdn.com\/kf\/Sf93dcdec3a74401a8b2be47ac64f94a6B.jpg\" slate-data-type=\"image\"><img decoding=\"async\" src=\"https:\/\/ae01.alicdn.com\/kf\/S43405ae3249e423397274b20bf65e154a.jpg\" slate-data-type=\"image\"><img decoding=\"async\" src=\"https:\/\/ae01.alicdn.com\/kf\/Sb5071657921d421ba2b5aa530777ee5dr.jpg\" slate-data-type=\"image\"><br \/><img decoding=\"async\" src=\"https:\/\/ae01.alicdn.com\/kf\/S0dd7143787fa4a0594dd28dafcd36246a.jpg?width=960&amp;height=1502&amp;hash=2462\" slate-data-type=\"image\"><img decoding=\"async\" src=\"https:\/\/ae01.alicdn.com\/kf\/S451df636056541baba9f877596e5565dl.jpg?width=960&amp;height=1664&amp;hash=2624\" slate-data-type=\"image\"><img decoding=\"async\" src=\"https:\/\/ae01.alicdn.com\/kf\/S494e71650b434cf9bcdea0cbd7676267y.jpg?width=960&amp;height=1858&amp;hash=2818\" slate-data-type=\"image\"><img decoding=\"async\" src=\"https:\/\/ae01.alicdn.com\/kf\/Sab004ea9694040e78a3e6d9047538855a.jpg?width=990&amp;height=1997&amp;hash=2987\" slate-data-type=\"image\"><\/p>\n<div><\/div>\n<\/div>\n<\/div>\n<p><\/p>\n<\/div>\n<\/div>","protected":false},"excerpt":{"rendered":"<p>Produit chimique \u00e0 haute pr\u00e9occupation:&nbsp;Aucun Protocoles de charge rapide appliqu\u00e9s:&nbsp;autre GaN:&nbsp;Non Puissance de Sortie Max.:&nbsp;20w Type:&nbsp;Chargeur rapide Interface de sortie:&nbsp;Type c Origine:&nbsp;CN (Origine) Chargeur rapide PD 20W pour iPhone 14 13 12 11 Pro Max Mini 7 8 Plus c\u00e2ble XR Type C charge rapide cordon de Date accessoires de t\u00e9l\u00e9phone<\/p>","protected":false},"featured_media":6282,"comment_status":"open","ping_status":"closed","template":"","meta":[],"product_brand":[],"product_cat":[292,283],"product_tag":[],"class_list":{"0":"post-6281","1":"product","2":"type-product","3":"status-publish","4":"has-post-thumbnail","6":"product_cat-accessoires-smartphones","7":"product_cat-chargeurs","9":"first","10":"instock","11":"taxable","12":"shipping-taxable","13":"purchasable","14":"product-type-variable"},"_links":{"self":[{"href":"https:\/\/www.innovatingbytes.com\/en\/wp-json\/wp\/v2\/product\/6281","targetHints":{"allow":["GET"]}}],"collection":[{"href":"https:\/\/www.innovatingbytes.com\/en\/wp-json\/wp\/v2\/product"}],"about":[{"href":"https:\/\/www.innovatingbytes.com\/en\/wp-json\/wp\/v2\/types\/product"}],"replies":[{"embeddable":true,"href":"https:\/\/www.innovatingbytes.com\/en\/wp-json\/wp\/v2\/comments?post=6281"}],"version-history":[{"count":0,"href":"https:\/\/www.innovatingbytes.com\/en\/wp-json\/wp\/v2\/product\/6281\/revisions"}],"wp:featuredmedia":[{"embeddable":true,"href":"https:\/\/www.innovatingbytes.com\/en\/wp-json\/wp\/v2\/media\/6282"}],"wp:attachment":[{"href":"https:\/\/www.innovatingbytes.com\/en\/wp-json\/wp\/v2\/media?parent=6281"}],"wp:term":[{"taxonomy":"product_brand","embeddable":true,"href":"https:\/\/www.innovatingbytes.com\/en\/wp-json\/wp\/v2\/product_brand?post=6281"},{"taxonomy":"product_cat","embeddable":true,"href":"https:\/\/www.innovatingbytes.com\/en\/wp-json\/wp\/v2\/product_cat?post=6281"},{"taxonomy":"product_tag","embeddable":true,"href":"https:\/\/www.innovatingbytes.com\/en\/wp-json\/wp\/v2\/product_tag?post=6281"}],"curies":[{"name":"wp","href":"https:\/\/api.w.org\/{rel}","templated":true}]}}