{"id":6238,"date":"2025-11-21T15:41:10","date_gmt":"2025-11-21T14:41:10","guid":{"rendered":"https:\/\/www.innovatingbytes.com\/product\/220v-16a-wifi-prise-intelligente-telecommande-sans-fil-avec-surveillance-de-lalimentation-commande-vocale-application-smart-life\/"},"modified":"2026-04-08T07:00:53","modified_gmt":"2026-04-08T05:00:53","slug":"220v-16a-wifi-prise-intelligente-telecommande-sans-fil-avec-surveillance-de-lalimentation-commande-vocale-application-smart-life","status":"publish","type":"product","link":"https:\/\/www.innovatingbytes.com\/en\/product\/220v-16a-wifi-prise-intelligente-telecommande-sans-fil-avec-surveillance-de-lalimentation-commande-vocale-application-smart-life\/","title":{"rendered":"220V 16A WiFi smart socket Wireless remote control with power monitoring Voice control Smart Life application"},"content":{"rendered":"<p>&nbsp;<\/p>\n<div class=\"product-specs-list-container\">\n<ul class=\"product-specs-list util-clearfix\">\n<li class=\"product-prop line-limit-length\"><span class=\"property-title\">Produit chimique \u00e0 haute pr\u00e9occupation:\u00a0<\/span><span class=\"property-desc line-limit-length\">Aucun<\/span><\/li>\n<li class=\"product-prop line-limit-length\"><span class=\"property-title\">Supporte l\u2019APP:\u00a0<\/span><span class=\"property-desc line-limit-length\">Oui<\/span><\/li>\n<li class=\"product-prop line-limit-length\"><span class=\"property-title\">Fr\u00e9quence:\u00a0<\/span><span class=\"property-desc line-limit-length\">433 Mhz<\/span><\/li>\n<li class=\"product-prop line-limit-length\"><span class=\"property-title\">Canal:\u00a0<\/span><span class=\"property-desc line-limit-length\">1<\/span><\/li>\n<li class=\"product-prop line-limit-length\"><span class=\"property-title\">Paquet:\u00a0<\/span><span class=\"property-desc line-limit-length\">Oui<\/span><\/li>\n<li class=\"product-prop line-limit-length\"><span class=\"property-title\">Num\u00e9ro de Mod\u00e8le:\u00a0<\/span><span class=\"property-desc line-limit-length\">433MHZ Tuya WiFi and RF Smart Plug<\/span><\/li>\n<li class=\"product-prop line-limit-length\"><span class=\"property-title\">Communication Sans fil:\u00a0<\/span><span class=\"property-desc line-limit-length\">RF,Wi-Fi<\/span><\/li>\n<li class=\"product-prop line-limit-length\"><span class=\"property-title\">Utiliser:\u00a0<\/span><span class=\"property-desc line-limit-length\">Universel,\u00c9clairage,Porte \u00e9lectrique,Rideaux automatis\u00e9s,SWITCH<\/span><\/li>\n<li class=\"product-prop line-limit-length\"><span class=\"property-title\">Nom de marque:\u00a0<\/span><span class=\"property-desc line-limit-length\">kebidumei<\/span><\/li>\n<li class=\"product-prop line-limit-length\"><span class=\"property-title\">Origine:\u00a0<\/span><span class=\"property-desc line-limit-length\">CN (Origine)<\/span><\/li>\n<li class=\"product-prop line-limit-length\"><span class=\"property-title\">Working voltage:\u00a0<\/span><span class=\"property-desc line-limit-length\">AC 85-265V<\/span><\/li>\n<li class=\"product-prop line-limit-length\"><span class=\"property-title\">RF frequency:\u00a0<\/span><span class=\"property-desc line-limit-length\">433.92MHz<\/span><\/li>\n<li class=\"product-prop line-limit-length\"><span class=\"property-title\">WiFi standard:\u00a0<\/span><span class=\"property-desc line-limit-length\">2.4GHz IEEE 802.11 b\/g\/n<\/span><\/li>\n<li class=\"product-prop line-limit-length\"><span class=\"property-title\">Control way:\u00a0<\/span><span class=\"property-desc line-limit-length\">Tuya Smart life \/ RF \/ Voice<\/span><\/li>\n<li class=\"product-prop line-limit-length\"><span class=\"property-title\">RF Signal Range:\u00a0<\/span><span class=\"property-desc line-limit-length\">Up to 100m(theoretical distance)<\/span><\/li>\n<li class=\"product-prop line-limit-length\"><span class=\"property-title\">Type:\u00a0<\/span><span class=\"property-desc line-limit-length\">Electrical Outlet Switch<\/span><\/li>\n<li class=\"product-prop line-limit-length\"><span class=\"property-title\">Type1:\u00a0<\/span><span class=\"property-desc line-limit-length\">Electrical Socket<\/span><\/li>\n<li class=\"product-prop line-limit-length\"><span class=\"property-title\">Type2:\u00a0<\/span><span class=\"property-desc line-limit-length\">Wall Plug<\/span><\/li>\n<li class=\"product-prop line-limit-length\"><span class=\"property-title\">Max Load:\u00a0<\/span><span class=\"property-desc line-limit-length\">3000W<\/span><\/li>\n<li class=\"product-prop line-limit-length\"><span class=\"property-title\">Application scenario:\u00a0<\/span><span class=\"property-desc line-limit-length\">Home, Farm, Factory, Office, Supermarkets and so on<\/span><\/li>\n<li class=\"product-prop line-limit-length\"><span class=\"property-title\">Application1:\u00a0<\/span><span class=\"property-desc line-limit-length\">Light, Bulb, LED,Lamps, Fan,<\/span><\/li>\n<li class=\"product-prop line-limit-length\"><span class=\"property-title\">Code:\u00a0<\/span><span class=\"property-desc line-limit-length\">Learning Code EV1527<\/span><\/li>\n<li class=\"product-prop line-limit-length\"><span class=\"property-title\">Amount of storage remote controls:\u00a0<\/span><span class=\"property-desc line-limit-length\">25 pieces<\/span><\/li>\n<li class=\"product-prop line-limit-length\"><span class=\"property-title\">Features 1:\u00a0<\/span><span class=\"property-desc line-limit-length\">WiFi and RF433Mhz<\/span><\/li>\n<li class=\"product-prop line-limit-length\"><span class=\"property-title\">Features 2:\u00a0<\/span><span class=\"property-desc line-limit-length\">16A high power Safer to use<\/span><\/li>\n<li class=\"product-prop line-limit-length\"><span class=\"property-title\">Features 3:\u00a0<\/span><span class=\"property-desc line-limit-length\">Suitable for EU and FR standard<\/span><\/li>\n<li class=\"product-prop line-limit-length\"><span class=\"property-title\">Features 4:\u00a0<\/span><span class=\"property-desc line-limit-length\">Wireless smart home control Switch Lighting Controller Switch<\/span><\/li>\n<li class=\"product-prop line-limit-length\"><span class=\"property-title\">Features 5:\u00a0<\/span><span class=\"property-desc line-limit-length\">AC220V 16A EV1527 Code Smart Socket<\/span><\/li>\n<li class=\"product-prop line-limit-length\"><span class=\"property-title\">Features 6:\u00a0<\/span><span class=\"property-desc line-limit-length\">Timing\/Schedule\/Countdown<\/span><\/li>\n<li class=\"product-prop line-limit-length\"><span class=\"property-title\">Features 7:\u00a0<\/span><span class=\"property-desc line-limit-length\">Electrical Outlets For Light Lamp Smart Home<\/span><\/li>\n<li class=\"product-prop line-limit-length\"><span class=\"property-title\">Features 8:\u00a0<\/span><span class=\"property-desc line-limit-length\">work with Alexa Google Home<\/span><\/li>\n<li class=\"product-prop line-limit-length\"><span class=\"property-title\">Features 9:\u00a0<\/span><span class=\"property-desc line-limit-length\">Tuya WiFi RF Smart Socket<\/span><\/li>\n<li class=\"product-prop line-limit-length\"><span class=\"property-title\">Features 10:\u00a0<\/span><span class=\"property-desc line-limit-length\">Power State Memory<\/span><\/li>\n<\/ul>\n<\/div>\n<div class=\"detailmodule_html\">\n<div class=\"detail-desc-decorate-richtext\">\n<div class=\"detailmodule_html\">\n<div class=\"detail-desc-decorate-richtext\">\n<p>&nbsp;<\/p>\n<h2><span style=\"color: #d33115; font-size: 22px; font-family: arial, helvetica, sans-serif;\"><strong id=\"tl_1\">Il existe 2 mod\u00e8les en option, diff\u00e9rents mod\u00e8les avec interface et apparence diff\u00e9rentes, veuillez choisir le mod\u00e8le appropri\u00e9 avant l&rsquo;achat :<\/strong><\/span><\/h2>\n<h2><span style=\"color: #d33115; font-size: 22px; font-family: arial, helvetica, sans-serif;\"><strong id=\"tl_2\">1) WIFI +RF433 : fonction WIFI et RF 433 MHZ<\/strong><\/span><\/h2>\n<h2><span style=\"color: #d33115; font-size: 22px; font-family: arial, helvetica, sans-serif;\"><strong id=\"tl_3\">2) RF433 : Seule la fonction RF 433 MHz<\/strong><\/span><\/h2>\n<h2 style=\"text-align: left;\" align=\"left\"><\/h2>\n<p style=\"text-align: left;\" align=\"left\"><strong><span id=\"tl_4\" style=\"font-size: 20px; font-family: arial, helvetica, sans-serif;\">Bluetooth est uniquement utilis\u00e9 pour la connexion du signal r\u00e9seau et ne peut pas \u00eatre utilis\u00e9 seul.WIFI+ Bluetooth est plus stable<\/span><\/strong><\/p>\n<p style=\"text-align: left;\" align=\"left\"><span id=\"tl_5\" style=\"font-size: 18px; font-family: arial, helvetica, sans-serif;\">Param\u00e8tre de prise intelligente<\/span><\/p>\n<h3><span id=\"tl_6\" style=\"font-size: 18px; font-family: arial, helvetica, sans-serif;\">Tension de fonctionnement : CA 85 ~ 265 V.<\/span><\/h3>\n<h3><span id=\"tl_7\" style=\"font-size: 18px; font-family: arial, helvetica, sans-serif;\">Courant maximum : 16A<\/span><\/h3>\n<h3><span id=\"tl_8\" style=\"font-size: 18px; font-family: arial, helvetica, sans-serif;\">Courant de charge : 3000W<\/span><\/h3>\n<h3><span id=\"tl_9\" style=\"font-size: 18px; font-family: arial, helvetica, sans-serif;\">Fr\u00e9quence RF : 433 MHz et WiFi 2,4 G<\/span><\/h3>\n<h3><span id=\"tl_10\" style=\"font-size: 18px; font-family: arial, helvetica, sans-serif;\">Temp\u00e9rature de fonctionnement : -30~+80 Celsius<\/span><\/h3>\n<h3><span id=\"tl_11\" style=\"font-size: 18px; font-family: arial, helvetica, sans-serif;\">Sensibilit\u00e9 de r\u00e9ception : &gt;97dbm<\/span><\/h3>\n<h3><span id=\"tl_12\" style=\"font-size: 18px; font-family: arial, helvetica, sans-serif;\">Quantit\u00e9 de t\u00e9l\u00e9commandes de stockage : 20 pi\u00e8ces<\/span><\/h3>\n<h3><span id=\"tl_13\" style=\"font-size: 18px; font-family: arial, helvetica, sans-serif;\">Encodage pris en charge : 1527, code pench\u00e9\/2262 code fixe<\/span><\/h3>\n<h3><span id=\"tl_14\" style=\"font-size: 18px; font-family: arial, helvetica, sans-serif;\">Mode de fonctionnement RF : R\u00e9ception sans fil superh\u00e9t\u00e9rodyne ASK<\/span><\/h3>\n<h3><span id=\"tl_15\" style=\"font-size: 18px; font-family: arial, helvetica, sans-serif;\">Port\u00e9e de r\u00e9ception : L&rsquo;espace ouvert est sup\u00e9rieur \u00e0 100 m\u00e8tres<\/span><\/h3>\n<h3><\/h3>\n<h3><strong><span id=\"tl_16\" style=\"font-size: 18px; font-family: arial, helvetica, sans-serif;\">Avantages du produit<\/span><\/strong><\/h3>\n<h3><span id=\"tl_17\" style=\"font-size: 18px; font-family: arial, helvetica, sans-serif;\">Diverses m\u00e9thodes de contr\u00f4le<\/span><\/h3>\n<h3><span id=\"tl_18\" style=\"font-size: 18px; font-family: arial, helvetica, sans-serif;\">Contr\u00f4le APP<\/span><\/h3>\n<h3><span id=\"tl_19\" style=\"font-size: 18px; font-family: arial, helvetica, sans-serif;\">Commande vocale<\/span><\/h3>\n<h3><span id=\"tl_20\" style=\"font-size: 18px; font-family: arial, helvetica, sans-serif;\">T\u00e9l\u00e9commande RF433Mhz<\/span><\/h3>\n<h3><span id=\"tl_21\" style=\"font-size: 18px; font-family: arial, helvetica, sans-serif;\">Fonction de synchronisation (synchronisation\/programmation\/compte \u00e0 rebours)<\/span><\/h3>\n<h3><span id=\"tl_22\" style=\"font-size: 18px; font-family: arial, helvetica, sans-serif;\">Contr\u00f4le de groupe<\/span><\/h3>\n<h3><span id=\"tl_23\" style=\"font-size: 18px; font-family: arial, helvetica, sans-serif;\">M\u00e9moire de l&rsquo;\u00e9tat d&rsquo;alimentation<\/span><\/h3>\n<h3><span id=\"tl_24\" style=\"font-size: 18px; font-family: arial, helvetica, sans-serif;\">15A haute puissance<\/span><\/h3>\n<h3><span id=\"tl_25\" style=\"font-size: 18px; font-family: arial, helvetica, sans-serif;\">Faible consommation d&rsquo;\u00e9nergie, longue dur\u00e9e de vie<\/span><\/h3>\n<p style=\"text-align: center;\" align=\"center\"><img decoding=\"async\" src=\"https:\/\/ae01.alicdn.com\/kf\/S9cde418cc3934924832608c642d0564b9.png\" \/><\/p>\n<h2 style=\"text-align: center;\" align=\"center\"><span style=\"color: #222222; font-size: 22px; font-family: arial, helvetica, sans-serif;\"><strong id=\"tl_26\">Diverses m\u00e9thodes de contr\u00f4le<\/strong><\/span><\/h2>\n<h3 style=\"text-align: center;\" align=\"center\"><span id=\"tl_27\" style=\"color: #222222; font-size: 18px; font-family: arial, helvetica, sans-serif;\">Contr\u00f4le APP, commande vocale et t\u00e9l\u00e9commande RF433Mhz<\/span><img decoding=\"async\" src=\"https:\/\/ae01.alicdn.com\/kf\/S7253ea5dea524808b607c6af3edbaad4X.png\" \/><\/h3>\n<h2 style=\"text-align: center;\" align=\"center\"><span style=\"font-size: 22px; font-family: arial, helvetica, sans-serif;\"><strong id=\"tl_28\">Commande vocale<\/strong><\/span><\/h2>\n<h2 style=\"text-align: center;\" align=\"center\"><span id=\"tl_29\" style=\"font-size: 18px; font-family: arial, helvetica, sans-serif;\">Fonctionne avec Alex et Google Home Assistant.Contr\u00f4lez facilement les appareils via la prise.<\/span><\/h2>\n<p style=\"text-align: center;\" align=\"center\"><img decoding=\"async\" src=\"https:\/\/ae01.alicdn.com\/kf\/S8582a1c46e0d4de3b9875b7c107c87e66.png\" \/><\/p>\n<p style=\"text-align: center;\" align=\"center\"><span style=\"font-size: 22px; font-family: arial, helvetica, sans-serif;\"><strong id=\"tl_30\">Contr\u00f4le APP<\/strong><\/span><\/p>\n<h3 style=\"text-align: center;\" align=\"center\"><span id=\"tl_31\" style=\"font-size: 18px; font-family: arial, helvetica, sans-serif;\">Contr\u00f4lez vos prises \u00e0 tout moment et en tout lieu avec Tuya ou Smartlife.<\/span><img decoding=\"async\" src=\"https:\/\/ae01.alicdn.com\/kf\/Sf58a2b7d53e7401d8c17821c0717c4f0K.png\" \/><\/h3>\n<h2 style=\"text-align: center;\" align=\"center\"><span style=\"font-size: 22px; font-family: arial, helvetica, sans-serif;\"><strong id=\"tl_32\">T\u00e9l\u00e9commande RF433Mhz.<\/strong><\/span><\/h2>\n<h3 style=\"text-align: center;\" align=\"center\"><span id=\"tl_33\" style=\"font-size: 18px; font-family: arial, helvetica, sans-serif;\">Vous pouvez contr\u00f4ler des appareils sans r\u00e9seau WiFi, et une prise peut \u00eatre utilis\u00e9e avec plusieurs de nos commutateurs de panneau sans fil.<\/span><\/h3>\n<h3 style=\"text-align: center;\" align=\"center\"><span id=\"tl_34\" style=\"font-size: 18px; font-family: arial, helvetica, sans-serif;\">Distance de contr\u00f4le jusqu&rsquo;\u00e0 100 m\u00e8tres (en espace ouvert).<\/span><img decoding=\"async\" src=\"https:\/\/ae01.alicdn.com\/kf\/S4b1d859e3dcf478c856e75ba156c615cq.png\" \/><\/h3>\n<h2 style=\"text-align: center;\" align=\"center\"><span style=\"font-size: 22px; font-family: arial, helvetica, sans-serif;\"><strong id=\"tl_35\">Fonction de synchronisation (synchronisation\/programmation\/compte \u00e0 rebours)<\/strong><\/span><\/h2>\n<h3 style=\"text-align: center;\" align=\"center\"><span id=\"tl_36\" style=\"font-size: 18px; font-family: arial, helvetica, sans-serif;\">D\u00e9finissez un programme via Tuya ou Smartlife pour allumer et \u00e9teindre automatiquement la prise.<\/span><\/h3>\n<h3 style=\"text-align: center;\" align=\"center\"><span id=\"tl_37\" style=\"font-size: 18px; font-family: arial, helvetica, sans-serif;\">Cela peut vous aider \u00e0 \u00e9conomiser sur vos factures d\u2019\u00e9nergie et d\u2019\u00e9lectricit\u00e9.<\/span><\/h3>\n<p style=\"text-align: center;\" align=\"center\"><img decoding=\"async\" src=\"https:\/\/ae01.alicdn.com\/kf\/Sc112ba4829d642229a13cd856e016f6fW.png\" \/><img decoding=\"async\" src=\"https:\/\/ae01.alicdn.com\/kf\/S3b4acb68d19243dcb0312d7aad0840774.png\" \/><\/p>\n<h2 style=\"text-align: center;\" align=\"center\"><span style=\"font-size: 22px; font-family: arial, helvetica, sans-serif;\"><strong id=\"tl_38\">Contr\u00f4le de groupe<\/strong><\/span><\/h2>\n<h3 style=\"text-align: center;\" align=\"center\"><span id=\"tl_39\" style=\"font-size: 18px; font-family: arial, helvetica, sans-serif;\">Dans l&rsquo;application, d\u00e9finissez toutes les prises intelligentes dans un groupe.Ensuite, un clic pour allumer\/\u00e9teindre tous vos appareils par smartphone.<\/span><\/h3>\n<h3 style=\"text-align: center;\" align=\"center\"><span id=\"tl_40\" style=\"font-size: 18px; font-family: arial, helvetica, sans-serif;\">Partage familial &#8211; Partagez avec les membres de votre famille.De nombreux t\u00e9l\u00e9phones contr\u00f4lent une prise, un t\u00e9l\u00e9phone contr\u00f4le \u00e9galement plusieurs prises.<\/span><\/h3>\n<p style=\"text-align: center;\" align=\"center\"><img decoding=\"async\" src=\"https:\/\/ae01.alicdn.com\/kf\/Sda619c8f95b74ddebe7fe7cf4bef2321x.png\" \/><\/p>\n<h2 style=\"text-align: center;\" align=\"center\"><strong><span id=\"tl_41\" style=\"font-size: 22px; font-family: arial, helvetica, sans-serif;\">16A haute puissance-puissance ultra-\u00e9lev\u00e9e, peut \u00eatre utilis\u00e9 avec des appareils \u00e9lectriques haute puissance<\/span><\/strong><\/h2>\n<p style=\"text-align: center;\" align=\"center\"><img decoding=\"async\" src=\"https:\/\/ae01.alicdn.com\/kf\/Scf7a1a3391ee4d9e87e012a07f9b95a2g.png\" \/><img decoding=\"async\" src=\"https:\/\/ae01.alicdn.com\/kf\/S5423a9d287aa47bfa9847f4b2df999b0B.png\" \/><\/p>\n<\/div>\n<\/div>\n<p>&nbsp;<\/p>\n<\/div>\n<\/div>","protected":false},"excerpt":{"rendered":"<p>&nbsp; Produit chimique \u00e0 haute pr\u00e9occupation:\u00a0Aucun Supporte l\u2019APP:\u00a0Oui Fr\u00e9quence:\u00a0433 Mhz Canal:\u00a01 Paquet:\u00a0Oui Num\u00e9ro de Mod\u00e8le:\u00a0433MHZ Tuya WiFi and RF Smart Plug Communication Sans fil:\u00a0RF,Wi-Fi Utiliser:\u00a0Universel,\u00c9clairage,Porte \u00e9lectrique,Rideaux automatis\u00e9s,SWITCH Nom de marque:\u00a0kebidumei Origine:\u00a0CN (Origine) Working voltage:\u00a0AC 85-265V RF frequency:\u00a0433.92MHz WiFi standard:\u00a02.4GHz IEEE 802.11 b\/g\/n Control way:\u00a0Tuya Smart life \/ RF \/ Voice RF Signal Range:\u00a0Up to 100m(theoretical&hellip;<\/p>","protected":false},"featured_media":6239,"comment_status":"open","ping_status":"closed","template":"","meta":[],"product_brand":[],"product_cat":[813,288,284],"product_tag":[],"class_list":{"0":"post-6238","1":"product","2":"type-product","3":"status-publish","4":"has-post-thumbnail","6":"product_cat-consumer-electronics","7":"product_cat-gadgets","8":"product_cat-maison-connectee","10":"first","11":"instock","12":"taxable","13":"shipping-taxable","14":"purchasable","15":"product-type-variable"},"_links":{"self":[{"href":"https:\/\/www.innovatingbytes.com\/en\/wp-json\/wp\/v2\/product\/6238","targetHints":{"allow":["GET"]}}],"collection":[{"href":"https:\/\/www.innovatingbytes.com\/en\/wp-json\/wp\/v2\/product"}],"about":[{"href":"https:\/\/www.innovatingbytes.com\/en\/wp-json\/wp\/v2\/types\/product"}],"replies":[{"embeddable":true,"href":"https:\/\/www.innovatingbytes.com\/en\/wp-json\/wp\/v2\/comments?post=6238"}],"version-history":[{"count":0,"href":"https:\/\/www.innovatingbytes.com\/en\/wp-json\/wp\/v2\/product\/6238\/revisions"}],"wp:featuredmedia":[{"embeddable":true,"href":"https:\/\/www.innovatingbytes.com\/en\/wp-json\/wp\/v2\/media\/6239"}],"wp:attachment":[{"href":"https:\/\/www.innovatingbytes.com\/en\/wp-json\/wp\/v2\/media?parent=6238"}],"wp:term":[{"taxonomy":"product_brand","embeddable":true,"href":"https:\/\/www.innovatingbytes.com\/en\/wp-json\/wp\/v2\/product_brand?post=6238"},{"taxonomy":"product_cat","embeddable":true,"href":"https:\/\/www.innovatingbytes.com\/en\/wp-json\/wp\/v2\/product_cat?post=6238"},{"taxonomy":"product_tag","embeddable":true,"href":"https:\/\/www.innovatingbytes.com\/en\/wp-json\/wp\/v2\/product_tag?post=6238"}],"curies":[{"name":"wp","href":"https:\/\/api.w.org\/{rel}","templated":true}]}}