{"id":6029,"date":"2025-11-18T15:20:12","date_gmt":"2025-11-18T14:20:12","guid":{"rendered":"https:\/\/www.innovatingbytes.com\/product\/repartiteur-usb-3-0-avec-interrupteur-pour-pc-adaptateur-dalimentation\/"},"modified":"2026-04-09T06:54:48","modified_gmt":"2026-04-09T04:54:48","slug":"repartiteur-usb-3-0-avec-interrupteur-pour-pc-adaptateur-dalimentation","status":"publish","type":"product","link":"https:\/\/www.innovatingbytes.com\/en\/product\/repartiteur-usb-3-0-avec-interrupteur-pour-pc-adaptateur-dalimentation\/","title":{"rendered":"R\u00e9partiteur USB 3.0 avec interrupteur pour PC, adaptateur d&rsquo;alimentation"},"content":{"rendered":"<div class=\"product-specs-list-container\">\n<ul class=\"product-specs-list util-clearfix\">\n<li class=\"product-prop line-limit-length\"><span class=\"property-title\">Produit chimique \u00e0 haute pr\u00e9occupation:&nbsp;<\/span><span class=\"property-desc line-limit-length\">Aucun<\/span>\n                            <\/li>\n<li class=\"product-prop line-limit-length\"><span class=\"property-title\">Longueur:&nbsp;<\/span><span class=\"property-desc line-limit-length\">44cm<\/span>\n                            <\/li>\n<li class=\"product-prop line-limit-length\"><span class=\"property-title\">Paquet:&nbsp;<\/span><span class=\"property-desc line-limit-length\">Oui<\/span>\n                            <\/li>\n<li class=\"product-prop line-limit-length\"><span class=\"property-title\">Num\u00e9ro de Mod\u00e8le:&nbsp;<\/span><span class=\"property-desc line-limit-length\">none<\/span>\n                            <\/li>\n<li class=\"product-prop line-limit-length\"><span class=\"property-title\">Fonction:&nbsp;<\/span><span class=\"property-desc line-limit-length\">Aucun<\/span>\n                            <\/li>\n<li class=\"product-prop line-limit-length\"><span class=\"property-title\">Standard:&nbsp;<\/span><span class=\"property-desc line-limit-length\">USB 3.0<\/span>\n                            <\/li>\n<li class=\"product-prop line-limit-length\"><span class=\"property-title\">Type D&#039;interface:&nbsp;<\/span><span class=\"property-desc line-limit-length\">USB 3.0<\/span>\n                            <\/li>\n<li class=\"product-prop line-limit-length\"><span class=\"property-title\">Nom de marque:&nbsp;<\/span><span class=\"property-desc line-limit-length\">YUANRURU<\/span>\n                            <\/li>\n<li class=\"product-prop line-limit-length\"><span class=\"property-title\">Ports:&nbsp;<\/span><span class=\"property-desc line-limit-length\">7<\/span>\n                            <\/li>\n<li class=\"product-prop line-limit-length\"><span class=\"property-title\">Origine:&nbsp;<\/span><span class=\"property-desc line-limit-length\">CN (Origine)<\/span>\n                            <\/li>\n<li class=\"product-prop line-limit-length\"><span class=\"property-title\">Type de prise:&nbsp;<\/span><span class=\"property-desc line-limit-length\">Aucun<\/span>\n                            <\/li>\n<li class=\"product-prop line-limit-length\"><span class=\"property-title\">Color:&nbsp;<\/span><span class=\"property-desc line-limit-length\">White\/Black<\/span>\n                            <\/li>\n<li class=\"product-prop line-limit-length\"><span class=\"property-title\">Feature:&nbsp;<\/span><span class=\"property-desc line-limit-length\">USB Hub<\/span>\n                            <\/li>\n<li class=\"product-prop line-limit-length\"><span class=\"property-title\">Keyword 1:&nbsp;<\/span><span class=\"property-desc line-limit-length\">pc accessories<\/span>\n                            <\/li>\n<li class=\"product-prop line-limit-length\"><span class=\"property-title\">Keyword 2:&nbsp;<\/span><span class=\"property-desc line-limit-length\">usb extender<\/span>\n                            <\/li>\n<li class=\"product-prop line-limit-length\"><span class=\"property-title\">Keyword 3:&nbsp;<\/span><span class=\"property-desc line-limit-length\">USB Hub 2.0,USB 2.0 HUB<\/span>\n                            <\/li>\n<li class=\"product-prop line-limit-length\"><span class=\"property-title\">Keyword 4:&nbsp;<\/span><span class=\"property-desc line-limit-length\">USB Hub 3.0,USB 3.0 HUB<\/span>\n                            <\/li>\n<li class=\"product-prop line-limit-length\"><span class=\"property-title\">Keyword 5:&nbsp;<\/span><span class=\"property-desc line-limit-length\">USB Hub 3.0\/2.0<\/span>\n                            <\/li>\n<li class=\"product-prop line-limit-length\"><span class=\"property-title\">Keyword 6:&nbsp;<\/span><span class=\"property-desc line-limit-length\">windows xp\/vista\/7\/8\/10<\/span>\n                            <\/li>\n<\/ul><\/div>\n<div class=\"detailmodule_html\">\n<div class=\"detail-desc-decorate-richtext\">\n<div style=\"margin:10px auto 0px;margin-bottom:0px;margin-top:10px;margin-left:auto;margin-right:auto;display:inline-block;max-width:100%\">\n<div>\n  <img decoding=\"async\" style=\"width:932px\" width=\"932px\" src=\"https:\/\/ae03.alicdn.com\/kf\/Sfe1ab0aa85c64d8daf107ea3c8a064cdQ.jpg\" \/>\n <\/div>\n<div style=\"margin-top:-111.05%\">\n<div style=\"margin-top:0%;margin-left:0%;width:25%\">\n   <a href=\"http:\/\/www.aliexpress.com\/item\/detail\/1005002753458457.html\" target=\"_blank\" class=\"\"><img decoding=\"async\" style=\"width:233px;height:345px\" width=\"233px\" height=\"345px\" src=\"https:\/\/ae01.alicdn.com\/kf\/Sb996f26c4ea44139aab548b6acdf7590I.png?width=233&amp;height=345&amp;hash=578\" \/><\/a>\n  <\/div>\n<div style=\"margin-top:-37.02%;margin-left:25%;width:25%\">\n   <a href=\"http:\/\/www.aliexpress.com\/item\/detail\/1005002737878114.html\" target=\"_blank\" class=\"\"><img decoding=\"async\" style=\"width:233px;height:345px\" width=\"233px\" height=\"345px\" src=\"https:\/\/ae01.alicdn.com\/kf\/Sb996f26c4ea44139aab548b6acdf7590I.png?width=233&amp;height=345&amp;hash=578\" \/><\/a>\n  <\/div>\n<div style=\"margin-top:-37.02%;margin-left:50%;width:25%\">\n   <a href=\"http:\/\/www.aliexpress.com\/item\/detail\/1005002555215410.html\" target=\"_blank\" class=\"\"><img decoding=\"async\" style=\"width:233px;height:345px\" width=\"233px\" height=\"345px\" src=\"https:\/\/ae01.alicdn.com\/kf\/Sb996f26c4ea44139aab548b6acdf7590I.png?width=233&amp;height=345&amp;hash=578\" \/><\/a>\n  <\/div>\n<div style=\"margin-top:-37.02%;margin-left:75%;width:25%\">\n   <a href=\"http:\/\/www.aliexpress.com\/item\/detail\/1005002194235746.html\" target=\"_blank\" class=\"\"><img decoding=\"async\" style=\"width:233px;height:345px\" width=\"233px\" height=\"345px\" src=\"https:\/\/ae01.alicdn.com\/kf\/Sb996f26c4ea44139aab548b6acdf7590I.png?width=233&amp;height=345&amp;hash=578\" \/><\/a>\n  <\/div>\n<div style=\"margin-top:0%;margin-left:0%;width:25%\">\n   <a href=\"http:\/\/www.aliexpress.com\/item\/detail\/1005002000365474.html\" target=\"_blank\" class=\"\"><img decoding=\"async\" style=\"width:233px;height:345px\" width=\"233px\" height=\"345px\" src=\"https:\/\/ae01.alicdn.com\/kf\/Sb996f26c4ea44139aab548b6acdf7590I.png?width=233&amp;height=345&amp;hash=578\" \/><\/a>\n  <\/div>\n<div style=\"margin-top:-37.02%;margin-left:25%;width:25%\">\n   <a href=\"http:\/\/www.aliexpress.com\/item\/detail\/1005001968507230.html\" target=\"_blank\" class=\"\"><img decoding=\"async\" style=\"width:233px;height:345px\" width=\"233px\" height=\"345px\" src=\"https:\/\/ae01.alicdn.com\/kf\/Sb996f26c4ea44139aab548b6acdf7590I.png?width=233&amp;height=345&amp;hash=578\" \/><\/a>\n  <\/div>\n<div style=\"margin-top:-37.02%;margin-left:50%;width:25%\">\n   <a href=\"http:\/\/www.aliexpress.com\/item\/detail\/1005001958702985.html\" target=\"_blank\" class=\"\"><img decoding=\"async\" style=\"width:233px;height:345px\" width=\"233px\" height=\"345px\" src=\"https:\/\/ae01.alicdn.com\/kf\/Sb996f26c4ea44139aab548b6acdf7590I.png?width=233&amp;height=345&amp;hash=578\" \/><\/a>\n  <\/div>\n<div style=\"margin-top:-37.02%;margin-left:75%;width:25%\">\n   <a href=\"http:\/\/www.aliexpress.com\/item\/detail\/1005002250445731.html\" target=\"_blank\" class=\"\"><img decoding=\"async\" style=\"width:233px;height:345px\" width=\"233px\" height=\"345px\" src=\"https:\/\/ae01.alicdn.com\/kf\/Sb996f26c4ea44139aab548b6acdf7590I.png?width=233&amp;height=345&amp;hash=578\" \/><\/a>\n  <\/div>\n<div style=\"margin-top:0%;margin-left:0%;width:25%\">\n   <a href=\"http:\/\/www.aliexpress.com\/item\/detail\/1005002725011025.html\" target=\"_blank\" class=\"\"><img decoding=\"async\" style=\"width:233px;height:345px\" width=\"233px\" height=\"345px\" src=\"https:\/\/ae01.alicdn.com\/kf\/Sb996f26c4ea44139aab548b6acdf7590I.png?width=233&amp;height=345&amp;hash=578\" \/><\/a>\n  <\/div>\n<div style=\"margin-top:-37.02%;margin-left:25%;width:25%\">\n   <a href=\"http:\/\/www.aliexpress.com\/item\/detail\/1005002782843510.html\" target=\"_blank\" class=\"\"><img decoding=\"async\" style=\"width:233px;height:345px\" width=\"233px\" height=\"345px\" src=\"https:\/\/ae01.alicdn.com\/kf\/Sb996f26c4ea44139aab548b6acdf7590I.png?width=233&amp;height=345&amp;hash=578\" \/><\/a>\n  <\/div>\n<div style=\"margin-top:-37.02%;margin-left:50%;width:25%\">\n   <a href=\"http:\/\/www.aliexpress.com\/item\/detail\/1005002788778652.html\" target=\"_blank\" class=\"\"><img decoding=\"async\" style=\"width:233px;height:345px\" width=\"233px\" height=\"345px\" src=\"https:\/\/ae01.alicdn.com\/kf\/Sb996f26c4ea44139aab548b6acdf7590I.png?width=233&amp;height=345&amp;hash=578\" \/><\/a>\n  <\/div>\n<div style=\"margin-top:-37.02%;margin-left:75%;width:25%\">\n   <a href=\"http:\/\/www.aliexpress.com\/item\/detail\/1005003003028983.html\" target=\"_blank\" class=\"\"><img decoding=\"async\" style=\"width:233px;height:345px\" width=\"233px\" height=\"345px\" src=\"https:\/\/ae01.alicdn.com\/kf\/Sb996f26c4ea44139aab548b6acdf7590I.png?width=233&amp;height=345&amp;hash=578\" \/><\/a>\n  <\/div>\n<\/p><\/div>\n<\/div>\n<div>\n <br \/> \n<\/div>\n<div class=\"detailmodule_dynamic\">\n<\/div>\n<div class=\"detailmodule_dynamic\">\n<\/div>\n<div>\n <img decoding=\"async\" src=\"https:\/\/ae04.alicdn.com\/kf\/Hed99a92929d04ab28ba9b901dff913538.jpg\" \/>\n<\/div>\n<div>\n <br \/> \n<\/div>\n<p><strong><span style=\"font-size:24px\"><span style=\"font-family:arial, helvetica, sans-serif\" id=\"tl_1\">Hub USB 2.0 Hub USB 2.0 Multi USB Splitter Hub Utiliser l&rsquo;adaptateur secteur 4\/7 Port Multiple Expander 2.0 Hub USB avec interrupteur pour PC<\/span><\/span><\/strong><\/p>\n<p><img decoding=\"async\" src=\"https:\/\/ae01.alicdn.com\/kf\/H03a5cd37ee9246e1a87bad23f0569874A.jpg\" \/><\/p>\n<p><span style=\"font-size:18px\"><span style=\"font-family:arial, helvetica, sans-serif\" id=\"tl_2\">Couleur du produit: Noir\/Blanc<\/span><\/span><\/p>\n<p><span style=\"font-size:18px\"><span style=\"font-family:arial, helvetica, sans-serif\" id=\"tl_3\">Nom du produit: commutateur de port 4\/7 USB 2.0\/3.0<\/span><\/span><span style=\"font-size:18px;font-family:arial, helvetica, sans-serif\" id=\"tl_4\">Moyeu &agrave; grande vitesse<\/span><\/p>\n<div>\n <span style=\"font-size:18px\"><span style=\"font-family:arial, helvetica, sans-serif\" id=\"tl_5\">Mod&egrave;le de produit: s&eacute;parateur 2.0\/3.0<\/span><\/span>\n<\/div>\n<div>\n <span style=\"font-size:18px\"><span style=\"font-family:arial, helvetica, sans-serif\" id=\"tl_6\">Interface du produit: Port m&acirc;le USB2.0 de type B\/Alimentation CC\/Port femelle USB2.0 de type A<\/span><\/span>\n<\/div>\n<div>\n <span style=\"font-size:18px\"><span style=\"font-family:arial, helvetica, sans-serif\" id=\"tl_7\">Mat&eacute;riau du produit: Plastique<\/span><\/span>\n<\/div>\n<div>\n <span style=\"font-size:18px\"><span style=\"font-family:arial, helvetica, sans-serif\" id=\"tl_8\">Syst&egrave;me de support: Windows XP\/Vista\/7\/8 et MAC avec prise en charge USB<\/span><\/span>\n<\/div>\n<div>\n <strong><span style=\"font-size:18px\"><span style=\"font-family:arial, helvetica, sans-serif\" id=\"tl_9\">Caract&eacute;ristiques:<\/span><\/span><\/strong>\n<\/div>\n<ul>\n<li>\n<p><span style=\"font-size:18px\"><span style=\"font-family:arial, helvetica, sans-serif\" id=\"tl_10\">L&eacute;ger et facile &agrave; transporter<\/span><\/span><\/p>\n<\/li>\n<li>\n<p><span style=\"font-size:18px\"><span style=\"font-family:arial, helvetica, sans-serif\" id=\"tl_11\">Il n&rsquo;y a que deux ports USB sur le portable, et il n&rsquo;y a pas de place pour la cl&eacute; USB apr&egrave;s avoir branch&eacute; la souris et l&rsquo;appareil photo. Apporter un hub USB est beaucoup plus pratique<\/span><\/span><\/p>\n<\/li>\n<li>\n<p><span style=\"font-size:18px\"><span style=\"font-family:arial, helvetica, sans-serif\" id=\"tl_12\">L&rsquo;interface USB du bureau est g&eacute;n&eacute;ralement &agrave; l&rsquo;arri&egrave;re, et il est fatiguant de se pencher pour brancher et d&eacute;brancher. Connectez le concentrateur USB &agrave; l&rsquo;arri&egrave;re, nous pouvons utiliser le p&eacute;riph&eacute;rique USB directement devant l&rsquo;h&ocirc;te.<\/span><\/span><\/p>\n<\/li>\n<\/ul>\n<p><span style=\"font-size:18px\"><span style=\"font-family:arial, helvetica, sans-serif\" id=\"tl_13\">D&eacute;barrassez-vous de l&rsquo;inqui&eacute;tude du port USB trop encombr&eacute;. Le design de ce port USB 4\/7 est tr&egrave;s beau. Les prises USB ind&eacute;pendantes sont s&eacute;par&eacute;es les unes des autres, ce qui &eacute;vite de serrer certains gros p&eacute;riph&eacute;riques USB ensemble, ce qui est pratique et pratique.<\/span><\/span><\/p>\n<p><strong><span style=\"font-family:arial, helvetica, sans-serif\"><span style=\"font-size:18px\" id=\"tl_14\">Le paquet comprend:<\/span><\/span><\/strong><\/p>\n<p><span style=\"font-family:arial, helvetica, sans-serif\"><span style=\"font-size:18px\" id=\"tl_15\">1 * USB<\/span><\/span><span style=\"font-size:18px;font-family:arial, helvetica, sans-serif\" id=\"tl_16\">Moyeu &agrave; grande vitesse<\/span><\/p>\n<div>\n <img decoding=\"async\" src=\"https:\/\/ae01.alicdn.com\/kf\/H22be82d1faa345cd8848d7b84bf9122eU.jpg\" \/>\n<\/div>\n<div>\n <img decoding=\"async\" src=\"https:\/\/ae01.alicdn.com\/kf\/H4d086c3220884d76be5c0d6a633ed8c08.jpg\" \/><br \/>\n <img decoding=\"async\" src=\"https:\/\/ae01.alicdn.com\/kf\/Ha7643f4e2f5a4f599e12c1c32da11ec4Y.jpg\" \/><br \/>\n <img decoding=\"async\" src=\"https:\/\/ae01.alicdn.com\/kf\/Hc9e4fbdf5fe643a8af9dfcfd575bd60fQ.jpg\" \/><br \/>\n <img decoding=\"async\" src=\"https:\/\/ae01.alicdn.com\/kf\/H73129e1320974f88bb4d7e2371b511668.jpg\" \/><br \/>\n <img decoding=\"async\" src=\"https:\/\/ae01.alicdn.com\/kf\/Ha337386b029946329561eacda825efa4W.jpg\" \/><br \/>\n <img decoding=\"async\" src=\"https:\/\/ae01.alicdn.com\/kf\/H7b70e69537674c1eb9ad90d242f3e621L.jpg\" \/>\n<\/div>\n<div>\n <img decoding=\"async\" src=\"https:\/\/ae01.alicdn.com\/kf\/Hbde87209710b4289bfab52de7e528e8ef.jpg\" \/>\n<\/div>\n<div id=\"tl_17\">\n  DIRECTIVES D&rsquo;ACHATS\n<\/div>\n<div id=\"tl_18\">\n  1. Temps d&rsquo;exp&eacute;dition:\n<\/div>\n<div id=\"tl_19\">\n  (1). D&eacute;lai de r&eacute;ception = d&eacute;lai de traitement + d&eacute;lai d&rsquo;exp&eacute;dition\n<\/div>\n<div id=\"tl_20\">\n  (2). Temps de traitement: Environ 1-7 jours\n<\/div>\n<div id=\"tl_21\">\n  (3). D&eacute;lai d&rsquo;exp&eacute;dition: 15-60 jours par la poste. 3-10 jours ouvrables par express rapide.\n<\/div>\n<div id=\"tl_22\">\n  2. Avis d&rsquo;exp&eacute;dition:\n<\/div>\n<div id=\"tl_23\">\n  (1). Tous les produits seront v&eacute;rifi&eacute;s strictement avant l&rsquo;exp&eacute;dition. Nous exp&eacute;dions &agrave; l&rsquo;adresse d&rsquo;Aliexpress UNIQUEMENT.\n<\/div>\n<div id=\"tl_24\">\n  Veuillez vous assurer que votre adresse dans Aliexpress correspond &agrave; votre adresse de livraison avant de payer. Et l&rsquo;acheteur russe s&rsquo;il vous pla&icirc;t laissez-nous votre nom complet qui est tr&egrave;s important. Merci!\n<\/div>\n<div id=\"tl_25\">\n  (2). Nous garantissons l&rsquo;exp&eacute;dition dans les 7 jours suivant la confirmation du paiement (sauf jours f&eacute;ri&eacute;s).\n<\/div>\n<div id=\"tl_26\">\n  S&rsquo;il y a une situation inattendue, nous vous contacterons d&egrave;s que possible et suivrons de pr&egrave;s pour exp&eacute;dier votre commande rapidement.\n<\/div>\n<div id=\"tl_27\">\n  (3). Veuillez nous contacter d&egrave;s que possible si le colis n&rsquo;est pas livr&eacute; dans les 60 jours\n<\/div>\n<div id=\"tl_28\">\n  Mais nous n&rsquo;avons pas pu garantir le d&eacute;lai de livraison sur tous les envois internationaux en raison des diff&eacute;rences de\n<\/div>\n<div id=\"tl_29\">\n  Les d&eacute;lais de d&eacute;douanement dans les pays individuels, ce qui peut affecter la rapidit&eacute; avec laquelle votre produit est inspect&eacute;.\n<\/div>\n<div id=\"tl_30\">\n  3. Paiements:\n<\/div>\n<div id=\"tl_31\">\n  (1). Les droits d&rsquo;importation, les taxes et les frais ne sont pas inclus dans le prix de l&rsquo;article ou les frais d&rsquo;exp&eacute;dition. Ces frais sont &agrave; la charge de l&rsquo;acheteur.\n<\/div>\n<div id=\"tl_32\">\n  (2). Veuillez v&eacute;rifier aupr&egrave;s du bureau de douane de votre pays pour d&eacute;terminer quels seront ces co&ucirc;ts suppl&eacute;mentaires avant d&rsquo;ench&eacute;rir.\n<\/div>\n<div id=\"tl_33\">\n  4. Commentaires:\n<\/div>\n<div id=\"tl_34\">\n  (1). Vos commentaires sont tr&egrave;s importants pour nous et tous les acheteurs.\n<\/div>\n<div id=\"tl_35\">\n  Veuillez prendre quelques secondes pour laisser un commentaire si vous &ecirc;tes satisfait de notre produit et service.(2). Veuillez nous contacter avant de laisser un commentaire neutre (3 &eacute;toiles) ou n&eacute;gatif (1-2 &eacute;toiles).\n<\/div>\n<div id=\"tl_36\">\n  Nous ferons de notre mieux pour r&eacute;soudre le probl&egrave;me et vous laisser un bon shopping ici. Je vous remercie.\n<\/div>\n<div id=\"tl_37\">\n  5. Retours et remboursements:\n<\/div>\n<div id=\"tl_38\">\n  Si vous n&rsquo;&ecirc;tes pas 100% satisfait de la qualit&eacute; des produits que vous avez achet&eacute;s, vous pouvez retourner ou &eacute;changer vos articles dans les 7 jours &agrave; compter de la date de livraison.(1). Articles re&ccedil;us dans les 7 jours suivant la date de livraison.\n<\/div>\n<div id=\"tl_39\">\n  (2). Items re&ccedil;us inutilis&eacute;s, non endommag&eacute;s et dans leur emballage d&rsquo;origine.\n<\/div>\n<div id=\"tl_40\">\n  (3). Les frais d&rsquo;exp&eacute;dition de retour sont pay&eacute;s par l&rsquo;acheteur.\n<\/div>\n<div id=\"tl_41\">\n  6. Aucun remboursement ou retour:\n<\/div>\n<div id=\"tl_42\">\n  (1). Produit avec quelques dommages dus &agrave; un fonctionnement incorrect.\n<\/div>\n<div id=\"tl_43\">\n  (2). Produits lav&eacute;s et us&eacute;s;\n<\/div>\n<div id=\"tl_44\">\n  Pratiquement, nous ne recommandons aucun retour en raison des frais d&rsquo;exp&eacute;dition &eacute;lev&eacute;s. Veuillez lire toutes les descriptions fournies &agrave; titre indicatif avant de commander.\n<\/div>\n<p><\/p>\n<\/div>\n<\/div>","protected":false},"excerpt":{"rendered":"<p>Produit chimique \u00e0 haute pr\u00e9occupation:&nbsp;Aucun Longueur:&nbsp;44cm Paquet:&nbsp;Oui Num\u00e9ro de Mod\u00e8le:&nbsp;none Fonction:&nbsp;Aucun Standard:&nbsp;USB 3.0 Type D&#039;interface:&nbsp;USB 3.0 Nom de marque:&nbsp;YUANRURU Ports:&nbsp;7 Origine:&nbsp;CN (Origine) Type de prise:&nbsp;Aucun Color:&nbsp;White\/Black Feature:&nbsp;USB Hub Keyword 1:&nbsp;pc accessories Keyword 2:&nbsp;usb extender Keyword 3:&nbsp;USB Hub 2.0,USB 2.0 HUB Keyword 4:&nbsp;USB Hub 3.0,USB 3.0 HUB Keyword 5:&nbsp;USB Hub 3.0\/2.0 Keyword 6:&nbsp;windows xp\/vista\/7\/8\/10 Hub USB&hellip;<\/p>","protected":false},"featured_media":6031,"comment_status":"open","ping_status":"closed","template":"","meta":[],"product_brand":[],"product_cat":[809,810,812,290],"product_tag":[],"class_list":{"0":"post-6029","1":"product","2":"type-product","3":"status-publish","4":"has-post-thumbnail","6":"product_cat-adaptateur-usb","7":"product_cat-computer-office","8":"product_cat-computer-peripherals","9":"product_cat-informatique","11":"first","12":"instock","13":"taxable","14":"shipping-taxable","15":"purchasable","16":"product-type-variable"},"_links":{"self":[{"href":"https:\/\/www.innovatingbytes.com\/en\/wp-json\/wp\/v2\/product\/6029","targetHints":{"allow":["GET"]}}],"collection":[{"href":"https:\/\/www.innovatingbytes.com\/en\/wp-json\/wp\/v2\/product"}],"about":[{"href":"https:\/\/www.innovatingbytes.com\/en\/wp-json\/wp\/v2\/types\/product"}],"replies":[{"embeddable":true,"href":"https:\/\/www.innovatingbytes.com\/en\/wp-json\/wp\/v2\/comments?post=6029"}],"version-history":[{"count":0,"href":"https:\/\/www.innovatingbytes.com\/en\/wp-json\/wp\/v2\/product\/6029\/revisions"}],"wp:featuredmedia":[{"embeddable":true,"href":"https:\/\/www.innovatingbytes.com\/en\/wp-json\/wp\/v2\/media\/6031"}],"wp:attachment":[{"href":"https:\/\/www.innovatingbytes.com\/en\/wp-json\/wp\/v2\/media?parent=6029"}],"wp:term":[{"taxonomy":"product_brand","embeddable":true,"href":"https:\/\/www.innovatingbytes.com\/en\/wp-json\/wp\/v2\/product_brand?post=6029"},{"taxonomy":"product_cat","embeddable":true,"href":"https:\/\/www.innovatingbytes.com\/en\/wp-json\/wp\/v2\/product_cat?post=6029"},{"taxonomy":"product_tag","embeddable":true,"href":"https:\/\/www.innovatingbytes.com\/en\/wp-json\/wp\/v2\/product_tag?post=6029"}],"curies":[{"name":"wp","href":"https:\/\/api.w.org\/{rel}","templated":true}]}}