{"id":6021,"date":"2025-11-18T15:20:01","date_gmt":"2025-11-18T14:20:01","guid":{"rendered":"https:\/\/www.innovatingbytes.com\/product\/14-1-ordinateur-portable-ultra-mince-16gb-ram-2-to-ssd-intel-n3700-pc-windows-11-pro\/"},"modified":"2026-04-09T06:54:04","modified_gmt":"2026-04-09T04:54:04","slug":"14-1-ordinateur-portable-ultra-mince-16gb-ram-2-to-ssd-intel-n3700-pc-windows-11-pro","status":"publish","type":"product","link":"https:\/\/www.innovatingbytes.com\/en\/product\/14-1-ordinateur-portable-ultra-mince-16gb-ram-2-to-ssd-intel-n3700-pc-windows-11-pro\/","title":{"rendered":"14.1 \u00ab Ultra slim laptop 16GB RAM 2 to SSD Intel N3700 PC Windows 11 Pro"},"content":{"rendered":"<div class=\"product-specs-list-container\">\n<ul class=\"product-specs-list util-clearfix\">\n<li class=\"product-prop line-limit-length\"><span class=\"property-title\">Utilisation recommand\u00e9e:&nbsp;<\/span><span class=\"property-desc line-limit-length\">Apprentissage,Utilisation des entreprises,Jeux,Divertissement quotidien<\/span>\n                            <\/li>\n<li class=\"product-prop line-limit-length\"><span class=\"property-title\">Claviers:&nbsp;<\/span><span class=\"property-desc line-limit-length\">Pav\u00e9 tactile,Clavier num\u00e9rique<\/span>\n                            <\/li>\n<li class=\"product-prop line-limit-length\"><span class=\"property-title\">Capacit\u00e9 de la batterie (mAh):&nbsp;<\/span><span class=\"property-desc line-limit-length\">4000<\/span>\n                            <\/li>\n<li class=\"product-prop line-limit-length\"><span class=\"property-title\">Communication de r\u00e9seau:&nbsp;<\/span><span class=\"property-desc line-limit-length\">Compatible avec Bluetooth,Wi-Fi<\/span>\n                            <\/li>\n<li class=\"product-prop line-limit-length\"><span class=\"property-title\">\u00c9cran Tactile:&nbsp;<\/span><span class=\"property-desc line-limit-length\">Non<\/span>\n                            <\/li>\n<li class=\"product-prop line-limit-length\"><span class=\"property-title\">Stockage extensible:&nbsp;<\/span><span class=\"property-desc line-limit-length\">Oui<\/span>\n                            <\/li>\n<li class=\"product-prop line-limit-length\"><span class=\"property-title\">Interface du disque dur:&nbsp;<\/span><span class=\"property-desc line-limit-length\">M.2<\/span>\n                            <\/li>\n<li class=\"product-prop line-limit-length\"><span class=\"property-title\">Type de M\u00e9moire:&nbsp;<\/span><span class=\"property-desc line-limit-length\">DDR3<\/span>\n                            <\/li>\n<li class=\"product-prop line-limit-length\"><span class=\"property-title\">Puissance de conception thermique:&nbsp;<\/span><span class=\"property-desc line-limit-length\">15<\/span>\n                            <\/li>\n<li class=\"product-prop line-limit-length\"><span class=\"property-title\">Marque graphique:&nbsp;<\/span><span class=\"property-desc line-limit-length\">\u0130ntel<\/span>\n                            <\/li>\n<li class=\"product-prop line-limit-length\"><span class=\"property-title\">Type graphique:&nbsp;<\/span><span class=\"property-desc line-limit-length\">Int\u00e9gr\u00e9<\/span>\n                            <\/li>\n<li class=\"product-prop line-limit-length\"><span class=\"property-title\">Max Turbo fr\u00e9quence:&nbsp;<\/span><span class=\"property-desc line-limit-length\">2.4<\/span>\n                            <\/li>\n<li class=\"product-prop line-limit-length\"><span class=\"property-title\">Fr\u00e9quence de Base (GHz)4:&nbsp;<\/span><span class=\"property-desc line-limit-length\">1.6<\/span>\n                            <\/li>\n<li class=\"product-prop line-limit-length\"><span class=\"property-title\">Nombre de c\u0153urs:&nbsp;<\/span><span class=\"property-desc line-limit-length\">4<\/span>\n                            <\/li>\n<li class=\"product-prop line-limit-length\"><span class=\"property-title\">Dur\u00e9e de vie de la batterie:&nbsp;<\/span><span class=\"property-desc line-limit-length\">Jusqu&#039;\u00e0 7 &#8211; 9 heures<\/span>\n                            <\/li>\n<li class=\"product-prop line-limit-length\"><span class=\"property-title\">Langue de clavier:&nbsp;<\/span><span class=\"property-desc line-limit-length\">english<\/span>\n                            <\/li>\n<li class=\"product-prop line-limit-length\"><span class=\"property-title\">Interfaces sans fil:&nbsp;<\/span><span class=\"property-desc line-limit-length\">Bluetooth4.2<\/span>\n                            <\/li>\n<li class=\"product-prop line-limit-length\"><span class=\"property-title\">Marque\/mod\u00e8le de l&#039;UCT:&nbsp;<\/span><span class=\"property-desc line-limit-length\">Intel Pentium N3700<\/span>\n                            <\/li>\n<li class=\"product-prop line-limit-length\"><span class=\"property-title\">Poids (batterie incluse):&nbsp;<\/span><span class=\"property-desc line-limit-length\">&lt; 1,5 kg<\/span>\n                            <\/li>\n<li class=\"product-prop line-limit-length\"><span class=\"property-title\">Taux de rafra\u00eechissement de l\u2019\u00e9cran:&nbsp;<\/span><span class=\"property-desc line-limit-length\">60HZ<\/span>\n                            <\/li>\n<li class=\"product-prop line-limit-length\"><span class=\"property-title\">Capacit\u00e9 de m\u00e9moire vid\u00e9o:&nbsp;<\/span><span class=\"property-desc line-limit-length\">M\u00e9moire principale allou\u00e9e<\/span>\n                            <\/li>\n<li class=\"product-prop line-limit-length\"><span class=\"property-title\">Dimensions (Lxhxp):&nbsp;<\/span><span class=\"property-desc line-limit-length\">324*210*18mm<\/span>\n                            <\/li>\n<li class=\"product-prop line-limit-length\"><span class=\"property-title\">Type De panneau:&nbsp;<\/span><span class=\"property-desc line-limit-length\">IPS<\/span>\n                            <\/li>\n<li class=\"product-prop line-limit-length\"><span class=\"property-title\">Syst\u00e8me D&#039;exploitation:&nbsp;<\/span><span class=\"property-desc line-limit-length\">windows 11<\/span>\n                            <\/li>\n<li class=\"product-prop line-limit-length\"><span class=\"property-title\">Caract\u00e9ristique:&nbsp;<\/span><span class=\"property-desc line-limit-length\">Bluetooth<\/span>\n                            <\/li>\n<li class=\"product-prop line-limit-length\"><span class=\"property-title\">Dur\u00e9e de vie moyenne de la batterie (en heures):&nbsp;<\/span><span class=\"property-desc line-limit-length\">5-12<\/span>\n                            <\/li>\n<li class=\"product-prop line-limit-length\"><span class=\"property-title\">\u00c9paisseur:&nbsp;<\/span><span class=\"property-desc line-limit-length\">15 millim\u00e8tres-18 millim\u00e8tres<\/span>\n                            <\/li>\n<li class=\"product-prop line-limit-length\"><span class=\"property-title\">Paquet:&nbsp;<\/span><span class=\"property-desc line-limit-length\">Oui<\/span>\n                            <\/li>\n<li class=\"product-prop line-limit-length\"><span class=\"property-title\">Capacit\u00e9 du disque dur:&nbsp;<\/span><span class=\"property-desc line-limit-length\">2 TO<\/span>\n                            <\/li>\n<li class=\"product-prop line-limit-length\"><span class=\"property-title\">Port:&nbsp;<\/span><span class=\"property-desc line-limit-length\">2xUSB 3.0,Mini Compatibles HDMI<\/span>\n                            <\/li>\n<li class=\"product-prop line-limit-length\"><span class=\"property-title\">Ratio D&#039;affichage:&nbsp;<\/span><span class=\"property-desc line-limit-length\">16:10<\/span>\n                            <\/li>\n<li class=\"product-prop line-limit-length\"><span class=\"property-title\">Type de Disque Dur:&nbsp;<\/span><span class=\"property-desc line-limit-length\">SSD<\/span>\n                            <\/li>\n<li class=\"product-prop line-limit-length\"><span class=\"property-title\">Mod\u00e8le de Carte Graphique:&nbsp;<\/span><span class=\"property-desc line-limit-length\">Intel \u00ae   Graphiques HD<\/span>\n                            <\/li>\n<li class=\"product-prop line-limit-length\"><span class=\"property-title\">Type:&nbsp;<\/span><span class=\"property-desc line-limit-length\">Ultra fin<\/span>\n                            <\/li>\n<li class=\"product-prop line-limit-length\"><span class=\"property-title\">Taille D&#039;\u00e9cran:&nbsp;<\/span><span class=\"property-desc line-limit-length\">14,1&quot;<\/span>\n                            <\/li>\n<li class=\"product-prop line-limit-length\"><span class=\"property-title\">RAM:&nbsp;<\/span><span class=\"property-desc line-limit-length\">16 Go<\/span>\n                            <\/li>\n<li class=\"product-prop line-limit-length\"><span class=\"property-title\">Origine:&nbsp;<\/span><span class=\"property-desc line-limit-length\">CN (Origine)<\/span>\n                            <\/li>\n<li class=\"product-prop line-limit-length\"><span class=\"property-title\">R\u00e9solution d&#039;affichage:&nbsp;<\/span><span class=\"property-desc line-limit-length\">1920&#215;1080<\/span>\n                            <\/li>\n<\/ul><\/div>\n<div class=\"detailmodule_html\">\n<div class=\"detail-desc-decorate-richtext\">\n<div class=\"detailmodule_html\">\n<div class=\"detail-desc-decorate-richtext\">\n<p style=\"text-align:left;margin:0px;margin-bottom:0px;margin-top:0px;margin-left:0px;margin-right:0px\" align=\"left\">Description du produit<br \/>Poids: 1,25 kg<br \/>Taille de l&rsquo;\u00e9cran: 14,1 pouces<br \/>Mat\u00e9riau de l&rsquo;\u00e9cran: IPS<br \/>R\u00e9solution d&rsquo;\u00e9cran : 1920*1080<br \/>Mod\u00e8le de processeur : Intel N3700.<br \/>Noyau CPU : double c\u0153ur 2,4 GHz<br \/>GPU : lntel@ graphiques UHD<br \/>RAM : 16 Go<br \/>ROM : 128 Go\/256 Go\/512 Go\/1024 Go\/2048 Go<br \/>WIFI : 2,4 G\/5 G.<br \/>Bluetooth : Bluetooth 4.2<br \/>Syst\u00e8me d&rsquo;exploitation : Windows 11<br \/>Certification : CE<\/p>\n<p>1) \u00c9cran IPS FHD 1920*1080P de 14,1 pouces L&rsquo;\u00e9cran FHD de 14,1 pouces offre une vue plus large et est toujours clairement visible m\u00eame dans un \u00e9clairage ext\u00e9rieur puissant.De plus, le mode nuit et le r\u00e9glage des couleurs contribueront \u00e0 r\u00e9duire la fatigue oculaire.<\/p>\n<p>2) Le grand \u00e9cran tactile multifonction, le clavier de haute qualit\u00e9 rendent votre frappe plus agr\u00e9able et confortable.<\/p>\n<p>3) processeur Intel N3700 quad-thread \u00e0 quatre c\u0153urs jusqu&rsquo;\u00e0 1,6 GHz,<\/p>\n<p>4) 16 Go de RAM, r\u00e9volutionnant la m\u00e9moire et le stockage, fonctionnant plus rapidement,<\/p>\n<p>5) ROM 128\/256\/512\/1024 Go, vitesse \u00e0 semi-conducteurs, fonctionnement plus fluide, vous aide \u00e0 ex\u00e9cuter plusieurs applications en douceur<\/p>\n<p>6) Les deux haut-parleurs ind\u00e9pendants de haute qualit\u00e9 offrent un effet sonore r\u00e9sonnant, minimisent la distorsion, am\u00e9liorent les d\u00e9tails pour cr\u00e9er un son immersif sous tous les angles.<\/p>\n<p>7) Plusieurs ports pour r\u00e9pondre \u00e0 vos diff\u00e9rents besoins : 2 x USB3.0, HDMI, audio, carte m\u00e9moire, 1 x port de chargement<\/p>\n<p>8) Cam\u00e9ra unique personnalis\u00e9e de 0,3 MP qui r\u00e9tr\u00e9cit les limites.<\/p>\n<p>Autres : prend en charge le Wi-Fi, le Bluetooth, plusieurs applications, livres, papiers peints, calendrier, calculatrice, horloge, etc.<\/p>\n<p>Langue du syst\u00e8me :<br \/>Chinois, anglais, japonais, fran\u00e7ais, allemand, cor\u00e9en, italien, portugais, russe, espagnol et autres langues<\/p>\n<p>Vous pouvez modifier les langues dans les param\u00e8tres.<\/p>\n<p>\u00c9quipement<br \/>Ordinateur portable * 1<br \/>Manuel de l&rsquo;utilisateur *1<br \/>Adaptateur secteur *1<\/p>\n<div><\/div>\n<p style=\"text-align:left;margin:0px;margin-bottom:0px;margin-top:0px;margin-left:0px;margin-right:0px\" align=\"left\">Nous vous enverrons la langue du pays correspondant en fonction du pays o\u00f9 vous avez pass\u00e9 la commande. Par exemple, si vous \u00eates invit\u00e9 russe, j&rsquo;enverrai la langue russe par d\u00e9faut et je fournirai des autocollants pour clavier russe. Si vous \u00eates en Espagne, la langue espagnole vous sera envoy\u00e9e par d\u00e9faut et des claviers espagnols vous seront fournis. Par analogie, nous sommes s\u00e9rieux \u00e0 servir avec pr\u00e9caution.<\/p>\n<p style=\"text-align:left;margin:0px;margin-bottom:0px;margin-top:0px;margin-left:0px;margin-right:0px\" align=\"left\"><img decoding=\"async\" src=\"https:\/\/ae01.alicdn.com\/kf\/S1b7b432a0c36421d96608be8e21bbbacM.jpg?width=1200&amp;height=1398&amp;hash=2598\"><img decoding=\"async\" src=\"https:\/\/ae01.alicdn.com\/kf\/S46c6b46a4ee74d0c9d1273214af7bcf0U.jpg?width=1200&amp;height=1200&amp;hash=2400\"><\/p>\n<p style=\"text-align:left;margin:0px;margin-bottom:0px;margin-top:0px;margin-left:0px;margin-right:0px\" align=\"left\"><img decoding=\"async\" src=\"https:\/\/ae01.alicdn.com\/kf\/Sbb3d8c2b80cf466188afb8472b6c5a70e.jpg?width=790&amp;height=1500&amp;hash=2290\"><img decoding=\"async\" src=\"https:\/\/ae01.alicdn.com\/kf\/S285b3174a9774f85b085ff98407d6611Z.jpg?width=790&amp;height=1301&amp;hash=2091\"><img decoding=\"async\" src=\"https:\/\/ae01.alicdn.com\/kf\/Sd42453f3e7ec43c0b64e68470f0ea636p.jpg?width=790&amp;height=1620&amp;hash=2410\"><img decoding=\"async\" src=\"https:\/\/ae01.alicdn.com\/kf\/Sd431fceec56e402b9b7a1c9e66a9f7d70.jpg?width=790&amp;height=1886&amp;hash=2676\"><img decoding=\"async\" src=\"https:\/\/ae01.alicdn.com\/kf\/Sc8391279b1d947f9bd2666f199685bb4n.jpg?width=790&amp;height=1457&amp;hash=2247\"><img decoding=\"async\" src=\"https:\/\/ae01.alicdn.com\/kf\/Se8007a333d8c4aadb46f226009f05636r.jpg?width=790&amp;height=1550&amp;hash=2340\"><img decoding=\"async\" src=\"https:\/\/ae01.alicdn.com\/kf\/S353e5057ce9747adb6850b913808d522a.jpg?width=790&amp;height=1250&amp;hash=2040\"><img decoding=\"async\" src=\"https:\/\/ae01.alicdn.com\/kf\/S60b1c9ade04b47139a8a0fd21650721eI.jpg?width=790&amp;height=1400&amp;hash=2190\"><img decoding=\"async\" src=\"https:\/\/ae01.alicdn.com\/kf\/Sc7fc984a543543a08b75a6fe4d5e66fc9.jpg?width=790&amp;height=1180&amp;hash=1970\"><img decoding=\"async\" src=\"https:\/\/ae01.alicdn.com\/kf\/S4260698c85184578b7a2786cc5da7f8eA.jpg?width=790&amp;height=1350&amp;hash=2140\"><img decoding=\"async\" src=\"https:\/\/ae01.alicdn.com\/kf\/S07b84a682ec34ad0a00d495e348a6912B.jpg?width=730&amp;height=750&amp;hash=1480\"><\/p>\n<p><\/div>\n<\/div>\n<p><\/div>\n<\/div>","protected":false},"excerpt":{"rendered":"<p>Utilisation recommand\u00e9e:&nbsp;Apprentissage,Utilisation des entreprises,Jeux,Divertissement quotidien Claviers:&nbsp;Pav\u00e9 tactile,Clavier num\u00e9rique Capacit\u00e9 de la batterie (mAh):&nbsp;4000 Communication de r\u00e9seau:&nbsp;Compatible avec Bluetooth,Wi-Fi \u00c9cran Tactile:&nbsp;Non Stockage extensible:&nbsp;Oui Interface du disque dur:&nbsp;M.2 Type de M\u00e9moire:&nbsp;DDR3 Puissance de conception thermique:&nbsp;15 Marque graphique:&nbsp;\u0130ntel Type graphique:&nbsp;Int\u00e9gr\u00e9 Max Turbo fr\u00e9quence:&nbsp;2.4 Fr\u00e9quence de Base (GHz)4:&nbsp;1.6 Nombre de c\u0153urs:&nbsp;4 Dur\u00e9e de vie de la batterie:&nbsp;Jusqu&#039;\u00e0 7 &#8211;&hellip;<\/p>","protected":false},"featured_media":6022,"comment_status":"open","ping_status":"closed","template":"","meta":[],"product_brand":[],"product_cat":[810,290,843],"product_tag":[],"class_list":{"0":"post-6021","1":"product","2":"type-product","3":"status-publish","4":"has-post-thumbnail","6":"product_cat-computer-office","7":"product_cat-informatique","8":"product_cat-laptops","10":"first","11":"outofstock","12":"sale","13":"taxable","14":"shipping-taxable","15":"purchasable","16":"product-type-variable"},"_links":{"self":[{"href":"https:\/\/www.innovatingbytes.com\/en\/wp-json\/wp\/v2\/product\/6021","targetHints":{"allow":["GET"]}}],"collection":[{"href":"https:\/\/www.innovatingbytes.com\/en\/wp-json\/wp\/v2\/product"}],"about":[{"href":"https:\/\/www.innovatingbytes.com\/en\/wp-json\/wp\/v2\/types\/product"}],"replies":[{"embeddable":true,"href":"https:\/\/www.innovatingbytes.com\/en\/wp-json\/wp\/v2\/comments?post=6021"}],"version-history":[{"count":0,"href":"https:\/\/www.innovatingbytes.com\/en\/wp-json\/wp\/v2\/product\/6021\/revisions"}],"wp:featuredmedia":[{"embeddable":true,"href":"https:\/\/www.innovatingbytes.com\/en\/wp-json\/wp\/v2\/media\/6022"}],"wp:attachment":[{"href":"https:\/\/www.innovatingbytes.com\/en\/wp-json\/wp\/v2\/media?parent=6021"}],"wp:term":[{"taxonomy":"product_brand","embeddable":true,"href":"https:\/\/www.innovatingbytes.com\/en\/wp-json\/wp\/v2\/product_brand?post=6021"},{"taxonomy":"product_cat","embeddable":true,"href":"https:\/\/www.innovatingbytes.com\/en\/wp-json\/wp\/v2\/product_cat?post=6021"},{"taxonomy":"product_tag","embeddable":true,"href":"https:\/\/www.innovatingbytes.com\/en\/wp-json\/wp\/v2\/product_tag?post=6021"}],"curies":[{"name":"wp","href":"https:\/\/api.w.org\/{rel}","templated":true}]}}