{"id":6005,"date":"2025-11-18T15:17:13","date_gmt":"2025-11-18T14:17:13","guid":{"rendered":"https:\/\/www.innovatingbytes.com\/product\/usb-3-0-type-c-hub-usb-c-station-daccueil-vers-hdmi-4k\/"},"modified":"2026-04-08T07:03:04","modified_gmt":"2026-04-08T05:03:04","slug":"usb-3-0-type-c-hub-usb-c-station-daccueil-vers-hdmi-4k","status":"publish","type":"product","link":"https:\/\/www.innovatingbytes.com\/en\/product\/usb-3-0-type-c-hub-usb-c-station-daccueil-vers-hdmi-4k\/","title":{"rendered":"USB 3.0 Type C HUB USB C Station d&rsquo;accueil vers HDMI 4K"},"content":{"rendered":"<div class=\"product-specs-list-container\">\n<ul class=\"product-specs-list util-clearfix\">\n<li class=\"product-prop line-limit-length\"><span class=\"property-title\">Produit chimique \u00e0 haute pr\u00e9occupation:&nbsp;<\/span><span class=\"property-desc line-limit-length\">Aucun<\/span>\n                            <\/li>\n<li class=\"product-prop line-limit-length\"><span class=\"property-title\">Paquet:&nbsp;<\/span><span class=\"property-desc line-limit-length\">Oui<\/span>\n                            <\/li>\n<li class=\"product-prop line-limit-length\"><span class=\"property-title\">Fonction:&nbsp;<\/span><span class=\"property-desc line-limit-length\">Compatible HDMI\/lecteur de carte\/RJ45<\/span>\n                            <\/li>\n<li class=\"product-prop line-limit-length\"><span class=\"property-title\">Standard:&nbsp;<\/span><span class=\"property-desc line-limit-length\">USB 3.1<\/span>\n                            <\/li>\n<li class=\"product-prop line-limit-length\"><span class=\"property-title\">Ports:&nbsp;<\/span><span class=\"property-desc line-limit-length\">8<\/span>\n                            <\/li>\n<li class=\"product-prop line-limit-length\"><span class=\"property-title\">Type D&#039;interface:&nbsp;<\/span><span class=\"property-desc line-limit-length\">USB de type C<\/span>\n                            <\/li>\n<li class=\"product-prop line-limit-length\"><span class=\"property-title\">Nom de marque:&nbsp;<\/span><span class=\"property-desc line-limit-length\">FEIWIMI<\/span>\n                            <\/li>\n<li class=\"product-prop line-limit-length\"><span class=\"property-title\">Ports:&nbsp;<\/span><span class=\"property-desc line-limit-length\">8<\/span>\n                            <\/li>\n<li class=\"product-prop line-limit-length\"><span class=\"property-title\">Origine:&nbsp;<\/span><span class=\"property-desc line-limit-length\">CN (Origine)<\/span>\n                            <\/li>\n<\/ul><\/div>\n<div class=\"detailmodule_html\">\n<div class=\"detail-desc-decorate-richtext\">\n<p><\/p>\n<div class=\"detailmodule_html\">\n<div class=\"detail-desc-decorate-richtext\">\n<h2 style=\"text-align:center\" align=\"center\"><span style=\"font-family:Arial, Helvetica, sans-serif\"><span style=\"font-size:18px\"><strong>Hub USB C 8-en-1 Type-C vers 4K, compatible HDMI RJ45 PD Charge lecteur de carte SD\/TF Type C vers Dock USB pour MacBook Air Pro PC HUB<\/strong><\/span><\/span><\/h2>\n<h2><span style=\"font-family:Arial, Helvetica, sans-serif\"><span style=\"font-size:20px\"><strong>Description :<\/strong><\/span><\/span> <span style=\"font-size:14px\"><span style=\"font-family:Arial, Helvetica, sans-serif\"><br \/>Station d&rsquo;accueil multifonction pour ordinateur portable<br \/>Type-C vers hdmi 8 en 1 + usb3.0 + usb2.0 + alimentation PD + donn\u00e9es PD + SD + TF + RJ4<br \/>La station d&rsquo;accueil multifonctionnelle six en un de haute qualit\u00e9, avec des ventes mensuelles de plus de 5 000, peut \u00eatre achet\u00e9e en toute confiance.<br \/>Prend en charge 5 ou 8 ports \u00e0 utiliser en m\u00eame temps, afin que votre ordinateur puisse se d\u00e9barrasser des contraintes d&rsquo;interface.<br \/>Le protocole de charge rapide PD3.0 est pris en charge et la puissance de charge peut atteindre 100 W.<br \/>Exp\u00e9rience visuelle haute d\u00e9finition 4K.<br \/>La carte TF\/SD dispose d&rsquo;un double emplacement pour carte, ce qui r\u00e9sout le probl\u00e8me de lecture de MACBOOK\/ultrabook sans emplacement pour carte.<br \/>Aidez les t\u00e9l\u00e9phones mobiles de type C \u00e0 se connecter \u00e0 des appareils externes, des t\u00e9l\u00e9viseurs\/moniteurs, etc., et les jeux de bureau mobile et grand \u00e9cran sont plus agr\u00e9ables.<\/span><\/span> <\/p>\n<p><span style=\"font-family:Arial, Helvetica, sans-serif\"><strong><span style=\"font-size:20px\">Sp\u00e9cifications :<\/span><\/strong><\/span> <span style=\"font-size:14px\"><span style=\"font-family:Arial, Helvetica, sans-serif\"><br \/>Marque : GAL DOR est beaucoup plus haut<br \/>Nom du produit : station d&rsquo;accueil multifonctionnelle 8 en 1.<br \/>Lecteur de carte : TF\/PD ne peut pas lire<br \/>Interface : nickelage<br \/>Sp\u00e9cification USB : USB2.0 + USB3.0<br \/>Noyau du fil : cuivre sans oxyg\u00e8ne<br \/>Sp\u00e9cification PD : 100 W<br \/>Mat\u00e9riau : coque en aluminium.<br \/>HDM|:4K\/30Hz<br \/>Emballage : bo\u00eete de couleur tendance.<\/span><\/span> <\/p>\n<p><span style=\"font-family:Arial, Helvetica, sans-serif\"><strong><span style=\"font-size:20px\">Emballage inclus :<\/span><\/strong><\/span> <span style=\"font-size:14px\"><span style=\"font-family:Arial, Helvetica, sans-serif\"><br \/>1 * station d&rsquo;accueil<\/span><\/span><\/h2>\n<p style=\"text-align:left;margin:0px;margin-bottom:0px;margin-top:0px;margin-left:0px;margin-right:0px\" align=\"left\"><img decoding=\"async\" src=\"https:\/\/ae01.alicdn.com\/kf\/Sa3a4f71b9da14b3c95b4b5507d550044c.jpg\"><img decoding=\"async\" src=\"https:\/\/ae01.alicdn.com\/kf\/Se4c1039bc14d482bb43b6b2ab55093e1T.jpg\"><img decoding=\"async\" src=\"https:\/\/ae01.alicdn.com\/kf\/S7a58f11065bf4e008fc494f207aa6ea1j.jpg\"><img decoding=\"async\" src=\"https:\/\/ae01.alicdn.com\/kf\/Haf4dbe40762c4a938bcb0af5ef77c631w.jpg?width=1000&amp;height=1000&amp;hash=2000\"><img decoding=\"async\" src=\"https:\/\/ae01.alicdn.com\/kf\/H266407e7034543d7aa4770a523793150B.jpg?width=1000&amp;height=1000&amp;hash=2000\"><img decoding=\"async\" src=\"https:\/\/ae01.alicdn.com\/kf\/S5b860ed33e814018ac87f3adc3cd7d6a0.jpg\"><img decoding=\"async\" src=\"https:\/\/ae01.alicdn.com\/kf\/S7a071a4cb67545c5a01a9d77a85cb969B.jpg\"><img decoding=\"async\" src=\"https:\/\/ae01.alicdn.com\/kf\/H84cd4a96c11147c8a77f35c6ed4a6c2bT.jpg?width=1000&amp;height=1000&amp;hash=2000\"><img decoding=\"async\" src=\"https:\/\/ae01.alicdn.com\/kf\/H188e5c95bbea48f58a9ae95eccf47f2bB.jpg?width=1000&amp;height=1000&amp;hash=2000\"><img decoding=\"async\" src=\"https:\/\/ae01.alicdn.com\/kf\/S369047ea796f474aa633ce9930fa5c76G.jpg\"><img decoding=\"async\" src=\"https:\/\/ae01.alicdn.com\/kf\/H987a26e759dc4c5d825ad7ebadc568ecZ.jpg?width=1000&amp;height=1000&amp;hash=2000\"><img decoding=\"async\" src=\"https:\/\/ae01.alicdn.com\/kf\/S7ab3b5b190bf4ee8ae4c27e332ae660eX.jpg\"><img decoding=\"async\" src=\"https:\/\/ae01.alicdn.com\/kf\/S116fe57f2aa04940ae9ee9047bd2c160j.jpg\"><\/p>\n<div>&nbsp;<\/div>\n<p><\/p>\n<\/div>\n<\/div>\n<p><\/p>\n<\/div>\n<\/div>","protected":false},"excerpt":{"rendered":"<p>Produit chimique \u00e0 haute pr\u00e9occupation:&nbsp;Aucun Paquet:&nbsp;Oui Fonction:&nbsp;Compatible HDMI\/lecteur de carte\/RJ45 Standard:&nbsp;USB 3.1 Ports:&nbsp;8 Type D&#039;interface:&nbsp;USB de type C Nom de marque:&nbsp;FEIWIMI Ports:&nbsp;8 Origine:&nbsp;CN (Origine) Hub USB C 8-en-1 Type-C vers 4K, compatible HDMI RJ45 PD Charge lecteur de carte SD\/TF Type C vers Dock USB pour MacBook Air Pro PC HUB Description : Station d&rsquo;accueil&hellip;<\/p>","protected":false},"featured_media":6007,"comment_status":"open","ping_status":"closed","template":"","meta":[],"product_brand":[],"product_cat":[809,810,812,290],"product_tag":[],"class_list":{"0":"post-6005","1":"product","2":"type-product","3":"status-publish","4":"has-post-thumbnail","6":"product_cat-adaptateur-usb","7":"product_cat-computer-office","8":"product_cat-computer-peripherals","9":"product_cat-informatique","11":"first","12":"instock","13":"taxable","14":"shipping-taxable","15":"purchasable","16":"product-type-simple"},"_links":{"self":[{"href":"https:\/\/www.innovatingbytes.com\/en\/wp-json\/wp\/v2\/product\/6005","targetHints":{"allow":["GET"]}}],"collection":[{"href":"https:\/\/www.innovatingbytes.com\/en\/wp-json\/wp\/v2\/product"}],"about":[{"href":"https:\/\/www.innovatingbytes.com\/en\/wp-json\/wp\/v2\/types\/product"}],"replies":[{"embeddable":true,"href":"https:\/\/www.innovatingbytes.com\/en\/wp-json\/wp\/v2\/comments?post=6005"}],"version-history":[{"count":0,"href":"https:\/\/www.innovatingbytes.com\/en\/wp-json\/wp\/v2\/product\/6005\/revisions"}],"wp:featuredmedia":[{"embeddable":true,"href":"https:\/\/www.innovatingbytes.com\/en\/wp-json\/wp\/v2\/media\/6007"}],"wp:attachment":[{"href":"https:\/\/www.innovatingbytes.com\/en\/wp-json\/wp\/v2\/media?parent=6005"}],"wp:term":[{"taxonomy":"product_brand","embeddable":true,"href":"https:\/\/www.innovatingbytes.com\/en\/wp-json\/wp\/v2\/product_brand?post=6005"},{"taxonomy":"product_cat","embeddable":true,"href":"https:\/\/www.innovatingbytes.com\/en\/wp-json\/wp\/v2\/product_cat?post=6005"},{"taxonomy":"product_tag","embeddable":true,"href":"https:\/\/www.innovatingbytes.com\/en\/wp-json\/wp\/v2\/product_tag?post=6005"}],"curies":[{"name":"wp","href":"https:\/\/api.w.org\/{rel}","templated":true}]}}