{"id":5990,"date":"2025-11-18T15:17:03","date_gmt":"2025-11-18T14:17:03","guid":{"rendered":"https:\/\/www.innovatingbytes.com\/product\/hub-usb-3-0-hub-usb-4-ports-haute-vitesse-type-c\/"},"modified":"2026-04-08T07:09:07","modified_gmt":"2026-04-08T05:09:07","slug":"hub-usb-3-0-hub-usb-4-ports-haute-vitesse-type-c","status":"publish","type":"product","link":"https:\/\/www.innovatingbytes.com\/en\/product\/hub-usb-3-0-hub-usb-4-ports-haute-vitesse-type-c\/","title":{"rendered":"Hub USB 3.0 Hub USB 4 ports haute vitesse Type c"},"content":{"rendered":"<div class=\"product-specs-list-container\">\n<ul class=\"product-specs-list util-clearfix\">\n<li class=\"product-prop line-limit-length\"><span class=\"property-title\">Produit chimique \u00e0 haute pr\u00e9occupation:&nbsp;<\/span><span class=\"property-desc line-limit-length\">Aucun<\/span>\n                            <\/li>\n<li class=\"product-prop line-limit-length\"><span class=\"property-title\">Longueur:&nbsp;<\/span><span class=\"property-desc line-limit-length\">15 cm<\/span>\n                            <\/li>\n<li class=\"product-prop line-limit-length\"><span class=\"property-title\">Paquet:&nbsp;<\/span><span class=\"property-desc line-limit-length\">Oui<\/span>\n                            <\/li>\n<li class=\"product-prop line-limit-length\"><span class=\"property-title\">Num\u00e9ro de Mod\u00e8le:&nbsp;<\/span><span class=\"property-desc line-limit-length\">HUB 4 USB 3.0 2.0<\/span>\n                            <\/li>\n<li class=\"product-prop line-limit-length\"><span class=\"property-title\">Fonction:&nbsp;<\/span><span class=\"property-desc line-limit-length\">Aucun<\/span>\n                            <\/li>\n<li class=\"product-prop line-limit-length\"><span class=\"property-title\">Standard:&nbsp;<\/span><span class=\"property-desc line-limit-length\">USB 3.0<\/span>\n                            <\/li>\n<li class=\"product-prop line-limit-length\"><span class=\"property-title\">Ports:&nbsp;<\/span><span class=\"property-desc line-limit-length\">4<\/span>\n                            <\/li>\n<li class=\"product-prop line-limit-length\"><span class=\"property-title\">Type D&#039;interface:&nbsp;<\/span><span class=\"property-desc line-limit-length\">USB 3.0<\/span>\n                            <\/li>\n<li class=\"product-prop line-limit-length\"><span class=\"property-title\">Nom de marque:&nbsp;<\/span><span class=\"property-desc line-limit-length\">YUANRURU<\/span>\n                            <\/li>\n<li class=\"product-prop line-limit-length\"><span class=\"property-title\">Type de prise:&nbsp;<\/span><span class=\"property-desc line-limit-length\">Aucun<\/span>\n                            <\/li>\n<li class=\"product-prop line-limit-length\"><span class=\"property-title\">Ports:&nbsp;<\/span><span class=\"property-desc line-limit-length\">14<\/span>\n                            <\/li>\n<li class=\"product-prop line-limit-length\"><span class=\"property-title\">Origine:&nbsp;<\/span><span class=\"property-desc line-limit-length\">CN (Origine)<\/span>\n                            <\/li>\n<li class=\"product-prop line-limit-length\"><span class=\"property-title\">keyword5:&nbsp;<\/span><span class=\"property-desc line-limit-length\">multiple usb , usb hub 3.0 2.0<\/span>\n                            <\/li>\n<li class=\"product-prop line-limit-length\"><span class=\"property-title\">keyword4:&nbsp;<\/span><span class=\"property-desc line-limit-length\">hub usb 3.0 2.0 , multi usb , usb port , usb hab<\/span>\n                            <\/li>\n<li class=\"product-prop line-limit-length\"><span class=\"property-title\">keyword3:&nbsp;<\/span><span class=\"property-desc line-limit-length\">usb port expander , usb multiple , usb hub 2.0<\/span>\n                            <\/li>\n<li class=\"product-prop line-limit-length\"><span class=\"property-title\">keyword2:&nbsp;<\/span><span class=\"property-desc line-limit-length\">multi usb 3.0 , mini usb hub<\/span>\n                            <\/li>\n<li class=\"product-prop line-limit-length\"><span class=\"property-title\">keyword1:&nbsp;<\/span><span class=\"property-desc line-limit-length\">usb 3.0 2.0hub for pc , usb 3 hub<\/span>\n                            <\/li>\n<li class=\"product-prop line-limit-length\"><span class=\"property-title\">keyword:&nbsp;<\/span><span class=\"property-desc line-limit-length\">usb hub , usb 3.0 2.0 hub , usb hub 3.0 2.0 , usb splitter<\/span>\n                            <\/li>\n<\/ul><\/div>\n<div class=\"detailmodule_html\">\n<div class=\"detail-desc-decorate-richtext\">\n<div>\n<div><span style=\", Times, serif\"><span style=\"font-size:18px\"><strong><br \/><\/strong><\/span><\/span><img decoding=\"async\" src=\"https:\/\/ae01.alicdn.com\/kf\/He952b89eb6104601be72acfe08bed89c7.jpg?width=950&amp;height=47&amp;hash=997\"><span style=\", Times, serif\"><span style=\"font-size:18px\"><strong><br \/>Param\u00e8tres du produit :<\/strong><\/span><\/span> <span style=\", Times, serif\"><span style=\"font-size:18px\"><br \/>Norme USB : USB 2.0*3+USB 3.0*1<br \/>Interface : USB-A\/Type-c<br \/>Couleur: argent\/gris<br \/>Mat\u00e9riau : alliage d&rsquo;aluminium<br \/><\/span><\/span><img decoding=\"async\" src=\"https:\/\/ae01.alicdn.com\/kf\/Ha4b9c907a2a34c7b8dabc98c7888e570h.jpg?width=950&amp;height=47&amp;hash=997\"><br \/><img decoding=\"async\" src=\"https:\/\/ae01.alicdn.com\/kf\/S29901de8db8a46d5b8a8e9e8a74dbe87d.jpg?width=1000&amp;height=1000&amp;hash=2000\"> <img decoding=\"async\" src=\"https:\/\/ae01.alicdn.com\/kf\/S0ad9be1c1c5d4cb8826e84172d097346q.jpg?width=1000&amp;height=1000&amp;hash=2000\"> <img decoding=\"async\" src=\"https:\/\/ae01.alicdn.com\/kf\/S8c45a4231a744d9eb2a90a8fa365643bz.jpg?width=1000&amp;height=1000&amp;hash=2000\"> <img decoding=\"async\" src=\"https:\/\/ae01.alicdn.com\/kf\/S5a861098eafb444eb0109245fc37cf1fc.jpg?width=1000&amp;height=1000&amp;hash=2000\"> <img decoding=\"async\" src=\"https:\/\/ae01.alicdn.com\/kf\/S90b2bdec0ab046b1ade570caafa54707S.jpg?width=1000&amp;height=1000&amp;hash=2000\"> <img decoding=\"async\" src=\"https:\/\/ae01.alicdn.com\/kf\/Sb65dd644411a46d4a266e0ffa8c3ab99F.jpg?width=1000&amp;height=1000&amp;hash=2000\"> <img decoding=\"async\" src=\"https:\/\/ae01.alicdn.com\/kf\/S2f71f2bea1c84d85b3f53b44078360d9q.jpg?width=1000&amp;height=1000&amp;hash=2000\"> <img decoding=\"async\" src=\"https:\/\/ae01.alicdn.com\/kf\/Sae30a18b325b41b086d804ef5814d131x.jpg?width=1000&amp;height=1000&amp;hash=2000\"> <img decoding=\"async\" src=\"https:\/\/ae01.alicdn.com\/kf\/Sda9a924c8db242d5a830af44fbfa0f7dl.jpg?width=1000&amp;height=1000&amp;hash=2000\"><\/div>\n<div>&nbsp;<\/div>\n<\/div>\n<p style=\"text-align:left;margin:0px;margin-bottom:0px;margin-top:0px;margin-left:0px;margin-right:0px\" align=\"left\">DIRECTIONS D&rsquo;ACHAT<br \/>1.D\u00e9lai de livraison :<br \/>(1).D\u00e9lai de r\u00e9ception = D\u00e9lai de traitement + D\u00e9lai de livraison<br \/>(2).Temps de traitement : environ 1 \u00e0 7 jours<br \/>(3).D\u00e9lai de livraison : 15 \u00e0 60 jours par post.3 \u00e0 10 jours ouvrables par express rapide.<br \/>2.Avis d&rsquo;exp\u00e9dition :<br \/>(1).Tous les produits seront strictement v\u00e9rifi\u00e9s avant exp\u00e9dition.Nous exp\u00e9dions uniquement \u00e0 l&rsquo;adresse d&rsquo;Aliexpress.<br \/>Veuillez vous assurer que votre adresse sur Aliexpress correspond \u00e0 votre adresse de livraison avant de payer. Et l&rsquo;acheteur russe, veuillez nous laisser votre nom complet, ce qui est tr\u00e8s important.Merci!<br \/>(2).Nous garantissons l&rsquo;exp\u00e9dition dans les 7 jours apr\u00e8s la confirmation du paiement (sauf jours f\u00e9ri\u00e9s).<br \/>En cas de situation inattendue, nous vous contacterons dans les plus brefs d\u00e9lais et suivrons de pr\u00e8s pour exp\u00e9dier votre commande rapidement.<br \/>(3).Veuillez nous contacter d\u00e8s que possible si le colis n&rsquo;est pas livr\u00e9 dans les 60 jours<br \/>mais nous ne pouvons pas garantir le d\u00e9lai de livraison pour toutes les exp\u00e9ditions internationales en raison des diff\u00e9rences de<br \/>d\u00e9lais de d\u00e9douanement dans chaque pays, ce qui peut affecter la rapidit\u00e9 avec laquelle votre produit est inspect\u00e9.<br \/>3.Paiements :<br \/>(1).Les droits, taxes et frais d&rsquo;importation ne sont pas inclus dans le prix de l&rsquo;article ou les frais d&rsquo;exp\u00e9dition. Ces frais sont \u00e0 la charge de l&rsquo;acheteur.<br \/>(2).Veuillez v\u00e9rifier aupr\u00e8s du bureau de douane de votre pays pour d\u00e9terminer quels seront ces co\u00fbts suppl\u00e9mentaires avant d&rsquo;ench\u00e9rir.<br \/>4.Commentaires :<br \/>(1).Vos commentaires sont tr\u00e8s importants pour nous et tous les acheteurs.<br \/>Veuillez prendre quelques secondes pour laisser un excellent commentaire si vous \u00eates satisfait de notre produit et service.(2).Veuillez nous contacter avant de laisser un commentaire neutre (3 \u00e9toiles) ou n\u00e9gatif (1 \u00e0 2 \u00e9toiles).<br \/>Nous ferons de notre mieux pour r\u00e9soudre le probl\u00e8me et vous laisser un bon shopping ici.Merci.<br \/>5.Retours et remboursements :<br \/>Si vous n&rsquo;\u00eates pas 100 % satisfait de la qualit\u00e9 des produits que vous avez achet\u00e9s, vous pouvez retourner ou \u00e9changer vos articles dans les 7 jours \u00e0 compter de la date de livraison.(1).Articles re\u00e7us dans les 7 jours suivant la date de livraison.<br \/>(2).Articles re\u00e7us inutilis\u00e9s, intacts et dans leur emballage d&rsquo;origine.<br \/>(3).Les frais d&rsquo;exp\u00e9dition de retour sont pay\u00e9s par l&rsquo;acheteur.<br \/>6.Aucun remboursement ni retour :<br \/>(1).Produit pr\u00e9sentant certains dommages dus \u00e0 un fonctionnement incorrect.<br \/>(2).Produits lav\u00e9s et port\u00e9s ;<br \/>En pratiquement, nous ne recommandons aucun retour en raison des frais d&rsquo;exp\u00e9dition \u00e9lev\u00e9s. Veuillez lire toute la description fournie \u00e0 titre indicatif avant de commander.<\/p>\n<\/div>\n<\/div>","protected":false},"excerpt":{"rendered":"<p>Produit chimique \u00e0 haute pr\u00e9occupation:&nbsp;Aucun Longueur:&nbsp;15 cm Paquet:&nbsp;Oui Num\u00e9ro de Mod\u00e8le:&nbsp;HUB 4 USB 3.0 2.0 Fonction:&nbsp;Aucun Standard:&nbsp;USB 3.0 Ports:&nbsp;4 Type D&#039;interface:&nbsp;USB 3.0 Nom de marque:&nbsp;YUANRURU Type de prise:&nbsp;Aucun Ports:&nbsp;14 Origine:&nbsp;CN (Origine) keyword5:&nbsp;multiple usb , usb hub 3.0 2.0 keyword4:&nbsp;hub usb 3.0 2.0 , multi usb , usb port , usb hab keyword3:&nbsp;usb port expander ,&hellip;<\/p>","protected":false},"featured_media":5992,"comment_status":"open","ping_status":"closed","template":"","meta":[],"product_brand":[],"product_cat":[809,810,812,290],"product_tag":[],"class_list":{"0":"post-5990","1":"product","2":"type-product","3":"status-publish","4":"has-post-thumbnail","6":"product_cat-adaptateur-usb","7":"product_cat-computer-office","8":"product_cat-computer-peripherals","9":"product_cat-informatique","11":"first","12":"instock","13":"taxable","14":"shipping-taxable","15":"purchasable","16":"product-type-variable"},"_links":{"self":[{"href":"https:\/\/www.innovatingbytes.com\/en\/wp-json\/wp\/v2\/product\/5990","targetHints":{"allow":["GET"]}}],"collection":[{"href":"https:\/\/www.innovatingbytes.com\/en\/wp-json\/wp\/v2\/product"}],"about":[{"href":"https:\/\/www.innovatingbytes.com\/en\/wp-json\/wp\/v2\/types\/product"}],"replies":[{"embeddable":true,"href":"https:\/\/www.innovatingbytes.com\/en\/wp-json\/wp\/v2\/comments?post=5990"}],"version-history":[{"count":0,"href":"https:\/\/www.innovatingbytes.com\/en\/wp-json\/wp\/v2\/product\/5990\/revisions"}],"wp:featuredmedia":[{"embeddable":true,"href":"https:\/\/www.innovatingbytes.com\/en\/wp-json\/wp\/v2\/media\/5992"}],"wp:attachment":[{"href":"https:\/\/www.innovatingbytes.com\/en\/wp-json\/wp\/v2\/media?parent=5990"}],"wp:term":[{"taxonomy":"product_brand","embeddable":true,"href":"https:\/\/www.innovatingbytes.com\/en\/wp-json\/wp\/v2\/product_brand?post=5990"},{"taxonomy":"product_cat","embeddable":true,"href":"https:\/\/www.innovatingbytes.com\/en\/wp-json\/wp\/v2\/product_cat?post=5990"},{"taxonomy":"product_tag","embeddable":true,"href":"https:\/\/www.innovatingbytes.com\/en\/wp-json\/wp\/v2\/product_tag?post=5990"}],"curies":[{"name":"wp","href":"https:\/\/api.w.org\/{rel}","templated":true}]}}