{"id":5954,"date":"2025-11-18T15:16:31","date_gmt":"2025-11-18T14:16:31","guid":{"rendered":"https:\/\/www.innovatingbytes.com\/product\/ram-ddr3-crucial-dektop-4-go-8-go-1333-mhz-1600-mhz-memoire-dimm-pc3-12800-ram-pc\/"},"modified":"2026-04-08T06:58:47","modified_gmt":"2026-04-08T04:58:47","slug":"ram-ddr3-crucial-dektop-4-go-8-go-1333-mhz-1600-mhz-memoire-dimm-pc3-12800-ram-pc","status":"publish","type":"product","link":"https:\/\/www.innovatingbytes.com\/en\/product\/ram-ddr3-crucial-dektop-4-go-8-go-1333-mhz-1600-mhz-memoire-dimm-pc3-12800-ram-pc\/","title":{"rendered":"RAM DDR3 Crucial Dektop 4 Go 8 Go 1333 MHz 1600 MHz M\u00e9moire DIMM PC3-12800 RAM PC"},"content":{"rendered":"<div class=\"product-specs-list-container\">\n<ul class=\"product-specs-list util-clearfix\">\n<li class=\"product-prop line-limit-length\"><span class=\"property-title\">Produit chimique \u00e0 haute pr\u00e9occupation:&nbsp;<\/span><span class=\"property-desc line-limit-length\">Aucun<\/span>\n                            <\/li>\n<li class=\"product-prop line-limit-length\"><span class=\"property-title\">RVB:&nbsp;<\/span><span class=\"property-desc line-limit-length\">Non<\/span>\n                            <\/li>\n<li class=\"product-prop line-limit-length\"><span class=\"property-title\">Aileron de refroidissement:&nbsp;<\/span><span class=\"property-desc line-limit-length\">Non<\/span>\n                            <\/li>\n<li class=\"product-prop line-limit-length\"><span class=\"property-title\">Fr\u00e9quence de m\u00e9moire:&nbsp;<\/span><span class=\"property-desc line-limit-length\">1600 MHz<\/span>\n                            <\/li>\n<li class=\"product-prop line-limit-length\"><span class=\"property-title\">Paquet:&nbsp;<\/span><span class=\"property-desc line-limit-length\">Oui<\/span>\n                            <\/li>\n<li class=\"product-prop line-limit-length\"><span class=\"property-title\">Fr\u00e9quence:&nbsp;<\/span><span class=\"property-desc line-limit-length\">1600MHz<\/span>\n                            <\/li>\n<li class=\"product-prop line-limit-length\"><span class=\"property-title\">Application:&nbsp;<\/span><span class=\"property-desc line-limit-length\">Bureau<\/span>\n                            <\/li>\n<li class=\"product-prop line-limit-length\"><span class=\"property-title\">Nom de marque:&nbsp;<\/span><span class=\"property-desc line-limit-length\">crucial<\/span>\n                            <\/li>\n<li class=\"product-prop line-limit-length\"><span class=\"property-title\">Origine:&nbsp;<\/span><span class=\"property-desc line-limit-length\">CN (Origine)<\/span>\n                            <\/li>\n<li class=\"product-prop line-limit-length\"><span class=\"property-title\">Type:&nbsp;<\/span><span class=\"property-desc line-limit-length\">DDR3 DIMM Desktop memory,8GB 1600MHZ,PC RAM<\/span>\n                            <\/li>\n<\/ul><\/div>\n<div class=\"detailmodule_html\">\n<div class=\"detail-desc-decorate-richtext\">\n<div class=\"detailmodule_html\">\n<div class=\"detail-desc-decorate-richtext\">\n<div id=\"tl_1\">\n   100% nouvelles puces. Garantie de haute qualit&eacute;.Test&eacute; fonctionne parfaitement avant l&rsquo;exp&eacute;dition. <\/p>\n<p>Type: m&eacute;moire de bureau DDR3 DIMM<br \/>\n   <br \/>Fonction : Non-ECC<br \/>\n   <br \/>Fr&eacute;quence : 1333\/1600Mhz<br \/>\n   <br \/>Sp&eacute;cifications du module : 240 broches<br \/>\n   <br \/>Capacit&eacute; m&eacute;moire : 4 Go 8 Go<br \/>\n   <br \/>Tension m&eacute;moire : 1,5 V <\/p>\n<p>REMARQUE : <\/p>\n<p>1.Avant de commander, assurez-vous que la RAM est compatible avec votre carte m&egrave;re\/CPU. <\/p>\n<p>2. Si vous avez des questions, n&rsquo;h&eacute;sitez pas &agrave; nous contacter, notre service client professionnel le r&eacute;soudra pour vous.\n  <\/p><\/div>\n<p style=\"text-align:left;margin:0px;margin-bottom:0px;margin-top:0px;margin-left:0px;margin-right:0px\" align=\"left\"><img decoding=\"async\" src=\"https:\/\/ae01.alicdn.com\/kf\/Sf7ac40de47e0424b977b2a3401a62f449.jpg?width=1464&amp;height=543&amp;hash=2007\" \/><img decoding=\"async\" src=\"https:\/\/ae01.alicdn.com\/kf\/S66f8bd3c36e84338a4a5cd68615128bct.jpg?width=1464&amp;height=546&amp;hash=2010\" \/><img decoding=\"async\" src=\"https:\/\/ae01.alicdn.com\/kf\/Sa73add8027b14e6f95160294cdec9315p.jpg?width=1000&amp;height=1000&amp;hash=2000\" \/><\/p>\n<\/p><\/div>\n<\/div>\n<p><\/div>\n<\/div>","protected":false},"excerpt":{"rendered":"<p>Produit chimique \u00e0 haute pr\u00e9occupation:&nbsp;Aucun RVB:&nbsp;Non Aileron de refroidissement:&nbsp;Non Fr\u00e9quence de m\u00e9moire:&nbsp;1600 MHz Paquet:&nbsp;Oui Fr\u00e9quence:&nbsp;1600MHz Application:&nbsp;Bureau Nom de marque:&nbsp;crucial Origine:&nbsp;CN (Origine) Type:&nbsp;DDR3 DIMM Desktop memory,8GB 1600MHZ,PC RAM 100% nouvelles puces. Garantie de haute qualit&eacute;.Test&eacute; fonctionne parfaitement avant l&rsquo;exp&eacute;dition. Type: m&eacute;moire de bureau DDR3 DIMM Fonction : Non-ECC Fr&eacute;quence : 1333\/1600Mhz Sp&eacute;cifications du module : 240&hellip;<\/p>","protected":false},"featured_media":5955,"comment_status":"open","ping_status":"closed","template":"","meta":[],"product_brand":[],"product_cat":[810,815,290],"product_tag":[],"class_list":{"0":"post-5954","1":"product","2":"type-product","3":"status-publish","4":"has-post-thumbnail","6":"product_cat-computer-office","7":"product_cat-computer-components","8":"product_cat-informatique","10":"first","11":"instock","12":"taxable","13":"shipping-taxable","14":"purchasable","15":"product-type-variable"},"_links":{"self":[{"href":"https:\/\/www.innovatingbytes.com\/en\/wp-json\/wp\/v2\/product\/5954","targetHints":{"allow":["GET"]}}],"collection":[{"href":"https:\/\/www.innovatingbytes.com\/en\/wp-json\/wp\/v2\/product"}],"about":[{"href":"https:\/\/www.innovatingbytes.com\/en\/wp-json\/wp\/v2\/types\/product"}],"replies":[{"embeddable":true,"href":"https:\/\/www.innovatingbytes.com\/en\/wp-json\/wp\/v2\/comments?post=5954"}],"version-history":[{"count":0,"href":"https:\/\/www.innovatingbytes.com\/en\/wp-json\/wp\/v2\/product\/5954\/revisions"}],"wp:featuredmedia":[{"embeddable":true,"href":"https:\/\/www.innovatingbytes.com\/en\/wp-json\/wp\/v2\/media\/5955"}],"wp:attachment":[{"href":"https:\/\/www.innovatingbytes.com\/en\/wp-json\/wp\/v2\/media?parent=5954"}],"wp:term":[{"taxonomy":"product_brand","embeddable":true,"href":"https:\/\/www.innovatingbytes.com\/en\/wp-json\/wp\/v2\/product_brand?post=5954"},{"taxonomy":"product_cat","embeddable":true,"href":"https:\/\/www.innovatingbytes.com\/en\/wp-json\/wp\/v2\/product_cat?post=5954"},{"taxonomy":"product_tag","embeddable":true,"href":"https:\/\/www.innovatingbytes.com\/en\/wp-json\/wp\/v2\/product_tag?post=5954"}],"curies":[{"name":"wp","href":"https:\/\/api.w.org\/{rel}","templated":true}]}}