{"id":5361,"date":"2025-11-07T15:40:24","date_gmt":"2025-11-07T14:40:24","guid":{"rendered":"https:\/\/www.innovatingbytes.com\/product\/3-modes-chien-collier-de-charge-lumineux-led-usb\/"},"modified":"2026-04-09T06:54:30","modified_gmt":"2026-04-09T04:54:30","slug":"3-modes-chien-collier-de-charge-lumineux-led-usb","status":"publish","type":"product","link":"https:\/\/www.innovatingbytes.com\/en\/product\/3-modes-chien-collier-de-charge-lumineux-led-usb\/","title":{"rendered":"3 Modes Usb Led Lighted Dog Charging Collar"},"content":{"rendered":"\n<div class=\"product-specs-list-container\">\n<ul class=\"product-specs-list util-clearfix\">\n<li class=\"product-prop line-limit-length\"><span\n                                        class=\"property-title\">Lifestage:&nbsp;<\/span><span\n                                        class=\"property-desc line-limit-length\">Toutes les \u00e9tapes<\/span>\n                            <\/li>\n<li class=\"product-prop line-limit-length\"><span\n                                        class=\"property-title\">Produit chimique \u00e0 haute pr\u00e9occupation:&nbsp;<\/span><span\n                                        class=\"property-desc line-limit-length\">Aucun<\/span>\n                            <\/li>\n<li class=\"product-prop line-limit-length\"><span\n                                        class=\"property-title\">Type de collier:&nbsp;<\/span><span\n                                        class=\"property-desc line-limit-length\">Colliers de base<\/span>\n                            <\/li>\n<li class=\"product-prop line-limit-length\"><span\n                                        class=\"property-title\">Est dispositif intelligent:&nbsp;<\/span><span\n                                        class=\"property-desc line-limit-length\">Non<\/span>\n                            <\/li>\n<li class=\"product-prop line-limit-length\"><span\n                                        class=\"property-title\">Personnalis\u00e9:&nbsp;<\/span><span\n                                        class=\"property-desc line-limit-length\">Non<\/span>\n                            <\/li>\n<li class=\"product-prop line-limit-length\"><span\n                                        class=\"property-title\">Caract\u00e9ristique:&nbsp;<\/span><span\n                                        class=\"property-desc line-limit-length\">Lib\u00e9ration rapide<\/span>\n                            <\/li>\n<li class=\"product-prop line-limit-length\"><span\n                                        class=\"property-title\">Saison:&nbsp;<\/span><span\n                                        class=\"property-desc line-limit-length\">Toutes les saisons<\/span>\n                            <\/li>\n<li class=\"product-prop line-limit-length\"><span\n                                        class=\"property-title\">Mat\u00e9riau:&nbsp;<\/span><span\n                                        class=\"property-desc line-limit-length\">nylon<\/span>\n                            <\/li>\n<li class=\"product-prop line-limit-length\"><span\n                                        class=\"property-title\">Type:&nbsp;<\/span><span\n                                        class=\"property-desc line-limit-length\">COLLIERS<\/span>\n                            <\/li>\n<li class=\"product-prop line-limit-length\"><span\n                                        class=\"property-title\">Nom de marque:&nbsp;<\/span><span\n                                        class=\"property-desc line-limit-length\">COOYOMOO<\/span>\n                            <\/li>\n<li class=\"product-prop line-limit-length\"><span\n                                        class=\"property-title\">Origine:&nbsp;<\/span><span\n                                        class=\"property-desc line-limit-length\">CN (Origine)<\/span>\n                            <\/li>\n<li class=\"product-prop line-limit-length\"><span\n                                        class=\"property-title\">CN:&nbsp;<\/span><span\n                                        class=\"property-desc line-limit-length\">Guangdong<\/span>\n                            <\/li>\n<li class=\"product-prop line-limit-length\"><span\n                                        class=\"property-title\">Type de Motif:&nbsp;<\/span><span\n                                        class=\"property-desc line-limit-length\">Solide<\/span>\n                            <\/li>\n<li class=\"product-prop line-limit-length\"><span\n                                        class=\"property-title\">Type:&nbsp;<\/span><span\n                                        class=\"property-desc line-limit-length\">Chiens<\/span>\n                            <\/li>\n<\/ul><\/div>\n<div class=\"detailmodule_html\">\n<div class=\"detail-desc-decorate-richtext\">\n<div class=\"detailmodule_html\">\n<div class=\"detail-desc-decorate-richtext\">\n<div><span style=\"font-size:20px\"><strong><br \/>Colliers lumineux Led pour chien, chargement Usb, r\u00e9glable, Anti-perte\/\u00e9viter les accidents de voiture, veilleuse de s\u00e9curit\u00e9, collier pour chiens, acc\u00e8s pour animaux de compagnie<\/strong><\/span><\/div>\n<div>\n<div>\n<div>\n<div><span style=\"font-size:20px\"><br \/>Description du produit :<\/span><\/div>\n<\/div>\n<div>\n<p style=\"font-family:OpenSans;font-size:14px;font-weight:300;line-height:20px;white-space:pre-wrap;color:rgb(0, 0, 0);margin-bottom:12px\" class=\"detail-desc-decorate-content\"><span style=\"font-size:20px\">Il existe deux versions de colliers LED.<br \/>1. version de chargement USB<br \/>Une fois que la lumi\u00e8re s&rsquo;affaiblit, la charge aidera<br \/>Am\u00e9liorer la dur\u00e9e de vie de la batterie<br \/>2.Version pile bouton<br \/>Remplacez la pile bouton lorsque l&rsquo;alimentation est coup\u00e9e<br \/>Pile bouton CR2032 x 2<br \/>Veuillez choisir la version que vous souhaitez en fonction de vos besoins.(Le collier avec batterie ou le collier avec chargement USB)<\/p>\n<p>Batterie : 2 piles bouton CR2032, le produit est livr\u00e9 avec des piles, fonctionne pendant environ 30 \u00e0 40 heures, utilisation normale pendant 2-3 mois ;les batteries peuvent \u00eatre remplac\u00e9es par elles-m\u00eames et sont disponibles dans les d\u00e9panneurs, les centres commerciaux, les magasins \u00e9lectroniques, les march\u00e9s horlogers, etc.Vous pouvez contacter le service client pour acheter<br \/>Mod\u00e8le de charge : chargez pendant une demi-heure et utilisez-le pendant environ 2 \u00e0 3 heures.Il y a un c\u00e2ble de chargement USB<\/span><\/p>\n<\/div>\n<div>\n<p style=\"font-family:OpenSans;font-size:20px;font-weight:900;line-height:28px;white-space:pre-wrap;color:rgb(0, 0, 0);margin-bottom:12px\" class=\"detail-desc-decorate-title\"><span style=\"font-size:20px\">Avantages du produit :<\/span><\/p>\n<\/div>\n<div>\n<p style=\"font-family:OpenSans;font-size:14px;font-weight:300;line-height:20px;white-space:pre-wrap;color:rgb(0, 0, 0);margin-bottom:12px\" class=\"detail-desc-decorate-content\"><span style=\"font-size:20px\">Offrez de la s\u00e9curit\u00e9 \u00e0 votre chien et \u00e0 votre animal tout en sortant seul la nuit.<br \/>Rendez votre chien visible la nuit ou dans de mauvaises conditions m\u00e9t\u00e9orologiques<br \/>Aide \u00e0 assurer votre s\u00e9curit\u00e9, celle de votre chien et celle des autres animaux de compagnie lors de la marche.<br \/>Caract\u00e9ristiques : lumineux, anti-perte, \u00e9tanche, utilisation durable<\/span><\/p>\n<\/div>\n<div>\n<p style=\"font-family:OpenSans;font-size:20px;font-weight:900;line-height:28px;white-space:pre-wrap;color:rgb(0, 0, 0);margin-bottom:12px\" class=\"detail-desc-decorate-title\"><span style=\"font-size:20px\">Barre lumineuse int\u00e9gr\u00e9e pour collier de chien<\/span><\/p>\n<\/div>\n<div>\n<p style=\"font-family:OpenSans;font-size:14px;font-weight:300;line-height:20px;white-space:pre-wrap;color:rgb(0, 0, 0);margin-bottom:12px\" class=\"detail-desc-decorate-content\"><span style=\"font-size:20px\">La taille de chaque collier peut \u00eatre ajust\u00e9e librement de 8 cm<\/span><\/p>\n<\/div>\n<div><img decoding=\"async\" class=\"detail-desc-decorate-image\" src=\"https:\/\/ae01.alicdn.com\/kf\/Sb8cef76481a742eea7d6f9c2741648b8t.jpg?width=800&amp;height=800&amp;hash=1600\" slate-data-type=\"image\"> <img decoding=\"async\" src=\"https:\/\/ae01.alicdn.com\/kf\/S5bfb8bf6b8d24442a25f3acbd3368f78T.jpg?width=800&amp;height=800&amp;hash=1600\" slate-data-type=\"image\"><br \/><img decoding=\"async\" src=\"https:\/\/ae01.alicdn.com\/kf\/Sb78c1b076bde4896a29337554aedbde3H.jpg?width=800&amp;height=800&amp;hash=1600\" slate-data-type=\"image\"><img decoding=\"async\" src=\"https:\/\/ae01.alicdn.com\/kf\/S667ef3cbbee54b2eb1df60190cc6bee9k.jpg?width=800&amp;height=800&amp;hash=1600\" slate-data-type=\"image\"><br \/><img decoding=\"async\" src=\"https:\/\/ae01.alicdn.com\/kf\/S40abd6af3ad14a46986e803eaca1bde5i.jpg?width=800&amp;height=800&amp;hash=1600\" slate-data-type=\"image\"><img decoding=\"async\" src=\"https:\/\/ae01.alicdn.com\/kf\/S7499285e2dda4f8c843454a8fab0bb05x.jpg?width=800&amp;height=800&amp;hash=1600\" slate-data-type=\"image\"><\/div>\n<div>\n<div>\n<div>&nbsp;<\/div>\n<p style=\"font-size:13px;text-align:left;display:block;width:100%\" align=\"left\"><span style=\"font-size:20px\">Remarque : veuillez choisir la bonne taille avant d&rsquo;acheter!<\/span><\/p>\n<\/div>\n<\/div>\n<div><img decoding=\"async\" class=\"detail-desc-decorate-image\" src=\"https:\/\/ae01.alicdn.com\/kf\/S4ea3cb82cef94fab8f46709173df3864a.jpg?width=800&amp;height=800&amp;hash=1600\" slate-data-type=\"image\"> <img decoding=\"async\" class=\"detail-desc-decorate-image\" src=\"https:\/\/ae01.alicdn.com\/kf\/Seec73d14273e44d4bdd5fbb8f8f9af997.jpg?width=800&amp;height=800&amp;hash=1600\" slate-data-type=\"image\"> <img decoding=\"async\" class=\"detail-desc-decorate-image\" src=\"https:\/\/ae01.alicdn.com\/kf\/S27458dc2246b46dba71bf5ca2eec7a14K.jpg?width=800&amp;height=800&amp;hash=1600\" slate-data-type=\"image\"> <img decoding=\"async\" class=\"detail-desc-decorate-image\" src=\"https:\/\/ae01.alicdn.com\/kf\/Sba48560c983a48cc868a69e6948c4aafK.jpg?width=800&amp;height=800&amp;hash=1600\" slate-data-type=\"image\"><\/div>\n<div><img decoding=\"async\" class=\"detail-desc-decorate-image\" src=\"https:\/\/ae01.alicdn.com\/kf\/Sb54672fb152d4d6e95156fb5c6c85cabj.jpg?width=800&amp;height=800&amp;hash=1600\" slate-data-type=\"image\"> <img decoding=\"async\" class=\"detail-desc-decorate-image\" src=\"https:\/\/ae01.alicdn.com\/kf\/S1e961f8af91645639203c3135535d1892.jpg?width=800&amp;height=800&amp;hash=1600\" slate-data-type=\"image\"><\/div>\n<div><img decoding=\"async\" class=\"detail-desc-decorate-image\" src=\"https:\/\/ae01.alicdn.com\/kf\/S8b4a4352f809411e8fa87a6473b029278.jpg?width=800&amp;height=800&amp;hash=1600\" slate-data-type=\"image\"> <img decoding=\"async\" class=\"detail-desc-decorate-image\" src=\"https:\/\/ae01.alicdn.com\/kf\/S7fc1e1a42bf141608c2539828a1494f1Q.jpg?width=800&amp;height=800&amp;hash=1600\" slate-data-type=\"image\"> <img decoding=\"async\" class=\"detail-desc-decorate-image\" src=\"https:\/\/ae01.alicdn.com\/kf\/S8dd578ea61554b01b83a83bcfac14c99g.jpg?width=800&amp;height=800&amp;hash=1600\" slate-data-type=\"image\"> <img decoding=\"async\" class=\"detail-desc-decorate-image\" src=\"https:\/\/ae01.alicdn.com\/kf\/S1a74f49662664051af341b560a5cebf8L.jpg?width=800&amp;height=800&amp;hash=1600\" slate-data-type=\"image\"> <img decoding=\"async\" class=\"detail-desc-decorate-image\" src=\"https:\/\/ae01.alicdn.com\/kf\/S484aaf72fd67482d9ae66caf25b79d2fi.jpg?width=800&amp;height=800&amp;hash=1600\" slate-data-type=\"image\"><\/div>\n<div>\n<p style=\"font-family:OpenSans;font-size:20px;font-weight:900;line-height:28px;white-space:pre-wrap;color:rgb(0, 0, 0);margin-bottom:12px\" class=\"detail-desc-decorate-title\"><span style=\"font-size:20px\">fonctionnalit\u00e9 :<\/span><\/p>\n<\/div>\n<div>\n<p style=\"font-family:OpenSans;font-size:14px;font-weight:300;line-height:20px;white-space:pre-wrap;color:rgb(0, 0, 0);margin-bottom:12px\" class=\"detail-desc-decorate-content\"><span style=\"font-size:20px\">Trois modes flash<br \/>Cliquez d&rsquo;abord sur_flash<br \/>Deuxi\u00e8me clic_flash lent<br \/>Troisi\u00e8me clic_Lumi\u00e8re longue<br \/>(Vous pouvez changer le mod\u00e8le via le bouton marche\/arr\u00eat)<br \/>Entre diff\u00e9rentes couleurs : le jaune et l&rsquo;orange ont une luminosit\u00e9 \u00e9lev\u00e9e<\/span><\/p>\n<\/div>\n<div><img decoding=\"async\" class=\"detail-desc-decorate-image\" src=\"https:\/\/ae01.alicdn.com\/kf\/S71509c05a7504b4bb6ff54a0fcdf5b53R.jpg?width=800&amp;height=800&amp;hash=1600\" slate-data-type=\"image\"> <img decoding=\"async\" class=\"detail-desc-decorate-image\" src=\"https:\/\/ae01.alicdn.com\/kf\/S2c4f3af52c754cb480eafc4bc23807ebA.jpg?width=800&amp;height=800&amp;hash=1600\" slate-data-type=\"image\"> <img decoding=\"async\" class=\"detail-desc-decorate-image\" src=\"https:\/\/ae01.alicdn.com\/kf\/Se3716845d40a4807934f23a4586f36d9L.jpg?width=800&amp;height=800&amp;hash=1600\" slate-data-type=\"image\"> <img decoding=\"async\" class=\"detail-desc-decorate-image\" src=\"https:\/\/ae01.alicdn.com\/kf\/S8ed38bf5982d4866b03775ec12418e23b.jpg?width=800&amp;height=800&amp;hash=1600\" slate-data-type=\"image\"> <img decoding=\"async\" class=\"detail-desc-decorate-image\" src=\"https:\/\/ae01.alicdn.com\/kf\/S126ba523e60a4a1b838e3a0c8691c098q.jpg?width=800&amp;height=800&amp;hash=1600\" slate-data-type=\"image\"> <img decoding=\"async\" class=\"detail-desc-decorate-image\" src=\"https:\/\/ae01.alicdn.com\/kf\/S2dbe8242071d4f978c377a3c134c061fL.jpg?width=800&amp;height=800&amp;hash=1600\" slate-data-type=\"image\"><\/div>\n<div><img decoding=\"async\" class=\"detail-desc-decorate-image\" src=\"https:\/\/ae01.alicdn.com\/kf\/S982287a0c3aa47bbb680948faea0efe21.jpg?width=800&amp;height=800&amp;hash=1600\" slate-data-type=\"image\"> <img decoding=\"async\" class=\"detail-desc-decorate-image\" src=\"https:\/\/ae01.alicdn.com\/kf\/Sdbb318f2a84048d982fd363c1c5ff308u.jpg?width=800&amp;height=800&amp;hash=1600\" slate-data-type=\"image\"><\/div>\n<div>\n<p style=\"font-family:OpenSans;font-size:20px;font-weight:900;line-height:28px;white-space:pre-wrap;color:rgb(0, 0, 0);margin-bottom:12px\" class=\"detail-desc-decorate-title\"><span style=\"font-size:20px\">[\u00c0 propos des commentaires]<\/span><\/p>\n<\/div>\n<div>\n<p style=\"font-family:OpenSans;font-size:14px;font-weight:300;line-height:20px;white-space:pre-wrap;color:rgb(0, 0, 0);margin-bottom:12px\" class=\"detail-desc-decorate-content\"><span style=\"font-size:20px\">Nous fournissons un service de qualit\u00e9 et une assurance qualit\u00e9.Si vous \u00eates satisfait de nos produits et services, j&rsquo;esp\u00e8re que vous nous donnerez des commentaires positifs et laisserez un \u00e9loge 5 \u00e9toiles.Si vous n&rsquo;\u00eates pas satisfait, veuillez nous contacter avant de demander un litige, et nous nous engageons \u00e0 le r\u00e9soudre pour vous.<\/span><\/p>\n<\/div>\n<div>\n<p style=\"font-family:OpenSans;font-size:20px;font-weight:900;line-height:28px;white-space:pre-wrap;color:rgb(0, 0, 0);margin-bottom:12px\" class=\"detail-desc-decorate-title\"><span style=\"font-size:20px\">[Vente en gros et transport direct]<\/span><\/p>\n<\/div>\n<div>\n<p style=\"font-family:OpenSans;font-size:14px;font-weight:300;line-height:20px;white-space:pre-wrap;color:rgb(0, 0, 0);margin-bottom:12px\" class=\"detail-desc-decorate-content\"><span style=\"font-size:20px\">Nous soutenons l&rsquo;exp\u00e9dition directe et la vente en gros, la vente en gros, n&rsquo;h\u00e9sitez pas \u00e0 nous contacter pour obtenir le meilleur prix.<\/span><\/p>\n<\/div>\n<div>\n<p style=\"font-family:OpenSans;font-size:20px;font-weight:900;line-height:28px;white-space:pre-wrap;color:rgb(0, 0, 0);margin-bottom:12px\" class=\"detail-desc-decorate-title\"><span style=\"font-size:20px\">\u3010\u00e0 propos des frais d&rsquo;exp\u00e9dition\u3011<\/span><\/p>\n<\/div>\n<div>\n<p style=\"font-family:OpenSans;font-size:14px;font-weight:300;line-height:20px;white-space:pre-wrap;color:rgb(0, 0, 0);margin-bottom:12px\" class=\"detail-desc-decorate-content\"><span style=\"font-size:20px\">Notre entrep\u00f4t fonctionne 24h\/24 et 7j\/7.Nous organiserons la livraison en fonction de l&rsquo;adresse fournie par l&rsquo;acheteur.Veuillez confirmer et v\u00e9rifier les informations d&rsquo;adresse que vous avez renseign\u00e9es sur AliExpress.Nous vous livrerons le colis dans les plus brefs d\u00e9lais.Il n&rsquo;est pas sous notre contr\u00f4le apr\u00e8s la livraison, veuillez attendre patiemment<br \/>Si vous n&rsquo;avez pas re\u00e7u votre article dans les 60 jours, veuillez nous contacter. Nous v\u00e9rifierons pour vous.<\/span><\/p>\n<\/div>\n<div>&nbsp;<\/div>\n<\/div>\n<\/div>\n<\/div>\n<\/div>\n<p><\/div>\n<\/div>\n","protected":false},"excerpt":{"rendered":"<p>Lifestage:&nbsp;Toutes les \u00e9tapes Produit chimique \u00e0 haute pr\u00e9occupation:&nbsp;Aucun Type de collier:&nbsp;Colliers de base Est dispositif intelligent:&nbsp;Non Personnalis\u00e9:&nbsp;Non Caract\u00e9ristique:&nbsp;Lib\u00e9ration rapide Saison:&nbsp;Toutes les saisons Mat\u00e9riau:&nbsp;nylon Type:&nbsp;COLLIERS Nom de marque:&nbsp;COOYOMOO Origine:&nbsp;CN (Origine) CN:&nbsp;Guangdong Type de Motif:&nbsp;Solide Type:&nbsp;Chiens Colliers lumineux Led pour chien, chargement Usb, r\u00e9glable, Anti-perte\/\u00e9viter les accidents de voiture, veilleuse de s\u00e9curit\u00e9, collier pour chiens, acc\u00e8s pour&hellip;<\/p>","protected":false},"featured_media":5363,"comment_status":"open","ping_status":"closed","template":"","meta":[],"product_brand":[],"product_cat":[756],"product_tag":[],"class_list":{"0":"post-5361","1":"product","2":"type-product","3":"status-publish","4":"has-post-thumbnail","6":"product_cat-accessoires-chien","8":"first","9":"instock","10":"taxable","11":"shipping-taxable","12":"purchasable","13":"product-type-variable"},"_links":{"self":[{"href":"https:\/\/www.innovatingbytes.com\/en\/wp-json\/wp\/v2\/product\/5361","targetHints":{"allow":["GET"]}}],"collection":[{"href":"https:\/\/www.innovatingbytes.com\/en\/wp-json\/wp\/v2\/product"}],"about":[{"href":"https:\/\/www.innovatingbytes.com\/en\/wp-json\/wp\/v2\/types\/product"}],"replies":[{"embeddable":true,"href":"https:\/\/www.innovatingbytes.com\/en\/wp-json\/wp\/v2\/comments?post=5361"}],"version-history":[{"count":0,"href":"https:\/\/www.innovatingbytes.com\/en\/wp-json\/wp\/v2\/product\/5361\/revisions"}],"wp:featuredmedia":[{"embeddable":true,"href":"https:\/\/www.innovatingbytes.com\/en\/wp-json\/wp\/v2\/media\/5363"}],"wp:attachment":[{"href":"https:\/\/www.innovatingbytes.com\/en\/wp-json\/wp\/v2\/media?parent=5361"}],"wp:term":[{"taxonomy":"product_brand","embeddable":true,"href":"https:\/\/www.innovatingbytes.com\/en\/wp-json\/wp\/v2\/product_brand?post=5361"},{"taxonomy":"product_cat","embeddable":true,"href":"https:\/\/www.innovatingbytes.com\/en\/wp-json\/wp\/v2\/product_cat?post=5361"},{"taxonomy":"product_tag","embeddable":true,"href":"https:\/\/www.innovatingbytes.com\/en\/wp-json\/wp\/v2\/product_tag?post=5361"}],"curies":[{"name":"wp","href":"https:\/\/api.w.org\/{rel}","templated":true}]}}