{"id":5306,"date":"2025-11-07T15:39:48","date_gmt":"2025-11-07T14:39:48","guid":{"rendered":"https:\/\/www.innovatingbytes.com\/product\/collier-lumineux-led-en-pvc-pour-chien\/"},"modified":"2026-04-08T07:05:06","modified_gmt":"2026-04-08T05:05:06","slug":"collier-lumineux-led-en-pvc-pour-chien","status":"publish","type":"product","link":"https:\/\/www.innovatingbytes.com\/en\/product\/collier-lumineux-led-en-pvc-pour-chien\/","title":{"rendered":"Collier lumineux Led en PVC pour chien"},"content":{"rendered":"\n<div class=\"product-specs-list-container\">\n<ul class=\"product-specs-list util-clearfix\">\n<li class=\"product-prop line-limit-length\"><span\n                                        class=\"property-title\">Lifestage:&nbsp;<\/span><span\n                                        class=\"property-desc line-limit-length\">Toutes les \u00e9tapes<\/span>\n                            <\/li>\n<li class=\"product-prop line-limit-length\"><span\n                                        class=\"property-title\">Produit chimique \u00e0 haute pr\u00e9occupation:&nbsp;<\/span><span\n                                        class=\"property-desc line-limit-length\">Aucun<\/span>\n                            <\/li>\n<li class=\"product-prop line-limit-length\"><span\n                                        class=\"property-title\">Type de collier:&nbsp;<\/span><span\n                                        class=\"property-desc line-limit-length\">Colliers de base<\/span>\n                            <\/li>\n<li class=\"product-prop line-limit-length\"><span\n                                        class=\"property-title\">Est dispositif intelligent:&nbsp;<\/span><span\n                                        class=\"property-desc line-limit-length\">Non<\/span>\n                            <\/li>\n<li class=\"product-prop line-limit-length\"><span\n                                        class=\"property-title\">Personnalis\u00e9:&nbsp;<\/span><span\n                                        class=\"property-desc line-limit-length\">Non<\/span>\n                            <\/li>\n<li class=\"product-prop line-limit-length\"><span\n                                        class=\"property-title\">Caract\u00e9ristique:&nbsp;<\/span><span\n                                        class=\"property-desc line-limit-length\">S\u00c9PARABLE,Personnalis\u00e9,Lib\u00e9ration rapide,R\u00e9fl\u00e9chissant<\/span>\n                            <\/li>\n<li class=\"product-prop line-limit-length\"><span\n                                        class=\"property-title\">Saison:&nbsp;<\/span><span\n                                        class=\"property-desc line-limit-length\">Toutes les saisons<\/span>\n                            <\/li>\n<li class=\"product-prop line-limit-length\"><span\n                                        class=\"property-title\">Mat\u00e9riau:&nbsp;<\/span><span\n                                        class=\"property-desc line-limit-length\">PVC<\/span>\n                            <\/li>\n<li class=\"product-prop line-limit-length\"><span\n                                        class=\"property-title\">Type:&nbsp;<\/span><span\n                                        class=\"property-desc line-limit-length\">COLLIERS<\/span>\n                            <\/li>\n<li class=\"product-prop line-limit-length\"><span\n                                        class=\"property-title\">Nom de marque:&nbsp;<\/span><span\n                                        class=\"property-desc line-limit-length\">COOYOMOO<\/span>\n                            <\/li>\n<li class=\"product-prop line-limit-length\"><span\n                                        class=\"property-title\">Origine:&nbsp;<\/span><span\n                                        class=\"property-desc line-limit-length\">CN (Origine)<\/span>\n                            <\/li>\n<li class=\"product-prop line-limit-length\"><span\n                                        class=\"property-title\">CN:&nbsp;<\/span><span\n                                        class=\"property-desc line-limit-length\">Guangdong<\/span>\n                            <\/li>\n<li class=\"product-prop line-limit-length\"><span\n                                        class=\"property-title\">Type de Motif:&nbsp;<\/span><span\n                                        class=\"property-desc line-limit-length\">Solide<\/span>\n                            <\/li>\n<li class=\"product-prop line-limit-length\"><span\n                                        class=\"property-title\">Type:&nbsp;<\/span><span\n                                        class=\"property-desc line-limit-length\">Chiens<\/span>\n                            <\/li>\n<\/ul><\/div>\n<div class=\"detailmodule_html\">\n<div class=\"detail-desc-decorate-richtext\">\n<div class=\"detailmodule_html\">\n<div class=\"detail-desc-decorate-richtext\">\n<div style=\"margin:10px auto 0px;margin-bottom:0px;margin-top:10px;margin-left:auto;margin-right:auto;display:inline-block;max-width:100%\">\n<div><img decoding=\"async\" style=\"width:932px\" width=\"932px\" src=\"https:\/\/ae03.alicdn.com\/kf\/Sc1930742f2a14c129fc857037b77bd5dN.jpg\" slate-data-type=\"image\"><\/div>\n<div style=\"margin-top:-111.7%\">\n<div style=\"margin-top:0%;margin-left:0%;width:25%\"><a href=\"http:\/\/www.aliexpress.com\/item\/detail\/1005006221535346.html\" target=\"_blank\" class=\"\"><img decoding=\"async\" style=\"width:233px;height:347px\" width=\"233px\" height=\"347px\" src=\"https:\/\/ae01.alicdn.com\/kf\/Hfa31666c6ba74c5a9130e3ba1b095149h.png?width=233&amp;height=347&amp;hash=580\" slate-data-type=\"image\"><\/a><\/div>\n<div style=\"margin-top:-37.23%;margin-left:25%;width:25%\"><a href=\"http:\/\/www.aliexpress.com\/item\/detail\/1005006137156744.html\" target=\"_blank\" class=\"\"><img decoding=\"async\" style=\"width:233px;height:347px\" width=\"233px\" height=\"347px\" src=\"https:\/\/ae01.alicdn.com\/kf\/Hfa31666c6ba74c5a9130e3ba1b095149h.png?width=233&amp;height=347&amp;hash=580\" slate-data-type=\"image\"><\/a><\/div>\n<div style=\"margin-top:-37.23%;margin-left:50%;width:25%\"><a href=\"http:\/\/www.aliexpress.com\/item\/detail\/1005006141003737.html\" target=\"_blank\" class=\"\"><img decoding=\"async\" style=\"width:233px;height:347px\" width=\"233px\" height=\"347px\" src=\"https:\/\/ae01.alicdn.com\/kf\/Hfa31666c6ba74c5a9130e3ba1b095149h.png?width=233&amp;height=347&amp;hash=580\" slate-data-type=\"image\"><\/a><\/div>\n<div style=\"margin-top:-37.23%;margin-left:75%;width:25%\"><a href=\"http:\/\/www.aliexpress.com\/item\/detail\/1005005488356762.html\" target=\"_blank\" class=\"\"><img decoding=\"async\" style=\"width:233px;height:347px\" width=\"233px\" height=\"347px\" src=\"https:\/\/ae01.alicdn.com\/kf\/Hfa31666c6ba74c5a9130e3ba1b095149h.png?width=233&amp;height=347&amp;hash=580\" slate-data-type=\"image\"><\/a><\/div>\n<div style=\"margin-top:0%;margin-left:0%;width:25%\"><a href=\"http:\/\/www.aliexpress.com\/item\/detail\/1005005850595651.html\" target=\"_blank\" class=\"\"><img decoding=\"async\" style=\"width:233px;height:347px\" width=\"233px\" height=\"347px\" src=\"https:\/\/ae01.alicdn.com\/kf\/Hfa31666c6ba74c5a9130e3ba1b095149h.png?width=233&amp;height=347&amp;hash=580\" slate-data-type=\"image\"><\/a><\/div>\n<div style=\"margin-top:-37.23%;margin-left:25%;width:25%\"><a href=\"http:\/\/www.aliexpress.com\/item\/detail\/1005005859321850.html\" target=\"_blank\" class=\"\"><img decoding=\"async\" style=\"width:233px;height:347px\" width=\"233px\" height=\"347px\" src=\"https:\/\/ae01.alicdn.com\/kf\/Hfa31666c6ba74c5a9130e3ba1b095149h.png?width=233&amp;height=347&amp;hash=580\" slate-data-type=\"image\"><\/a><\/div>\n<div style=\"margin-top:-37.23%;margin-left:50%;width:25%\"><a href=\"http:\/\/www.aliexpress.com\/item\/detail\/1005005872450453.html\" target=\"_blank\" class=\"\"><img decoding=\"async\" style=\"width:233px;height:347px\" width=\"233px\" height=\"347px\" src=\"https:\/\/ae01.alicdn.com\/kf\/Hfa31666c6ba74c5a9130e3ba1b095149h.png?width=233&amp;height=347&amp;hash=580\" slate-data-type=\"image\"><\/a><\/div>\n<div style=\"margin-top:-37.23%;margin-left:75%;width:25%\"><a href=\"http:\/\/www.aliexpress.com\/item\/detail\/1005005876803492.html\" target=\"_blank\" class=\"\"><img decoding=\"async\" style=\"width:233px;height:347px\" width=\"233px\" height=\"347px\" src=\"https:\/\/ae01.alicdn.com\/kf\/Hfa31666c6ba74c5a9130e3ba1b095149h.png?width=233&amp;height=347&amp;hash=580\" slate-data-type=\"image\"><\/a><\/div>\n<div style=\"margin-top:0%;margin-left:0%;width:25%\"><a href=\"http:\/\/www.aliexpress.com\/item\/detail\/1005005885300701.html\" target=\"_blank\" class=\"\"><img decoding=\"async\" style=\"width:233px;height:347px\" width=\"233px\" height=\"347px\" src=\"https:\/\/ae01.alicdn.com\/kf\/Hfa31666c6ba74c5a9130e3ba1b095149h.png?width=233&amp;height=347&amp;hash=580\" slate-data-type=\"image\"><\/a><\/div>\n<div style=\"margin-top:-37.23%;margin-left:25%;width:25%\"><a href=\"http:\/\/www.aliexpress.com\/item\/detail\/1005005892974496.html\" target=\"_blank\" class=\"\"><img decoding=\"async\" style=\"width:233px;height:347px\" width=\"233px\" height=\"347px\" src=\"https:\/\/ae01.alicdn.com\/kf\/Hfa31666c6ba74c5a9130e3ba1b095149h.png?width=233&amp;height=347&amp;hash=580\" slate-data-type=\"image\"><\/a><\/div>\n<div style=\"margin-top:-37.23%;margin-left:50%;width:25%\"><a href=\"http:\/\/www.aliexpress.com\/item\/detail\/1005005949203368.html\" target=\"_blank\" class=\"\"><img decoding=\"async\" style=\"width:233px;height:347px\" width=\"233px\" height=\"347px\" src=\"https:\/\/ae01.alicdn.com\/kf\/Hfa31666c6ba74c5a9130e3ba1b095149h.png?width=233&amp;height=347&amp;hash=580\" slate-data-type=\"image\"><\/a><\/div>\n<div style=\"margin-top:-37.23%;margin-left:75%;width:25%\"><a href=\"http:\/\/www.aliexpress.com\/item\/detail\/1005006255843383.html\" target=\"_blank\" class=\"\"><img decoding=\"async\" style=\"width:233px;height:347px\" width=\"233px\" height=\"347px\" src=\"https:\/\/ae01.alicdn.com\/kf\/Hfa31666c6ba74c5a9130e3ba1b095149h.png?width=233&amp;height=347&amp;hash=580\" slate-data-type=\"image\"><\/a><\/div>\n<\/div>\n<\/div>\n<div>Collier lumineux Led en PVC pour chien, \u00e9tanche, pour grands, moyens et petits chiens, lumi\u00e8re Usb, s\u00e9curit\u00e9 nocturne, accessoires lumineux pour animaux de compagnie, nouvelle collection<\/p>\n<p>Description du produit :<\/p>\n<p>Le collier LED est fabriqu\u00e9 en bande PVC imperm\u00e9able + lumi\u00e8res LED.<br \/>Avantages : la sangle recouverte de PVC est r\u00e9sistante \u00e0 la salet\u00e9 et facile \u00e0 nettoyer, et la barre lumineuse \u00e9tanche int\u00e9gr\u00e9e est belle et durable.<br \/>barre lumineuse color\u00e9e, trois modes de flash, color\u00e9 et cool<\/p>\n<p>Le produit prend en charge le chargement USB, une fois que la lumi\u00e8re devient faible, le chargement vous aidera, le produit est livr\u00e9 avec un c\u00e2ble de chargement USB<br \/>Mat\u00e9riau PVC + lumi\u00e8res LED<br \/>Couleur: rouge\/bleu\/rose\/blanc\/vert\/color\u00e9<\/p>\n<p>Taille du produit plage t\u00e9lescopique r\u00e9glable 20 cm-65 cm<\/p>\n<p>La capacit\u00e9 de la batterie est de 160 mAh, la dur\u00e9e de vie normale de la batterie est de 6 \u00e0 8 heures et le temps de charge est de 1 \u00e0 2 heures.<br \/><img decoding=\"async\" style=\"width:1000px\" width=\"1000px\" src=\"https:\/\/ae01.alicdn.com\/kf\/S807969348b9642cdbe1501e1678f68642.jpg?width=960&amp;height=600&amp;hash=1560\" slate-data-type=\"image\"> <img decoding=\"async\" style=\"width:1000px\" width=\"1000px\" src=\"https:\/\/ae01.alicdn.com\/kf\/Sbe42dd5ce9a041e2b5cd7a2bb4739ba5j.jpg?width=1200&amp;height=1200&amp;hash=2400\" slate-data-type=\"image\"> <img decoding=\"async\" style=\"width:1000px\" width=\"1000px\" src=\"https:\/\/ae01.alicdn.com\/kf\/S171b45be2c584385a8020992eb8341ceT.jpg?width=790&amp;height=496&amp;hash=1286\" slate-data-type=\"image\"> <img decoding=\"async\" style=\"width:1000px\" width=\"1000px\" src=\"https:\/\/ae01.alicdn.com\/kf\/S9bf8a51e9c9249b9acb0738eac7259c6w.jpg?width=800&amp;height=800&amp;hash=1600\" slate-data-type=\"image\"> <img decoding=\"async\" style=\"width:1000px\" width=\"1000px\" src=\"https:\/\/ae01.alicdn.com\/kf\/Sd687a0076c7a4413991c2d0518a92956p.jpg?width=790&amp;height=1131&amp;hash=1921\" slate-data-type=\"image\"> <img decoding=\"async\" style=\"width:1000px\" width=\"1000px\" src=\"https:\/\/ae01.alicdn.com\/kf\/Sfd5c0d8c850746198e0fd79f37b15cf4C.jpg?width=800&amp;height=800&amp;hash=1600\" slate-data-type=\"image\"> <img decoding=\"async\" style=\"width:1000px\" width=\"1000px\" src=\"https:\/\/ae01.alicdn.com\/kf\/Sb32104928f934ae6b5a2506141ce965fS.jpg?width=790&amp;height=1000&amp;hash=1790\" slate-data-type=\"image\"> <img decoding=\"async\" style=\"width:1000px\" width=\"1000px\" src=\"https:\/\/ae01.alicdn.com\/kf\/S1c6d4318117842899e8cb1aeff5e032cB.jpg?width=800&amp;height=800&amp;hash=1600\" slate-data-type=\"image\"> <img decoding=\"async\" style=\"width:1000px\" width=\"1000px\" src=\"https:\/\/ae01.alicdn.com\/kf\/Sa68f7710534743d7883f98382606184ad.jpg?width=790&amp;height=1173&amp;hash=1963\" slate-data-type=\"image\"> <img decoding=\"async\" style=\"width:1000px\" width=\"1000px\" src=\"https:\/\/ae01.alicdn.com\/kf\/Sc52b460e8bb74ebea147b2158c56695c8.jpg?width=798&amp;height=574&amp;hash=1372\" slate-data-type=\"image\"> <img decoding=\"async\" style=\"width:1000px\" width=\"1000px\" src=\"https:\/\/ae01.alicdn.com\/kf\/S5834a8b0faa04885b13216bf73cb197av.jpg?width=790&amp;height=1779&amp;hash=2569\" slate-data-type=\"image\"> <img decoding=\"async\" style=\"width:1000px\" width=\"1000px\" src=\"https:\/\/ae01.alicdn.com\/kf\/Sb5a34d7bcb32422aa0529a4b0113fd1ax.jpg?width=800&amp;height=800&amp;hash=1600\" slate-data-type=\"image\"> <img decoding=\"async\" style=\"width:1000px\" width=\"1000px\" src=\"https:\/\/ae01.alicdn.com\/kf\/S2cda038aae4c44ea968d4f784b3f086fU.jpg?width=800&amp;height=1120&amp;hash=1920\" slate-data-type=\"image\"> <img decoding=\"async\" style=\"width:1000px\" width=\"1000px\" src=\"https:\/\/ae01.alicdn.com\/kf\/S21608eecdfa3414abb85e43ace86f73bp.jpg?width=750&amp;height=820&amp;hash=1570\" slate-data-type=\"image\"> <img decoding=\"async\" style=\"width:1000px\" width=\"1000px\" src=\"https:\/\/ae01.alicdn.com\/kf\/Sff9c13a688e84dc6a5ed2349cbdb6678I.jpg?width=800&amp;height=800&amp;hash=1600\" slate-data-type=\"image\"> <img decoding=\"async\" style=\"width:1000px\" width=\"1000px\" src=\"https:\/\/ae01.alicdn.com\/kf\/Sba09b4f1b6f24c5bb36a75ca49b8098cZ.jpg?width=800&amp;height=800&amp;hash=1600\" slate-data-type=\"image\"> <img decoding=\"async\" style=\"width:1000px\" width=\"1000px\" src=\"https:\/\/ae01.alicdn.com\/kf\/Sff8ba23027f0414aa9be9b0cf18e9b660.jpg?width=750&amp;height=821&amp;hash=1571\" slate-data-type=\"image\"> <img decoding=\"async\" style=\"width:1000px\" width=\"1000px\" src=\"https:\/\/ae01.alicdn.com\/kf\/S48725959d1594725a2bf8aac912beb7cM.jpg?width=970&amp;height=300&amp;hash=1270\" slate-data-type=\"image\"> <img decoding=\"async\" style=\"width:1000px\" width=\"1000px\" src=\"https:\/\/ae01.alicdn.com\/kf\/Se21f90abc87d45c3931ff05764b812dad.jpg?width=970&amp;height=600&amp;hash=1570\" slate-data-type=\"image\"> <img decoding=\"async\" style=\"width:1000px\" width=\"1000px\" src=\"https:\/\/ae01.alicdn.com\/kf\/S4a8550d5d7354246aa9f6a2261f00b4bp.jpg?width=679&amp;height=679&amp;hash=1358\" slate-data-type=\"image\"> <img decoding=\"async\" style=\"width:1000px\" width=\"1000px\" src=\"https:\/\/ae01.alicdn.com\/kf\/Sc6982711a6a34bac929cfe0c795a30cdE.jpg?width=800&amp;height=800&amp;hash=1600\" slate-data-type=\"image\"> <img decoding=\"async\" style=\"width:1000px\" width=\"1000px\" src=\"https:\/\/ae01.alicdn.com\/kf\/S5b65818e3b894bc78b4cc17be47233dbz.jpg?width=800&amp;height=800&amp;hash=1600\" slate-data-type=\"image\"> <img decoding=\"async\" style=\"width:1000px\" width=\"1000px\" src=\"https:\/\/ae01.alicdn.com\/kf\/S665c8f8e663541f5bdd9423b4a13ffbcJ.jpg?width=800&amp;height=800&amp;hash=1600\" slate-data-type=\"image\"> <img decoding=\"async\" style=\"width:1000px\" width=\"1000px\" src=\"https:\/\/ae01.alicdn.com\/kf\/S8bd4531a5e8340faa11d77d998bc80ceg.jpg?width=800&amp;height=800&amp;hash=1600\" slate-data-type=\"image\"> <img decoding=\"async\" style=\"width:1000px\" width=\"1000px\" src=\"https:\/\/ae01.alicdn.com\/kf\/Sc631bb124d0c4999ad298c2d5f13aa73k.jpg?width=800&amp;height=800&amp;hash=1600\" slate-data-type=\"image\"><\/div>\n<div>\n<p style=\"font-family:OpenSans;font-size:20px;font-weight:900;line-height:28px;white-space:pre-wrap;color:rgb(0, 0, 0);margin-bottom:12px\" class=\"detail-desc-decorate-title\">[\u00c0 propos des commentaires]<\/p>\n<p style=\"font-family:OpenSans;font-size:14px;font-weight:300;line-height:20px;white-space:pre-wrap;color:rgb(0, 0, 0);margin-bottom:12px\" class=\"detail-desc-decorate-content\">Nous fournissons un service de qualit\u00e9 et une assurance qualit\u00e9.Si vous \u00eates satisfait de nos produits et services, j&rsquo;esp\u00e8re que vous nous donnerez des commentaires positifs et laisserez un \u00e9loge 5 \u00e9toiles.Si vous n&rsquo;\u00eates pas satisfait, veuillez nous contacter avant de demander un litige, et nous nous engageons \u00e0 le r\u00e9soudre pour vous.<\/p>\n<div><img decoding=\"async\" class=\"detail-desc-decorate-image\" src=\"https:\/\/ae01.alicdn.com\/kf\/S7eb7d409585e4c3892a903722be3576fd.jpg?width=800&amp;height=397&amp;hash=1197\" slate-data-type=\"image\"> <img decoding=\"async\" class=\"detail-desc-decorate-image\" src=\"https:\/\/ae01.alicdn.com\/kf\/Se3e9da75e37642c6ac4b3cbd79393ebeZ.jpg?width=800&amp;height=403&amp;hash=1203\" slate-data-type=\"image\"><\/div>\n<\/div>\n<div>\n<p style=\"font-family:OpenSans;font-size:16px;font-weight:bold;text-align:left;color:rgb(67, 70, 73);background-color:rgb(255, 255, 255);display:block;width:100%\" align=\"left\">[Vente en gros et transport direct]<\/p>\n<p style=\"font-family:OpenSans;font-size:13px;text-align:left;color:rgb(67, 70, 73);background-color:rgb(255, 255, 255);display:block;width:100%\" align=\"left\">Nous soutenons l&rsquo;exp\u00e9dition directe et la vente en gros, la vente en gros, n&rsquo;h\u00e9sitez pas \u00e0 nous contacter pour obtenir le meilleur prix.<\/p>\n<\/div>\n<div><img decoding=\"async\" class=\"detail-desc-decorate-image\" src=\"https:\/\/ae01.alicdn.com\/kf\/Sc1d7567f90f149fdb295404ba5c660ca9.jpg?width=800&amp;height=644&amp;hash=1444\" slate-data-type=\"image\"><\/div>\n<div>\n<p style=\"font-family:OpenSans;font-size:16px;font-weight:bold;text-align:left;color:rgb(67, 70, 73);background-color:rgb(255, 255, 255);display:block;width:100%\" align=\"left\">\u3010\u00e0 propos des frais d&rsquo;exp\u00e9dition\u3011<\/p>\n<p style=\"font-family:OpenSans;font-size:13px;text-align:left;color:rgb(67, 70, 73);background-color:rgb(255, 255, 255);display:block;width:100%\" align=\"left\">Notre entrep\u00f4t fonctionne 24h\/24 et 7j\/7.Nous organiserons la livraison en fonction de l&rsquo;adresse fournie par l&rsquo;acheteur.Veuillez confirmer et v\u00e9rifier les informations d&rsquo;adresse que vous avez renseign\u00e9es sur AliExpress.Nous vous livrerons le colis dans les plus brefs d\u00e9lais.Il n&rsquo;est pas sous notre contr\u00f4le apr\u00e8s la livraison, veuillez attendre patiemment<br \/>Si vous n&rsquo;avez pas re\u00e7u votre article dans les 60 jours, veuillez nous contacter. Nous v\u00e9rifierons pour vous.<\/p>\n<\/div>\n<div><img decoding=\"async\" style=\"margin-bottom:10px\" class=\"detail-desc-decorate-image\" src=\"https:\/\/ae01.alicdn.com\/kf\/Sc5359b7e03e245f29ed5cdaf4344cb62f.jpg?width=800&amp;height=450&amp;hash=1250\" slate-data-type=\"image\"><\/div>\n<div>\n<p style=\"font-family:OpenSans;font-size:16px;font-weight:bold;text-align:left;color:rgb(67, 70, 73);background-color:rgb(255, 255, 255);display:block;width:100%\" align=\"left\">[\u00c0 propos de COOYOMOO]<\/p>\n<p style=\"font-family:OpenSans;font-size:13px;text-align:left;color:rgb(67, 70, 73);background-color:rgb(255, 255, 255);display:block;width:100%\" align=\"left\">COOYOMOO Pet est une \u00e9quipe qui aime les animaux de compagnie. Nous avons la capacit\u00e9 de juger les besoins des animaux et de fabriquer les produits les plus adapt\u00e9s aux animaux. Il vous accompagnera tout au long de votre vie et m\u00e9ritera votre traitement sinc\u00e8re.<\/p>\n<\/div>\n<div><a href=\"http:\/\/www.aliexpress.com\/item\/1005003697524896.html?spm=5261.ProductManageOnline.0.0.43d94edfJPgtQl\" target=\"_self\" class=\"\"><img decoding=\"async\" style=\"margin-bottom:10px\" class=\"detail-desc-decorate-image\" src=\"https:\/\/ae01.alicdn.com\/kf\/S0f2fb77818f948759998929fc7d78966o.jpg?width=1200&amp;height=600&amp;hash=1800\" slate-data-type=\"image\"><\/a> <a href=\"http:\/\/www.aliexpress.com\/item\/1005004780348690.html?spm=5261.ProductManageOnline.0.0.43d94edfJPgtQl\" target=\"_self\" class=\"\"><img decoding=\"async\" style=\"margin-bottom:10px\" class=\"detail-desc-decorate-image\" src=\"https:\/\/ae01.alicdn.com\/kf\/S876f4ef4a3f6442b9466bc41ea423d72W.jpg?width=679&amp;height=679&amp;hash=1358\" slate-data-type=\"image\"><\/a><\/div>\n<div><\/div>\n<\/div>\n<\/div>\n<p><\/p>\n<\/div>\n<\/div>\n","protected":false},"excerpt":{"rendered":"<p>Lifestage:&nbsp;Toutes les \u00e9tapes Produit chimique \u00e0 haute pr\u00e9occupation:&nbsp;Aucun Type de collier:&nbsp;Colliers de base Est dispositif intelligent:&nbsp;Non Personnalis\u00e9:&nbsp;Non Caract\u00e9ristique:&nbsp;S\u00c9PARABLE,Personnalis\u00e9,Lib\u00e9ration rapide,R\u00e9fl\u00e9chissant Saison:&nbsp;Toutes les saisons Mat\u00e9riau:&nbsp;PVC Type:&nbsp;COLLIERS Nom de marque:&nbsp;COOYOMOO Origine:&nbsp;CN (Origine) CN:&nbsp;Guangdong Type de Motif:&nbsp;Solide Type:&nbsp;Chiens Collier lumineux Led en PVC pour chien, \u00e9tanche, pour grands, moyens et petits chiens, lumi\u00e8re Usb, s\u00e9curit\u00e9 nocturne, accessoires lumineux pour&hellip;<\/p>","protected":false},"featured_media":5307,"comment_status":"open","ping_status":"closed","template":"","meta":[],"product_brand":[],"product_cat":[756],"product_tag":[],"class_list":{"0":"post-5306","1":"product","2":"type-product","3":"status-publish","4":"has-post-thumbnail","6":"product_cat-accessoires-chien","8":"first","9":"instock","10":"taxable","11":"shipping-taxable","12":"purchasable","13":"product-type-variable"},"_links":{"self":[{"href":"https:\/\/www.innovatingbytes.com\/en\/wp-json\/wp\/v2\/product\/5306","targetHints":{"allow":["GET"]}}],"collection":[{"href":"https:\/\/www.innovatingbytes.com\/en\/wp-json\/wp\/v2\/product"}],"about":[{"href":"https:\/\/www.innovatingbytes.com\/en\/wp-json\/wp\/v2\/types\/product"}],"replies":[{"embeddable":true,"href":"https:\/\/www.innovatingbytes.com\/en\/wp-json\/wp\/v2\/comments?post=5306"}],"version-history":[{"count":0,"href":"https:\/\/www.innovatingbytes.com\/en\/wp-json\/wp\/v2\/product\/5306\/revisions"}],"wp:featuredmedia":[{"embeddable":true,"href":"https:\/\/www.innovatingbytes.com\/en\/wp-json\/wp\/v2\/media\/5307"}],"wp:attachment":[{"href":"https:\/\/www.innovatingbytes.com\/en\/wp-json\/wp\/v2\/media?parent=5306"}],"wp:term":[{"taxonomy":"product_brand","embeddable":true,"href":"https:\/\/www.innovatingbytes.com\/en\/wp-json\/wp\/v2\/product_brand?post=5306"},{"taxonomy":"product_cat","embeddable":true,"href":"https:\/\/www.innovatingbytes.com\/en\/wp-json\/wp\/v2\/product_cat?post=5306"},{"taxonomy":"product_tag","embeddable":true,"href":"https:\/\/www.innovatingbytes.com\/en\/wp-json\/wp\/v2\/product_tag?post=5306"}],"curies":[{"name":"wp","href":"https:\/\/api.w.org\/{rel}","templated":true}]}}