{"id":5196,"date":"2025-11-07T15:37:27","date_gmt":"2025-11-07T14:37:27","guid":{"rendered":"https:\/\/www.innovatingbytes.com\/product\/museliere-en-nylon-souple-pour-chiens-avec-boucle-de-securite\/"},"modified":"2026-04-08T06:58:47","modified_gmt":"2026-04-08T04:58:47","slug":"museliere-en-nylon-souple-pour-chiens-avec-boucle-de-securite","status":"publish","type":"product","link":"https:\/\/www.innovatingbytes.com\/en\/product\/museliere-en-nylon-souple-pour-chiens-avec-boucle-de-securite\/","title":{"rendered":"Museli\u00e8re en Nylon souple pour chiens avec boucle de s\u00e9curit\u00e9"},"content":{"rendered":"<div class=\"product-specs-list-container\">\n<ul class=\"product-specs-list util-clearfix\">\n<li class=\"product-prop line-limit-length\"><span\n                                        class=\"property-title\">Lifestage:&nbsp;<\/span><span\n                                        class=\"property-desc line-limit-length\">Toutes les \u00e9tapes<\/span>\n                            <\/li>\n<li class=\"product-prop line-limit-length\"><span\n                                        class=\"property-title\">Produit chimique \u00e0 haute pr\u00e9occupation:&nbsp;<\/span><span\n                                        class=\"property-desc line-limit-length\">Aucun<\/span>\n                            <\/li>\n<li class=\"product-prop line-limit-length\"><span\n                                        class=\"property-title\">Est dispositif intelligent:&nbsp;<\/span><span\n                                        class=\"property-desc line-limit-length\">Non<\/span>\n                            <\/li>\n<li class=\"product-prop line-limit-length\"><span\n                                        class=\"property-title\">Personnalis\u00e9:&nbsp;<\/span><span\n                                        class=\"property-desc line-limit-length\">Non<\/span>\n                            <\/li>\n<li class=\"product-prop line-limit-length\"><span\n                                        class=\"property-title\">Caract\u00e9ristique:&nbsp;<\/span><span\n                                        class=\"property-desc line-limit-length\">Lib\u00e9ration rapide<\/span>\n                            <\/li>\n<li class=\"product-prop line-limit-length\"><span\n                                        class=\"property-title\">Saison:&nbsp;<\/span><span\n                                        class=\"property-desc line-limit-length\">Toutes les saisons<\/span>\n                            <\/li>\n<li class=\"product-prop line-limit-length\"><span\n                                        class=\"property-title\">Mat\u00e9riau:&nbsp;<\/span><span\n                                        class=\"property-desc line-limit-length\">nylon<\/span>\n                            <\/li>\n<li class=\"product-prop line-limit-length\"><span\n                                        class=\"property-title\">Type:&nbsp;<\/span><span\n                                        class=\"property-desc line-limit-length\">Dogs<\/span>\n                            <\/li>\n<li class=\"product-prop line-limit-length\"><span\n                                        class=\"property-title\">Origine:&nbsp;<\/span><span\n                                        class=\"property-desc line-limit-length\">CN (Origine)<\/span>\n                            <\/li>\n<li class=\"product-prop line-limit-length\"><span\n                                        class=\"property-title\">CN:&nbsp;<\/span><span\n                                        class=\"property-desc line-limit-length\">Hebei<\/span>\n                            <\/li>\n<li class=\"product-prop line-limit-length\"><span\n                                        class=\"property-title\">Type de Motif:&nbsp;<\/span><span\n                                        class=\"property-desc line-limit-length\">Solide<\/span>\n                            <\/li>\n<li class=\"product-prop line-limit-length\"><span\n                                        class=\"property-title\">Lifestage:&nbsp;<\/span><span\n                                        class=\"property-desc line-limit-length\">All stages<\/span>\n                            <\/li>\n<li class=\"product-prop line-limit-length\"><span\n                                        class=\"property-title\">High-concerned chemical:&nbsp;<\/span><span\n                                        class=\"property-desc line-limit-length\">None<\/span>\n                            <\/li>\n<li class=\"product-prop line-limit-length\"><span\n                                        class=\"property-title\">Is Smart Device:&nbsp;<\/span><span\n                                        class=\"property-desc line-limit-length\">No<\/span>\n                            <\/li>\n<li class=\"product-prop line-limit-length\"><span\n                                        class=\"property-title\">is_customized:&nbsp;<\/span><span\n                                        class=\"property-desc line-limit-length\">No<\/span>\n                            <\/li>\n<li class=\"product-prop line-limit-length\"><span\n                                        class=\"property-title\">Feature:&nbsp;<\/span><span\n                                        class=\"property-desc line-limit-length\">Quick Release<\/span>\n                            <\/li>\n<li class=\"product-prop line-limit-length\"><span\n                                        class=\"property-title\">Season:&nbsp;<\/span><span\n                                        class=\"property-desc line-limit-length\">all seasons<\/span>\n                            <\/li>\n<li class=\"product-prop line-limit-length\"><span\n                                        class=\"property-title\">Material:&nbsp;<\/span><span\n                                        class=\"property-desc line-limit-length\">Nylon<\/span>\n                            <\/li>\n<li class=\"product-prop line-limit-length\"><span\n                                        class=\"property-title\">Pattern Type:&nbsp;<\/span><span\n                                        class=\"property-desc line-limit-length\">Solid<\/span>\n                            <\/li>\n<\/ul><\/div>\n<div class=\"detailmodule_html\">\n<div class=\"detail-desc-decorate-richtext\">\n<div class=\"detailmodule_html\">\n<div class=\"detail-desc-decorate-richtext\">\n<div class=\"detail-desc-decorate-richtext\">\n<p style=\"text-align: left; margin: 0;\" id=\"tl_1\">Toutes les mesures ci-dessus sont prises manuellement et il est normal d&rsquo;avoir une erreur d&rsquo;environ 2 &agrave; 3 cm.<\/p>\n<p>   <img fetchpriority=\"high\" decoding=\"async\" src=\"https:\/\/ae01.alicdn.com\/kf\/Sb52abd54a55a41dfa176b4a38b6c24470.jpg\" width=\"749\" height=\"457\" \/><br \/>\n   <img decoding=\"async\" src=\"https:\/\/ae01.alicdn.com\/kf\/S2ba87087bd9e4467a5c7b9030ed84ac4w.jpg\" \/><br \/>\n   <img decoding=\"async\" src=\"https:\/\/ae01.alicdn.com\/kf\/S70af739ddc364fdeb1edd9f79fe4a4e0x.jpg\" \/><br \/>\n   <img decoding=\"async\" src=\"https:\/\/ae01.alicdn.com\/kf\/S45748dae874d41628d5297430bb023ad4.jpg\" \/><br \/>\n   <img decoding=\"async\" src=\"https:\/\/ae01.alicdn.com\/kf\/S7bf09e0330644a52af79635bc56604e7D.jpg\" \/><br \/>\n   <img decoding=\"async\" src=\"https:\/\/ae01.alicdn.com\/kf\/S9f944e70f3e149a794371411ef6e797by.jpg\" \/><br \/>\n   <img decoding=\"async\" src=\"https:\/\/ae01.alicdn.com\/kf\/S3bdb3f56865f4f409acc4d2802fc5859n.jpg\" \/>\n  <\/div>\n<div class=\"detail-desc-decorate-richtext\">\n<p style=\"text-align: left; margin: 0;\"><img decoding=\"async\" src=\"https:\/\/ae01.alicdn.com\/kf\/S2362a31583a247abbc523b2daad1d530M.jpg\" \/><img decoding=\"async\" src=\"https:\/\/ae01.alicdn.com\/kf\/S16e1c6656e7a4aa287abdfb9e7e8984ci.jpg\" \/><img decoding=\"async\" src=\"https:\/\/ae01.alicdn.com\/kf\/S9e62125eb8644bbabfbf800181c4ba1ap.jpg\" \/><\/p>\n<\/p><\/div>\n<p>&nbsp;<\/p>\n<\/p><\/div>\n<\/div>\n<\/div>\n<\/div>","protected":false},"excerpt":{"rendered":"<p>Lifestage:&nbsp;Toutes les \u00e9tapes Produit chimique \u00e0 haute pr\u00e9occupation:&nbsp;Aucun Est dispositif intelligent:&nbsp;Non Personnalis\u00e9:&nbsp;Non Caract\u00e9ristique:&nbsp;Lib\u00e9ration rapide Saison:&nbsp;Toutes les saisons Mat\u00e9riau:&nbsp;nylon Type:&nbsp;Dogs Origine:&nbsp;CN (Origine) CN:&nbsp;Hebei Type de Motif:&nbsp;Solide Lifestage:&nbsp;All stages High-concerned chemical:&nbsp;None Is Smart Device:&nbsp;No is_customized:&nbsp;No Feature:&nbsp;Quick Release Season:&nbsp;all seasons Material:&nbsp;Nylon Pattern Type:&nbsp;Solid Toutes les mesures ci-dessus sont prises manuellement et il est normal d&rsquo;avoir une erreur d&rsquo;environ&hellip;<\/p>","protected":false},"featured_media":5902,"comment_status":"open","ping_status":"closed","template":"","meta":[],"product_brand":[],"product_cat":[756],"product_tag":[],"class_list":{"0":"post-5196","1":"product","2":"type-product","3":"status-publish","4":"has-post-thumbnail","6":"product_cat-accessoires-chien","8":"first","9":"instock","10":"taxable","11":"shipping-taxable","12":"purchasable","13":"product-type-variable"},"_links":{"self":[{"href":"https:\/\/www.innovatingbytes.com\/en\/wp-json\/wp\/v2\/product\/5196","targetHints":{"allow":["GET"]}}],"collection":[{"href":"https:\/\/www.innovatingbytes.com\/en\/wp-json\/wp\/v2\/product"}],"about":[{"href":"https:\/\/www.innovatingbytes.com\/en\/wp-json\/wp\/v2\/types\/product"}],"replies":[{"embeddable":true,"href":"https:\/\/www.innovatingbytes.com\/en\/wp-json\/wp\/v2\/comments?post=5196"}],"version-history":[{"count":0,"href":"https:\/\/www.innovatingbytes.com\/en\/wp-json\/wp\/v2\/product\/5196\/revisions"}],"wp:featuredmedia":[{"embeddable":true,"href":"https:\/\/www.innovatingbytes.com\/en\/wp-json\/wp\/v2\/media\/5902"}],"wp:attachment":[{"href":"https:\/\/www.innovatingbytes.com\/en\/wp-json\/wp\/v2\/media?parent=5196"}],"wp:term":[{"taxonomy":"product_brand","embeddable":true,"href":"https:\/\/www.innovatingbytes.com\/en\/wp-json\/wp\/v2\/product_brand?post=5196"},{"taxonomy":"product_cat","embeddable":true,"href":"https:\/\/www.innovatingbytes.com\/en\/wp-json\/wp\/v2\/product_cat?post=5196"},{"taxonomy":"product_tag","embeddable":true,"href":"https:\/\/www.innovatingbytes.com\/en\/wp-json\/wp\/v2\/product_tag?post=5196"}],"curies":[{"name":"wp","href":"https:\/\/api.w.org\/{rel}","templated":true}]}}