{"id":5145,"date":"2025-11-07T13:18:07","date_gmt":"2025-11-07T12:18:07","guid":{"rendered":"https:\/\/www.innovatingbytes.com\/product\/chauffe-biberon-pour-bebe-chauffe-biberon-usb-portable-pour-voiture\/"},"modified":"2026-04-08T07:01:39","modified_gmt":"2026-04-08T05:01:39","slug":"chauffe-biberon-pour-bebe-chauffe-biberon-usb-portable-pour-voiture","status":"publish","type":"product","link":"https:\/\/www.innovatingbytes.com\/en\/product\/chauffe-biberon-pour-bebe-chauffe-biberon-usb-portable-pour-voiture\/","title":{"rendered":"Chauffe-biberon pour b\u00e9b\u00e9, chauffe-biberon USB Portable pour voiture"},"content":{"rendered":"<div class=\"product-specs-list-container\">\n<ul class=\"product-specs-list util-clearfix\">\n<li class=\"product-prop line-limit-length\"><span\n                                        class=\"property-title\">Produit chimique \u00e0 haute pr\u00e9occupation:&nbsp;<\/span><span\n                                        class=\"property-desc line-limit-length\">Aucun<\/span>\n                            <\/li>\n<li class=\"product-prop line-limit-length\"><span\n                                        class=\"property-title\">Tension:&nbsp;<\/span><span\n                                        class=\"property-desc line-limit-length\">cl\u00e9 USB<\/span>\n                            <\/li>\n<li class=\"product-prop line-limit-length\"><span\n                                        class=\"property-title\">Source D&#039;alimentation:&nbsp;<\/span><span\n                                        class=\"property-desc line-limit-length\">\u00c9lectrique<\/span>\n                            <\/li>\n<li class=\"product-prop line-limit-length\"><span\n                                        class=\"property-title\">Caract\u00e9ristique de Mat\u00e9riau:&nbsp;<\/span><span\n                                        class=\"property-desc line-limit-length\">Autres<\/span>\n                            <\/li>\n<li class=\"product-prop line-limit-length\"><span\n                                        class=\"property-title\">Num\u00e9ro de Mod\u00e8le:&nbsp;<\/span><span\n                                        class=\"property-desc line-limit-length\">N-022<\/span>\n                            <\/li>\n<li class=\"product-prop line-limit-length\"><span\n                                        class=\"property-title\">Mat\u00e9riau:&nbsp;<\/span><span\n                                        class=\"property-desc line-limit-length\">les autres<\/span>\n                            <\/li>\n<li class=\"product-prop line-limit-length\"><span\n                                        class=\"property-title\">Type de prise:&nbsp;<\/span><span\n                                        class=\"property-desc line-limit-length\">autre<\/span>\n                            <\/li>\n<li class=\"product-prop line-limit-length\"><span\n                                        class=\"property-title\">Origine:&nbsp;<\/span><span\n                                        class=\"property-desc line-limit-length\">CN (Origine)<\/span>\n                            <\/li>\n<li class=\"product-prop line-limit-length\"><span\n                                        class=\"property-title\">Type:&nbsp;<\/span><span\n                                        class=\"property-desc line-limit-length\">Chauffe-biberons<\/span>\n                            <\/li>\n<li class=\"product-prop line-limit-length\"><span\n                                        class=\"property-title\">Source d&#039;\u00e9nergie:&nbsp;<\/span><span\n                                        class=\"property-desc line-limit-length\">\u00c9lectrique<\/span>\n                            <\/li>\n<li class=\"product-prop line-limit-length\"><span\n                                        class=\"property-title\">Tranche du0027\u00e2ge:&nbsp;<\/span><span\n                                        class=\"property-desc line-limit-length\">0-6m,7-12m,13-24m,25-36m<\/span>\n                            <\/li>\n<\/ul><\/div>\n<div class=\"detailmodule_html\">\n<div class=\"detail-desc-decorate-richtext\">\n<p><strong><span style=\"background-color:rgb(255, 255, 255);color:rgb(42, 43, 46);font-size:14px;font-family:&quot;PingFang SC&quot;, &quot;Segoe UI&quot;, Arial, &quot;Microsoft YaHei&quot;, \u5fae\u8f6f\u96c5\u9ed1, \u5b8b\u4f53, &quot;Malgun Gothic&quot;, sans-serif\">Veuillez utiliser un chargeur 5v2A ou une banque d&#x27;alimentation.Ce produit n&#x27;a pas de fonction de stockage de batterie.<\/span><\/strong><\/p>\n<p><strong>Sans danger pour les nourrissons<\/strong><\/p>\n<p>Con\u00e7u dans un souci de s\u00e9curit\u00e9, ce r\u00e9chaud fonctionne \u00e0 basse tension, garantissant sa s\u00e9curit\u00e9 pour une utilisation avec des biberons.<\/p>\n<p><strong>Conception compacte et l\u00e9g\u00e8re<\/strong><\/p>\n<p>Son design compact et l\u00e9ger en fait un accessoire de voyage id\u00e9al, vous permettant de r\u00e9chauffer les bouteilles sans effort lorsque vous \u00eates \u00e0 l&#x27;ext\u00e9rieur.<\/p>\n<p><strong>Facile \u00e0 utiliser<\/strong><\/p>\n<p>Avec sa conception simple plug-and-play, ce chauffe-biberon est facile \u00e0 utiliser, vous permettant d&#x27;\u00e9conomiser du temps et des efforts lors des pauses de repas.<\/p>\n<p><strong>Source d&#x27;alimentation USB portable<\/strong><\/p>\n<p>\u00c9quip\u00e9 d&#x27;une source d&#x27;alimentation USB, ce chauffe-lait pour b\u00e9b\u00e9 est parfait pour les parents en d\u00e9placement, garantissant que la nourriture de votre b\u00e9b\u00e9 est toujours \u00e0 port\u00e9e de main.<\/p>\n<p><strong>Utilisation polyvalente<\/strong><\/p>\n<p>Ce chauffe-biberon n&#x27;est pas seulement destin\u00e9 aux voitures ; il peut \u00eatre utilis\u00e9 n&#x27;importe o\u00f9 avec une prise USB, ce qui en fait un choix polyvalent pour les parents en d\u00e9placement.<\/p>\n<div><\/div>\n<p><img decoding=\"async\" width=\"792\" height=\"NaN\" src=\"https:\/\/ae01.alicdn.com\/kf\/S42b6026a6b1442fbafa41b6b0e3fcf88r.png\" slate-data-type=\"image\"\/><\/p>\n<p><img fetchpriority=\"high\" decoding=\"async\" width=\"796\" height=\"414\" src=\"https:\/\/ae01.alicdn.com\/kf\/Sb698ed87172b47b783363ebf73e8273cj.jpg\" slate-data-type=\"image\"\/><\/p>\n<p><img decoding=\"async\" src=\"https:\/\/ae01.alicdn.com\/kf\/S8d1a4fbf3b4441e59356807b0a9d0931M.jpg\" slate-data-type=\"image\"\/><img decoding=\"async\" src=\"https:\/\/ae01.alicdn.com\/kf\/Sefd860e6b46843f28c6a87dbd510742az.jpg\" slate-data-type=\"image\"\/><img decoding=\"async\" src=\"https:\/\/ae01.alicdn.com\/kf\/S0d61d77db2db485db80c127377f2e7e4u.jpg\" slate-data-type=\"image\"\/><img decoding=\"async\" src=\"https:\/\/ae01.alicdn.com\/kf\/Sd2ca8edcca6a405984cfe9820ae55345Q.jpg\" slate-data-type=\"image\"\/><img decoding=\"async\" src=\"https:\/\/ae01.alicdn.com\/kf\/Sb2b64c76cdc24d9f974bbe9e37296911B.jpg\" slate-data-type=\"image\"\/><img decoding=\"async\" src=\"https:\/\/ae01.alicdn.com\/kf\/Sb5c03fb4f788463d85529e71d48aee610.jpg\" slate-data-type=\"image\"\/><img decoding=\"async\" src=\"https:\/\/ae01.alicdn.com\/kf\/S0e40a2ec243f4db4b74aa31d0ce060e0J.jpg\" slate-data-type=\"image\"\/><img decoding=\"async\" src=\"https:\/\/ae01.alicdn.com\/kf\/S674a16e0520f4a01aea01f29054d38ebh.jpg\" slate-data-type=\"image\"\/><img decoding=\"async\" src=\"https:\/\/ae01.alicdn.com\/kf\/Sf1df244b1cbe41ca96af1144f1693995l.jpg\" slate-data-type=\"image\"\/><img decoding=\"async\" src=\"https:\/\/ae01.alicdn.com\/kf\/S4293e0e42d4e45b7b910bf683f97f600O.jpg\" slate-data-type=\"image\"\/><img decoding=\"async\" src=\"https:\/\/ae01.alicdn.com\/kf\/S4e26730c2d1348108254606fb964a41dl.jpg\" slate-data-type=\"image\"\/><img decoding=\"async\" src=\"https:\/\/ae01.alicdn.com\/kf\/S4e137cb594c2441c9d1daacc43427a9dS.jpg\" slate-data-type=\"image\"\/><img decoding=\"async\" src=\"https:\/\/ae01.alicdn.com\/kf\/S2c526294420c4b1a9f64d80ac817e7474.jpg\" slate-data-type=\"image\"\/><img decoding=\"async\" src=\"https:\/\/ae01.alicdn.com\/kf\/Sce482dc10f35417dbaf98331dc454539p.jpg\" slate-data-type=\"image\"\/><img decoding=\"async\" src=\"https:\/\/ae01.alicdn.com\/kf\/Sb799c6f004bf4393a8c1efbe4855e82fu.jpg\" slate-data-type=\"image\"\/><img decoding=\"async\" src=\"https:\/\/ae01.alicdn.com\/kf\/Se4b61e1a4a8842de80b956154d0b0e1ce.jpg\" slate-data-type=\"image\"\/><img decoding=\"async\" src=\"https:\/\/ae01.alicdn.com\/kf\/Sd88c9740163b45e89469b83ed419648e7.jpg\" slate-data-type=\"image\"\/><\/p>\n<\/div>\n<\/div>\n<p><\/p>","protected":false},"excerpt":{"rendered":"<p>Produit chimique \u00e0 haute pr\u00e9occupation:&nbsp;Aucun Tension:&nbsp;cl\u00e9 USB Source D&#039;alimentation:&nbsp;\u00c9lectrique Caract\u00e9ristique de Mat\u00e9riau:&nbsp;Autres Num\u00e9ro de Mod\u00e8le:&nbsp;N-022 Mat\u00e9riau:&nbsp;les autres Type de prise:&nbsp;autre Origine:&nbsp;CN (Origine) Type:&nbsp;Chauffe-biberons Source d&#039;\u00e9nergie:&nbsp;\u00c9lectrique Tranche du0027\u00e2ge:&nbsp;0-6m,7-12m,13-24m,25-36m Veuillez utiliser un chargeur 5v2A ou une banque d&#x27;alimentation.Ce produit n&#x27;a pas de fonction de stockage de batterie. Sans danger pour les nourrissons Con\u00e7u dans un souci de&hellip;<\/p>","protected":false},"featured_media":5146,"comment_status":"open","ping_status":"closed","template":"","meta":[],"product_brand":[],"product_cat":[748,288],"product_tag":[],"class_list":{"0":"post-5145","1":"product","2":"type-product","3":"status-publish","4":"has-post-thumbnail","6":"product_cat-bebe-accessories","7":"product_cat-gadgets","9":"first","10":"instock","11":"taxable","12":"shipping-taxable","13":"purchasable","14":"product-type-variable"},"_links":{"self":[{"href":"https:\/\/www.innovatingbytes.com\/en\/wp-json\/wp\/v2\/product\/5145","targetHints":{"allow":["GET"]}}],"collection":[{"href":"https:\/\/www.innovatingbytes.com\/en\/wp-json\/wp\/v2\/product"}],"about":[{"href":"https:\/\/www.innovatingbytes.com\/en\/wp-json\/wp\/v2\/types\/product"}],"replies":[{"embeddable":true,"href":"https:\/\/www.innovatingbytes.com\/en\/wp-json\/wp\/v2\/comments?post=5145"}],"version-history":[{"count":0,"href":"https:\/\/www.innovatingbytes.com\/en\/wp-json\/wp\/v2\/product\/5145\/revisions"}],"wp:featuredmedia":[{"embeddable":true,"href":"https:\/\/www.innovatingbytes.com\/en\/wp-json\/wp\/v2\/media\/5146"}],"wp:attachment":[{"href":"https:\/\/www.innovatingbytes.com\/en\/wp-json\/wp\/v2\/media?parent=5145"}],"wp:term":[{"taxonomy":"product_brand","embeddable":true,"href":"https:\/\/www.innovatingbytes.com\/en\/wp-json\/wp\/v2\/product_brand?post=5145"},{"taxonomy":"product_cat","embeddable":true,"href":"https:\/\/www.innovatingbytes.com\/en\/wp-json\/wp\/v2\/product_cat?post=5145"},{"taxonomy":"product_tag","embeddable":true,"href":"https:\/\/www.innovatingbytes.com\/en\/wp-json\/wp\/v2\/product_tag?post=5145"}],"curies":[{"name":"wp","href":"https:\/\/api.w.org\/{rel}","templated":true}]}}