{"id":5137,"date":"2025-11-07T13:18:03","date_gmt":"2025-11-07T12:18:03","guid":{"rendered":"https:\/\/www.innovatingbytes.com\/product\/chauffe-biberon-pour-bebe-usb-portable-pour-voiture\/"},"modified":"2026-04-08T07:06:14","modified_gmt":"2026-04-08T05:06:14","slug":"chauffe-biberon-pour-bebe-usb-portable-pour-voiture","status":"publish","type":"product","link":"https:\/\/www.innovatingbytes.com\/en\/product\/chauffe-biberon-pour-bebe-usb-portable-pour-voiture\/","title":{"rendered":"Chauffe-biberon pour b\u00e9b\u00e9, USB Portable pour voiture"},"content":{"rendered":"<div class=\"product-specs-list-container\">\n<ul class=\"product-specs-list util-clearfix\">\n<li class=\"product-prop line-limit-length\"><span\n                                        class=\"property-title\">Produit chimique \u00e0 haute pr\u00e9occupation:&nbsp;<\/span><span\n                                        class=\"property-desc line-limit-length\">Aucun<\/span>\n                            <\/li>\n<li class=\"product-prop line-limit-length\"><span\n                                        class=\"property-title\">Tension:&nbsp;<\/span><span\n                                        class=\"property-desc line-limit-length\">cl\u00e9 USB<\/span>\n                            <\/li>\n<li class=\"product-prop line-limit-length\"><span\n                                        class=\"property-title\">Temps de d\u00e9sinfection:&nbsp;<\/span><span\n                                        class=\"property-desc line-limit-length\">\/<\/span>\n                            <\/li>\n<li class=\"product-prop line-limit-length\"><span\n                                        class=\"property-title\">Source D&#039;alimentation:&nbsp;<\/span><span\n                                        class=\"property-desc line-limit-length\">\u00c9lectrique<\/span>\n                            <\/li>\n<li class=\"product-prop line-limit-length\"><span\n                                        class=\"property-title\">Caract\u00e9ristique de Mat\u00e9riau:&nbsp;<\/span><span\n                                        class=\"property-desc line-limit-length\">Autres<\/span>\n                            <\/li>\n<li class=\"product-prop line-limit-length\"><span\n                                        class=\"property-title\">Mat\u00e9riau:&nbsp;<\/span><span\n                                        class=\"property-desc line-limit-length\">P.P.<\/span>\n                            <\/li>\n<li class=\"product-prop line-limit-length\"><span\n                                        class=\"property-title\">Type de prise:&nbsp;<\/span><span\n                                        class=\"property-desc line-limit-length\">autre<\/span>\n                            <\/li>\n<li class=\"product-prop line-limit-length\"><span\n                                        class=\"property-title\">Origine:&nbsp;<\/span><span\n                                        class=\"property-desc line-limit-length\">CN (Origine)<\/span>\n                            <\/li>\n<li class=\"product-prop line-limit-length\"><span\n                                        class=\"property-title\">Type:&nbsp;<\/span><span\n                                        class=\"property-desc line-limit-length\">Chauffe-biberons<\/span>\n                            <\/li>\n<li class=\"product-prop line-limit-length\"><span\n                                        class=\"property-title\">Source d&#039;\u00e9nergie:&nbsp;<\/span><span\n                                        class=\"property-desc line-limit-length\">\u00c9lectrique<\/span>\n                            <\/li>\n<li class=\"product-prop line-limit-length\"><span\n                                        class=\"property-title\">Tranche du0027\u00e2ge:&nbsp;<\/span><span\n                                        class=\"property-desc line-limit-length\">0-6m,7-12m,13-24m,25-36m<\/span>\n                            <\/li>\n<li class=\"product-prop line-limit-length\"><span\n                                        class=\"property-title\">bottle warmer:&nbsp;<\/span><span\n                                        class=\"property-desc line-limit-length\">baby<\/span>\n                            <\/li>\n<li class=\"product-prop line-limit-length\"><span\n                                        class=\"property-title\">baby milk:&nbsp;<\/span><span\n                                        class=\"property-desc line-limit-length\">baby milk bottle<\/span>\n                            <\/li>\n<li class=\"product-prop line-limit-length\"><span\n                                        class=\"property-title\">baby accessories:&nbsp;<\/span><span\n                                        class=\"property-desc line-limit-length\">bottle steriliser<\/span>\n                            <\/li>\n<\/ul><\/div>\n<div class=\"detailmodule_html\">\n<div class=\"detail-desc-decorate-richtext\">\n<div class=\"detailmodule_html\">\n<div class=\"detail-desc-decorate-richtext\">\n<div>\n<div>\n<div style=\"font-size:18px\"><strong>Caract\u00e9ristiques :<\/strong><br \/><span style=\"background-color:white;color:rgb(255, 255, 255)\">OOTDTY<\/span><br \/>Manchon isolant portable pour bouteille de lait avec affichage num\u00e9rique, 20 niveaux de temp\u00e9rature r\u00e9glables, r\u00e9pond \u00e0 vos diff\u00e9rents besoins.<br \/>Mat\u00e9riaux PU de qualit\u00e9, confortables et respectueux de l&rsquo;environnement, respectueux de la peau, avec un bon effet isolant et une temp\u00e9rature constante durable.<br \/>Ruban auto-adh\u00e9sif r\u00e9glable pour un ajustement confortable sur la bouteille, adapt\u00e9 \u00e0 la plupart des bouteilles de lait du march\u00e9.<br \/>Alimentation USB type-c prenant en charge plusieurs m\u00e9thodes de chargement, telles que les t\u00eates de chargement, les banques d&rsquo;alimentation ou la voiture<br \/>Con\u00e7u sp\u00e9cifiquement pour les parents qui ont besoin de lait chaud pour leurs b\u00e9b\u00e9s, ce chauffe-biberon portable est un accessoire indispensable pour les parents, que ce soit \u00e0 la maison, en voyage ou \u00e0 l&rsquo;ext\u00e9rieur.<\/p>\n<p><strong>Sp\u00e9cifications :<\/strong><br \/>Mat\u00e9riel: cuir PU<br \/>Couleur : vert, rose (facultatif).<br \/>Nom : manchon isolant pour bouteille de lait \u00e0 affichage num\u00e9rique.<br \/>Fonction m\u00e9moire : dernier r\u00e9glage de la m\u00e9moire\/pas d&rsquo;op\u00e9ration r\u00e9p\u00e9t\u00e9e<br \/>Type : USB Type-C<br \/>Temp\u00e9rature de chauffage : 35\u2103~55\u2103 r\u00e9glable<br \/>Alimentation : 5 V 2 A.<\/p>\n<p><strong>Le forfait comprend :<\/strong><br \/>1x manchon isolant pour bouteille de lait \u00e0 affichage num\u00e9rique<\/p>\n<p><strong>Remarque :<\/strong><br \/>Veuillez permettre des erreurs de 1 \u00e0 2 cm en raison de la mesure manuelle.<br \/>Veuillez permettre de l\u00e9g\u00e8res diff\u00e9rences de couleur en raison de diff\u00e9rentes r\u00e9solutions d&rsquo;affichage.<\/p>\n<p><img decoding=\"async\" style=\"width:800px\" width=\"800px\" src=\"https:\/\/ae01.alicdn.com\/kf\/S69aff1aaf31e4c71a2978e15775ef2c0i.jpg\" slate-data-type=\"image\"><br \/><img decoding=\"async\" style=\"width:800px\" width=\"800px\" src=\"https:\/\/ae01.alicdn.com\/kf\/Sc8cc3e53729a410c9b0ed37c96e90585L.jpg\" slate-data-type=\"image\"><br \/><img decoding=\"async\" style=\"width:800px\" width=\"800px\" src=\"https:\/\/ae01.alicdn.com\/kf\/S75ee904445bd40bcb74aa32f9b71254bj.jpg\" slate-data-type=\"image\"><br \/><img decoding=\"async\" style=\"width:800px\" width=\"800px\" src=\"https:\/\/ae01.alicdn.com\/kf\/S60b7374c4e724c2ca968432bec6a6c83r.jpg\" slate-data-type=\"image\"><br \/><img decoding=\"async\" style=\"width:800px\" width=\"800px\" src=\"https:\/\/ae01.alicdn.com\/kf\/S82ab9c6200934bd0a92b7de5f945f2a4c.jpg\" slate-data-type=\"image\"><br \/><img decoding=\"async\" style=\"width:800px\" width=\"800px\" src=\"https:\/\/ae01.alicdn.com\/kf\/Se4435230ddda4fb58d4fd68e5237d269A.jpg\" slate-data-type=\"image\"><br \/><img decoding=\"async\" style=\"width:800px\" width=\"800px\" src=\"https:\/\/ae01.alicdn.com\/kf\/Sf93e710fafdd4852aeb6ea92a2f2d9971.jpg\" slate-data-type=\"image\"><br \/><img decoding=\"async\" style=\"width:800px\" width=\"800px\" src=\"https:\/\/ae01.alicdn.com\/kf\/Sadf2b1888445464190fe2f82c0cb5f05p.jpg\" slate-data-type=\"image\"><br \/><img decoding=\"async\" style=\"width:800px\" width=\"800px\" src=\"https:\/\/ae01.alicdn.com\/kf\/S514c5104f8824e4da513914a8fd912f0R.jpg\" slate-data-type=\"image\"><br \/><img decoding=\"async\" style=\"width:800px\" width=\"800px\" src=\"https:\/\/ae01.alicdn.com\/kf\/S24992157b07d4a2f9a03350efcb0d5a7u.jpg\" slate-data-type=\"image\"><\/div>\n<\/div>\n<\/div>\n<\/div>\n<\/div>\n<p><\/p>\n<\/div>\n<\/div>","protected":false},"excerpt":{"rendered":"<p>Produit chimique \u00e0 haute pr\u00e9occupation:&nbsp;Aucun Tension:&nbsp;cl\u00e9 USB Temps de d\u00e9sinfection:&nbsp;\/ Source D&#039;alimentation:&nbsp;\u00c9lectrique Caract\u00e9ristique de Mat\u00e9riau:&nbsp;Autres Mat\u00e9riau:&nbsp;P.P. Type de prise:&nbsp;autre Origine:&nbsp;CN (Origine) Type:&nbsp;Chauffe-biberons Source d&#039;\u00e9nergie:&nbsp;\u00c9lectrique Tranche du0027\u00e2ge:&nbsp;0-6m,7-12m,13-24m,25-36m bottle warmer:&nbsp;baby baby milk:&nbsp;baby milk bottle baby accessories:&nbsp;bottle steriliser Caract\u00e9ristiques :OOTDTYManchon isolant portable pour bouteille de lait avec affichage num\u00e9rique, 20 niveaux de temp\u00e9rature r\u00e9glables, r\u00e9pond \u00e0 vos diff\u00e9rents&hellip;<\/p>","protected":false},"featured_media":5139,"comment_status":"open","ping_status":"closed","template":"","meta":[],"product_brand":[],"product_cat":[748,288],"product_tag":[],"class_list":{"0":"post-5137","1":"product","2":"type-product","3":"status-publish","4":"has-post-thumbnail","6":"product_cat-bebe-accessories","7":"product_cat-gadgets","9":"first","10":"instock","11":"taxable","12":"shipping-taxable","13":"purchasable","14":"product-type-variable"},"_links":{"self":[{"href":"https:\/\/www.innovatingbytes.com\/en\/wp-json\/wp\/v2\/product\/5137","targetHints":{"allow":["GET"]}}],"collection":[{"href":"https:\/\/www.innovatingbytes.com\/en\/wp-json\/wp\/v2\/product"}],"about":[{"href":"https:\/\/www.innovatingbytes.com\/en\/wp-json\/wp\/v2\/types\/product"}],"replies":[{"embeddable":true,"href":"https:\/\/www.innovatingbytes.com\/en\/wp-json\/wp\/v2\/comments?post=5137"}],"version-history":[{"count":0,"href":"https:\/\/www.innovatingbytes.com\/en\/wp-json\/wp\/v2\/product\/5137\/revisions"}],"wp:featuredmedia":[{"embeddable":true,"href":"https:\/\/www.innovatingbytes.com\/en\/wp-json\/wp\/v2\/media\/5139"}],"wp:attachment":[{"href":"https:\/\/www.innovatingbytes.com\/en\/wp-json\/wp\/v2\/media?parent=5137"}],"wp:term":[{"taxonomy":"product_brand","embeddable":true,"href":"https:\/\/www.innovatingbytes.com\/en\/wp-json\/wp\/v2\/product_brand?post=5137"},{"taxonomy":"product_cat","embeddable":true,"href":"https:\/\/www.innovatingbytes.com\/en\/wp-json\/wp\/v2\/product_cat?post=5137"},{"taxonomy":"product_tag","embeddable":true,"href":"https:\/\/www.innovatingbytes.com\/en\/wp-json\/wp\/v2\/product_tag?post=5137"}],"curies":[{"name":"wp","href":"https:\/\/api.w.org\/{rel}","templated":true}]}}