{"id":5129,"date":"2025-11-07T13:17:52","date_gmt":"2025-11-07T12:17:52","guid":{"rendered":"https:\/\/www.innovatingbytes.com\/product\/aspirateur-nasal-electrique-pour-bebe\/"},"modified":"2026-04-08T07:07:55","modified_gmt":"2026-04-08T05:07:55","slug":"aspirateur-nasal-electrique-pour-bebe","status":"publish","type":"product","link":"https:\/\/www.innovatingbytes.com\/en\/product\/aspirateur-nasal-electrique-pour-bebe\/","title":{"rendered":"Aspirateur Nasal \u00e9lectrique pour b\u00e9b\u00e9"},"content":{"rendered":"<div class=\"product-specs-list-container\">\n<ul class=\"product-specs-list util-clearfix\">\n<li class=\"product-prop line-limit-length\"><span\n                                        class=\"property-title\">Produit chimique \u00e0 haute pr\u00e9occupation:&nbsp;<\/span><span\n                                        class=\"property-desc line-limit-length\">Aucun<\/span>\n                            <\/li>\n<li class=\"product-prop line-limit-length\"><span\n                                        class=\"property-title\">Num\u00e9ro de Mod\u00e8le:&nbsp;<\/span><span\n                                        class=\"property-desc line-limit-length\">BP020<\/span>\n                            <\/li>\n<li class=\"product-prop line-limit-length\"><span\n                                        class=\"property-title\">Style:&nbsp;<\/span><span\n                                        class=\"property-desc line-limit-length\">Anti-retour<\/span>\n                            <\/li>\n<li class=\"product-prop line-limit-length\"><span\n                                        class=\"property-title\">Type de Motif:&nbsp;<\/span><span\n                                        class=\"property-desc line-limit-length\">Solide<\/span>\n                            <\/li>\n<li class=\"product-prop line-limit-length\"><span\n                                        class=\"property-title\">Mat\u00e9riau:&nbsp;<\/span><span\n                                        class=\"property-desc line-limit-length\">Silicone,PP<\/span>\n                            <\/li>\n<li class=\"product-prop line-limit-length\"><span\n                                        class=\"property-title\">Nom de marque:&nbsp;<\/span><span\n                                        class=\"property-desc line-limit-length\">SLAIXIU<\/span>\n                            <\/li>\n<li class=\"product-prop line-limit-length\"><span\n                                        class=\"property-title\">Tranche du0027\u00e2ge:&nbsp;<\/span><span\n                                        class=\"property-desc line-limit-length\">7-12Y<\/span>\n                            <\/li>\n<li class=\"product-prop line-limit-length\"><span\n                                        class=\"property-title\">\u00c9lectronique:&nbsp;<\/span><span\n                                        class=\"property-desc line-limit-length\">Oui<\/span>\n                            <\/li>\n<li class=\"product-prop line-limit-length\"><span\n                                        class=\"property-title\">Origine:&nbsp;<\/span><span\n                                        class=\"property-desc line-limit-length\">CN (Origine)<\/span>\n                            <\/li>\n<li class=\"product-prop line-limit-length\"><span\n                                        class=\"property-title\">Type D&#039;article:&nbsp;<\/span><span\n                                        class=\"property-desc line-limit-length\">Aspirateur nasal<\/span>\n                            <\/li>\n<li class=\"product-prop line-limit-length\"><span\n                                        class=\"property-title\">\u00c2ge:&nbsp;<\/span><span\n                                        class=\"property-desc line-limit-length\">Babies<\/span>\n                            <\/li>\n<\/ul><\/div>\n<div class=\"detailmodule_html\">\n<div class=\"detail-desc-decorate-richtext\">\n<div class=\"detailmodule_text\">\n<p style=\"font-family:OpenSans;font-size:20px;font-weight:900;line-height:28px;white-space:pre-wrap;color:rgb(0, 0, 0);margin-bottom:12px\" class=\"detail-desc-decorate-title\"><kse:widget data-widget-type=\"customText\" id=\"4000000125752\" type=\"custom\"><\/kse:widget><\/p>\n<p style=\"font-family:OpenSans;font-size:20px;font-weight:900;line-height:28px;white-space:pre-wrap;color:rgb(0, 0, 0);margin-bottom:12px\" class=\"detail-desc-decorate-title\">\u00c0 propos de cet article<\/p>\n<p style=\"font-family:OpenSans;font-size:14px;font-weight:300;line-height:20px;white-space:pre-wrap;color:rgb(0, 0, 0);margin-bottom:12px\" class=\"detail-desc-decorate-content\">\u3010S\u00fbr et confortable\u3011 Dispositif d&rsquo;aspiration du nez de b\u00e9b\u00e9, le mat\u00e9riau est doux et flexible, en contact doux avec la surface sensible du nez de b\u00e9b\u00e9.Le paquet est livr\u00e9 avec 3 embouts r\u00e9utilisables en silicone de qualit\u00e9 alimentaire de diff\u00e9rentes tailles, adapt\u00e9s aux b\u00e9b\u00e9s d&rsquo;\u00e2ges et de conditions diff\u00e9rents.<br \/>\u3010FONCTIONNEMENT EFFICACE\u3011 L&rsquo;inhalateur pour b\u00e9b\u00e9 est con\u00e7u avec trois niveaux d&rsquo;aspiration r\u00e9glables pour rendre l&rsquo;\u00e9limination du liquide ou du mucus du nez de votre b\u00e9b\u00e9 plus facile et plus efficace.Appuyez longuement pour allumer\/\u00e9teindre, appuyez bri\u00e8vement pour mettre en pause.faisant du nez qui coule de votre b\u00e9b\u00e9 et soulagez la congestion nasale une priorit\u00e9 absolue.<br \/>\u3010Conception innovante\u3011 Forme ergonomique et \u00e9cran LCD, nous avons particuli\u00e8rement adopt\u00e9 une fonction d&rsquo;\u00e9limination de la lumi\u00e8re et de la musique sur la ventouse \u00e9lectrique, 2 niveaux de volume r\u00e9glables, tout en r\u00e9duisant le bruit, rendant le processus de nettoyage plus facile et plus rapide.Aidez votre b\u00e9b\u00e9 \u00e0 mieux dormir.<br \/>\u3010Facile \u00e0 utiliser et \u00e0 nettoyer\u3011 Les pi\u00e8ces de l&rsquo;inhalateur sont transparentes et amovibles pour un nettoyage facile en rin\u00e7ant \u00e0 l&rsquo;eau claire apr\u00e8s chaque utilisation.Ce nettoyeur de nez l\u00e9ger pour b\u00e9b\u00e9 est livr\u00e9 avec un \u00e9tui de rangement qui vous permet de ranger soigneusement l&rsquo;aspirateur de nez pour b\u00e9b\u00e9 et les embouts en silicone et de l&#8217;emporter partout avec vous.<br \/>\u3010Rechargeable par USB\u3011 Ventouse Booger rechargeable et portable pour b\u00e9b\u00e9, 120 minutes d&rsquo;utilisation apr\u00e8s une charge compl\u00e8te pour garantir qu&rsquo;elle est disponible \u00e0 tout moment lorsque vous en avez besoin, ce qui \u00e9vite les probl\u00e8mes de co\u00fbt suppl\u00e9mentaire. Attention : la ventouse nasale ne fonctionnera pas pendant la charge.<\/p>\n<\/div>\n<div class=\"detailmodule_image\"><img decoding=\"async\" class=\"detail-desc-decorate-image\" src=\"https:\/\/ae01.alicdn.com\/kf\/Sdf6cf519aaf94119b70c88e45079895f4.jpg\" slate-data-type=\"image\"><img decoding=\"async\" class=\"detail-desc-decorate-image\" src=\"https:\/\/ae01.alicdn.com\/kf\/S6d929f36512248b99727e44d043a44774.jpg\" slate-data-type=\"image\"><img decoding=\"async\" class=\"detail-desc-decorate-image\" src=\"https:\/\/ae01.alicdn.com\/kf\/S551a5b21442445929147a7691247e2f7U.jpg\" slate-data-type=\"image\"><img decoding=\"async\" class=\"detail-desc-decorate-image\" src=\"https:\/\/ae01.alicdn.com\/kf\/S6be1f511d5244fe2b45d6042293d637fL.jpg\" slate-data-type=\"image\"><img decoding=\"async\" class=\"detail-desc-decorate-image\" src=\"https:\/\/ae01.alicdn.com\/kf\/S53d958066a7a4602be698a6498316a28L.jpg\" slate-data-type=\"image\"><img decoding=\"async\" class=\"detail-desc-decorate-image\" src=\"https:\/\/ae01.alicdn.com\/kf\/Sff9ec0033e034aecb82de63259fc15b57.jpg\" slate-data-type=\"image\"><img decoding=\"async\" class=\"detail-desc-decorate-image\" src=\"https:\/\/ae01.alicdn.com\/kf\/Scf18b16ca4a849e0892c542782ef5e387.jpg\" slate-data-type=\"image\"><img decoding=\"async\" class=\"detail-desc-decorate-image\" src=\"https:\/\/ae01.alicdn.com\/kf\/S4296eecde432485db0381e429d0e45237.jpg\" slate-data-type=\"image\"><img decoding=\"async\" class=\"detail-desc-decorate-image\" src=\"https:\/\/ae01.alicdn.com\/kf\/S20a982f47b1d4b008d8200e3f2f52ac5b.jpg\" slate-data-type=\"image\"><img decoding=\"async\" class=\"detail-desc-decorate-image\" src=\"https:\/\/ae01.alicdn.com\/kf\/S8f47282c3fc64fa783f496c267266afaQ.jpg\" slate-data-type=\"image\"><\/div>\n<p><img decoding=\"async\" src=\"https:\/\/ae01.alicdn.com\/kf\/S53e0c48b846c4743b79ea54a82bd6876D.jpg\" slate-data-type=\"image\"><img decoding=\"async\" src=\"https:\/\/ae01.alicdn.com\/kf\/Sa4646891ff0a45c3a44999a81e55164bj.jpg\" slate-data-type=\"image\"><img decoding=\"async\" src=\"https:\/\/ae01.alicdn.com\/kf\/S091ab792607d4d92bb8a3cbd1cd4df456.jpg\" slate-data-type=\"image\"><\/p>\n<\/div>\n<\/div>","protected":false},"excerpt":{"rendered":"<p>Produit chimique \u00e0 haute pr\u00e9occupation:&nbsp;Aucun Num\u00e9ro de Mod\u00e8le:&nbsp;BP020 Style:&nbsp;Anti-retour Type de Motif:&nbsp;Solide Mat\u00e9riau:&nbsp;Silicone,PP Nom de marque:&nbsp;SLAIXIU Tranche du0027\u00e2ge:&nbsp;7-12Y \u00c9lectronique:&nbsp;Oui Origine:&nbsp;CN (Origine) Type D&#039;article:&nbsp;Aspirateur nasal \u00c2ge:&nbsp;Babies \u00c0 propos de cet article \u3010S\u00fbr et confortable\u3011 Dispositif d&rsquo;aspiration du nez de b\u00e9b\u00e9, le mat\u00e9riau est doux et flexible, en contact doux avec la surface sensible du nez de&hellip;<\/p>","protected":false},"featured_media":5130,"comment_status":"open","ping_status":"closed","template":"","meta":[],"product_brand":[],"product_cat":[748,288],"product_tag":[],"class_list":{"0":"post-5129","1":"product","2":"type-product","3":"status-publish","4":"has-post-thumbnail","6":"product_cat-bebe-accessories","7":"product_cat-gadgets","9":"first","10":"instock","11":"taxable","12":"shipping-taxable","13":"purchasable","14":"product-type-variable"},"_links":{"self":[{"href":"https:\/\/www.innovatingbytes.com\/en\/wp-json\/wp\/v2\/product\/5129","targetHints":{"allow":["GET"]}}],"collection":[{"href":"https:\/\/www.innovatingbytes.com\/en\/wp-json\/wp\/v2\/product"}],"about":[{"href":"https:\/\/www.innovatingbytes.com\/en\/wp-json\/wp\/v2\/types\/product"}],"replies":[{"embeddable":true,"href":"https:\/\/www.innovatingbytes.com\/en\/wp-json\/wp\/v2\/comments?post=5129"}],"version-history":[{"count":0,"href":"https:\/\/www.innovatingbytes.com\/en\/wp-json\/wp\/v2\/product\/5129\/revisions"}],"wp:featuredmedia":[{"embeddable":true,"href":"https:\/\/www.innovatingbytes.com\/en\/wp-json\/wp\/v2\/media\/5130"}],"wp:attachment":[{"href":"https:\/\/www.innovatingbytes.com\/en\/wp-json\/wp\/v2\/media?parent=5129"}],"wp:term":[{"taxonomy":"product_brand","embeddable":true,"href":"https:\/\/www.innovatingbytes.com\/en\/wp-json\/wp\/v2\/product_brand?post=5129"},{"taxonomy":"product_cat","embeddable":true,"href":"https:\/\/www.innovatingbytes.com\/en\/wp-json\/wp\/v2\/product_cat?post=5129"},{"taxonomy":"product_tag","embeddable":true,"href":"https:\/\/www.innovatingbytes.com\/en\/wp-json\/wp\/v2\/product_tag?post=5129"}],"curies":[{"name":"wp","href":"https:\/\/api.w.org\/{rel}","templated":true}]}}