{"id":5021,"date":"2025-11-06T14:31:01","date_gmt":"2025-11-06T13:31:01","guid":{"rendered":"https:\/\/www.innovatingbytes.com\/product\/detecteurs-dalarme-de-fumee-haute-sensibilite-faible-consommation-denergie-alarme-incendie-sans-fil\/"},"modified":"2026-04-09T06:53:23","modified_gmt":"2026-04-09T04:53:23","slug":"detecteurs-dalarme-de-fumee-haute-sensibilite-faible-consommation-denergie-alarme-incendie-sans-fil","status":"publish","type":"product","link":"https:\/\/www.innovatingbytes.com\/en\/product\/detecteurs-dalarme-de-fumee-haute-sensibilite-faible-consommation-denergie-alarme-incendie-sans-fil\/","title":{"rendered":"D\u00e9tecteurs d&rsquo;alarme de fum\u00e9e, haute sensibilit\u00e9, faible consommation d&rsquo;\u00e9nergie, alarme incendie sans fil"},"content":{"rendered":"<div class=\"detailmodule_html\">\n<div class=\"detail-desc-decorate-richtext\">\n<div>\n <span style=\"font-size:20px\"><strong id=\"tl_1\">&Agrave; propos de cet article<\/strong><\/span>\n<\/div>\n<div class=\"detailmodule_html\">\n<div class=\"detail-desc-decorate-richtext\">\n<ul style=\", Arial, sans-serif;font-size:14px;font-weight:400;letter-spacing:normal;text-align:start;margin:0px 0px 0px 18px;margin-bottom:0px;margin-top:0px;margin-left:18px;margin-right:0px;padding:0px;padding-bottom:0px;padding-top:0px;padding-left:0px;padding-right:0px\" class=\"a-unordered-list a-vertical a-spacing-mini\">\n<li style=\"margin:0px;margin-bottom:0px;margin-top:0px;margin-left:0px;margin-right:0px\" class=\"a-spacing-mini\">\n<p><span class=\"a-list-item\" id=\"tl_2\">Technologie avanc&eacute;e de capteur photo&eacute;lectrique : les d&eacute;tecteurs de fum&eacute;e de type photo&eacute;lectrique sont plus sensibles &agrave; l&rsquo;allumage que les d&eacute;tecteurs de fum&eacute;e de type ionique, bons pour d&eacute;tecter une combustion lente (comme les tissus d&rsquo;ameublement ou les incendies &eacute;lectriques), un taux de fausses alarmes r&eacute;duit et ont une dur&eacute;e de vie plus longue.<\/span><\/p>\n<\/li>\n<li style=\"margin:0px;margin-bottom:0px;margin-top:0px;margin-left:0px;margin-right:0px\" class=\"a-spacing-mini\">\n<p><span class=\"a-list-item\" id=\"tl_3\">\u3010LED clignotante et alarme de 85 dB\u3011 Lorsque le d&eacute;tecteur de fum&eacute;e est d&eacute;clench&eacute;, le voyant LED rouge clignote imm&eacute;diatement rapidement et &eacute;met une alarme de \u226585 dB.Avec une forte p&eacute;n&eacute;tration, il peut vous r&eacute;veiller m&ecirc;me si vous dormez profond dans une autre pi&egrave;ce, vous permettant de d&eacute;tecter un incendie le plus rapidement possible.<\/span><\/p>\n<\/li>\n<li style=\"margin:0px;margin-bottom:0px;margin-top:0px;margin-left:0px;margin-right:0px\" class=\"a-spacing-mini\">\n<p><span class=\"a-list-item\" id=\"tl_4\">Installation facile et avertissement de batterie faible : le d&eacute;tecteur de fum&eacute;e mesure 4,2 x 4,2 x 0,66 pouces et peut &ecirc;tre rapidement install&eacute; sur n&rsquo;importe quel plafond ou mur &agrave; l&rsquo;aide de ruban adh&eacute;sif 3M ou de vis (incluses dans l&rsquo;ensemble).Le d&eacute;tecteur de fum&eacute;e est aliment&eacute; par une pile rempla&ccedil;able 9 V (non incluse dans l&rsquo;ensemble).Lorsque la batterie est faible, une alarme de batterie faible est d&eacute;clench&eacute;e pour rappeler aux utilisateurs de remplacer la batterie.<\/span><\/p>\n<\/li>\n<li style=\"margin:0px;margin-bottom:0px;margin-top:0px;margin-left:0px;margin-right:0px\" class=\"a-spacing-mini\">\n<p><span class=\"a-list-item\" id=\"tl_5\">S&eacute;curit&eacute; et tranquillit&eacute; d&rsquo;esprit fiables : rigoureusement test&eacute; pour r&eacute;pondre aux normes de s&eacute;curit&eacute; UL 217. Dispose d&rsquo;un signal de fin de vie et est con&ccedil;u avec des composants durables et de haute qualit&eacute; pour une protection fiable ann&eacute;e apr&egrave;s ann&eacute;e. Si vous rencontrez d&rsquo;autres probl&egrave;mes, veuillez nous contacter. Notre &eacute;quipe vous r&eacute;pondra dans les 24 heures pour garantir votre satisfaction et votre tranquillit&eacute; d&rsquo;esprit.<\/span><\/p>\n<\/li>\n<\/ul><\/div>\n<\/div>\n<p><\/p>\n<p><img decoding=\"async\" src=\"https:\/\/ae01.alicdn.com\/kf\/S3b70a9f57cda4aad9816e4960caa535c0.jpg\" \/><img decoding=\"async\" src=\"https:\/\/ae01.alicdn.com\/kf\/S594c51e78e8f46cc966f150c51828e50a.jpg\" \/><img decoding=\"async\" src=\"https:\/\/ae01.alicdn.com\/kf\/S463d08f3587e4f02b417018fcaf7a884Q.jpg\" \/><img decoding=\"async\" src=\"https:\/\/ae01.alicdn.com\/kf\/Scc75a8a4d91d4dac80da60c790a1db56A.jpg\" \/><\/p>\n<\/div>\n<\/div>","protected":false},"excerpt":{"rendered":"<p>&Agrave; propos de cet article Technologie avanc&eacute;e de capteur photo&eacute;lectrique : les d&eacute;tecteurs de fum&eacute;e de type photo&eacute;lectrique sont plus sensibles &agrave; l&rsquo;allumage que les d&eacute;tecteurs de fum&eacute;e de type ionique, bons pour d&eacute;tecter une combustion lente (comme les tissus d&rsquo;ameublement ou les incendies &eacute;lectriques), un taux de fausses alarmes r&eacute;duit et ont une dur&eacute;e&hellip;<\/p>","protected":false},"featured_media":5024,"comment_status":"","ping_status":"closed","template":"","meta":[],"product_brand":[],"product_cat":[638,288],"product_tag":[],"class_list":{"0":"post-5021","1":"product","2":"type-product","3":"status-publish","4":"has-post-thumbnail","6":"product_cat-capteur-de-fumee","7":"product_cat-gadgets","9":"first","10":"instock","11":"taxable","12":"shipping-taxable","13":"purchasable","14":"product-type-variable"},"_links":{"self":[{"href":"https:\/\/www.innovatingbytes.com\/en\/wp-json\/wp\/v2\/product\/5021","targetHints":{"allow":["GET"]}}],"collection":[{"href":"https:\/\/www.innovatingbytes.com\/en\/wp-json\/wp\/v2\/product"}],"about":[{"href":"https:\/\/www.innovatingbytes.com\/en\/wp-json\/wp\/v2\/types\/product"}],"replies":[{"embeddable":true,"href":"https:\/\/www.innovatingbytes.com\/en\/wp-json\/wp\/v2\/comments?post=5021"}],"version-history":[{"count":0,"href":"https:\/\/www.innovatingbytes.com\/en\/wp-json\/wp\/v2\/product\/5021\/revisions"}],"wp:featuredmedia":[{"embeddable":true,"href":"https:\/\/www.innovatingbytes.com\/en\/wp-json\/wp\/v2\/media\/5024"}],"wp:attachment":[{"href":"https:\/\/www.innovatingbytes.com\/en\/wp-json\/wp\/v2\/media?parent=5021"}],"wp:term":[{"taxonomy":"product_brand","embeddable":true,"href":"https:\/\/www.innovatingbytes.com\/en\/wp-json\/wp\/v2\/product_brand?post=5021"},{"taxonomy":"product_cat","embeddable":true,"href":"https:\/\/www.innovatingbytes.com\/en\/wp-json\/wp\/v2\/product_cat?post=5021"},{"taxonomy":"product_tag","embeddable":true,"href":"https:\/\/www.innovatingbytes.com\/en\/wp-json\/wp\/v2\/product_tag?post=5021"}],"curies":[{"name":"wp","href":"https:\/\/api.w.org\/{rel}","templated":true}]}}