{"id":4964,"date":"2025-11-06T13:46:08","date_gmt":"2025-11-06T12:46:08","guid":{"rendered":"https:\/\/www.innovatingbytes.com\/product\/systeme-dirrigation-automatique-pompe-a-eau-de-plantation-de-jardin-capteur-dhumidite-du-sol-module-de-relais-pour-arduino\/"},"modified":"2026-03-23T05:56:50","modified_gmt":"2026-03-23T04:56:50","slug":"systeme-dirrigation-automatique-pompe-a-eau-de-plantation-de-jardin-capteur-dhumidite-du-sol-module-de-relais-pour-arduino","status":"publish","type":"product","link":"https:\/\/www.innovatingbytes.com\/en\/product\/systeme-dirrigation-automatique-pompe-a-eau-de-plantation-de-jardin-capteur-dhumidite-du-sol-module-de-relais-pour-arduino\/","title":{"rendered":"Syst\u00e8me d&rsquo;irrigation automatique, pompe \u00e0 eau de plantation de jardin, capteur d&rsquo;humidit\u00e9 du sol, Module de relais pour Arduino"},"content":{"rendered":"<div class=\"product-specs-list-container\">\n<ul class=\"product-specs-list util-clearfix\">\n<li class=\"product-prop line-limit-length\"><span class=\"property-title\">Hign-concerned Chemical:&nbsp;<\/span><span class=\"property-desc line-limit-length\">Aucun<\/span>\n                        <\/li>\n<li class=\"product-prop line-limit-length\"><span class=\"property-title\">Model Number:&nbsp;<\/span><span class=\"property-desc line-limit-length\">Automatic Irrigation Module DIY Kit<\/span>\n                        <\/li>\n<li class=\"product-prop line-limit-length\"><span class=\"property-title\">Type:&nbsp;<\/span><span class=\"property-desc line-limit-length\">Module<\/span>\n                        <\/li>\n<li class=\"product-prop line-limit-length\"><span class=\"property-title\">Origin:&nbsp;<\/span><span class=\"property-desc line-limit-length\">CN (Origine)<\/span>\n                        <\/li>\n<li class=\"product-prop line-limit-length\"><span class=\"property-title\">Condition:&nbsp;<\/span><span class=\"property-desc line-limit-length\">Nouveau<\/span>\n                        <\/li>\n<\/ul><\/div>\n<div class=\"detailmodule_html\">\n<div class=\"detail-desc-decorate-richtext\">\n<div class=\"detailmodule_html\">\n<div class=\"detail-desc-decorate-richtext\">\n<table class=\"ke-zeroborder\" width=\"100%\" cellspacing=\"0\" cellpadding=\"0\" border=\"0\">\n<tbody>\n<tr>\n<td>\n\t\t\t\t<span style=\"color:#111F2C;font-size:14px;background-color:#FFFFFF\"><\/span>\n\t\t\t<\/td>\n<\/tr>\n<tr>\n<td>\n<p style=\"font-size:20px;font-family:Tahoma, Geneva, sans-serif;font-weight:bold;text-align:center\">\n\t\t\t\t\t<img decoding=\"async\" src=\"https:\/\/ae01.alicdn.com\/kf\/Hd319867374fe41c1856586fa4c4778590.jpg\" alt=\"\"><img fetchpriority=\"high\" decoding=\"async\" src=\"http:\/\/cbu01.alicdn.com\/img\/ibank\/2017\/158\/770\/3797077851_505402663.jpg\" alt=\"\" width=\"1000\" height=\"58\">\n\t\t\t\t<\/p>\n<div style=\"padding:15px;border:1px solid #AEAEAE\">\n<div style=\"text-align:left\">\n\t\t\t\t\t\t <span style=\"color:black;font-family:inherit;font-size:12px\">Module d&rsquo;irrigation automatique Kit de bricolage Kit d&rsquo;irrigation automatique de jardin Capteur d&rsquo;humidit\u00e9 du sol Module de relais Mini pompe \u00e0 eau Tuyau de 50 cm pour Arduino<br \/>\n<strong>Caract\u00e9ristique :<\/strong><br \/>\n<strong>1. Kit complet et convivial :<\/strong>Ce kit de bricolage de module d&rsquo;irrigation automatique comprend tout ce dont vous avez besoin et est con\u00e7u pour une utilisation facile et simple, ce qui le rend pratique aussi bien pour les d\u00e9butants que pour les bricoleurs.Commencez rapidement avec tous les \u00e9l\u00e9ments essentiels \u00e0 port\u00e9e de main.<br \/>\n<strong>2. S\u00fbr et fiable avec z\u00e9ro risque :<\/strong>Soyez assur\u00e9 que ce kit d&rsquo;arrosage automatique est construit dans un souci de s\u00e9curit\u00e9.Il a subi des tests rigoureux pour garantir qu&rsquo;il peut \u00eatre utilis\u00e9 sans aucun risque ni danger, vous permettant de travailler en toute confiance et sans souci.<br \/>\n<strong>3. Parfait pour les d\u00e9butants et les amateurs de bricolage :<\/strong>Que vous d\u00e9butiez ou soyez un bricoleur exp\u00e9riment\u00e9, ce kit de syst\u00e8me d&rsquo;arrosage est con\u00e7u pour r\u00e9pondre \u00e0 vos besoins.Il fournit les outils et ressources n\u00e9cessaires \u00e0 la fois pour apprendre et lib\u00e9rer votre cr\u00e9ativit\u00e9.<br \/>\n<strong>4. Taille compacte avec une fonctionnalit\u00e9 puissante :<\/strong>Malgr\u00e9 sa petite taille, ce kit de jardin d&rsquo;irrigation automatique offre une fonctionnalit\u00e9 puissante.Chaque \u00e9quipement est soigneusement s\u00e9lectionn\u00e9 pour maximiser l&rsquo;efficacit\u00e9 et les performances, vous garantissant ainsi de disposer de tous les outils dont vous avez besoin dans un seul emballage compact.<br \/>\n<strong>5. Artisanat exquis :<\/strong>Fabriqu\u00e9 avec des d\u00e9tails et une pr\u00e9cision m\u00e9ticuleux, cet ensemble de d\u00e9tection de l&rsquo;humidit\u00e9 du sol met en valeur un savoir-faire sup\u00e9rieur.Chaque composant est fabriqu\u00e9 avec des mat\u00e9riaux de haute qualit\u00e9 pour garantir durabilit\u00e9 et long\u00e9vit\u00e9, vous offrant une solution fiable et durable.<\/p>\n<div>\n\t\n<\/div>\n<p><\/span><\/p>\n<p><span style=\"color:black;font-family:inherit;font-size:12px\"><strong>Sp\u00e9cification :<\/strong><\/span><br \/>\n<span style=\"color:black;font-family:inherit;font-size:12px\">Origine : Chine continentale<\/span><br \/>\n<span style=\"color:black;font-family:inherit;font-size:12px\">Type : Module<\/span><br \/>\n<span style=\"color:black;font-family:inherit;font-size:12px\">\u00c9tat : Nouveau<\/span><br \/>\n<span style=\"color:black;font-family:inherit;font-size:12px\">Num\u00e9ro de mod\u00e8le: Kit de bricolage de module d&rsquo;irrigation automatique<\/span><br \/>Composants inclus dans le kit :<br \/>Module relais : 1 pi\u00e8ce<br \/>Sonde d&rsquo;humidit\u00e9 du sol + module de comparaison : 1 pi\u00e8ce<br \/>Petite pompe \u00e0 eau : 1<br \/>Bo\u00eetier de batterie : 1<br \/>Cordon d&rsquo;alimentation USB : 1<br \/>Tuyau en silicone : 50 cm (la conduite d&rsquo;eau est par d\u00e9faut de 50 cm) si vous devez l&rsquo;allonger, veuillez l&rsquo;acheter s\u00e9par\u00e9ment<br \/>Ligne Dupont : 10 lignes<\/p>\n<p style=\"color:black;font-family:inherit;font-size:12px\">\n\t<strong>Remarque :<\/strong><br \/>En raison des diff\u00e9rents effets de moniteur et de lumi\u00e8re, la couleur r\u00e9elle de l&rsquo;article peut \u00eatre l\u00e9g\u00e8rement diff\u00e9rente de la couleur montr\u00e9e sur les images.Merci!<br \/>Veuillez permettre un \u00e9cart de mesure de 1 \u00e0 2 cm en raison de la mesure manuelle.<\/p>\n<p><span style=\"color:black;font-family:inherit;font-size:12px\"><\/span><br \/>&nbsp;\n\t\t\t\t\t<\/div>\n<div style=\"text-align:left\"><\/div>\n<\/p><\/div>\n<p><img decoding=\"async\" src=\"http:\/\/cbu01.alicdn.com\/img\/ibank\/2017\/841\/467\/3799764148_505402663.jpg\" alt=\"\" width=\"1000\" height=\"58\"><\/p>\n<div style=\"padding:15px;border:1px solid #AEAEAE\">\n<div style=\"text-align:left\">1 x kit d&rsquo;arrosage automatique<\/div>\n<div style=\"text-align:left\"><\/div>\n<\/p><\/div>\n<p>\n\t\t\t\t\t\n\t\t\t\t<\/p>\n<p><\/p>\n<div style=\"text-align:center\">\n\t\t\t\t\t <img decoding=\"async\" src=\"https:\/\/ae-pic-a1.aliexpress-media.com\/kf\/S0840eaa172904f669bd9aac3123df840v.jpg\" alt=\"\" width=\"auto\">  <img decoding=\"async\" src=\"https:\/\/ae-pic-a1.aliexpress-media.com\/kf\/S1a8005eaed3c444e8414cae6f506c772j.jpg\" alt=\"\" width=\"auto\">  <img decoding=\"async\" src=\"https:\/\/ae-pic-a1.aliexpress-media.com\/kf\/S7663a05ea6e04dca9b6f105654521c79N.jpg\" alt=\"\" width=\"auto\">  <img decoding=\"async\" src=\"https:\/\/ae-pic-a1.aliexpress-media.com\/kf\/Sb91dde583a1b4953ba683673cac53c929.jpg\" alt=\"\" width=\"auto\">  <img decoding=\"async\" src=\"https:\/\/ae-pic-a1.aliexpress-media.com\/kf\/S440dfa7b0b9c49b898ad4412184091e1M.jpg\" alt=\"\" width=\"auto\">  <img decoding=\"async\" src=\"https:\/\/ae-pic-a1.aliexpress-media.com\/kf\/S37daad4bfb4947a3ab054be20cea52849.jpg\" alt=\"\" width=\"auto\">  <img decoding=\"async\" src=\"https:\/\/ae-pic-a1.aliexpress-media.com\/kf\/Se9a175226dc048d0a4458bff023c2172q.jpg\" alt=\"\" width=\"auto\">  <img decoding=\"async\" src=\"https:\/\/ae-pic-a1.aliexpress-media.com\/kf\/Sd152300408a84ce680f7f66abae64398Z.jpg\" alt=\"\" width=\"auto\">  <img decoding=\"async\" src=\"https:\/\/ae-pic-a1.aliexpress-media.com\/kf\/S4eba108e35e340a2b535a94364df73eaf.jpg\" alt=\"\" width=\"auto\">  <img decoding=\"async\" src=\"https:\/\/ae-pic-a1.aliexpress-media.com\/kf\/S5b0b6885d7b84aafb928be44a277af56b.jpg\" alt=\"\" width=\"auto\">  <img decoding=\"async\" src=\"https:\/\/ae-pic-a1.aliexpress-media.com\/kf\/S6a9ea256f501408cb2f41cc364219839U.jpg\" alt=\"\" width=\"auto\">  <img decoding=\"async\" src=\"https:\/\/ae-pic-a1.aliexpress-media.com\/kf\/S98ac0930406a4ccebf6ebe93f3b102d2W.jpg\" alt=\"\" width=\"auto\">\n\t\t\t\t<\/div>\n<p><img decoding=\"async\" src=\"https:\/\/ae01.alicdn.com\/kf\/HTB1kxa0dK3tHKVjSZSgq6x4QFXa2.jpg\" alt=\"\" width=\"960\" height=\"850\">\n\t\t\t<\/td>\n<\/tr>\n<\/tbody>\n<\/table>\n<\/div>\n<\/div>\n<\/div>\n<\/div>","protected":false},"excerpt":{"rendered":"<p>Hign-concerned Chemical:&nbsp;Aucun Model Number:&nbsp;Automatic Irrigation Module DIY Kit Type:&nbsp;Module Origin:&nbsp;CN (Origine) Condition:&nbsp;Nouveau Module d&rsquo;irrigation automatique Kit de bricolage Kit d&rsquo;irrigation automatique de jardin Capteur d&rsquo;humidit\u00e9 du sol Module de relais Mini pompe \u00e0 eau Tuyau de 50 cm pour Arduino Caract\u00e9ristique : 1. Kit complet et convivial :Ce kit de bricolage de module d&rsquo;irrigation automatique&hellip;<\/p>","protected":false},"featured_media":4966,"comment_status":"","ping_status":"closed","template":"","meta":[],"product_brand":[],"product_cat":[540,286],"product_tag":[],"class_list":{"0":"post-4964","1":"product","2":"type-product","3":"status-publish","4":"has-post-thumbnail","6":"product_cat-arduino","7":"product_cat-robotique-et-capteurs","9":"first","10":"instock","11":"taxable","12":"shipping-taxable","13":"purchasable","14":"product-type-variable"},"_links":{"self":[{"href":"https:\/\/www.innovatingbytes.com\/en\/wp-json\/wp\/v2\/product\/4964","targetHints":{"allow":["GET"]}}],"collection":[{"href":"https:\/\/www.innovatingbytes.com\/en\/wp-json\/wp\/v2\/product"}],"about":[{"href":"https:\/\/www.innovatingbytes.com\/en\/wp-json\/wp\/v2\/types\/product"}],"replies":[{"embeddable":true,"href":"https:\/\/www.innovatingbytes.com\/en\/wp-json\/wp\/v2\/comments?post=4964"}],"version-history":[{"count":0,"href":"https:\/\/www.innovatingbytes.com\/en\/wp-json\/wp\/v2\/product\/4964\/revisions"}],"wp:featuredmedia":[{"embeddable":true,"href":"https:\/\/www.innovatingbytes.com\/en\/wp-json\/wp\/v2\/media\/4966"}],"wp:attachment":[{"href":"https:\/\/www.innovatingbytes.com\/en\/wp-json\/wp\/v2\/media?parent=4964"}],"wp:term":[{"taxonomy":"product_brand","embeddable":true,"href":"https:\/\/www.innovatingbytes.com\/en\/wp-json\/wp\/v2\/product_brand?post=4964"},{"taxonomy":"product_cat","embeddable":true,"href":"https:\/\/www.innovatingbytes.com\/en\/wp-json\/wp\/v2\/product_cat?post=4964"},{"taxonomy":"product_tag","embeddable":true,"href":"https:\/\/www.innovatingbytes.com\/en\/wp-json\/wp\/v2\/product_tag?post=4964"}],"curies":[{"name":"wp","href":"https:\/\/api.w.org\/{rel}","templated":true}]}}