{"id":4960,"date":"2025-11-06T13:45:50","date_gmt":"2025-11-06T12:45:50","guid":{"rendered":"https:\/\/www.innovatingbytes.com\/product\/module-de-capteur-numerique-intelligent-de-temperature-et-dhumidite-relative-dht-11-dht11-pcb-pour-arduino\/"},"modified":"2026-04-08T07:02:38","modified_gmt":"2026-04-08T05:02:38","slug":"module-de-capteur-numerique-intelligent-de-temperature-et-dhumidite-relative-dht-11-dht11-pcb-pour-arduino","status":"publish","type":"product","link":"https:\/\/www.innovatingbytes.com\/en\/product\/module-de-capteur-numerique-intelligent-de-temperature-et-dhumidite-relative-dht-11-dht11-pcb-pour-arduino\/","title":{"rendered":"Module de capteur num\u00e9rique intelligent de temp\u00e9rature et d&rsquo;humidit\u00e9 Relative, DHT-11 DHT11 + PCB pour Arduino"},"content":{"rendered":"<div class=\"product-specs-list-container\">\n<ul class=\"product-specs-list util-clearfix\">\n<li class=\"product-prop line-limit-length\"><span class=\"property-title\">Produit chimique \u00e0 haute pr\u00e9occupation:&nbsp;<\/span><span class=\"property-desc line-limit-length\">Aucun<\/span>\n                        <\/li>\n<li class=\"product-prop line-limit-length\"><span class=\"property-title\">Personnalis\u00e9:&nbsp;<\/span><span class=\"property-desc line-limit-length\">Oui<\/span>\n                        <\/li>\n<li class=\"product-prop line-limit-length\"><span class=\"property-title\">Mat\u00e9riau:&nbsp;<\/span><span class=\"property-desc line-limit-length\">Polym\u00e8re<\/span>\n                        <\/li>\n<li class=\"product-prop line-limit-length\"><span class=\"property-title\">Type:&nbsp;<\/span><span class=\"property-desc line-limit-length\">Capteur de temp\u00e9rature<\/span>\n                        <\/li>\n<li class=\"product-prop line-limit-length\"><span class=\"property-title\">Nom de marque:&nbsp;<\/span><span class=\"property-desc line-limit-length\">NoEnName_Null<\/span>\n                        <\/li>\n<li class=\"product-prop line-limit-length\"><span class=\"property-title\">Origine:&nbsp;<\/span><span class=\"property-desc line-limit-length\">CN (Origine)<\/span>\n                        <\/li>\n<li class=\"product-prop line-limit-length\"><span class=\"property-title\">Utiliser:&nbsp;<\/span><span class=\"property-desc line-limit-length\">Capteur de temp\u00e9rature<\/span>\n                        <\/li>\n<li class=\"product-prop line-limit-length\"><span class=\"property-title\">Type:&nbsp;<\/span><span class=\"property-desc line-limit-length\">Humidity sensor Module<\/span>\n                        <\/li>\n<\/ul><\/div>\n<div class=\"detailmodule_html\">\n<div class=\"detail-desc-decorate-richtext\">\n<p style=\"text-align:center\" align=\"center\"><span style=\"font-size:18px\" id=\"tl_1\">Module de capteur num&eacute;rique intelligent de temp&eacute;rature et d&rsquo;humidit&eacute; relative DHT-11 DHT11 &agrave; 3 broches + PCB pour Kit de d&eacute;marrage Arduino bricolage<\/span><\/p>\n<p><\/p>\n<p style=\"text-align:left\" align=\"left\" id=\"tl_2\">Pr&eacute;sentation du produit<\/p>\n<p id=\"tl_3\">HW-036 est un capteur num&eacute;rique de temp&eacute;rature et d&rsquo;humidit&eacute;, le composant principal &eacute;tant le capteur DTH11.Le capteur contient un &eacute;l&eacute;ment de d&eacute;tection d&rsquo;humidit&eacute; r&eacute;sistif et un &eacute;l&eacute;ment de mesure de temp&eacute;rature NTC et est connect&eacute; &agrave; un microcontr&ocirc;leur 8 bits haute performance.Il peut d&eacute;tecter la temp&eacute;rature et l&rsquo;humidit&eacute; autour du capteur et &eacute;mettre ces informations sous forme de signaux num&eacute;riques &agrave; partir de la broche S.<\/p>\n<p><img decoding=\"async\" src=\"https:\/\/ae01.alicdn.com\/kf\/S1f287cdc07be4ab28580b7c0881e4d35d.jpg\" \/><\/p>\n<p id=\"tl_4\">Param&egrave;tres du produit :<\/p>\n<p id=\"tl_5\">1.Tension d&rsquo;alimentation : 3,3 ~ 5,5 V CC.<\/p>\n<p id=\"tl_6\">2.Sortie : signal num&eacute;rique &agrave; bus unique<\/p>\n<p id=\"tl_7\">3.Plage de mesure : humidit&eacute; 20-90 % HR, temp&eacute;rature 0-50\u2103<\/p>\n<p id=\"tl_8\">4.Pr&eacute;cision de mesure : humidit&eacute; &plusmn; 5 % HR, temp&eacute;rature &plusmn; 2\u2103<\/p>\n<p id=\"tl_9\">5.R&eacute;solution : humidit&eacute; 1 % HR, temp&eacute;rature 1\u2103<\/p>\n<p id=\"tl_10\">6.Description de l&rsquo;interface : VCC : p&ocirc;le positif de l&rsquo;alimentation<\/p>\n<p id=\"tl_11\">GND : p&ocirc;le n&eacute;gatif de l&rsquo;alimentation<\/p>\n<p id=\"tl_12\">DONN&Eacute;ES : port IO du microcontr&ocirc;leur<\/p>\n<p id=\"tl_13\">Lors de l&rsquo;utilisation, veillez &agrave; ne pas connecter les p&ocirc;les positif et n&eacute;gatif de l&rsquo;alimentation &agrave; l&rsquo;envers pour &eacute;viter d&rsquo;endommager le capteur.<\/p>\n<p id=\"tl_14\">Ne connectez pas VCC et GND &agrave; l&rsquo;envers.<\/p>\n<p id=\"tl_15\">Champ d&rsquo;utilisation :<\/p>\n<p id=\"tl_16\">Ce module peut &ecirc;tre appliqu&eacute; &agrave; des objets tels que CVC, climatisation, &eacute;quipement de test et d&rsquo;inspection, automobiles, contr&ocirc;le automatique, r&eacute;gulateurs d&rsquo;humidit&eacute;, d&eacute;shumidificateurs, etc.<\/p>\n<p><img decoding=\"async\" src=\"https:\/\/ae01.alicdn.com\/kf\/S74d83926a1814e0fb52354c457bf9908y.jpg\" \/><img decoding=\"async\" src=\"https:\/\/ae01.alicdn.com\/kf\/S51f695c11ee1401e8364bc83a869698db.jpg\" \/><img decoding=\"async\" src=\"https:\/\/ae01.alicdn.com\/kf\/S19aa28631d044f989a65026dcc4f7a0cm.jpg\" \/><img decoding=\"async\" src=\"https:\/\/ae01.alicdn.com\/kf\/S88c709c93b004d0b8448d9e9942544d9B.jpg\" \/><img decoding=\"async\" src=\"https:\/\/ae01.alicdn.com\/kf\/S9366c1c16c5249d3ad52a5d23f77ffb8y.jpg\" \/><img decoding=\"async\" src=\"https:\/\/ae01.alicdn.com\/kf\/S7c96eb28894f4f3e93f93bd38cc26786j.jpg\" \/><\/p>\n<\/div>\n<\/div>","protected":false},"excerpt":{"rendered":"<p>Produit chimique \u00e0 haute pr\u00e9occupation:&nbsp;Aucun Personnalis\u00e9:&nbsp;Oui Mat\u00e9riau:&nbsp;Polym\u00e8re Type:&nbsp;Capteur de temp\u00e9rature Nom de marque:&nbsp;NoEnName_Null Origine:&nbsp;CN (Origine) Utiliser:&nbsp;Capteur de temp\u00e9rature Type:&nbsp;Humidity sensor Module Module de capteur num&eacute;rique intelligent de temp&eacute;rature et d&rsquo;humidit&eacute; relative DHT-11 DHT11 &agrave; 3 broches + PCB pour Kit de d&eacute;marrage Arduino bricolage Pr&eacute;sentation du produit HW-036 est un capteur num&eacute;rique de temp&eacute;rature et&hellip;<\/p>","protected":false},"featured_media":4961,"comment_status":"","ping_status":"closed","template":"","meta":[],"product_brand":[],"product_cat":[540,286],"product_tag":[],"class_list":{"0":"post-4960","1":"product","2":"type-product","3":"status-publish","4":"has-post-thumbnail","6":"product_cat-arduino","7":"product_cat-robotique-et-capteurs","9":"first","10":"instock","11":"taxable","12":"shipping-taxable","13":"purchasable","14":"product-type-variable"},"_links":{"self":[{"href":"https:\/\/www.innovatingbytes.com\/en\/wp-json\/wp\/v2\/product\/4960","targetHints":{"allow":["GET"]}}],"collection":[{"href":"https:\/\/www.innovatingbytes.com\/en\/wp-json\/wp\/v2\/product"}],"about":[{"href":"https:\/\/www.innovatingbytes.com\/en\/wp-json\/wp\/v2\/types\/product"}],"replies":[{"embeddable":true,"href":"https:\/\/www.innovatingbytes.com\/en\/wp-json\/wp\/v2\/comments?post=4960"}],"version-history":[{"count":0,"href":"https:\/\/www.innovatingbytes.com\/en\/wp-json\/wp\/v2\/product\/4960\/revisions"}],"wp:featuredmedia":[{"embeddable":true,"href":"https:\/\/www.innovatingbytes.com\/en\/wp-json\/wp\/v2\/media\/4961"}],"wp:attachment":[{"href":"https:\/\/www.innovatingbytes.com\/en\/wp-json\/wp\/v2\/media?parent=4960"}],"wp:term":[{"taxonomy":"product_brand","embeddable":true,"href":"https:\/\/www.innovatingbytes.com\/en\/wp-json\/wp\/v2\/product_brand?post=4960"},{"taxonomy":"product_cat","embeddable":true,"href":"https:\/\/www.innovatingbytes.com\/en\/wp-json\/wp\/v2\/product_cat?post=4960"},{"taxonomy":"product_tag","embeddable":true,"href":"https:\/\/www.innovatingbytes.com\/en\/wp-json\/wp\/v2\/product_tag?post=4960"}],"curies":[{"name":"wp","href":"https:\/\/api.w.org\/{rel}","templated":true}]}}