{"id":4946,"date":"2025-11-06T13:45:31","date_gmt":"2025-11-06T12:45:31","guid":{"rendered":"https:\/\/www.innovatingbytes.com\/product\/capteur-numerique-de-temperature-et-dhumidite-dht22-module-am2302-pcb-avec-cable-pour-arduino\/"},"modified":"2026-04-09T06:53:43","modified_gmt":"2026-04-09T04:53:43","slug":"capteur-numerique-de-temperature-et-dhumidite-dht22-module-am2302-pcb-avec-cable-pour-arduino","status":"publish","type":"product","link":"https:\/\/www.innovatingbytes.com\/en\/product\/capteur-numerique-de-temperature-et-dhumidite-dht22-module-am2302-pcb-avec-cable-pour-arduino\/","title":{"rendered":"Capteur num\u00e9rique de temp\u00e9rature et d&rsquo;humidit\u00e9 DHT22, Module AM2302 + PCB avec c\u00e2ble pour Arduino"},"content":{"rendered":"<div class=\"product-specs-list-container\">\n<ul class=\"product-specs-list util-clearfix\">\n<li class=\"product-prop line-limit-length\"><span class=\"property-title\">Produit chimique \u00e0 haute pr\u00e9occupation:&nbsp;<\/span><span class=\"property-desc line-limit-length\">Aucun<\/span>\n                        <\/li>\n<li class=\"product-prop line-limit-length\"><span class=\"property-title\">Personnalis\u00e9:&nbsp;<\/span><span class=\"property-desc line-limit-length\">Oui<\/span>\n                        <\/li>\n<li class=\"product-prop line-limit-length\"><span class=\"property-title\">Th\u00e9orie:&nbsp;<\/span><span class=\"property-desc line-limit-length\">CAPTEUR HALL<\/span>\n                        <\/li>\n<li class=\"product-prop line-limit-length\"><span class=\"property-title\">Num\u00e9ro de Mod\u00e8le:&nbsp;<\/span><span class=\"property-desc line-limit-length\">AM2302 DHT22<\/span>\n                        <\/li>\n<li class=\"product-prop line-limit-length\"><span class=\"property-title\">Mat\u00e9riau:&nbsp;<\/span><span class=\"property-desc line-limit-length\">M\u00e9tal<\/span>\n                        <\/li>\n<li class=\"product-prop line-limit-length\"><span class=\"property-title\">Type:&nbsp;<\/span><span class=\"property-desc line-limit-length\">Capteur de temp\u00e9rature<\/span>\n                        <\/li>\n<li class=\"product-prop line-limit-length\"><span class=\"property-title\">Sortie:&nbsp;<\/span><span class=\"property-desc line-limit-length\">Capteur num\u00e9rique<\/span>\n                        <\/li>\n<li class=\"product-prop line-limit-length\"><span class=\"property-title\">Utiliser:&nbsp;<\/span><span class=\"property-desc line-limit-length\">Capteur de temp\u00e9rature<\/span>\n                        <\/li>\n<li class=\"product-prop line-limit-length\"><span class=\"property-title\">Origine:&nbsp;<\/span><span class=\"property-desc line-limit-length\">CN (Origine)<\/span>\n                        <\/li>\n<\/ul><\/div>\n<div class=\"detailmodule_html\">\n<div class=\"detail-desc-decorate-richtext\">\n<div class=\"detailmodule_html\">\n<div class=\"detail-desc-decorate-richtext\">\n<p style=\"text-align:center\" align=\"center\"><strong><span style=\"font-size:24px\">Capteur num\u00e9rique de temp\u00e9rature et d&rsquo;humidit\u00e9 DHT22, Module AM2302, 1 \u00e0 10 pi\u00e8ces + PCB avec c\u00e2ble pour Arduino<\/span><\/strong><\/p>\n<p><\/p>\n<p style=\"text-align:center\" align=\"center\"><span style=\"font-size:20px\"><strong><u>Tout d&rsquo;abord, l&rsquo;aper\u00e7u du produit<\/u><\/strong><\/span><br \/><span style=\"font-size:16px;, Roboto, Arial, Helvetica, sans-serif, SimSun\"><span style=\"font-size:18px\">Le module num\u00e9rique de temp\u00e9rature et d&rsquo;humidit\u00e9 AM2302 \u00e0 capacit\u00e9 d&rsquo;humidit\u00e9 est un capteur de temp\u00e9rature et d&rsquo;humidit\u00e9 avec une sortie de signal num\u00e9rique calibr\u00e9e.Il utilise une technologie d&rsquo;acquisition de module num\u00e9rique d\u00e9di\u00e9e et une technologie de d\u00e9tection de temp\u00e9rature et d&rsquo;humidit\u00e9 pour garantir des produits avec une fiabilit\u00e9 \u00e9lev\u00e9e et une excellente stabilit\u00e9 \u00e0 long terme.Le capteur comprend un \u00e9l\u00e9ment de d\u00e9tection capacitif et un \u00e9l\u00e9ment de mesure de temp\u00e9rature de haute pr\u00e9cision, et avec un microcontr\u00f4leur 8 bits haute performance connect\u00e9.Par cons\u00e9quent, le produit pr\u00e9sente une excellente qualit\u00e9, une r\u00e9ponse ultra-rapide, une capacit\u00e9 anti-interf\u00e9rence et des avantages rentables.Chaque capteur est calibr\u00e9 dans une chambre d&rsquo;\u00e9talonnage d&rsquo;humidit\u00e9 extr\u00eamement pr\u00e9cise.Les coefficients d&rsquo;\u00e9talonnage sont stock\u00e9s sous la forme d&rsquo;un programme dans le microcontr\u00f4leur, le capteur dans le traitement du signal de d\u00e9tection pour appeler ces coefficients d&rsquo;\u00e9talonnage.Interface standard \u00e0 bus unique, rendant l&rsquo;int\u00e9gration du syst\u00e8me plus facile et plus rapide.Taille ultra petite, faible consommation d&rsquo;\u00e9nergie, distance de transmission du signal allant jusqu&rsquo;\u00e0 20 m\u00e8tres ou plus, ce qui en fait toutes sortes d&rsquo;applications et m\u00eame les applications les plus exigeantes le meilleur choix.Produits pour la 3 broches (interface bus unique) pour faciliter la connexion.Un emballage sp\u00e9cial peut \u00eatre fourni en fonction des besoins de l&rsquo;utilisateur.<\/span><\/span><br \/><span style=\"font-size:18px\">Deuxi\u00e8mement, le champ d&rsquo;application<\/span><br \/><span style=\"font-size:18px\">CVC, humidificateurs, \u00e9quipements de test et d&rsquo;inspection, biens de consommation, automobiles, contr\u00f4le automatique, enregistreurs de donn\u00e9es, appareils \u00e9lectrom\u00e9nagers, r\u00e9gulateurs d&rsquo;humidit\u00e9, m\u00e9dicaux, stations m\u00e9t\u00e9orologiques et autres contr\u00f4les de d\u00e9tection d&rsquo;humidit\u00e9 associ\u00e9s.<\/span><br \/><span style=\"font-size:18px\">Troisi\u00e8mement, le produit met en valeur<\/span><br \/><span style=\"font-size:18px\">Consommation d&rsquo;\u00e9nergie ultra faible, distance de transmission, \u00e9talonnage complet, utilisation d&rsquo;un capteur d&rsquo;humidit\u00e9 capacitif, sortie num\u00e9rique \u00e0 bus unique standard enti\u00e8rement interchangeable, excellente stabilit\u00e9 \u00e0 long terme, composants de mesure de temp\u00e9rature de haute pr\u00e9cision.<\/span><br \/><span style=\"font-size:20px\"><strong><u>Quatri\u00e8mement, les param\u00e8tres du produit<\/u><\/strong><\/span><br \/><span style=\"font-size:18px\">Taille: 40*23mm<\/span><br \/><span style=\"font-size:18px\">Poids : 4 g<\/span><br \/><span style=\"font-size:18px\">Tension : 5 V<\/span><br \/><span style=\"font-size:18px\">Ports : bus unique bidirectionnel num\u00e9rique<\/span><br \/><span style=\"font-size:18px\">Plage de temp\u00e9rature : -40-80 \u00b1 0,5<\/span><br \/><span style=\"font-size:18px\">Plage d&rsquo;humidit\u00e9 : 20-90 % HR \u00b1 2 % HR<\/span><br \/><span style=\"font-size:18px\">Plateforme :, monopuce<\/span><\/p>\n<p><\/p>\n<p style=\"text-align:center\" align=\"center\"><img decoding=\"async\" src=\"https:\/\/ae01.alicdn.com\/kf\/S9683126aa67b488ba1db7ec5b25112d8m.jpg\"><img decoding=\"async\" src=\"https:\/\/ae01.alicdn.com\/kf\/Sa891dcfc993a40cc93477b2e32ab4fedK.jpg\"><img decoding=\"async\" src=\"https:\/\/ae01.alicdn.com\/kf\/S102bd05787df454f85d5606139e0f59ek.jpg\"><img decoding=\"async\" src=\"https:\/\/ae01.alicdn.com\/kf\/S9ddd95ca2f114cd7b4e0aeb61662021aq.jpg\"><img decoding=\"async\" src=\"https:\/\/ae01.alicdn.com\/kf\/S251bc977d376426e9bd16d7603ed3e54T.jpg\"><img decoding=\"async\" src=\"https:\/\/ae01.alicdn.com\/kf\/Se6040fa68c764d68b19bddfdca8ac800V.jpg\"><\/p>\n<\/div>\n<\/div>\n<p><\/div>\n<\/div>","protected":false},"excerpt":{"rendered":"<p>Produit chimique \u00e0 haute pr\u00e9occupation:&nbsp;Aucun Personnalis\u00e9:&nbsp;Oui Th\u00e9orie:&nbsp;CAPTEUR HALL Num\u00e9ro de Mod\u00e8le:&nbsp;AM2302 DHT22 Mat\u00e9riau:&nbsp;M\u00e9tal Type:&nbsp;Capteur de temp\u00e9rature Sortie:&nbsp;Capteur num\u00e9rique Utiliser:&nbsp;Capteur de temp\u00e9rature Origine:&nbsp;CN (Origine) Capteur num\u00e9rique de temp\u00e9rature et d&rsquo;humidit\u00e9 DHT22, Module AM2302, 1 \u00e0 10 pi\u00e8ces + PCB avec c\u00e2ble pour Arduino Tout d&rsquo;abord, l&rsquo;aper\u00e7u du produitLe module num\u00e9rique de temp\u00e9rature et d&rsquo;humidit\u00e9 AM2302 \u00e0&hellip;<\/p>","protected":false},"featured_media":4948,"comment_status":"","ping_status":"closed","template":"","meta":[],"product_brand":[],"product_cat":[540,286],"product_tag":[],"class_list":{"0":"post-4946","1":"product","2":"type-product","3":"status-publish","4":"has-post-thumbnail","6":"product_cat-arduino","7":"product_cat-robotique-et-capteurs","9":"first","10":"instock","11":"taxable","12":"shipping-taxable","13":"purchasable","14":"product-type-variable"},"_links":{"self":[{"href":"https:\/\/www.innovatingbytes.com\/en\/wp-json\/wp\/v2\/product\/4946","targetHints":{"allow":["GET"]}}],"collection":[{"href":"https:\/\/www.innovatingbytes.com\/en\/wp-json\/wp\/v2\/product"}],"about":[{"href":"https:\/\/www.innovatingbytes.com\/en\/wp-json\/wp\/v2\/types\/product"}],"replies":[{"embeddable":true,"href":"https:\/\/www.innovatingbytes.com\/en\/wp-json\/wp\/v2\/comments?post=4946"}],"version-history":[{"count":0,"href":"https:\/\/www.innovatingbytes.com\/en\/wp-json\/wp\/v2\/product\/4946\/revisions"}],"wp:featuredmedia":[{"embeddable":true,"href":"https:\/\/www.innovatingbytes.com\/en\/wp-json\/wp\/v2\/media\/4948"}],"wp:attachment":[{"href":"https:\/\/www.innovatingbytes.com\/en\/wp-json\/wp\/v2\/media?parent=4946"}],"wp:term":[{"taxonomy":"product_brand","embeddable":true,"href":"https:\/\/www.innovatingbytes.com\/en\/wp-json\/wp\/v2\/product_brand?post=4946"},{"taxonomy":"product_cat","embeddable":true,"href":"https:\/\/www.innovatingbytes.com\/en\/wp-json\/wp\/v2\/product_cat?post=4946"},{"taxonomy":"product_tag","embeddable":true,"href":"https:\/\/www.innovatingbytes.com\/en\/wp-json\/wp\/v2\/product_tag?post=4946"}],"curies":[{"name":"wp","href":"https:\/\/api.w.org\/{rel}","templated":true}]}}