{"id":4923,"date":"2025-11-06T13:45:03","date_gmt":"2025-11-06T12:45:03","guid":{"rendered":"https:\/\/www.innovatingbytes.com\/product\/capteur-de-pression-a-couche-mince-resistif-pour-arduino\/"},"modified":"2026-04-08T07:07:32","modified_gmt":"2026-04-08T05:07:32","slug":"capteur-de-pression-a-couche-mince-resistif-pour-arduino","status":"publish","type":"product","link":"https:\/\/www.innovatingbytes.com\/en\/product\/capteur-de-pression-a-couche-mince-resistif-pour-arduino\/","title":{"rendered":"Capteur de pression \u00e0 couche mince r\u00e9sistif pour Arduino"},"content":{"rendered":"<div class=\"product-specs-list-container\">\n<ul class=\"product-specs-list util-clearfix\">\n<li class=\"product-prop line-limit-length\"><span class=\"property-title\">Personnalis\u00e9:&nbsp;<\/span><span class=\"property-desc line-limit-length\">Oui<\/span>\n                        <\/li>\n<li class=\"product-prop line-limit-length\"><span class=\"property-title\">Th\u00e9orie:&nbsp;<\/span><span class=\"property-desc line-limit-length\">Capteur de r\u00e9sistance<\/span>\n                        <\/li>\n<li class=\"product-prop line-limit-length\"><span class=\"property-title\">Num\u00e9ro de Mod\u00e8le:&nbsp;<\/span><span class=\"property-desc line-limit-length\">Resistive Sensor<\/span>\n                        <\/li>\n<li class=\"product-prop line-limit-length\"><span class=\"property-title\">Mat\u00e9riau:&nbsp;<\/span><span class=\"property-desc line-limit-length\">M\u00e9lange<\/span>\n                        <\/li>\n<li class=\"product-prop line-limit-length\"><span class=\"property-title\">Type:&nbsp;<\/span><span class=\"property-desc line-limit-length\">Capteur magn\u00e9tique<\/span>\n                        <\/li>\n<li class=\"product-prop line-limit-length\"><span class=\"property-title\">Sortie:&nbsp;<\/span><span class=\"property-desc line-limit-length\">Capteur num\u00e9rique<\/span>\n                        <\/li>\n<li class=\"product-prop line-limit-length\"><span class=\"property-title\">Origine:&nbsp;<\/span><span class=\"property-desc line-limit-length\">CN (Origine)<\/span>\n                        <\/li>\n<li class=\"product-prop line-limit-length\"><span class=\"property-title\">Utiliser:&nbsp;<\/span><span class=\"property-desc line-limit-length\">CAPTEUR DE PRESSION<\/span>\n                        <\/li>\n<li class=\"product-prop line-limit-length\"><span class=\"property-title\">Smart Electronics Experiment:&nbsp;<\/span><span class=\"property-desc line-limit-length\">Switch And Sensor For Arduino STM32<\/span>\n                        <\/li>\n<\/ul><\/div>\n<div class=\"detailmodule_html\">\n<div class=\"detail-desc-decorate-richtext\">\n<div>\n<div>\n  <strong><span><span style=\"font-size:16px\"><span style=\", times, serif\" id=\"tl_1\">Module de capteur de pression &agrave; Membrane r&eacute;sistive de cellule de charge Flexible sensible &agrave; la Force analogique FSR402 4mm 5mm 7mm 110mm pour Arduino<\/span><\/span><\/span><\/strong>\n <\/div>\n<div>\n  <strong><span style=\"font-size:20px\"><span style=\", times, serif\" id=\"tl_2\">Param&egrave;tres du produit<\/span><\/span><\/strong>\n <\/div>\n<div>\n  <span style=\"font-size:20px\"><span style=\", times, serif\" id=\"tl_3\">Plus la pression est &eacute;lev&eacute;e, plus la r&eacute;sistance est faible<\/span><\/span>\n <\/div>\n<div>\n  <span style=\"font-size:20px\"><span style=\", times, serif\" id=\"tl_4\">4mm petite gamme: 50g-2kg<\/span><\/span>\n <\/div>\n<div>\n  <span style=\"font-size:20px\"><span style=\", times, serif\" id=\"tl_5\">4mm milieu de gamme: 1kg-15kg<\/span><\/span>\n <\/div>\n<div>\n  <span style=\"font-size:20px\"><span style=\", times, serif\" id=\"tl_6\">4mm large gamme: 2.5kg-35kg<\/span><\/span>\n <\/div>\n<div>\n  <span style=\"font-size:20px\"><span style=\", times, serif\" id=\"tl_7\">5mm: 5g-600g<\/span><\/span>\n <\/div>\n<div>\n  <span style=\"font-size:20px\"><span style=\", times, serif\" id=\"tl_8\">7mm: 30g-1.5kg<\/span><\/span>\n <\/div>\n<div>\n  <span style=\"font-size:20px\"><span style=\", times, serif\" id=\"tl_9\">18mm: 20g-6kg<\/span><\/span>\n <\/div>\n<div>\n  <span style=\"font-size:20px\"><span style=\", times, serif\" id=\"tl_10\">110mm: 20g-\u2265 10kg<\/span><\/span>\n <\/div>\n<div>\n  <strong><span style=\"font-size:20px\"><span style=\", times, serif\" id=\"tl_11\">Description de l&rsquo;&eacute;pingle:<\/span><\/span><\/strong>\n <\/div>\n<div align=\"center\" style=\"text-align:center\">\n<p style=\"text-align: left;margin:0\"><img decoding=\"async\" src=\"https:\/\/ae01.alicdn.com\/kf\/S7c8d5ff8cb0f47589af69d7757a3db6fy.jpg?width=704&amp;height=196&amp;hash=900\" \/><\/p>\n<\/p><\/div>\n<div>\n  <span style=\"font-size:20px\"><span style=\", times, serif\" id=\"tl_12\">VCC: tension d&rsquo;alimentation positive (5V)<\/span><\/span>\n <\/div>\n<div>\n  <span style=\"font-size:20px\"><span style=\", times, serif\" id=\"tl_13\">GND: tension d&rsquo;alimentation n&eacute;gative<\/span><\/span>\n <\/div>\n<div>\n  <span style=\"font-size:20px\"><span style=\", times, serif\" id=\"tl_14\">DO: Sortie de signal de niveau de point &eacute;lev&eacute;<\/span><\/span>\n <\/div>\n<div>\n  <span style=\"font-size:20px\"><span style=\", times, serif\" id=\"tl_15\">AO: sortie de signal de tension analogique (0-3.3V)<\/span><\/span>\n <\/div>\n<div>\n  <span style=\"font-size:20px\"><span style=\", times, serif\" id=\"tl_16\">AO-RES: potentiom&egrave;tre de r&eacute;glage de grossissement<\/span><\/span>\n <\/div>\n<div>\n  <span style=\"font-size:20px\"><span style=\", times, serif\" id=\"tl_17\">DO-RES: potentiom&egrave;tre de r&eacute;glage de seuil de comparaison<\/span><\/span>\n <\/div>\n<div>\n  <strong><span style=\"font-size:20px\"><span style=\", times, serif\" id=\"tl_18\">Instructions d&rsquo;utilisation<\/span><\/span><\/strong>\n <\/div>\n<div>\n  <span style=\"font-size:20px\"><span style=\", times, serif\" id=\"tl_19\">Installation du joint<\/span><\/span>\n <\/div>\n<div>\n  <span style=\"font-size:20px\"><span style=\", times, serif\" id=\"tl_20\">Placez la surface verte du joint sur le capteur, au centre de la zone de d&eacute;tection du capteur, puis appliquez l&rsquo;objet test&eacute; verticalement sur le joint, de sorte que le contact et la force effectifs du capteur et de l&rsquo;objet test&eacute; agissent tous sur la zone de d&eacute;tection du capteur.<\/span><\/span>\n <\/div>\n<div>\n  <span style=\"font-size:20px\"><span style=\", times, serif\" id=\"tl_21\">Pr&eacute;cautions lors de l&rsquo;installation et de l&rsquo;utilisation du capteur<\/span><\/span>\n <\/div>\n<div>\n  <span style=\"font-size:20px\"><span style=\", times, serif\" id=\"tl_22\">1. Essayez de choisir une surface d&rsquo;installation stable, lisse et plate;<\/span><\/span>\n <\/div>\n<div>\n  <span style=\"font-size:20px\"><span style=\", times, serif\" id=\"tl_23\">Lorsque votre surface de montage est incurv&eacute;e, vous devez la plier lorsque vous installez le capteur, de sorte que la zone de d&eacute;tection du capteur soit sollicit&eacute;e, qui affectera la pr&eacute;cision du capteur dans une certaine mesure, Donc attention &agrave; ne pas rendre le capteur efficace La surface est install&eacute;e sur une surface incurv&eacute;e avec une grande courbure (Remarque: la surface efficace ronde ne peut pas &ecirc;tre pli&eacute;e, et la longue queue peut &ecirc;tre pli&eacute;e);<\/span><\/span>\n <\/div>\n<div>\n  <span style=\"font-size:20px\"><span style=\", times, serif\" id=\"tl_24\">2. Il est recommand&eacute; d&rsquo;utiliser un joint flexible avec une &eacute;lasticit&eacute; relativement stable entre le capteur et l&rsquo;objet mesur&eacute; pour assurer un contact efficace entre le capteur et l&rsquo;objet mesur&eacute;;<\/span><\/span>\n <\/div>\n<div>\n  <span style=\"font-size:20px\"><span style=\", times, serif\" id=\"tl_25\">3. Gardez la surface de contact de la zone de d&eacute;tection propre;<\/span><\/span>\n <\/div>\n<div>\n  <span style=\"font-size:20px\"><span style=\", times, serif\" id=\"tl_26\">4. La force ne doit pas d&eacute;passer sa plage nominale;<\/span><\/span>\n <\/div>\n<div>\n  <span style=\"font-size:20px\"><span style=\", times, serif\" id=\"tl_27\">5. Essayez de ne pas le souder directement &agrave; la carte universelle ou &agrave; la carte de circuit imprim&eacute; sans le bo&icirc;tier sp&eacute;cifique qui lui appartient, afin d&rsquo;&eacute;viter la d&eacute;formation thermique de la queue et un mauvais contact. La borne m&eacute;tallique du capteur peut &ecirc;tre connect&eacute;e au fil par soudage rapide.<\/span><\/span>\n <\/div>\n<div align=\"center\" style=\"text-align:center\">\n   &nbsp;&nbsp;&nbsp;&nbsp;&nbsp;&nbsp;&nbsp;<br \/>\n  <img decoding=\"async\" src=\"https:\/\/ae01.alicdn.com\/kf\/S0c262528f8fe4358b8b5c9c95a62b9a1M.jpg?width=800&amp;height=800&amp;hash=1600\" \/><br \/>\n  <img decoding=\"async\" src=\"https:\/\/ae01.alicdn.com\/kf\/Sda5faa56bebd4458b830896d1d373bebV.jpg?width=800&amp;height=800&amp;hash=1600\" \/><br \/>\n  <img decoding=\"async\" src=\"https:\/\/ae01.alicdn.com\/kf\/Se9b7ffdafed0424e85ea2966d69aae28L.jpg?width=800&amp;height=800&amp;hash=1600\" \/><br \/>\n  <img decoding=\"async\" src=\"https:\/\/ae01.alicdn.com\/kf\/Sc2e382efddca4bf49273459b2fc1d9fbn.jpg?width=800&amp;height=800&amp;hash=1600\" \/><br \/>\n  <img decoding=\"async\" src=\"https:\/\/ae01.alicdn.com\/kf\/S416b875d15c04576a01efc4c4bf3221ab.jpg?width=800&amp;height=800&amp;hash=1600\" \/><br \/>\n  <img decoding=\"async\" src=\"https:\/\/ae01.alicdn.com\/kf\/S29381c04223c48c3a3a2b1306490b44b7.jpg?width=800&amp;height=800&amp;hash=1600\" \/><br \/>\n  <img decoding=\"async\" src=\"https:\/\/ae01.alicdn.com\/kf\/Sda5faa56bebd4458b830896d1d373bebV.jpg?width=800&amp;height=800&amp;hash=1600\" \/><br \/>\n  <img decoding=\"async\" src=\"https:\/\/ae01.alicdn.com\/kf\/S711f010ff11741a99d5f81545380cd0fP.jpg?width=800&amp;height=800&amp;hash=1600\" \/><br \/>\n  <img decoding=\"async\" src=\"https:\/\/ae01.alicdn.com\/kf\/Sace4a43534634122aeb25b757fe7564aw.jpg?width=800&amp;height=800&amp;hash=1600\" \/><br \/>\n  <img decoding=\"async\" src=\"https:\/\/ae01.alicdn.com\/kf\/Se1f311960ec54c578c6309d5514605c8d.jpg?width=800&amp;height=800&amp;hash=1600\" \/>\n <\/div>\n<p>&nbsp;<\/p>\n<\/div>\n<p>&nbsp;<\/p>\n<\/div>\n<\/div>","protected":false},"excerpt":{"rendered":"<p>Personnalis\u00e9:&nbsp;Oui Th\u00e9orie:&nbsp;Capteur de r\u00e9sistance Num\u00e9ro de Mod\u00e8le:&nbsp;Resistive Sensor Mat\u00e9riau:&nbsp;M\u00e9lange Type:&nbsp;Capteur magn\u00e9tique Sortie:&nbsp;Capteur num\u00e9rique Origine:&nbsp;CN (Origine) Utiliser:&nbsp;CAPTEUR DE PRESSION Smart Electronics Experiment:&nbsp;Switch And Sensor For Arduino STM32 Module de capteur de pression &agrave; Membrane r&eacute;sistive de cellule de charge Flexible sensible &agrave; la Force analogique FSR402 4mm 5mm 7mm 110mm pour Arduino Param&egrave;tres du produit Plus&hellip;<\/p>","protected":false},"featured_media":4925,"comment_status":"","ping_status":"closed","template":"","meta":[],"product_brand":[],"product_cat":[540,286],"product_tag":[],"class_list":{"0":"post-4923","1":"product","2":"type-product","3":"status-publish","4":"has-post-thumbnail","6":"product_cat-arduino","7":"product_cat-robotique-et-capteurs","9":"first","10":"instock","11":"taxable","12":"shipping-taxable","13":"purchasable","14":"product-type-variable"},"_links":{"self":[{"href":"https:\/\/www.innovatingbytes.com\/en\/wp-json\/wp\/v2\/product\/4923","targetHints":{"allow":["GET"]}}],"collection":[{"href":"https:\/\/www.innovatingbytes.com\/en\/wp-json\/wp\/v2\/product"}],"about":[{"href":"https:\/\/www.innovatingbytes.com\/en\/wp-json\/wp\/v2\/types\/product"}],"replies":[{"embeddable":true,"href":"https:\/\/www.innovatingbytes.com\/en\/wp-json\/wp\/v2\/comments?post=4923"}],"version-history":[{"count":0,"href":"https:\/\/www.innovatingbytes.com\/en\/wp-json\/wp\/v2\/product\/4923\/revisions"}],"wp:featuredmedia":[{"embeddable":true,"href":"https:\/\/www.innovatingbytes.com\/en\/wp-json\/wp\/v2\/media\/4925"}],"wp:attachment":[{"href":"https:\/\/www.innovatingbytes.com\/en\/wp-json\/wp\/v2\/media?parent=4923"}],"wp:term":[{"taxonomy":"product_brand","embeddable":true,"href":"https:\/\/www.innovatingbytes.com\/en\/wp-json\/wp\/v2\/product_brand?post=4923"},{"taxonomy":"product_cat","embeddable":true,"href":"https:\/\/www.innovatingbytes.com\/en\/wp-json\/wp\/v2\/product_cat?post=4923"},{"taxonomy":"product_tag","embeddable":true,"href":"https:\/\/www.innovatingbytes.com\/en\/wp-json\/wp\/v2\/product_tag?post=4923"}],"curies":[{"name":"wp","href":"https:\/\/api.w.org\/{rel}","templated":true}]}}