{"id":4900,"date":"2025-11-06T13:44:38","date_gmt":"2025-11-06T12:44:38","guid":{"rendered":"https:\/\/www.innovatingbytes.com\/product\/pir-capteur-de-mouvement-module-de-detection-arduino-pour-raspberry-pi\/"},"modified":"2026-04-08T07:06:10","modified_gmt":"2026-04-08T05:06:10","slug":"pir-capteur-de-mouvement-module-de-detection-arduino-pour-raspberry-pi","status":"publish","type":"product","link":"https:\/\/www.innovatingbytes.com\/en\/product\/pir-capteur-de-mouvement-module-de-detection-arduino-pour-raspberry-pi\/","title":{"rendered":"PIR capteur de mouvement Module de d\u00e9tection arduino pour raspberry pi"},"content":{"rendered":"<div class=\"product-specs-list-container\">\n<ul class=\"product-specs-list util-clearfix\">\n<li class=\"product-prop line-limit-length\"><span class=\"property-title\">Produit chimique \u00e0 haute pr\u00e9occupation:&nbsp;<\/span><span class=\"property-desc line-limit-length\">Aucun<\/span>\n                        <\/li>\n<li class=\"product-prop line-limit-length\"><span class=\"property-title\">Th\u00e9orie:&nbsp;<\/span><span class=\"property-desc line-limit-length\">CAPTEUR HALL<\/span>\n                        <\/li>\n<li class=\"product-prop line-limit-length\"><span class=\"property-title\">Mat\u00e9riau:&nbsp;<\/span><span class=\"property-desc line-limit-length\">Polym\u00e8re<\/span>\n                        <\/li>\n<li class=\"product-prop line-limit-length\"><span class=\"property-title\">Type:&nbsp;<\/span><span class=\"property-desc line-limit-length\">Capteur de temp\u00e9rature<\/span>\n                        <\/li>\n<li class=\"product-prop line-limit-length\"><span class=\"property-title\">Sortie:&nbsp;<\/span><span class=\"property-desc line-limit-length\">Commutation du transducteur<\/span>\n                        <\/li>\n<li class=\"product-prop line-limit-length\"><span class=\"property-title\">Origine:&nbsp;<\/span><span class=\"property-desc line-limit-length\">CN (Origine)<\/span>\n                        <\/li>\n<li class=\"product-prop line-limit-length\"><span class=\"property-title\">Utiliser:&nbsp;<\/span><span class=\"property-desc line-limit-length\">Capteur de temp\u00e9rature<\/span>\n                        <\/li>\n<li class=\"product-prop line-limit-length\"><span class=\"property-title\">isCustomized:&nbsp;<\/span><span class=\"property-desc line-limit-length\">Yes<\/span>\n                        <\/li>\n<li class=\"product-prop line-limit-length\"><span class=\"property-title\">Theory:&nbsp;<\/span><span class=\"property-desc line-limit-length\">Hall Sensor<\/span>\n                        <\/li>\n<li class=\"product-prop line-limit-length\"><span class=\"property-title\">Usage:&nbsp;<\/span><span class=\"property-desc line-limit-length\">Temperature Sensor<\/span>\n                        <\/li>\n<li class=\"product-prop line-limit-length\"><span class=\"property-title\">Model Number:&nbsp;<\/span><span class=\"property-desc line-limit-length\">HC-SR501<\/span>\n                        <\/li>\n<li class=\"product-prop line-limit-length\"><span class=\"property-title\">Material:&nbsp;<\/span><span class=\"property-desc line-limit-length\">Polymer<\/span>\n                        <\/li>\n<li class=\"product-prop line-limit-length\"><span class=\"property-title\">Type:&nbsp;<\/span><span class=\"property-desc line-limit-length\">Temperature Sensor<\/span>\n                        <\/li>\n<li class=\"product-prop line-limit-length\"><span class=\"property-title\">Output:&nbsp;<\/span><span class=\"property-desc line-limit-length\">Switching Transducer<\/span>\n                        <\/li>\n<li class=\"product-prop line-limit-length\"><span class=\"property-title\">Origin:&nbsp;<\/span><span class=\"property-desc line-limit-length\">Mainland China<\/span>\n                        <\/li>\n<li class=\"product-prop line-limit-length\"><span class=\"property-title\">Functions:&nbsp;<\/span><span class=\"property-desc line-limit-length\">Electronic Module<\/span>\n                        <\/li>\n<li class=\"product-prop line-limit-length\"><span class=\"property-title\">Range of application:&nbsp;<\/span><span class=\"property-desc line-limit-length\">Switch And Sensor For Arduino STM<\/span>\n                        <\/li>\n<\/ul><\/div>\n<div class=\"detailmodule_html\">\n<div class=\"detail-desc-decorate-richtext\">\n<div>\n<div>\n<div>\n   <br \/> \n  <\/div>\n<p><img decoding=\"async\" src=\"https:\/\/ae01.alicdn.com\/kf\/S34a6ce54278d448c916b2631baeb1a41a.jpg\" \/><\/p>\n<p><img decoding=\"async\" src=\"https:\/\/ae01.alicdn.com\/kf\/S901cbd0ed5f6441eba8e7012d310eeb4o.jpg\" \/><\/p>\n<p><img decoding=\"async\" src=\"https:\/\/ae01.alicdn.com\/kf\/S1d975b98028f45d28333780226b23890e.jpg\" \/><\/p>\n<p><img decoding=\"async\" src=\"https:\/\/ae01.alicdn.com\/kf\/S725f73482c9f4e4588c5e309c4014d1fI.jpg\" \/><\/p>\n<p><img decoding=\"async\" src=\"https:\/\/ae01.alicdn.com\/kf\/Sac7fdb86f8d74c1ea204c1bb8dcf2530c.jpg\" \/><\/p>\n<p><img decoding=\"async\" src=\"https:\/\/ae01.alicdn.com\/kf\/Sdecfb235c1d84d5b81ffeaa392ce1fafW.jpg\" \/><\/p>\n<p><img decoding=\"async\" src=\"https:\/\/ae01.alicdn.com\/kf\/S591e4262e3eb4cefaaa6c5b24ffca085c.jpg\" \/><\/p>\n<\/p><\/div>\n<\/div>\n<p><\/p>\n<\/div>\n<\/div>","protected":false},"excerpt":{"rendered":"<p>Produit chimique \u00e0 haute pr\u00e9occupation:&nbsp;Aucun Th\u00e9orie:&nbsp;CAPTEUR HALL Mat\u00e9riau:&nbsp;Polym\u00e8re Type:&nbsp;Capteur de temp\u00e9rature Sortie:&nbsp;Commutation du transducteur Origine:&nbsp;CN (Origine) Utiliser:&nbsp;Capteur de temp\u00e9rature isCustomized:&nbsp;Yes Theory:&nbsp;Hall Sensor Usage:&nbsp;Temperature Sensor Model Number:&nbsp;HC-SR501 Material:&nbsp;Polymer Type:&nbsp;Temperature Sensor Output:&nbsp;Switching Transducer Origin:&nbsp;Mainland China Functions:&nbsp;Electronic Module Range of application:&nbsp;Switch And Sensor For Arduino STM<\/p>","protected":false},"featured_media":4902,"comment_status":"","ping_status":"closed","template":"","meta":[],"product_brand":[],"product_cat":[540,286],"product_tag":[],"class_list":{"0":"post-4900","1":"product","2":"type-product","3":"status-publish","4":"has-post-thumbnail","6":"product_cat-arduino","7":"product_cat-robotique-et-capteurs","9":"first","10":"instock","11":"taxable","12":"shipping-taxable","13":"purchasable","14":"product-type-variable"},"_links":{"self":[{"href":"https:\/\/www.innovatingbytes.com\/en\/wp-json\/wp\/v2\/product\/4900","targetHints":{"allow":["GET"]}}],"collection":[{"href":"https:\/\/www.innovatingbytes.com\/en\/wp-json\/wp\/v2\/product"}],"about":[{"href":"https:\/\/www.innovatingbytes.com\/en\/wp-json\/wp\/v2\/types\/product"}],"replies":[{"embeddable":true,"href":"https:\/\/www.innovatingbytes.com\/en\/wp-json\/wp\/v2\/comments?post=4900"}],"version-history":[{"count":0,"href":"https:\/\/www.innovatingbytes.com\/en\/wp-json\/wp\/v2\/product\/4900\/revisions"}],"wp:featuredmedia":[{"embeddable":true,"href":"https:\/\/www.innovatingbytes.com\/en\/wp-json\/wp\/v2\/media\/4902"}],"wp:attachment":[{"href":"https:\/\/www.innovatingbytes.com\/en\/wp-json\/wp\/v2\/media?parent=4900"}],"wp:term":[{"taxonomy":"product_brand","embeddable":true,"href":"https:\/\/www.innovatingbytes.com\/en\/wp-json\/wp\/v2\/product_brand?post=4900"},{"taxonomy":"product_cat","embeddable":true,"href":"https:\/\/www.innovatingbytes.com\/en\/wp-json\/wp\/v2\/product_cat?post=4900"},{"taxonomy":"product_tag","embeddable":true,"href":"https:\/\/www.innovatingbytes.com\/en\/wp-json\/wp\/v2\/product_tag?post=4900"}],"curies":[{"name":"wp","href":"https:\/\/api.w.org\/{rel}","templated":true}]}}