{"id":4884,"date":"2025-11-06T13:44:26","date_gmt":"2025-11-06T12:44:26","guid":{"rendered":"https:\/\/www.innovatingbytes.com\/product\/detecteur-de-fumee-9v-batterie-remplacable-alarme-de-fumee-et-dincendie\/"},"modified":"2026-04-11T07:01:36","modified_gmt":"2026-04-11T05:01:36","slug":"detecteur-de-fumee-9v-batterie-remplacable-alarme-de-fumee-et-dincendie","status":"publish","type":"product","link":"https:\/\/www.innovatingbytes.com\/en\/product\/detecteur-de-fumee-9v-batterie-remplacable-alarme-de-fumee-et-dincendie\/","title":{"rendered":"9V smoke detector, replaceable battery, smoke and fire alarm"},"content":{"rendered":"<div class=\"detailmodule_html\">\n<div class=\"detail-desc-decorate-richtext\">\n<p><a href=\"https:\/\/www.aliexpress.com\/item\/1005008357383824.html\" target=\"_self\"><img fetchpriority=\"high\" decoding=\"async\" width=\"944\" height=\"369\" src=\"https:\/\/ae01.alicdn.com\/kf\/S2ed2623066154e64877157ef81f6df44X.png\" \/><\/a><a href=\"https:\/\/www.aliexpress.com\/item\/1005008563217509.html\" target=\"_self\"><img decoding=\"async\" width=\"944\" height=\"369\" src=\"https:\/\/ae01.alicdn.com\/kf\/S1b7bd8415ff643cd900c25adbd02557aO.png\" \/><\/a><\/p>\n<p><span style=\"font-size:22px;font-family:tahoma, geneva, sans-serif\"><strong>\u00cates-vous toujours inquiet des dangers cach\u00e9s dans votre maison?Le d\u00e9tecteur de fum\u00e9e SA10, protection 24 heures sur 24 pour tous les temps, vous offre, \u00e0 vous et \u00e0 votre famille, plus de tranquillit\u00e9 d&rsquo;esprit!<\/strong><\/span><\/p>\n<div class=\"detailmodule_text\">\n<p><\/p>\n<p><span style=\"font-size:20px;font-family:tahoma, geneva, sans-serif\"><strong>Points forts du produit :<\/strong><\/span><\/p>\n<div><\/div>\n<p><strong><span style=\"font-size:20px;font-family:tahoma, geneva, sans-serif\">\u2605Longue dur\u00e9e de vie de la batterie, protection s\u00fbre\u2605<\/span><\/strong><\/p>\n<p><span style=\"font-size:18px;font-family:tahoma, geneva, sans-serif\">Utilisation d&rsquo;une batterie rempla\u00e7able 9 V, longue dur\u00e9e de vie de la batterie, pas besoin de la remplacer fr\u00e9quemment, sans souci et plus \u00e0 l&rsquo;aise.<\/span><\/p>\n<div><\/div>\n<p><strong><span style=\"font-size:20px;font-family:tahoma, geneva, sans-serif\">\u2605Certification faisant autorit\u00e9, assurance qualit\u00e9\u2605<\/span><\/strong><\/p>\n<p><span style=\"font-size:18px;font-family:tahoma, geneva, sans-serif\">Certification EN14604 r\u00e9ussie, qualit\u00e9 fiable, performances stables, vous offrant un avertissement d&rsquo;incendie plus professionnel.<\/span><\/p>\n<div><\/div>\n<p><strong><span style=\"font-size:20px;font-family:tahoma, geneva, sans-serif\">\u2605Alarme sonore et lumineuse, rappel en temps opportun\u2605<\/span><\/strong><\/p>\n<p><span style=\"font-size:18px;font-family:tahoma, geneva, sans-serif\">Un ultra-large volume de 85 dB\/3 M, avec une lumi\u00e8re rouge accrocheuse, peut vous rappeler du danger \u00e0 temps m\u00eame dans un environnement bruyant ou tard dans la nuit.<\/span><\/p>\n<div><\/div>\n<p><strong><span style=\"font-size:20px;font-family:tahoma, geneva, sans-serif\">\u2605Muet\/test \u00e0 un bouton, fonctionnement pratique\u2605<\/span><\/strong><\/p>\n<p><span style=\"font-size:18px;font-family:tahoma, geneva, sans-serif\">Muet \u00e0 un bouton en cas de fausse alarme pour \u00e9viter des probl\u00e8mes inutiles ; Fonction de test \u00e0 un bouton, pratique pour d\u00e9tecter l&rsquo;\u00e9tat de l&rsquo;alarme \u00e0 tout moment.<\/span><\/p>\n<div><\/div>\n<p><strong><span style=\"font-size:20px;font-family:tahoma, geneva, sans-serif\">\u2605Rappel de batterie faible, design intime<\/span><\/strong><\/p>\n<p><span style=\"font-size:18px;font-family:tahoma, geneva, sans-serif\">Lorsque la batterie est faible, l&rsquo;alarme d\u00e9clenche un rappel pour vous rappeler de remplacer la batterie \u00e0 temps pour \u00e9viter l&rsquo;utilisation affect\u00e9e par une batterie faible.<\/span><\/p>\n<div><\/div>\n<div class=\"detailmodule_text\">\n<p><strong><span style=\"font-size:20px;font-family:tahoma, geneva, sans-serif\">\u2605Capteur photo\u00e9lectrique, r\u00e9ponse rapide\u2605<\/span><\/strong><\/p>\n<p><span style=\"font-size:18px;font-family:tahoma, geneva, sans-serif\">Les capteurs photo\u00e9lectriques, gr\u00e2ce \u00e0 leur haute sensibilit\u00e9, sont meilleurs \u00e0 fournir des avertissements pr\u00e9coces pour les incendies de combustion (tels que les incendies caus\u00e9s par le bois, le papier, etc.).<\/span><\/p>\n<div><\/div>\n<\/div>\n<p><\/p>\n<p><strong><span style=\"font-size:20px;font-family:tahoma, geneva, sans-serif\">Param\u00e8tres techniques :<\/span><\/strong><\/p>\n<table style=\"border-collapse:collapse;width:526pt\" width=\"700\" border=\"1\" cellpadding=\"0\" cellspacing=\"0\">\n<colgroup>\n<col width=\"190\" \/>\n<col width=\"510\" \/><\/colgroup>\n<tbody>\n<tr style=\"height:40\">\n<td style=\"width:143pt;height:30pt\" class=\"xl65\" width=\"190\" height=\"40\">\n<p><span style=\"font-size:18px;font-family:tahoma, geneva, sans-serif\">Tension de fonctionnement<\/span><\/p>\n<\/td>\n<td style=\"width:383pt\" class=\"xl65\" width=\"510\">\n<p><span style=\"font-size:18px;font-family:tahoma, geneva, sans-serif\">CC 9 V<\/span><\/p>\n<\/td>\n<\/tr>\n<tr style=\"height:40\">\n<td style=\"height:30pt\" class=\"xl65\" height=\"40\">\n<p><span style=\"font-size:18px;font-family:tahoma, geneva, sans-serif\">Courant de repos<\/span><\/p>\n<\/td>\n<td class=\"xl65\">\n<p><span style=\"font-size:18px;font-family:tahoma, geneva, sans-serif\">\u226412uA<\/span><\/p>\n<\/td>\n<\/tr>\n<tr style=\"height:40\">\n<td style=\"height:30pt\" class=\"xl65\" height=\"40\">\n<p><span style=\"font-size:18px;font-family:tahoma, geneva, sans-serif\">Courant d&rsquo;alarme<\/span><\/p>\n<\/td>\n<td class=\"xl65\">\n<p><span style=\"font-size:18px;font-family:tahoma, geneva, sans-serif\">\u2264 20mA<\/span><\/p>\n<\/td>\n<\/tr>\n<tr style=\"height:40\">\n<td style=\"height:30pt\" class=\"xl65\" height=\"40\">\n<p><span style=\"font-size:18px;font-family:tahoma, geneva, sans-serif\">D\u00e9cibel alarmant<\/span><\/p>\n<\/td>\n<td class=\"xl65\">\n<p><span style=\"font-size:18px;font-family:tahoma, geneva, sans-serif\">\u226585dB\/3m<\/span><\/p>\n<\/td>\n<\/tr>\n<tr style=\"height:40\">\n<td style=\"height:30pt\" class=\"xl65\" height=\"40\">\n<p><span style=\"font-size:18px;font-family:tahoma, geneva, sans-serif\">Statut du HUSH<\/span><\/p>\n<\/td>\n<td class=\"xl65\">\n<p><span style=\"font-size:18px;font-family:tahoma, geneva, sans-serif\">La LED clignote toutes les 10 secondes<\/span><\/p>\n<\/td>\n<\/tr>\n<tr style=\"height:40\">\n<td style=\"height:30pt\" class=\"xl65\" height=\"40\">\n<p><span style=\"font-size:18px;font-family:tahoma, geneva, sans-serif\">\u00c9tat de veille<\/span><\/p>\n<\/td>\n<td class=\"xl65\">\n<p><span style=\"font-size:18px;font-family:tahoma, geneva, sans-serif\">La LED clignote tous les 43S<\/span><\/p>\n<\/td>\n<\/tr>\n<tr style=\"height:40\">\n<td style=\"height:30pt\" class=\"xl65\" height=\"40\">\n<p><span style=\"font-size:18px;font-family:tahoma, geneva, sans-serif\">\u00c9tat de batterie faible<\/span><\/p>\n<\/td>\n<td class=\"xl65\">\n<p><span style=\"font-size:18px;font-family:tahoma, geneva, sans-serif\">bip sp\u00e9cial de batterie faible tous les 43S<\/span><\/p>\n<\/td>\n<\/tr>\n<tr style=\"height:40\">\n<td style=\"height:30pt\" class=\"xl65\" height=\"40\">\n<p><span style=\"font-size:18px;font-family:tahoma, geneva, sans-serif\">Indicateur LED<\/span><\/p>\n<\/td>\n<td class=\"xl65\">\n<p><span style=\"font-size:18px;font-family:tahoma, geneva, sans-serif\">LED (rouge)<\/span><\/p>\n<\/td>\n<\/tr>\n<tr style=\"height:21\">\n<td style=\"height:15.75pt\" class=\"xl65\" height=\"21\">\n<p><span style=\"font-size:18px;font-family:tahoma, geneva, sans-serif\">Humidit\u00e9 de travail<\/span><\/p>\n<\/td>\n<td class=\"xl65\">\n<p><span style=\"font-size:18px;font-family:tahoma, geneva, sans-serif\">\u226495%RH (pas de gel d&rsquo;eau)<\/span><\/p>\n<\/td>\n<\/tr>\n<tr style=\"height:40\">\n<td style=\"height:30pt\" class=\"xl65\" height=\"40\">\n<p><span style=\"font-size:18px;font-family:tahoma, geneva, sans-serif\">Temp\u00e9rature de fonctionnement<\/span><\/p>\n<\/td>\n<td class=\"xl65\">\n<p><span style=\"font-size:18px;font-family:tahoma, geneva, sans-serif\">-10\u2103~+40\u2103 I17<\/span><\/p>\n<\/td>\n<\/tr>\n<tr style=\"height:40\">\n<td style=\"height:30pt\" class=\"xl65\" height=\"40\">\n<p><span style=\"font-size:18px;font-family:tahoma, geneva, sans-serif\">Alarme basse tension<\/span><\/p>\n<\/td>\n<td class=\"xl65\">\n<p><span style=\"font-size:18px;font-family:tahoma, geneva, sans-serif\">\u22647,35 V<\/span><\/p>\n<\/td>\n<\/tr>\n<tr style=\"height:40\">\n<td style=\"height:30pt\" class=\"xl65\" height=\"40\">\n<p><span style=\"font-size:18px;font-family:tahoma, geneva, sans-serif\">Type d&rsquo;alarme<\/span><\/p>\n<\/td>\n<td class=\"xl65\">\n<p><span style=\"font-size:18px;font-family:tahoma, geneva, sans-serif\">Son\/lumi\u00e8re<\/span><\/p>\n<\/td>\n<\/tr>\n<\/tbody>\n<\/table>\n<p><img decoding=\"async\" src=\"https:\/\/ae01.alicdn.com\/kf\/S295d7260ca3d47bd932e8546479d1e0eS.png\" \/><img decoding=\"async\" src=\"https:\/\/ae01.alicdn.com\/kf\/S028cb008ca84413d82bbcb1a1a1103e1s.png\" \/><img decoding=\"async\" src=\"https:\/\/ae01.alicdn.com\/kf\/Sa38da83cbda6474b9d5b0b80746f348ae.png\" \/><img decoding=\"async\" src=\"https:\/\/ae01.alicdn.com\/kf\/S94b4631f67b6415e90fce6acc49ff903p.jpg\" \/><img decoding=\"async\" src=\"https:\/\/ae01.alicdn.com\/kf\/Secc49662827743dcb5f6c6db09ba916f8.png\" \/><img decoding=\"async\" src=\"https:\/\/ae01.alicdn.com\/kf\/S8c51a973b4c04b43ac5de3371865e5b9q.png\" \/><img decoding=\"async\" src=\"https:\/\/ae01.alicdn.com\/kf\/S4940288de0774354a98fba74529d8237Z.png\" \/><img decoding=\"async\" src=\"https:\/\/ae01.alicdn.com\/kf\/Sadba79b60fc0468d97838a30190eb74a9.png\" \/><\/p>\n<\/div>\n<p><span style=\"font-size:22px;font-family:tahoma, geneva, sans-serif\"><strong>Mode d&#8217;emploi<\/strong><\/span><\/p>\n<p><\/p>\n<p><span style=\"font-size:18px;font-family:tahoma, geneva, sans-serif\"><strong>1\ufe0f\u20e3\u3001Test et avant l&rsquo;installation :<\/strong><\/span><\/p>\n<p><span style=\"font-size:18px;font-family:tahoma, geneva, sans-serif\">Remarque : Si la batterie n&rsquo;est pas install\u00e9e correctement, le d\u00e9tecteur de fum\u00e9e ne fonctionnera pas et peut \u00eatre d\u00e9truit.<\/span><\/p>\n<p><span style=\"font-size:18px;font-family:tahoma, geneva, sans-serif\">Si le d\u00e9tecteur de fum\u00e9e fonctionne correctement, la LED rouge clignotera une fois dans environ 43 secondes.<\/span><\/p>\n<p><\/p>\n<p><span style=\"font-size:18px;font-family:tahoma, geneva, sans-serif\">1. Retirez le produit de l&#8217;emballage, retirez la base d&rsquo;installation du produit en tournant le produit dans le sens inverse des aiguilles d&rsquo;une montre.<\/span><\/p>\n<p><span style=\"font-size:18px;font-family:tahoma, geneva, sans-serif\">2. Retirez la batterie 9 V du compartiment \u00e0 piles, retirez le film isolant de la batterie, connectez la batterie \u00e0 la boucle de la batterie et remettez-la dans le compartiment \u00e0 piles.<\/span><\/p>\n<p><span style=\"font-size:18px;font-family:tahoma, geneva, sans-serif\">3. D\u00e9pressez (continuez enfonc\u00e9 et rel\u00e2chez jusqu&rsquo;\u00e0 terminer le test) le bouton test\/pression, la LED ROUGE clignote rapidement et pendant ce temps le d\u00e9tecteur retentit, ce qui signifie que le d\u00e9tecteur de fum\u00e9e fonctionne bien.Dans le m\u00eame temps, le produit passe en mode de d\u00e9tection \u00e0 faible sensibilit\u00e9, environ 10 minutes plus tard, le produit passe \u00e0 nouveau en mode de d\u00e9tection de sensibilit\u00e9 standard.<\/span><\/p>\n<p><\/p>\n<p><span style=\"font-size:18px;font-family:tahoma, geneva, sans-serif\"><strong>2\ufe0f\u20e3\u3001Installation<\/strong><\/span><\/p>\n<p><span style=\"font-size:18px;font-family:tahoma, geneva, sans-serif\">1. Choisissez un bon endroit pour installer le d\u00e9tecteur de fum\u00e9e (il n&rsquo;est pas recommand\u00e9 d&rsquo;installer ce produit dans un endroit humide, poussi\u00e9reux et \u00e0 haute temp\u00e9rature comme la cuisine ou la salle de bain).<\/span><\/p>\n<p><span style=\"font-size:18px;font-family:tahoma, geneva, sans-serif\">2. Fixez deux bases \u00e0 vis en plastique dans le plafond en fonction de la position du trou d&rsquo;installation de la base du d\u00e9tecteur de fum\u00e9e.<\/span><\/p>\n<p><span style=\"font-size:18px;font-family:tahoma, geneva, sans-serif\">3. Fixez la base d&rsquo;installation au plafond via des vis \u00e0 la base \u00e0 vis pr\u00e9install\u00e9e.<\/span><\/p>\n<p><span style=\"font-size:18px;font-family:tahoma, geneva, sans-serif\">4. Assurez-vous que la batterie est install\u00e9e et bien connect\u00e9e au d\u00e9tecteur de fum\u00e9e (vous pouvez utiliser la fonction du bouton de test pour v\u00e9rifier) et fixer le d\u00e9tecteur de fum\u00e9e \u00e0 la base pr\u00e9install\u00e9e via une rotation dans le sens des aiguilles d&rsquo;une montre.<\/span><\/p>\n<p><span style=\"font-size:18px;font-family:tahoma, geneva, sans-serif\">5. Utilisez \u00e0 nouveau le bouton de test pour effectuer une v\u00e9rification finale<\/span><\/p>\n<p><\/p>\n<\/p>\n<p><span style=\"font-size:18px;font-family:tahoma, geneva, sans-serif\"><strong>3\ufe0f\u20e3\u3001Entretenir et utiliser<\/strong><\/span><\/p>\n<p><span style=\"font-size:18px;font-family:tahoma, geneva, sans-serif\">1. Testez le d\u00e9tecteur de fum\u00e9e chaque semaine<\/span><\/p>\n<p><span style=\"font-size:18px;font-family:tahoma, geneva, sans-serif\">2. Si le produit ne fonctionne pas correctement, veuillez v\u00e9rifier le produit conform\u00e9ment \u00e0 l&rsquo;analyse des pannes et \u00e0 la pi\u00e8ce de d\u00e9pannage comme ci-dessous. Si le produit ne fonctionne toujours pas, veuillez contacter votre revendeur local et n&rsquo;ouvrez pas le produit par vous-m\u00eame.<\/span><\/p>\n<p><\/p>\n<p><span style=\"font-size:18px;font-family:tahoma, geneva, sans-serif\"><strong>4\ufe0f\u20e3\u3001Analyse des pannes et d\u00e9pannage<\/strong><\/span><\/p>\n<table style=\"border-collapse:collapse\" class=\"TableNormal\" border=\"1\" cellpadding=\"0\" cellspacing=\"0\">\n<tbody>\n<tr>\n<td style=\"border:1pt solid black;padding:0cm;width:136.95pt;height:23.25pt\" width=\"183\">\n<p style=\"margin:8.85pt 0.2pt 0.0001pt 0.65pt;margin-bottom:0.0001pt;margin-top:8.85pt;margin-left:0.65pt;margin-right:0.2pt\" class=\"TableParagraph\"><span style=\"font-size:18px;font-family:tahoma, geneva, sans-serif\">Ph\u00e9nom\u00e8ne de panne<\/span><\/p>\n<\/td>\n<td style=\"padding:0cm;width:117pt;height:23.25pt\" width=\"156\">\n<p style=\"margin:8.85pt 0.2pt 0.0001pt 0.65pt;margin-bottom:0.0001pt;margin-top:8.85pt;margin-left:0.65pt;margin-right:0.2pt\" class=\"TableParagraph\"><span style=\"font-size:18px;font-family:tahoma, geneva, sans-serif\">Analyse de cause<\/span><\/p>\n<\/td>\n<td style=\"padding:0cm;width:133.05pt;height:23.25pt\" width=\"177\">\n<p style=\"margin:8.85pt 0.2pt 0.0001pt 0.65pt;margin-bottom:0.0001pt;margin-top:8.85pt;margin-left:0.65pt;margin-right:0.2pt\" class=\"TableParagraph\"><span style=\"font-size:18px;font-family:tahoma, geneva, sans-serif\">Rem\u00e8de<\/span><\/p>\n<\/td>\n<\/tr>\n<tr>\n<td style=\"padding:0cm;width:136.95pt;height:46.75pt\" width=\"183\">\n<p style=\"margin:8.85pt 0.2pt 0.0001pt 0.65pt;margin-bottom:0.0001pt;margin-top:8.85pt;margin-left:0.65pt;margin-right:0.2pt\" class=\"TableParagraph\"><span style=\"font-size:18px;font-family:tahoma, geneva, sans-serif\">Aucune r\u00e9action du produit<\/span><\/p>\n<p style=\"margin:8.85pt 0.2pt 0.0001pt 0.65pt;margin-bottom:0.0001pt;margin-top:8.85pt;margin-left:0.65pt;margin-right:0.2pt\" class=\"TableParagraph\"><span style=\"font-size:18px;font-family:tahoma, geneva, sans-serif\">lorsque vous appuyez sur le bouton de test<\/span><\/p>\n<\/td>\n<td style=\"padding:0cm;width:117pt;height:46.75pt\" width=\"156\">\n<p style=\"margin:8.85pt 0.2pt 0.0001pt 0.65pt;margin-bottom:0.0001pt;margin-top:8.85pt;margin-left:0.65pt;margin-right:0.2pt\" class=\"TableParagraph\"><span style=\"font-size:18px;font-family:tahoma, geneva, sans-serif\">La batterie 9V peut ne pas<\/span><\/p>\n<p style=\"margin:8.85pt 0.2pt 0.0001pt 0.65pt;margin-bottom:0.0001pt;margin-top:8.85pt;margin-left:0.65pt;margin-right:0.2pt\" class=\"TableParagraph\"><span style=\"font-size:18px;font-family:tahoma, geneva, sans-serif\">install\u00e9 correctement<\/span><\/p>\n<\/td>\n<td style=\"padding:0cm;width:133.05pt;height:46.75pt\" width=\"177\">\n<p style=\"margin:8.85pt 0.2pt 0.0001pt 0.65pt;margin-bottom:0.0001pt;margin-top:8.85pt;margin-left:0.65pt;margin-right:0.2pt\" class=\"TableParagraph\"><span style=\"font-size:18px;font-family:tahoma, geneva, sans-serif\">Install\u00e9 la batterie 9V<\/span><\/p>\n<p style=\"margin:8.85pt 0.2pt 0.0001pt 0.65pt;margin-bottom:0.0001pt;margin-top:8.85pt;margin-left:0.65pt;margin-right:0.2pt\" class=\"TableParagraph\"><span style=\"font-size:18px;font-family:tahoma, geneva, sans-serif\">avec la polarit\u00e9 droite de la batterie<\/span><\/p>\n<\/td>\n<\/tr>\n<tr>\n<td style=\"padding:0cm;width:136.95pt;height:31.2pt\" width=\"183\">\n<p style=\"margin:8.85pt 0.2pt 0.0001pt 0.65pt;margin-bottom:0.0001pt;margin-top:8.85pt;margin-left:0.65pt;margin-right:0.2pt\" class=\"TableParagraph\"><span style=\"font-size:18px;font-family:tahoma, geneva, sans-serif\">Bip de batterie faible autour<\/span><\/p>\n<p style=\"margin:8.85pt 0.2pt 0.0001pt 0.65pt;margin-bottom:0.0001pt;margin-top:8.85pt;margin-left:0.65pt;margin-right:0.2pt\" class=\"TableParagraph\"><span style=\"font-size:18px;font-family:tahoma, geneva, sans-serif\">tous les 43S<\/span><\/p>\n<\/td>\n<td style=\"padding:0cm;width:117pt;height:31.2pt\" width=\"156\">\n<p style=\"margin:8.85pt 0.2pt 0.0001pt 0.65pt;margin-bottom:0.0001pt;margin-top:8.85pt;margin-left:0.65pt;margin-right:0.2pt\" class=\"TableParagraph\"><span style=\"font-size:18px;font-family:tahoma, geneva, sans-serif\">Basse tension de 9V<\/span><\/p>\n<p style=\"margin:8.85pt 0.2pt 0.0001pt 0.65pt;margin-bottom:0.0001pt;margin-top:8.85pt;margin-left:0.65pt;margin-right:0.2pt\" class=\"TableParagraph\"><span style=\"font-size:18px;font-family:tahoma, geneva, sans-serif\">batterie<\/span><\/p>\n<\/td>\n<td style=\"padding:0cm;width:133.05pt;height:31.2pt\" width=\"177\">\n<p style=\"margin:8.85pt 0.2pt 0.0001pt 0.65pt;margin-bottom:0.0001pt;margin-top:8.85pt;margin-left:0.65pt;margin-right:0.2pt\" class=\"TableParagraph\"><span style=\"font-size:18px;font-family:tahoma, geneva, sans-serif\">Remplacer la batterie<\/span><\/p>\n<\/td>\n<\/tr>\n<\/tbody>\n<\/table>\n<p><\/p>\n<\/div>\n<\/div>\n<p><\/p>","protected":false},"excerpt":{"rendered":"<p>\u00cates-vous toujours inquiet des dangers cach\u00e9s dans votre maison?Le d\u00e9tecteur de fum\u00e9e SA10, protection 24 heures sur 24 pour tous les temps, vous offre, \u00e0 vous et \u00e0 votre famille, plus de tranquillit\u00e9 d&rsquo;esprit! Points forts du produit : \u2605Longue dur\u00e9e de vie de la batterie, protection s\u00fbre\u2605 Utilisation d&rsquo;une batterie rempla\u00e7able 9 V, longue&hellip;<\/p>","protected":false},"featured_media":4886,"comment_status":"","ping_status":"closed","template":"","meta":[],"product_brand":[],"product_cat":[638],"product_tag":[],"class_list":{"0":"post-4884","1":"product","2":"type-product","3":"status-publish","4":"has-post-thumbnail","6":"product_cat-capteur-de-fumee","8":"first","9":"instock","10":"sale","11":"taxable","12":"shipping-taxable","13":"purchasable","14":"product-type-variable"},"_links":{"self":[{"href":"https:\/\/www.innovatingbytes.com\/en\/wp-json\/wp\/v2\/product\/4884","targetHints":{"allow":["GET"]}}],"collection":[{"href":"https:\/\/www.innovatingbytes.com\/en\/wp-json\/wp\/v2\/product"}],"about":[{"href":"https:\/\/www.innovatingbytes.com\/en\/wp-json\/wp\/v2\/types\/product"}],"replies":[{"embeddable":true,"href":"https:\/\/www.innovatingbytes.com\/en\/wp-json\/wp\/v2\/comments?post=4884"}],"version-history":[{"count":0,"href":"https:\/\/www.innovatingbytes.com\/en\/wp-json\/wp\/v2\/product\/4884\/revisions"}],"wp:featuredmedia":[{"embeddable":true,"href":"https:\/\/www.innovatingbytes.com\/en\/wp-json\/wp\/v2\/media\/4886"}],"wp:attachment":[{"href":"https:\/\/www.innovatingbytes.com\/en\/wp-json\/wp\/v2\/media?parent=4884"}],"wp:term":[{"taxonomy":"product_brand","embeddable":true,"href":"https:\/\/www.innovatingbytes.com\/en\/wp-json\/wp\/v2\/product_brand?post=4884"},{"taxonomy":"product_cat","embeddable":true,"href":"https:\/\/www.innovatingbytes.com\/en\/wp-json\/wp\/v2\/product_cat?post=4884"},{"taxonomy":"product_tag","embeddable":true,"href":"https:\/\/www.innovatingbytes.com\/en\/wp-json\/wp\/v2\/product_tag?post=4884"}],"curies":[{"name":"wp","href":"https:\/\/api.w.org\/{rel}","templated":true}]}}