{"id":4791,"date":"2025-11-06T13:42:41","date_gmt":"2025-11-06T12:42:41","guid":{"rendered":"https:\/\/www.innovatingbytes.com\/product\/lampes-de-poche-led-haute-puissance-charge-usb\/"},"modified":"2026-04-11T07:03:15","modified_gmt":"2026-04-11T05:03:15","slug":"lampes-de-poche-led-haute-puissance-charge-usb","status":"publish","type":"product","link":"https:\/\/www.innovatingbytes.com\/en\/product\/lampes-de-poche-led-haute-puissance-charge-usb\/","title":{"rendered":"Lampes de poche LED haute puissance, charge USB"},"content":{"rendered":"<div class=\"product-specs-list-container\">\n<ul class=\"product-specs-list util-clearfix\">\n<li class=\"product-prop line-limit-length\"><span class=\"property-title\">Produit chimique \u00e0 haute pr\u00e9occupation:&nbsp;<\/span><span class=\"property-desc line-limit-length\">Aucun<\/span>\n                        <\/li>\n<li class=\"product-prop line-limit-length\"><span class=\"property-title\">Num\u00e9ro de Mod\u00e8le:&nbsp;<\/span><span class=\"property-desc line-limit-length\">LED flashlight<\/span>\n                        <\/li>\n<li class=\"product-prop line-limit-length\"><span class=\"property-title\">Origine:&nbsp;<\/span><span class=\"property-desc line-limit-length\">CN (Origine)<\/span>\n                        <\/li>\n<li class=\"product-prop line-limit-length\"><span class=\"property-title\">feature:&nbsp;<\/span><span class=\"property-desc line-limit-length\">torch light<\/span>\n                        <\/li>\n<\/ul><\/div>\n<div class=\"detailmodule_html\">\n<div class=\"detail-desc-decorate-richtext\">\n<div class=\"detailmodule_html\">\n<div class=\"detail-desc-decorate-richtext\">\n<div>\n<p style=\", Roboto, Arial, Helvetica, sans-serif, SimSun;font-size:14px;font-weight:400;letter-spacing:normal;line-height:inherit;text-align:start;margin:0px;margin-bottom:0px;margin-top:0px;margin-left:0px;margin-right:0px;padding:0px;padding-bottom:0px;padding-top:0px;padding-left:0px;padding-right:0px\" align=\"start\"><img decoding=\"async\" src=\"https:\/\/ae01.alicdn.com\/kf\/S7b1511bf3c69404bb4f18e65be295ea3J.jpg\" \/><\/p>\n<p style=\", Roboto, Arial, Helvetica, sans-serif, SimSun;font-size:14px;font-weight:400;letter-spacing:normal;line-height:inherit;text-align:start;margin:0px;margin-bottom:0px;margin-top:0px;margin-left:0px;margin-right:0px;padding:0px;padding-bottom:0px;padding-top:0px;padding-left:0px;padding-right:0px\" align=\"start\"><strong><span style=\"font-size:20px\" id=\"tl_1\">Description du produit : <br \/>\u25cfMat&eacute;riau : ABS haute duret&eacute;<\/span><\/strong><\/p>\n<p style=\", Roboto, Arial, Helvetica, sans-serif, SimSun;font-size:14px;font-weight:400;letter-spacing:normal;line-height:inherit;text-align:start;margin:0px;margin-bottom:0px;margin-top:0px;margin-left:0px;margin-right:0px;padding:0px;padding-bottom:0px;padding-top:0px;padding-left:0px;padding-right:0px\" align=\"start\"><strong><span style=\"font-size:20px\" id=\"tl_2\">\u25cfCharge : chargement de type C, prend en charge la sortie<\/span><\/strong><\/p>\n<p style=\", Roboto, Arial, Helvetica, sans-serif, SimSun;font-size:14px;font-weight:400;letter-spacing:normal;line-height:inherit;text-align:start;margin:0px;margin-bottom:0px;margin-top:0px;margin-left:0px;margin-right:0px;padding:0px;padding-bottom:0px;padding-top:0px;padding-left:0px;padding-right:0px\" align=\"start\"><strong><span style=\"font-size:20px\" id=\"tl_3\">\u25cfMode : 3 modes<\/span><\/strong><\/p>\n<p style=\", Roboto, Arial, Helvetica, sans-serif, SimSun;font-size:14px;font-weight:400;letter-spacing:normal;line-height:inherit;text-align:start;margin:0px;margin-bottom:0px;margin-top:0px;margin-left:0px;margin-right:0px;padding:0px;padding-bottom:0px;padding-top:0px;padding-left:0px;padding-right:0px\" align=\"start\"><strong><span style=\"font-size:20px\" id=\"tl_4\">\u25cf&Eacute;tanche : &eacute;tanche &agrave; vie<\/span><\/strong><\/p>\n<p style=\", Roboto, Arial, Helvetica, sans-serif, SimSun;font-size:14px;font-weight:400;letter-spacing:normal;line-height:inherit;text-align:start;margin:0px;margin-bottom:0px;margin-top:0px;margin-left:0px;margin-right:0px;padding:0px;padding-bottom:0px;padding-top:0px;padding-left:0px;padding-right:0px\" align=\"start\"><strong><span style=\"font-size:20px\" id=\"tl_5\">\u25cfMode zoom : zoom t&eacute;l&eacute;objectif<\/span><\/strong><\/p>\n<p style=\", Roboto, Arial, Helvetica, sans-serif, SimSun;font-size:14px;font-weight:400;letter-spacing:normal;line-height:inherit;text-align:start;margin:0px;margin-bottom:0px;margin-top:0px;margin-left:0px;margin-right:0px;padding:0px;padding-bottom:0px;padding-top:0px;padding-left:0px;padding-right:0px\" align=\"start\"><strong><span style=\"font-size:20px\" id=\"tl_6\">\u25cfDistance d&rsquo;&eacute;clairage : 1500 M<\/span><\/strong><\/p>\n<p style=\", Roboto, Arial, Helvetica, sans-serif, SimSun;font-size:14px;font-weight:400;letter-spacing:normal;line-height:inherit;text-align:start;margin:0px;margin-bottom:0px;margin-top:0px;margin-left:0px;margin-right:0px;padding:0px;padding-bottom:0px;padding-top:0px;padding-left:0px;padding-right:0px\" align=\"start\"><strong><span style=\"font-size:20px\" id=\"tl_7\">\u25cfAutonomie de la batterie : 3 &agrave; 5 heures<\/span><\/strong><\/p>\n<div>\n    \n   <\/div>\n<p style=\", Roboto, Arial, Helvetica, sans-serif, SimSun;font-size:14px;font-weight:400;letter-spacing:normal;line-height:inherit;text-align:start;margin:0px;margin-bottom:0px;margin-top:0px;margin-left:0px;margin-right:0px;padding:0px;padding-bottom:0px;padding-top:0px;padding-left:0px;padding-right:0px\" align=\"start\"><strong><span style=\"font-size:20px\" id=\"tl_8\">\u25cfDe petite taille et fabriqu&eacute; en ABS de haute duret&eacute;, il assure non seulement la solidit&eacute; du produit mais r&eacute;duit &eacute;galement son poids, ce qui le rend adapt&eacute; aux aventures en plein air et &agrave; une utilisation quotidienne.<\/span><\/strong><\/p>\n<div>\n    \n   <\/div>\n<p style=\", Roboto, Arial, Helvetica, sans-serif, SimSun;font-size:14px;font-weight:400;letter-spacing:normal;line-height:inherit;text-align:start;margin:0px;margin-bottom:0px;margin-top:0px;margin-left:0px;margin-right:0px;padding:0px;padding-bottom:0px;padding-top:0px;padding-left:0px;padding-right:0px\" align=\"start\"><strong><span style=\"font-size:20px\" id=\"tl_9\">\u25cfId&eacute;al pour la chasse, l&rsquo;exploration et autres aventures en plein air<\/span><\/strong><\/p>\n<div>\n    \n   <\/div>\n<p style=\", Roboto, Arial, Helvetica, sans-serif, SimSun;font-size:14px;font-weight:400;letter-spacing:normal;line-height:inherit;text-align:start;margin:0px;margin-bottom:0px;margin-top:0px;margin-left:0px;margin-right:0px;padding:0px;padding-bottom:0px;padding-top:0px;padding-left:0px;padding-right:0px\" align=\"start\"><strong><span style=\"font-size:20px\" id=\"tl_10\">\u25cfCe produit dispose d&rsquo;une fonction de rappel de batterie, vous permettant de conna&icirc;tre l&rsquo;&eacute;tat de la batterie de la lampe de poche &agrave; tout moment et n&rsquo;importe o&ugrave;.<\/span><\/strong><\/p>\n<div>\n    \n   <\/div>\n<p style=\", Roboto, Arial, Helvetica, sans-serif, SimSun;font-size:14px;font-weight:400;letter-spacing:normal;line-height:inherit;text-align:start;margin:0px;margin-bottom:0px;margin-top:0px;margin-left:0px;margin-right:0px;padding:0px;padding-bottom:0px;padding-top:0px;padding-left:0px;padding-right:0px\" align=\"start\"><strong><span style=\"font-size:20px\" id=\"tl_11\">\u25cf&Eacute;tanche Conform&eacute;ment &agrave; la r&eacute;glementation europ&eacute;enne, il est &eacute;tanche et peut &ecirc;tre utilis&eacute; les jours de pluie, mais ne peut pas &ecirc;tre plac&eacute; dans l&rsquo;eau.<\/span><\/strong><\/p>\n<\/p><\/div>\n<div>\n<div>\n    <img decoding=\"async\" class=\"detail-desc-decorate-image\" src=\"https:\/\/ae01.alicdn.com\/kf\/Sf54d78daf69a46d2864fa810ae547cc2c.jpg\" \/>\n   <\/div>\n<\/p><\/div>\n<div>\n<p style=\"font-family:OpenSans;font-size:20px;font-weight:900;line-height:28px;margin-bottom:12px\" class=\"detail-desc-decorate-title\" id=\"tl_12\">Zoom t&eacute;lescopique<\/p>\n<div>\n    <img decoding=\"async\" class=\"detail-desc-decorate-image\" src=\"https:\/\/ae01.alicdn.com\/kf\/S60f308b67b744a2fbf2d02ed3438a1d4f.jpg\" \/>\n   <\/div>\n<\/p><\/div>\n<div>\n<p style=\"font-family:OpenSans;font-size:20px;font-weight:900;line-height:28px;margin-bottom:12px\" class=\"detail-desc-decorate-title\" id=\"tl_13\">Rechargeable par USB<\/p>\n<div>\n    <img decoding=\"async\" class=\"detail-desc-decorate-image\" src=\"https:\/\/ae01.alicdn.com\/kf\/Sf4a6e08555d24ac2a9fd3033e122ec06F.jpg\" \/>\n   <\/div>\n<\/p><\/div>\n<div>\n<p style=\"font-family:OpenSans;font-size:20px;font-weight:900;line-height:28px;margin-bottom:12px\" class=\"detail-desc-decorate-title\" id=\"tl_14\">Affichage de la puissance<\/p>\n<div>\n    <img decoding=\"async\" class=\"detail-desc-decorate-image\" src=\"https:\/\/ae01.alicdn.com\/kf\/Sb4e955ab01554ab5861c4a55f1fbefbbA.jpg\" \/>\n   <\/div>\n<\/p><\/div>\n<div>\n<p style=\"font-family:OpenSans;font-size:20px;font-weight:900;line-height:28px;margin-bottom:12px\" class=\"detail-desc-decorate-title\" id=\"tl_15\">Mat&eacute;riau ABS robuste<\/p>\n<div>\n    <img decoding=\"async\" class=\"detail-desc-decorate-image\" src=\"https:\/\/ae01.alicdn.com\/kf\/S86af05b4f4304abb8144c5a082881d6bu.jpg\" \/>\n   <\/div>\n<\/p><\/div>\n<div>\n<p style=\"font-family:OpenSans;font-size:20px;font-weight:900;line-height:28px;margin-bottom:12px\" class=\"detail-desc-decorate-title\" id=\"tl_16\">Imperm&eacute;able<\/p>\n<div>\n    <img decoding=\"async\" class=\"detail-desc-decorate-image\" src=\"https:\/\/ae01.alicdn.com\/kf\/Sbbb11f3129474c028d89b7ea1ad36fefY.jpg\" \/>\n   <\/div>\n<\/p><\/div>\n<div>\n   \n  <\/div>\n<\/p><\/div>\n<\/div>\n<p><\/p>\n<\/div>\n<\/div>","protected":false},"excerpt":{"rendered":"<p>Produit chimique \u00e0 haute pr\u00e9occupation:&nbsp;Aucun Num\u00e9ro de Mod\u00e8le:&nbsp;LED flashlight Origine:&nbsp;CN (Origine) feature:&nbsp;torch light Description du produit : \u25cfMat&eacute;riau : ABS haute duret&eacute; \u25cfCharge : chargement de type C, prend en charge la sortie \u25cfMode : 3 modes \u25cf&Eacute;tanche : &eacute;tanche &agrave; vie \u25cfMode zoom : zoom t&eacute;l&eacute;objectif \u25cfDistance d&rsquo;&eacute;clairage : 1500 M \u25cfAutonomie de la&hellip;<\/p>","protected":false},"featured_media":4793,"comment_status":"","ping_status":"closed","template":"","meta":[],"product_brand":[],"product_cat":[641],"product_tag":[],"class_list":{"0":"post-4791","1":"product","2":"type-product","3":"status-publish","4":"has-post-thumbnail","6":"product_cat-lampes","8":"first","9":"instock","10":"taxable","11":"shipping-taxable","12":"purchasable","13":"product-type-variable"},"_links":{"self":[{"href":"https:\/\/www.innovatingbytes.com\/en\/wp-json\/wp\/v2\/product\/4791","targetHints":{"allow":["GET"]}}],"collection":[{"href":"https:\/\/www.innovatingbytes.com\/en\/wp-json\/wp\/v2\/product"}],"about":[{"href":"https:\/\/www.innovatingbytes.com\/en\/wp-json\/wp\/v2\/types\/product"}],"replies":[{"embeddable":true,"href":"https:\/\/www.innovatingbytes.com\/en\/wp-json\/wp\/v2\/comments?post=4791"}],"version-history":[{"count":0,"href":"https:\/\/www.innovatingbytes.com\/en\/wp-json\/wp\/v2\/product\/4791\/revisions"}],"wp:featuredmedia":[{"embeddable":true,"href":"https:\/\/www.innovatingbytes.com\/en\/wp-json\/wp\/v2\/media\/4793"}],"wp:attachment":[{"href":"https:\/\/www.innovatingbytes.com\/en\/wp-json\/wp\/v2\/media?parent=4791"}],"wp:term":[{"taxonomy":"product_brand","embeddable":true,"href":"https:\/\/www.innovatingbytes.com\/en\/wp-json\/wp\/v2\/product_brand?post=4791"},{"taxonomy":"product_cat","embeddable":true,"href":"https:\/\/www.innovatingbytes.com\/en\/wp-json\/wp\/v2\/product_cat?post=4791"},{"taxonomy":"product_tag","embeddable":true,"href":"https:\/\/www.innovatingbytes.com\/en\/wp-json\/wp\/v2\/product_tag?post=4791"}],"curies":[{"name":"wp","href":"https:\/\/api.w.org\/{rel}","templated":true}]}}