{"id":4782,"date":"2025-11-06T13:42:28","date_gmt":"2025-11-06T12:42:28","guid":{"rendered":"https:\/\/www.innovatingbytes.com\/product\/mini-torche-porte-cles\/"},"modified":"2026-04-08T07:07:33","modified_gmt":"2026-04-08T05:07:33","slug":"mini-torche-porte-cles","status":"publish","type":"product","link":"https:\/\/www.innovatingbytes.com\/en\/product\/mini-torche-porte-cles\/","title":{"rendered":"Mini torche porte-cl\u00e9s"},"content":{"rendered":"<div class=\"product-specs-list-container\">\n<ul class=\"product-specs-list util-clearfix\">\n<li class=\"product-prop line-limit-length\"><span class=\"property-title\">Produit chimique \u00e0 haute pr\u00e9occupation:&nbsp;<\/span><span class=\"property-desc line-limit-length\">Aucun<\/span>\n                        <\/li>\n<li class=\"product-prop line-limit-length\"><span class=\"property-title\">Chargeur:&nbsp;<\/span><span class=\"property-desc line-limit-length\">Pas applicable<\/span>\n                        <\/li>\n<li class=\"product-prop line-limit-length\"><span class=\"property-title\">Longueur Focale:&nbsp;<\/span><span class=\"property-desc line-limit-length\">Non r\u00e9glable<\/span>\n                        <\/li>\n<li class=\"product-prop line-limit-length\"><span class=\"property-title\">Les piles sont-elles incluses:&nbsp;<\/span><span class=\"property-desc line-limit-length\">Oui<\/span>\n                        <\/li>\n<li class=\"product-prop line-limit-length\"><span class=\"property-title\">Puissance:&nbsp;<\/span><span class=\"property-desc line-limit-length\">3<\/span>\n                        <\/li>\n<li class=\"product-prop line-limit-length\"><span class=\"property-title\">Certification:&nbsp;<\/span><span class=\"property-desc line-limit-length\">CCC<\/span>\n                        <\/li>\n<li class=\"product-prop line-limit-length\"><span class=\"property-title\">Couleur:&nbsp;<\/span><span class=\"property-desc line-limit-length\">Rouge,Bleu,Black<\/span>\n                        <\/li>\n<li class=\"product-prop line-limit-length\"><span class=\"property-title\">Imperm\u00e9able:&nbsp;<\/span><span class=\"property-desc line-limit-length\">Non<\/span>\n                        <\/li>\n<li class=\"product-prop line-limit-length\"><span class=\"property-title\">Zoom:&nbsp;<\/span><span class=\"property-desc line-limit-length\">Pas de<\/span>\n                        <\/li>\n<li class=\"product-prop line-limit-length\"><span class=\"property-title\">Type D&rsquo;article:&nbsp;<\/span><span class=\"property-desc line-limit-length\">LAMPES DE POCHE<\/span>\n                        <\/li>\n<li class=\"product-prop line-limit-length\"><span class=\"property-title\">Origine:&nbsp;<\/span><span class=\"property-desc line-limit-length\">CN (Origine)<\/span>\n                        <\/li>\n<li class=\"product-prop line-limit-length\"><span class=\"property-title\">Mat\u00e9riau du corps:&nbsp;<\/span><span class=\"property-desc line-limit-length\">ABS<\/span>\n                        <\/li>\n<li class=\"product-prop line-limit-length\"><span class=\"property-title\">Distance d&rsquo;\u00e9clairage:&nbsp;<\/span><span class=\"property-desc line-limit-length\">&lt; 50 m<\/span>\n                        <\/li>\n<li class=\"product-prop line-limit-length\"><span class=\"property-title\">Lumen:&nbsp;<\/span><span class=\"property-desc line-limit-length\">160<\/span>\n                        <\/li>\n<\/ul><\/div>\n<div class=\"detailmodule_html\">\n<div class=\"detail-desc-decorate-richtext\">\n<p><span style=\"font-size:20px\">Mini lampe de poche porte-cl\u00e9s :<br \/><\/span><span style=\"font-size:20px\"><span style=\", sans-serif\">Taille: 60mm * 15mm<\/span><\/span><span style=\"font-size:20px\"><br \/><\/span><span style=\"font-size:20px\"><span style=\", sans-serif\">Poids : 25g<\/span><\/span><span style=\"font-size:20px\"><br \/><\/span><span style=\"font-size:20px\"><span style=\", sans-serif\">Batterie : avec quatre piles<\/span><\/span><span style=\"font-size:20px\"><br \/><\/span><span style=\"font-size:20px\"><span><span style=\", sans-serif\"><span>Remarque : veuillez retirer la feuille isolante int\u00e9gr\u00e9e avant utilisation.<\/span><\/span><\/span><\/span><\/p>\n<p><img decoding=\"async\" src=\"https:\/\/ae01.alicdn.com\/kf\/Sebe215b1093c4b4b83268df161095d04q.jpg\"><img decoding=\"async\" src=\"https:\/\/ae01.alicdn.com\/kf\/S8461f93825f648efbd2abc4f0d477183Y.jpg\"><img decoding=\"async\" src=\"https:\/\/ae01.alicdn.com\/kf\/S8dc76cf514a84b3e9d11266e48b05481O.jpg\"><img decoding=\"async\" src=\"https:\/\/ae01.alicdn.com\/kf\/S4e1241172c4a4ae293cda6172f06a607y.jpg\"><img decoding=\"async\" src=\"https:\/\/ae01.alicdn.com\/kf\/S5d21f8fd2eae44afa5e7a25ce324ff55w.jpg\"><img decoding=\"async\" src=\"https:\/\/ae01.alicdn.com\/kf\/S42342be7c5c94d6ab64250c5d51b2554s.jpg\"><img decoding=\"async\" src=\"https:\/\/ae01.alicdn.com\/kf\/Sc475a4e18add46d7ba60ee22cd35a1b9A.jpg\"><img decoding=\"async\" src=\"https:\/\/ae01.alicdn.com\/kf\/S9feeb61bd4e6436a8c7523cfcf606356c.jpg\"><\/p>\n<\/div>\n<\/div>","protected":false},"excerpt":{"rendered":"<p>Produit chimique \u00e0 haute pr\u00e9occupation:&nbsp;Aucun Chargeur:&nbsp;Pas applicable Longueur Focale:&nbsp;Non r\u00e9glable Les piles sont-elles incluses:&nbsp;Oui Puissance:&nbsp;3 Certification:&nbsp;CCC Couleur:&nbsp;Rouge,Bleu,Black Imperm\u00e9able:&nbsp;Non Zoom:&nbsp;Pas de Type D&rsquo;article:&nbsp;LAMPES DE POCHE Origine:&nbsp;CN (Origine) Mat\u00e9riau du corps:&nbsp;ABS Distance d&rsquo;\u00e9clairage:&nbsp;&lt; 50 m Lumen:&nbsp;160 Mini lampe de poche porte-cl\u00e9s :Taille: 60mm * 15mmPoids : 25gBatterie : avec quatre pilesRemarque : veuillez retirer la feuille isolante&hellip;<\/p>","protected":false},"featured_media":4783,"comment_status":"","ping_status":"closed","template":"","meta":[],"product_brand":[],"product_cat":[288,641],"product_tag":[],"class_list":{"0":"post-4782","1":"product","2":"type-product","3":"status-publish","4":"has-post-thumbnail","6":"product_cat-gadgets","7":"product_cat-lampes","9":"first","10":"instock","11":"taxable","12":"shipping-taxable","13":"purchasable","14":"product-type-variable"},"_links":{"self":[{"href":"https:\/\/www.innovatingbytes.com\/en\/wp-json\/wp\/v2\/product\/4782","targetHints":{"allow":["GET"]}}],"collection":[{"href":"https:\/\/www.innovatingbytes.com\/en\/wp-json\/wp\/v2\/product"}],"about":[{"href":"https:\/\/www.innovatingbytes.com\/en\/wp-json\/wp\/v2\/types\/product"}],"replies":[{"embeddable":true,"href":"https:\/\/www.innovatingbytes.com\/en\/wp-json\/wp\/v2\/comments?post=4782"}],"version-history":[{"count":0,"href":"https:\/\/www.innovatingbytes.com\/en\/wp-json\/wp\/v2\/product\/4782\/revisions"}],"wp:featuredmedia":[{"embeddable":true,"href":"https:\/\/www.innovatingbytes.com\/en\/wp-json\/wp\/v2\/media\/4783"}],"wp:attachment":[{"href":"https:\/\/www.innovatingbytes.com\/en\/wp-json\/wp\/v2\/media?parent=4782"}],"wp:term":[{"taxonomy":"product_brand","embeddable":true,"href":"https:\/\/www.innovatingbytes.com\/en\/wp-json\/wp\/v2\/product_brand?post=4782"},{"taxonomy":"product_cat","embeddable":true,"href":"https:\/\/www.innovatingbytes.com\/en\/wp-json\/wp\/v2\/product_cat?post=4782"},{"taxonomy":"product_tag","embeddable":true,"href":"https:\/\/www.innovatingbytes.com\/en\/wp-json\/wp\/v2\/product_tag?post=4782"}],"curies":[{"name":"wp","href":"https:\/\/api.w.org\/{rel}","templated":true}]}}