{"id":4749,"date":"2025-11-06T13:41:33","date_gmt":"2025-11-06T12:41:33","guid":{"rendered":"https:\/\/www.innovatingbytes.com\/product\/500-lumen-usb-rechargeable-phare-capteur-de-mouvement-led-lumineuse\/"},"modified":"2026-04-09T06:54:31","modified_gmt":"2026-04-09T04:54:31","slug":"500-lumen-usb-rechargeable-phare-capteur-de-mouvement-led-lumineuse","status":"publish","type":"product","link":"https:\/\/www.innovatingbytes.com\/en\/product\/500-lumen-usb-rechargeable-phare-capteur-de-mouvement-led-lumineuse\/","title":{"rendered":"500 Lumen USB Rechargeable phare capteur de mouvement LED lumineuse"},"content":{"rendered":"<div class=\"detailmodule_html\">\n<div class=\"detail-desc-decorate-richtext\">\n<div class=\"detailmodule_dynamic\"><\/div>\n<div class=\"detailmodule_html\">\n<div class=\"detail-desc-decorate-richtext\">\n<div><\/div>\n<p style=\"font-family:OpenSans;font-size:20px;font-weight:900;letter-spacing:normal;line-height:28px;text-align:start;margin:0px 0px 12px;margin-bottom:12px;margin-top:0px;margin-left:0px;margin-right:0px;padding:0px;padding-bottom:0px;padding-top:0px;padding-left:0px;padding-right:0px\" class=\"detail-desc-decorate-title\" align=\"start\">Caract\u00e9ristiques :<\/p>\n<p style=\"font-family:OpenSans;font-size:14px;font-weight:300;letter-spacing:normal;line-height:20px;text-align:start;margin:0px 0px 12px;margin-bottom:12px;margin-top:0px;margin-left:0px;margin-right:0px;padding:0px;padding-bottom:0px;padding-top:0px;padding-left:0px;padding-right:0px\" class=\"detail-desc-decorate-content\" align=\"start\">La lumi\u00e8re indnctive ext\u00e9rieure portable est con\u00e7ue dans toutes les perspectives, le port de chargement USB lui ajoute une puissance plus forte.Conception sp\u00e9ciale \u00e0 double interrupteur pour vous assurer une conversion des modes de conversion.La batterie rechargeable haute capacit\u00e9 offre une alimentation longue dur\u00e9e pour des sports de plein air plus s\u00fbrs.La lampe frontale est principalement utilis\u00e9e pour la p\u00eache, la chasse, la course de nuit, la randonn\u00e9e et le camping.<\/p>\n<p>1. Le phare \u00e0 induction du doigt, lorsque votre main est proche du phare dans un rayon de 15 cm, le phare s&rsquo;allume, lorsque vous quittez le phare, il s&rsquo;\u00e9teindra.<br \/>2. Le phare contient la batterie.Vous pouvez utiliser le c\u00e2ble de charge USB pour charger le phare.<br \/>3. Il dispose de deux interrupteurs, d&rsquo;un interrupteur \u00e0 pression et d&rsquo;un interrupteur inductif.<br \/>4 modes pour appuyez sur l&rsquo;interrupteur : haut\/moyen\/clignotant (appuyez et maintenez pendant 2 secondes pour entrer dans le clignotement)<br \/>1 mode pour interrupteur inductif : lumi\u00e8re \u00e9lev\u00e9e<\/p>\n<p>Sp\u00e9cification :<br \/>Peut \u00eatre utilis\u00e9 comme phare<br \/>Avec un bandeau r\u00e9glable, vous pouvez l&rsquo;utiliser plus confortablement<br \/>Facile et pratique \u00e0 appliquer et \u00e0 enlever<br \/>Il peut uniquement \u00eatre utilis\u00e9 pendant les jours de pluie, mais ne peut pas utiliser de plong\u00e9e.<br \/>Alimentation : batterie incluse<br \/>Poids : 50g<\/p>\n<div class=\"detailmodule_dynamic\"><img decoding=\"async\" src=\"https:\/\/ae01.alicdn.com\/kf\/S6f45a6bd843a441482665c9f117db50dZ.jpg\"><img decoding=\"async\" src=\"https:\/\/ae01.alicdn.com\/kf\/S867e133df9594aed89fbe9048e2d976aP.jpg\"><img decoding=\"async\" src=\"https:\/\/ae01.alicdn.com\/kf\/Secb329dd9e0b42298a3b5d0659c0ec144.jpg\"><img decoding=\"async\" src=\"https:\/\/ae01.alicdn.com\/kf\/S80ac0a12967a4ea1a0a2cfb7577eb634Y.jpg\"><img decoding=\"async\" src=\"https:\/\/ae01.alicdn.com\/kf\/S05af0845572e4a3c884c529749e7e258p.jpg\"><img decoding=\"async\" src=\"https:\/\/ae01.alicdn.com\/kf\/S0d02fb31075740b096ce3953ba0f5a81z.jpg\"><\/div>\n<p><\/p>\n<\/div>\n<\/div>\n<div class=\"detailmodule_dynamic\"><\/div>\n<p><\/p>\n<\/div>\n<\/div>","protected":false},"excerpt":{"rendered":"<p>Caract\u00e9ristiques : La lumi\u00e8re indnctive ext\u00e9rieure portable est con\u00e7ue dans toutes les perspectives, le port de chargement USB lui ajoute une puissance plus forte.Conception sp\u00e9ciale \u00e0 double interrupteur pour vous assurer une conversion des modes de conversion.La batterie rechargeable haute capacit\u00e9 offre une alimentation longue dur\u00e9e pour des sports de plein air plus s\u00fbrs.La lampe&hellip;<\/p>","protected":false},"featured_media":4750,"comment_status":"","ping_status":"closed","template":"","meta":[],"product_brand":[],"product_cat":[641],"product_tag":[],"class_list":{"0":"post-4749","1":"product","2":"type-product","3":"status-publish","4":"has-post-thumbnail","6":"product_cat-lampes","8":"first","9":"instock","10":"taxable","11":"shipping-taxable","12":"purchasable","13":"product-type-variable"},"_links":{"self":[{"href":"https:\/\/www.innovatingbytes.com\/en\/wp-json\/wp\/v2\/product\/4749","targetHints":{"allow":["GET"]}}],"collection":[{"href":"https:\/\/www.innovatingbytes.com\/en\/wp-json\/wp\/v2\/product"}],"about":[{"href":"https:\/\/www.innovatingbytes.com\/en\/wp-json\/wp\/v2\/types\/product"}],"replies":[{"embeddable":true,"href":"https:\/\/www.innovatingbytes.com\/en\/wp-json\/wp\/v2\/comments?post=4749"}],"version-history":[{"count":0,"href":"https:\/\/www.innovatingbytes.com\/en\/wp-json\/wp\/v2\/product\/4749\/revisions"}],"wp:featuredmedia":[{"embeddable":true,"href":"https:\/\/www.innovatingbytes.com\/en\/wp-json\/wp\/v2\/media\/4750"}],"wp:attachment":[{"href":"https:\/\/www.innovatingbytes.com\/en\/wp-json\/wp\/v2\/media?parent=4749"}],"wp:term":[{"taxonomy":"product_brand","embeddable":true,"href":"https:\/\/www.innovatingbytes.com\/en\/wp-json\/wp\/v2\/product_brand?post=4749"},{"taxonomy":"product_cat","embeddable":true,"href":"https:\/\/www.innovatingbytes.com\/en\/wp-json\/wp\/v2\/product_cat?post=4749"},{"taxonomy":"product_tag","embeddable":true,"href":"https:\/\/www.innovatingbytes.com\/en\/wp-json\/wp\/v2\/product_tag?post=4749"}],"curies":[{"name":"wp","href":"https:\/\/api.w.org\/{rel}","templated":true}]}}