{"id":4733,"date":"2025-11-06T13:40:48","date_gmt":"2025-11-06T12:40:48","guid":{"rendered":"https:\/\/www.innovatingbytes.com\/product\/lampe-frontale-led-puissante-rechargeable-par-usb-telescopique\/"},"modified":"2026-04-11T07:04:37","modified_gmt":"2026-04-11T05:04:37","slug":"lampe-frontale-led-puissante-rechargeable-par-usb-telescopique","status":"publish","type":"product","link":"https:\/\/www.innovatingbytes.com\/en\/product\/lampe-frontale-led-puissante-rechargeable-par-usb-telescopique\/","title":{"rendered":"Lampe frontale LED puissante, Rechargeable par USB, t\u00e9lescopique"},"content":{"rendered":"<div class=\"product-specs-list-container\">\n<ul class=\"product-specs-list util-clearfix\">\n<li class=\"product-prop line-limit-length\"><span class=\"property-title\">Produit chimique \u00e0 haute pr\u00e9occupation:&nbsp;<\/span><span class=\"property-desc line-limit-length\">Aucun<\/span>\n                        <\/li>\n<li class=\"product-prop line-limit-length\"><span class=\"property-title\">Num\u00e9ro de Mod\u00e8le:&nbsp;<\/span><span class=\"property-desc line-limit-length\">2816<\/span>\n                        <\/li>\n<li class=\"product-prop line-limit-length\"><span class=\"property-title\">Les piles sont-elles incluses:&nbsp;<\/span><span class=\"property-desc line-limit-length\">Oui<\/span>\n                        <\/li>\n<li class=\"product-prop line-limit-length\"><span class=\"property-title\">Source de lumi\u00e8re:&nbsp;<\/span><span class=\"property-desc line-limit-length\">Ampoules LED<\/span>\n                        <\/li>\n<li class=\"product-prop line-limit-length\"><span class=\"property-title\">Switch Mode:&nbsp;<\/span><span class=\"property-desc line-limit-length\">Haut\/Moyen\/Bas<\/span>\n                        <\/li>\n<li class=\"product-prop line-limit-length\"><span class=\"property-title\">Origine:&nbsp;<\/span><span class=\"property-desc line-limit-length\">CN (Origine)<\/span>\n                        <\/li>\n<li class=\"product-prop line-limit-length\"><span class=\"property-title\">Certification:&nbsp;<\/span><span class=\"property-desc line-limit-length\">ce,CEM,ROHS<\/span>\n                        <\/li>\n<li class=\"product-prop line-limit-length\"><span class=\"property-title\">Type D&rsquo;article:&nbsp;<\/span><span class=\"property-desc line-limit-length\">Lampe\u00a0frontale<\/span>\n                        <\/li>\n<li class=\"product-prop line-limit-length\"><span class=\"property-title\">Nom de marque:&nbsp;<\/span><span class=\"property-desc line-limit-length\">ESMARTER<\/span>\n                        <\/li>\n<li class=\"product-prop line-limit-length\"><span class=\"property-title\">Imperm\u00e9able:&nbsp;<\/span><span class=\"property-desc line-limit-length\">Oui<\/span>\n                        <\/li>\n<li class=\"product-prop line-limit-length\"><span class=\"property-title\">Angle du faisceau:&nbsp;<\/span><span class=\"property-desc line-limit-length\">45 \u00b0<\/span>\n                        <\/li>\n<li class=\"product-prop line-limit-length\"><span class=\"property-title\">Type De batterie:&nbsp;<\/span><span class=\"property-desc line-limit-length\">Lithium-m\u00e9tal<\/span>\n                        <\/li>\n<li class=\"product-prop line-limit-length\"><span class=\"property-title\">But:&nbsp;<\/span><span class=\"property-desc line-limit-length\">Hiking,camping,maintenance,cave exploration,night fishing,patrolling<\/span>\n                        <\/li>\n<li class=\"product-prop line-limit-length\"><span class=\"property-title\">Battery:&nbsp;<\/span><span class=\"property-desc line-limit-length\">2* 18650 lithium battery<\/span>\n                        <\/li>\n<li class=\"product-prop line-limit-length\"><span class=\"property-title\">Is the battery removable and replaceable?:&nbsp;<\/span><span class=\"property-desc line-limit-length\">removable and replaceable same type of 18650 lithium battery<\/span>\n                        <\/li>\n<\/ul><\/div>\n<div class=\"detailmodule_html\">\n<div class=\"detail-desc-decorate-richtext\">\n<div>\n <span style=\"font-size:20px\"><strong id=\"tl_1\">Description du produit :<\/strong><\/span>\n<\/div>\n<p id=\"tl_2\">La lampe frontale peut &ecirc;tre utilis&eacute;e pour la p&ecirc;che, la chasse, la course de nuit, la randonn&eacute;e et le camping, la p&ecirc;che, le v&eacute;lo, la chasse, l&rsquo;escalade, ainsi que les pannes de v&eacute;hicules, les r&eacute;parations d&rsquo;appareils, promener votre chien la nuit, les travaux m&eacute;nagers, la recherche, etc.<\/p>\n<p id=\"tl_3\"><strong>*<\/strong>La distance focale du phare peut &ecirc;tre zoom&eacute;e avant\/arri&egrave;re, ainsi qu&rsquo;un angle de t&ecirc;te r&eacute;glable<\/p>\n<p id=\"tl_4\">* Bo&icirc;tier ABS durable.<\/p>\n<p id=\"tl_5\">* Le support de batterie dispose d&rsquo;une interface de chargement, ce qui rend le chargement plus pratique.<\/p>\n<p id=\"tl_6\">* Avec bandeau &eacute;lastique r&eacute;glable pour un enfilage et un retrait faciles.<\/p>\n<p id=\"tl_7\">* Le voyant rouge sur le support de batterie est un bon avertissement lorsque vous marchez ou faites du v&eacute;lo la nuit!<\/p>\n<p id=\"tl_8\">* Convient aux amateurs de sports de plein air pour effectuer certaines activit&eacute;s de plein air, telles que la chasse, le v&eacute;lo, l&rsquo;alpinisme et le camping, etc.<\/p>\n<div>\n<\/div>\n<p><span style=\"font-size:20px\"><strong id=\"tl_9\">Caract&eacute;ristique :<\/strong><\/span><\/p>\n<p id=\"tl_10\"><strong>1.Perles de lampe :<\/strong>perles de lampe, la luminosit&eacute; maximale de 1000 lumens<\/p>\n<p id=\"tl_11\"><strong>2.Lentille Hawkeye :<\/strong>Feuille de lentille Hawkeye, de sorte que la lumi&egrave;re soit une attaque &agrave; longue port&eacute;e plus focalis&eacute;e, protection de la t&ecirc;te ABS contre les lentilles d&rsquo;usure ;<\/p>\n<p id=\"tl_12\"><strong>3.Trou de chargement micro USB :<\/strong>le trou de chargement de la t&ecirc;te, connecter l&rsquo;alimentation ne peut qu&rsquo;une charge rapide, une dur&eacute;e de vie de la batterie plus longue ;<\/p>\n<p id=\"tl_13\"><strong>4.Ceinture de phares de qualit&eacute; :<\/strong>Lumi&egrave;res &eacute;lastiques avec design, r&eacute;glage de la taille, taille appropri&eacute;e en fonction de leur t&ecirc;te ;<\/p>\n<p id=\"tl_14\"><strong>5.Mise au point t&eacute;lescopique :<\/strong>conception de t&ecirc;te de mise au point t&eacute;lescopique, astigmatisme &agrave; r&eacute;glage libre &#8211; conversion de condensation, facile &agrave; g&eacute;rer dans une vari&eacute;t&eacute; d&rsquo;environnements ;<\/p>\n<p id=\"tl_15\"><strong>6.Interrupteur &eacute;tanche :<\/strong>interrupteur &eacute;tanche antid&eacute;rapant en caoutchouc, mat&eacute;riau doux, sensation confortable, transformer troisi&egrave;me vitesse : Fort &#8211; Faible &#8211; Stroboscope<\/p>\n<p id=\"tl_16\"><strong>7.R&eacute;glage de l&rsquo;angle :<\/strong>t&ecirc;te selon leurs propres besoins et ajustez l&rsquo;angle de haut en bas, &eacute;clairage simple, facile &agrave; utiliser et facile &agrave; travailler.<\/p>\n<div>\n<\/div>\n<p><span style=\"font-size:20px\"><strong id=\"tl_17\">Sp&eacute;cifications du produit :<\/strong><\/span><\/p>\n<p id=\"tl_18\">Lumens : 1000 Lumens<\/p>\n<p id=\"tl_19\">Indice d&rsquo;&eacute;tanch&eacute;it&eacute; : IPX4<\/p>\n<p id=\"tl_20\">Mat&eacute;riel: bo&icirc;tier ABS,<\/p>\n<p id=\"tl_21\">Mat&eacute;riau de la t&ecirc;te de lampe : ABS.<\/p>\n<p id=\"tl_22\">3 modes de commutation : lumi&egrave;re vive\/lumi&egrave;re frappante\/mode clignotant<\/p>\n<p id=\"tl_23\">Source de lumi&egrave;re : ampoules LED<\/p>\n<p id=\"tl_24\">Puissance : 50W<\/p>\n<p id=\"tl_25\">Angle r&eacute;glable de la t&ecirc;te de lampe : 90&deg;<\/p>\n<p id=\"tl_26\">Type de batterie : ION de LITHIUM<\/p>\n<p id=\"tl_27\">Type d&rsquo;article : Lampes frontales<\/p>\n<p id=\"tl_28\">Batterie : Batterie rechargeable 18650<\/p>\n<p id=\"tl_29\">Tension de la batterie : 3,7 V<\/p>\n<p id=\"tl_30\">Chargement : c&acirc;ble de chargement<\/p>\n<p id=\"tl_31\">Objectif : Camping, escalade, chasse, p&ecirc;che de nuit, &eacute;clairage de nuit&#8230;<\/p>\n<div>\n<\/div>\n<p><span style=\"font-size:20px\"><strong id=\"tl_32\">Liste des paquets :<\/strong><\/span><\/p>\n<p id=\"tl_33\">Lampe frontale 1*2816<\/p>\n<p id=\"tl_34\">1 * c&acirc;ble de chargement micro USB<\/p>\n<p id=\"tl_35\">Batterie 2*18650<\/p>\n<div>\n<\/div>\n<p><span style=\"font-size:20px\"><strong id=\"tl_36\">Conseils :<\/strong><\/span><\/p>\n<p><span id=\"tl_37\">1.En raison de la mesure manuelle, veuillez accepter une erreur de 1 &agrave; 3 cm.<\/span><\/p>\n<p><span id=\"tl_38\">2. En raison de la diff&eacute;rence de lumi&egrave;re et d&rsquo;&eacute;cran, la couleur du produit peut &ecirc;tre l&eacute;g&egrave;rement diff&eacute;rente de celle de l&rsquo;image.<\/span><\/p>\n<p><img decoding=\"async\" src=\"https:\/\/ae01.alicdn.com\/kf\/S204676e255044851bb60107b487062f91.jpg\" \/><img decoding=\"async\" src=\"https:\/\/ae01.alicdn.com\/kf\/S64a4773f797642b3955927a30737bc67F.jpg\" \/><img decoding=\"async\" src=\"https:\/\/ae01.alicdn.com\/kf\/S414c7478d5724685843f76fa4ad774ecw.jpg\" \/><img decoding=\"async\" src=\"https:\/\/ae01.alicdn.com\/kf\/S884abdd5e36d4b2396559732c4aa8ea0v.jpg\" \/><img decoding=\"async\" src=\"https:\/\/ae01.alicdn.com\/kf\/S10ad449648594778bcb994fa471aa8c7G.jpg\" \/><img decoding=\"async\" src=\"https:\/\/ae01.alicdn.com\/kf\/Sd39369aa42e24681854c679bd73cc0f0Q.jpg\" \/><img decoding=\"async\" src=\"https:\/\/ae01.alicdn.com\/kf\/S1830c9758803419986908f8fa2ff43fdM.jpg\" \/><img decoding=\"async\" src=\"https:\/\/ae01.alicdn.com\/kf\/Sc5609e4f72b54eb5aef45c3126c3d5a8e.jpg\" \/><img decoding=\"async\" src=\"https:\/\/ae01.alicdn.com\/kf\/Sdfb81f40ff2544e7a48dcb919c5aee04L.jpg\" \/><img decoding=\"async\" src=\"https:\/\/ae01.alicdn.com\/kf\/S2883efa40d0f482b8f15040795640fcaN.jpg\" \/><img decoding=\"async\" src=\"https:\/\/ae01.alicdn.com\/kf\/S120980127ae54b34b64dd0b045c8bcb0f.jpg\" \/><img decoding=\"async\" src=\"https:\/\/ae01.alicdn.com\/kf\/S6af1f2c75d8b42be9496ac404e23c4b7e.jpg\" \/><\/p>\n<p><\/p>\n<\/div>\n<\/div>","protected":false},"excerpt":{"rendered":"<p>Produit chimique \u00e0 haute pr\u00e9occupation:&nbsp;Aucun Num\u00e9ro de Mod\u00e8le:&nbsp;2816 Les piles sont-elles incluses:&nbsp;Oui Source de lumi\u00e8re:&nbsp;Ampoules LED Switch Mode:&nbsp;Haut\/Moyen\/Bas Origine:&nbsp;CN (Origine) Certification:&nbsp;ce,CEM,ROHS Type D&rsquo;article:&nbsp;Lampe\u00a0frontale Nom de marque:&nbsp;ESMARTER Imperm\u00e9able:&nbsp;Oui Angle du faisceau:&nbsp;45 \u00b0 Type De batterie:&nbsp;Lithium-m\u00e9tal But:&nbsp;Hiking,camping,maintenance,cave exploration,night fishing,patrolling Battery:&nbsp;2* 18650 lithium battery Is the battery removable and replaceable?:&nbsp;removable and replaceable same type of 18650 lithium battery&hellip;<\/p>","protected":false},"featured_media":4735,"comment_status":"","ping_status":"closed","template":"","meta":[],"product_brand":[],"product_cat":[641],"product_tag":[],"class_list":{"0":"post-4733","1":"product","2":"type-product","3":"status-publish","4":"has-post-thumbnail","6":"product_cat-lampes","8":"first","9":"instock","10":"taxable","11":"shipping-taxable","12":"purchasable","13":"product-type-variable"},"_links":{"self":[{"href":"https:\/\/www.innovatingbytes.com\/en\/wp-json\/wp\/v2\/product\/4733","targetHints":{"allow":["GET"]}}],"collection":[{"href":"https:\/\/www.innovatingbytes.com\/en\/wp-json\/wp\/v2\/product"}],"about":[{"href":"https:\/\/www.innovatingbytes.com\/en\/wp-json\/wp\/v2\/types\/product"}],"replies":[{"embeddable":true,"href":"https:\/\/www.innovatingbytes.com\/en\/wp-json\/wp\/v2\/comments?post=4733"}],"version-history":[{"count":0,"href":"https:\/\/www.innovatingbytes.com\/en\/wp-json\/wp\/v2\/product\/4733\/revisions"}],"wp:featuredmedia":[{"embeddable":true,"href":"https:\/\/www.innovatingbytes.com\/en\/wp-json\/wp\/v2\/media\/4735"}],"wp:attachment":[{"href":"https:\/\/www.innovatingbytes.com\/en\/wp-json\/wp\/v2\/media?parent=4733"}],"wp:term":[{"taxonomy":"product_brand","embeddable":true,"href":"https:\/\/www.innovatingbytes.com\/en\/wp-json\/wp\/v2\/product_brand?post=4733"},{"taxonomy":"product_cat","embeddable":true,"href":"https:\/\/www.innovatingbytes.com\/en\/wp-json\/wp\/v2\/product_cat?post=4733"},{"taxonomy":"product_tag","embeddable":true,"href":"https:\/\/www.innovatingbytes.com\/en\/wp-json\/wp\/v2\/product_tag?post=4733"}],"curies":[{"name":"wp","href":"https:\/\/api.w.org\/{rel}","templated":true}]}}