{"id":4717,"date":"2025-11-06T13:40:37","date_gmt":"2025-11-06T12:40:37","guid":{"rendered":"https:\/\/www.innovatingbytes.com\/product\/6-modes-capteur-de-mouvement-xpe-cob-led-lampe-frontale-lampe-de-poche-usb-rechargeable\/"},"modified":"2026-04-08T07:07:11","modified_gmt":"2026-04-08T05:07:11","slug":"6-modes-capteur-de-mouvement-xpe-cob-led-lampe-frontale-lampe-de-poche-usb-rechargeable","status":"publish","type":"product","link":"https:\/\/www.innovatingbytes.com\/en\/product\/6-modes-capteur-de-mouvement-xpe-cob-led-lampe-frontale-lampe-de-poche-usb-rechargeable\/","title":{"rendered":"6 Modes capteur de mouvement XPE + COB LED lampe frontale lampe de poche USB Rechargeable"},"content":{"rendered":"<div class=\"product-specs-list-container\">\n<ul class=\"product-specs-list util-clearfix\">\n<li class=\"product-prop line-limit-length\"><span class=\"property-title\">Produit chimique \u00e0 haute pr\u00e9occupation:&nbsp;<\/span><span class=\"property-desc line-limit-length\">Aucun<\/span>\n                        <\/li>\n<li class=\"product-prop line-limit-length\"><span class=\"property-title\">Les piles sont-elles incluses:&nbsp;<\/span><span class=\"property-desc line-limit-length\">Non<\/span>\n                        <\/li>\n<li class=\"product-prop line-limit-length\"><span class=\"property-title\">Source de lumi\u00e8re:&nbsp;<\/span><span class=\"property-desc line-limit-length\">Ampoules LED<\/span>\n                        <\/li>\n<li class=\"product-prop line-limit-length\"><span class=\"property-title\">Switch Mode:&nbsp;<\/span><span class=\"property-desc line-limit-length\">Haut\/Moyen\/Bas<\/span>\n                        <\/li>\n<li class=\"product-prop line-limit-length\"><span class=\"property-title\">Origine:&nbsp;<\/span><span class=\"property-desc line-limit-length\">CN (Origine)<\/span>\n                        <\/li>\n<li class=\"product-prop line-limit-length\"><span class=\"property-title\">Mod\u00e8le des perles LED:&nbsp;<\/span><span class=\"property-desc line-limit-length\">COB<\/span>\n                        <\/li>\n<li class=\"product-prop line-limit-length\"><span class=\"property-title\">Certification:&nbsp;<\/span><span class=\"property-desc line-limit-length\">CCC,ce<\/span>\n                        <\/li>\n<li class=\"product-prop line-limit-length\"><span class=\"property-title\">Type D&rsquo;article:&nbsp;<\/span><span class=\"property-desc line-limit-length\">Lampe\u00a0frontale<\/span>\n                        <\/li>\n<li class=\"product-prop line-limit-length\"><span class=\"property-title\">Nom de marque:&nbsp;<\/span><span class=\"property-desc line-limit-length\">Heinast<\/span>\n                        <\/li>\n<li class=\"product-prop line-limit-length\"><span class=\"property-title\">Imperm\u00e9able:&nbsp;<\/span><span class=\"property-desc line-limit-length\">Oui<\/span>\n                        <\/li>\n<li class=\"product-prop line-limit-length\"><span class=\"property-title\">Angle du faisceau:&nbsp;<\/span><span class=\"property-desc line-limit-length\">60\u00b0<\/span>\n                        <\/li>\n<li class=\"product-prop line-limit-length\"><span class=\"property-title\">Type De batterie:&nbsp;<\/span><span class=\"property-desc line-limit-length\">Lithium-m\u00e9tal<\/span>\n                        <\/li>\n<li class=\"product-prop line-limit-length\"><span class=\"property-title\">But:&nbsp;<\/span><span class=\"property-desc line-limit-length\">Camping,Night Fishing,Climbing,Hunting,Riding<\/span>\n                        <\/li>\n<\/ul><\/div>\n<div class=\"detailmodule_html\">\n<div class=\"detail-desc-decorate-richtext\">\n<div class=\"detailmodule_html\">\n<div class=\"detail-desc-decorate-richtext\">\n<div style=\", Tahoma, Arial, \u5b8b\u4f53, sans-serif;font-size:12px;font-weight:400;letter-spacing:normal;text-align:start;margin:0px;margin-bottom:0px;margin-top:0px;margin-left:0px;margin-right:0px;padding:0px;padding-bottom:0px;padding-top:0px;padding-left:0px;padding-right:0px\" align=\"start\">\n<p style=\", Tahoma, Arial, \u5b8b\u4f53, sans-serif;font-size:12px;font-weight:400;line-height:1.42;text-align:left;margin:0px;margin-bottom:0px;margin-top:0px;margin-left:0px;margin-right:0px;padding:0px;padding-bottom:0px;padding-top:0px;padding-left:0px;padding-right:0px\" align=\"left\"><span style=\"font-size:14px;, Roboto, Arial, Helvetica, sans-serif, SimSun\"><span style=\"font-size:20px\"><span style=\"font-family:Arial, Helvetica, sans-serif\"><strong><span>Information sur le produit<\/span><\/strong><\/span><\/span><\/span><span style=\"font-size:14px;, Roboto, Arial, Helvetica, sans-serif, SimSun\"><br \/>Taille du produit: 62x38x30mm\/2.44&#215;1,5&#215;1,18 pouces<br \/>Poids net du produit : 71g<br \/>Mat\u00e9riau du produit : alliage d&rsquo;aluminium + ABS.<br \/>LED : 1xXPG + 2xCOB LED<br \/>Couleur de la lumi\u00e8re: lumi\u00e8re blanche + lumi\u00e8re rouge<br \/>Puissance maximale : 5W<br \/>Lumen maximum : 500LM<br \/>Distance d&rsquo;\u00e9clairage : 100 m\u00e8tres<br \/>Degr\u00e9 d&rsquo;\u00e9tanch\u00e9it\u00e9 : IPX4<br \/>Type de commutateur : interrupteur poussoir + interrupteur \u00e0 induction<br \/>Interface de chargement : chargement micro USB<br \/>Batterie : 1 batterie au lithium polym\u00e8re 1&#215;1200 mAh (incluse)<br \/>Dur\u00e9e (maximale) : 3-5h<br \/>\u00c9quipement: 6 vitesses \u00c9clairage: lumi\u00e8re forte XPG-lumi\u00e8re faible XPG-lumi\u00e8re blanche COB lumi\u00e8re forte-lumi\u00e8re blanche COB lumi\u00e8re faible-lumi\u00e8re rouge COB lumi\u00e8re forte-lumi\u00e8re rouge COB flash<br \/>Champ d&rsquo;application : camping, alpinisme, randonn\u00e9e, p\u00eache de nuit, sp\u00e9l\u00e9ologie et autres activit\u00e9s de plein air.<\/span><\/p>\n<p><span style=\"font-size:16px;, Roboto, Arial, Helvetica, sans-serif, SimSun\"><strong>Caract\u00e9ristiques<\/strong><\/span><br \/><span style=\"font-size:14px;, Roboto, Arial, Helvetica, sans-serif, SimSun\">1.Petite taille, facile \u00e0 utiliser et facile \u00e0 transporter.Bandeau r\u00e9glable pour un design ergonomique.<br \/>2.L&rsquo;angle du phare est r\u00e9glable pour r\u00e9pondre \u00e0 vos besoins de diff\u00e9rents angles d&rsquo;\u00e9clairage.<br \/>3.Lumi\u00e8re \u00e0 6 vitesses: lumi\u00e8re forte XPG-lumi\u00e8re faible XPG-lumi\u00e8re blanche COB lumi\u00e8re forte-lumi\u00e8re blanche COB lumi\u00e8re faible-lumi\u00e8re rouge COB lumi\u00e8re forte-lumi\u00e8re rouge COB flash.<br \/>4.Interrupteur \u00e0 induction d&rsquo;onde manuelle : apr\u00e8s avoir appuy\u00e9 sur l&rsquo;interrupteur \u00e0 induction, il entre en mode de contr\u00f4le par induction d&rsquo;onde, qui peut facilement contr\u00f4ler l&rsquo;ouverture et la fermeture du phare lorsque la main n&rsquo;est pas pratique pour appuyer sur l&rsquo;interrupteur.<br \/>5.Affichage de la puissance : connaissez toujours la puissance de la batterie.<\/span><\/p>\n<p><span style=\"font-size:14px;, Roboto, Arial, Helvetica, sans-serif, SimSun\"><strong><span style=\"font-size:16px\">Remarque :<\/span><\/strong><\/span><span style=\"font-size:14px;, Roboto, Arial, Helvetica, sans-serif, SimSun\"><br \/>Il y aura un certain \u00e9cart de poids.<br \/>En raison des diff\u00e9rents effets de moniteur et de lumi\u00e8re, la couleur r\u00e9elle de l&rsquo;article peut \u00eatre l\u00e9g\u00e8rement diff\u00e9rente de la couleur montr\u00e9e sur les images.Merci!<\/p>\n<p>Veuillez permettre un \u00e9cart de mesure de 1 \u00e0 2 cm en raison de la mesure manuelle.<\/span><br \/><img decoding=\"async\" style=\"border:0px;margin:0px;margin-bottom:0px;margin-top:0px;margin-left:0px;margin-right:0px;padding:0px;padding-bottom:0px;padding-top:0px;padding-left:0px;padding-right:0px;max-width:790px\" class=\"desc-img-loaded\" width=\"790\" height=\"488.659793814433\" src=\"https:\/\/ae01.alicdn.com\/kf\/S91dedc0ef8f74671b44b899f4402f817Q.jpg\"><br \/><img fetchpriority=\"high\" decoding=\"async\" style=\"border:0px;margin:0px;margin-bottom:0px;margin-top:0px;margin-left:0px;margin-right:0px;padding:0px;padding-bottom:0px;padding-top:0px;padding-left:0px;padding-right:0px;max-width:790px\" class=\"desc-img-loaded\" width=\"790\" height=\"790\" src=\"https:\/\/ae01.alicdn.com\/kf\/S0e7eb60e98d44c59b3031e8b53482b6dB.jpg\"><br \/><img decoding=\"async\" style=\"border:0px;margin:0px;margin-bottom:0px;margin-top:0px;margin-left:0px;margin-right:0px;padding:0px;padding-bottom:0px;padding-top:0px;padding-left:0px;padding-right:0px;max-width:790px\" class=\"desc-img-loaded\" width=\"790\" height=\"790\" src=\"https:\/\/ae01.alicdn.com\/kf\/S758017e7775243f987f55dc5d8099c29e.jpg\"><\/p>\n<p><img decoding=\"async\" style=\"border:0px;margin:0px;margin-bottom:0px;margin-top:0px;margin-left:0px;margin-right:0px;padding:0px;padding-bottom:0px;padding-top:0px;padding-left:0px;padding-right:0px;max-width:790px\" class=\"desc-img-loaded\" width=\"790\" height=\"790\" src=\"https:\/\/ae01.alicdn.com\/kf\/S13dd8dfb86cb4da280be532abe18b2d3j.jpg\"><br \/><img loading=\"lazy\" decoding=\"async\" style=\"border:0px;margin:0px;margin-bottom:0px;margin-top:0px;margin-left:0px;margin-right:0px;padding:0px;padding-bottom:0px;padding-top:0px;padding-left:0px;padding-right:0px;max-width:790px\" class=\"desc-img-loaded\" width=\"790\" height=\"790\" src=\"https:\/\/ae01.alicdn.com\/kf\/Sc3adba8b41d44ef28124999cc02da39b6.jpg\"><br \/><img loading=\"lazy\" decoding=\"async\" style=\"border:0px;margin:0px;margin-bottom:0px;margin-top:0px;margin-left:0px;margin-right:0px;padding:0px;padding-bottom:0px;padding-top:0px;padding-left:0px;padding-right:0px;max-width:790px\" class=\"desc-img-loaded\" width=\"790\" height=\"790\" src=\"https:\/\/ae01.alicdn.com\/kf\/Sb4bf08c458d24c2895fbff0347ce7c62J.jpg\"><br \/><img decoding=\"async\" style=\"border:0px;margin:0px;margin-bottom:0px;margin-top:0px;margin-left:0px;margin-right:0px;padding:0px;padding-bottom:0px;padding-top:0px;padding-left:0px;padding-right:0px;max-width:790px\" class=\"desc-img-loaded\" width=\"790\" height=\"505.6\" src=\"https:\/\/ae01.alicdn.com\/kf\/S6097c9e786514c41b2acea14b7f231f7q.jpg\"><br \/><img decoding=\"async\" style=\"border:0px;margin:0px;margin-bottom:0px;margin-top:0px;margin-left:0px;margin-right:0px;padding:0px;padding-bottom:0px;padding-top:0px;padding-left:0px;padding-right:0px;max-width:790px\" class=\"desc-img-loaded\" width=\"790\" height=\"526.3375\" src=\"https:\/\/ae01.alicdn.com\/kf\/S5618dfd7cb2c478db1314f1aa18fedcad.jpg\"><br \/><img decoding=\"async\" style=\"border:0px;margin:0px;margin-bottom:0px;margin-top:0px;margin-left:0px;margin-right:0px;padding:0px;padding-bottom:0px;padding-top:0px;padding-left:0px;padding-right:0px;max-width:790px\" class=\"desc-img-loaded\" width=\"790\" height=\"634.9625\" src=\"https:\/\/ae01.alicdn.com\/kf\/Se6279c1ab29444d4a6b9f2601e9c76007.jpg\"><br \/><img decoding=\"async\" style=\"border:0px;margin:0px;margin-bottom:0px;margin-top:0px;margin-left:0px;margin-right:0px;padding:0px;padding-bottom:0px;padding-top:0px;padding-left:0px;padding-right:0px;max-width:790px\" class=\"desc-img-loaded\" width=\"790\" height=\"493.75\" src=\"https:\/\/ae01.alicdn.com\/kf\/Sf153008e5ac843aa80d4f9416786e61e1.jpg\"><br \/><img decoding=\"async\" style=\"border:0px;margin:0px;margin-bottom:0px;margin-top:0px;margin-left:0px;margin-right:0px;padding:0px;padding-bottom:0px;padding-top:0px;padding-left:0px;padding-right:0px;max-width:790px\" class=\"desc-img-loaded\" width=\"790\" height=\"788.0250000000001\" src=\"https:\/\/ae01.alicdn.com\/kf\/S2727a9e8107141e6b0fc9b8982e28f30h.jpg\"><br \/><img decoding=\"async\" style=\"border:0px;margin:0px;margin-bottom:0px;margin-top:0px;margin-left:0px;margin-right:0px;padding:0px;padding-bottom:0px;padding-top:0px;padding-left:0px;padding-right:0px;max-width:790px\" class=\"desc-img-loaded\" width=\"790\" height=\"526.3375\" src=\"https:\/\/ae01.alicdn.com\/kf\/S9622c312d56a4cdd9f31e05816dd1a52v.jpg\"><\/p>\n<\/div>\n<p><img decoding=\"async\" class=\"detail-desc-decorate-image\" src=\"https:\/\/ae01.alicdn.com\/kf\/Sf586e666aa5344129fa1fff7669deed0x.jpg\"><\/p>\n<div><\/div>\n<div>\n<p><\/div>\n<\/div>\n<\/div>\n<p><\/p>\n<\/div>\n<\/div>","protected":false},"excerpt":{"rendered":"<p>Produit chimique \u00e0 haute pr\u00e9occupation:&nbsp;Aucun Les piles sont-elles incluses:&nbsp;Non Source de lumi\u00e8re:&nbsp;Ampoules LED Switch Mode:&nbsp;Haut\/Moyen\/Bas Origine:&nbsp;CN (Origine) Mod\u00e8le des perles LED:&nbsp;COB Certification:&nbsp;CCC,ce Type D&rsquo;article:&nbsp;Lampe\u00a0frontale Nom de marque:&nbsp;Heinast Imperm\u00e9able:&nbsp;Oui Angle du faisceau:&nbsp;60\u00b0 Type De batterie:&nbsp;Lithium-m\u00e9tal But:&nbsp;Camping,Night Fishing,Climbing,Hunting,Riding Information sur le produitTaille du produit: 62x38x30mm\/2.44&#215;1,5&#215;1,18 poucesPoids net du produit : 71gMat\u00e9riau du produit : alliage d&rsquo;aluminium +&hellip;<\/p>","protected":false},"featured_media":4719,"comment_status":"","ping_status":"closed","template":"","meta":[],"product_brand":[],"product_cat":[288,641],"product_tag":[],"class_list":{"0":"post-4717","1":"product","2":"type-product","3":"status-publish","4":"has-post-thumbnail","6":"product_cat-gadgets","7":"product_cat-lampes","9":"first","10":"instock","11":"taxable","12":"shipping-taxable","13":"purchasable","14":"product-type-variable"},"_links":{"self":[{"href":"https:\/\/www.innovatingbytes.com\/en\/wp-json\/wp\/v2\/product\/4717","targetHints":{"allow":["GET"]}}],"collection":[{"href":"https:\/\/www.innovatingbytes.com\/en\/wp-json\/wp\/v2\/product"}],"about":[{"href":"https:\/\/www.innovatingbytes.com\/en\/wp-json\/wp\/v2\/types\/product"}],"replies":[{"embeddable":true,"href":"https:\/\/www.innovatingbytes.com\/en\/wp-json\/wp\/v2\/comments?post=4717"}],"version-history":[{"count":0,"href":"https:\/\/www.innovatingbytes.com\/en\/wp-json\/wp\/v2\/product\/4717\/revisions"}],"wp:featuredmedia":[{"embeddable":true,"href":"https:\/\/www.innovatingbytes.com\/en\/wp-json\/wp\/v2\/media\/4719"}],"wp:attachment":[{"href":"https:\/\/www.innovatingbytes.com\/en\/wp-json\/wp\/v2\/media?parent=4717"}],"wp:term":[{"taxonomy":"product_brand","embeddable":true,"href":"https:\/\/www.innovatingbytes.com\/en\/wp-json\/wp\/v2\/product_brand?post=4717"},{"taxonomy":"product_cat","embeddable":true,"href":"https:\/\/www.innovatingbytes.com\/en\/wp-json\/wp\/v2\/product_cat?post=4717"},{"taxonomy":"product_tag","embeddable":true,"href":"https:\/\/www.innovatingbytes.com\/en\/wp-json\/wp\/v2\/product_tag?post=4717"}],"curies":[{"name":"wp","href":"https:\/\/api.w.org\/{rel}","templated":true}]}}