{"id":4686,"date":"2025-11-06T13:20:31","date_gmt":"2025-11-06T12:20:31","guid":{"rendered":"https:\/\/www.innovatingbytes.com\/product\/veml7700-module-de-capteur-de-lumiere-ambiante-de-haute-precision-0-120klx-i2c-pour-retro-eclairage-automatique-arduino\/"},"modified":"2026-04-08T06:58:46","modified_gmt":"2026-04-08T04:58:46","slug":"veml7700-module-de-capteur-de-lumiere-ambiante-de-haute-precision-0-120klx-i2c-pour-retro-eclairage-automatique-arduino","status":"publish","type":"product","link":"https:\/\/www.innovatingbytes.com\/en\/product\/veml7700-module-de-capteur-de-lumiere-ambiante-de-haute-precision-0-120klx-i2c-pour-retro-eclairage-automatique-arduino\/","title":{"rendered":"Module de capteur de lumi\u00e8re ambiante de haute pr\u00e9cision 0-120Klx I2C pour r\u00e9tro-\u00e9clairage automatique Arduino"},"content":{"rendered":"<div class=\"product-specs-list-container\">\n<ul class=\"product-specs-list util-clearfix\">\n<li class=\"product-prop line-limit-length\"><span class=\"property-title\">Produit chimique \u00e0 haute pr\u00e9occupation:&nbsp;<\/span><span class=\"property-desc line-limit-length\">Aucun<\/span>\n                        <\/li>\n<li class=\"product-prop line-limit-length\"><span class=\"property-title\">Origine:&nbsp;<\/span><span class=\"property-desc line-limit-length\">CN (Origine)<\/span>\n                        <\/li>\n<\/ul><\/div>\n<div class=\"detailmodule_html\">\n<div class=\"detail-desc-decorate-richtext\">\n<div class=\"detailmodule_html\">\n<div class=\"detail-desc-decorate-richtext\">\n  p{margin-block-start: 0; margin-block-end: 0}<\/p>\n<p class=\"word-break white-space mt-10\" style=\"text-align:left;color:#434649;font-size:16px;font-weight:bold\" id=\"tl_1\">!!!Remarque importante : les broches d&rsquo;en-t&ecirc;te ne sont PAS pr&eacute;-soud&eacute;es!!!<\/p>\n<p class=\"word-break white-space mt-10\" style=\"text-align:left;color:#434649;font-size:16px;font-weight:bold\" id=\"tl_2\">Module de capteur de lumi&egrave;re ambiante de haute pr&eacute;cision VEML7700 0-120Klx I2C pour r&eacute;tro-&eacute;clairage automatique Arduino ESP32<\/p>\n<p class=\"word-break white-space mt-10\" style=\"text-align:left;color:#434649;font-size:13px;font-weight:normal\" id=\"tl_3\">Points forts du produit : <\/p>\n<p>ALS de haute pr&eacute;cision : plage de 0lx &agrave; 120Klx <\/p>\n<p>Pr&egrave;s de la r&eacute;ponse spectrale de l&rsquo;\u0153il humain <\/p>\n<p>Interface I2C (adresse 0x10) avec d&eacute;calage de niveau <\/p>\n<p>\u3010Bricolage requis\u3011 Les t&ecirc;tes sont incluses mais NON soud&eacute;es. <\/p>\n<p>Sp&eacute;cifications cl&eacute;s : () <\/p>\n<p>Plage de d&eacute;tection : 0 &agrave; 120 000 lx <\/p>\n<p>R&eacute;solution : 0,0036 lx\/compte <\/p>\n<p>Tension d&rsquo;alimentation : 2,5 V &#8211; 3,6 V (le module a 3,3 V LDO) <\/p>\n<p>Interface : I2C <\/p>\n<p>Taille de la carte : 16,5 &times; 16,5 &times; 4 mm <\/p>\n<p>Le forfait comprend : <\/p>\n<p>1 x module de capteur VEML7700 <\/p>\n<p>1 x en-t&ecirc;te de broche de 2,54 mm (NON soud&eacute;) <\/p>\n<p>Remarque : des outils et des comp&eacute;tences de soudage sont requis. <\/p>\n<p>Choisissez votre meilleure option : <\/p>\n<p>Kit de base : Module + Embase (Non soud&eacute;) &#8211; Pour les fabricants avec outils. <\/p>\n<p>Pro Kit (meilleur rapport qualit&eacute;\/prix) : module + en-t&ecirc;te + fils de raccordement \u2013 Commencez rapidement apr&egrave;s le soudage. <\/p>\n<p>Remise sur quantit&eacute; : 3x kits de base. <\/p>\n<p>Parfait pour les d&eacute;veloppeurs qui ne craignent pas un peu de soudure pour un ajustement parfait!<\/p>\n<p>  <img fetchpriority=\"high\" decoding=\"async\" height=\"800\" src=\"https:\/\/ae01.alicdn.com\/kf\/S568659bb913a4c0bb295442b872b84d4G.jpg\" style=\"width: 100%;height: auto;vertical-align: middle\" width=\"800\" \/><br \/>\n  <img decoding=\"async\" height=\"800\" src=\"https:\/\/ae01.alicdn.com\/kf\/Sffdb0d538c9a468ba9bee5f0251ad5b2a.jpg\" style=\"width: 100%;height: auto;vertical-align: middle\" width=\"800\" \/><br \/>\n  <img decoding=\"async\" height=\"800\" src=\"https:\/\/ae01.alicdn.com\/kf\/S12e0ca18eb914e8aaf2784a139e5d534I.jpg\" style=\"width: 100%;height: auto;vertical-align: middle\" width=\"800\" \/><br \/>\n  <img loading=\"lazy\" decoding=\"async\" height=\"800\" src=\"https:\/\/ae01.alicdn.com\/kf\/Sc5d917d126b94549872eb2a06233c1c9D.jpg\" style=\"width: 100%;height: auto;vertical-align: middle\" width=\"800\" \/><br \/>\n  <img loading=\"lazy\" decoding=\"async\" height=\"800\" src=\"https:\/\/ae01.alicdn.com\/kf\/S9e059d0976634cd199d4611fa4dbe457E.jpg\" style=\"width: 100%;height: auto;vertical-align: middle\" width=\"800\" \/><br \/>\n  <img loading=\"lazy\" decoding=\"async\" height=\"800\" src=\"https:\/\/ae01.alicdn.com\/kf\/S931c9900864d411599d270362d53c1463.jpg\" style=\"width: 100%;height: auto;vertical-align: middle\" width=\"800\" \/>\n <\/div>\n<\/div>\n<\/div>\n<\/div>","protected":false},"excerpt":{"rendered":"<p>Produit chimique \u00e0 haute pr\u00e9occupation:&nbsp;Aucun Origine:&nbsp;CN (Origine) p{margin-block-start: 0; margin-block-end: 0} !!!Remarque importante : les broches d&rsquo;en-t&ecirc;te ne sont PAS pr&eacute;-soud&eacute;es!!! Module de capteur de lumi&egrave;re ambiante de haute pr&eacute;cision VEML7700 0-120Klx I2C pour r&eacute;tro-&eacute;clairage automatique Arduino ESP32 Points forts du produit : ALS de haute pr&eacute;cision : plage de 0lx &agrave; 120Klx Pr&egrave;s de&hellip;<\/p>","protected":false},"featured_media":4687,"comment_status":"closed","ping_status":"closed","template":"","meta":[],"product_brand":[],"product_cat":[540,291,290,286],"product_tag":[],"class_list":{"0":"post-4686","1":"product","2":"type-product","3":"status-publish","4":"has-post-thumbnail","6":"product_cat-arduino","7":"product_cat-electroniques","8":"product_cat-informatique","9":"product_cat-robotique-et-capteurs","11":"first","12":"instock","13":"taxable","14":"shipping-taxable","15":"purchasable","16":"product-type-variable"},"_links":{"self":[{"href":"https:\/\/www.innovatingbytes.com\/en\/wp-json\/wp\/v2\/product\/4686","targetHints":{"allow":["GET"]}}],"collection":[{"href":"https:\/\/www.innovatingbytes.com\/en\/wp-json\/wp\/v2\/product"}],"about":[{"href":"https:\/\/www.innovatingbytes.com\/en\/wp-json\/wp\/v2\/types\/product"}],"replies":[{"embeddable":true,"href":"https:\/\/www.innovatingbytes.com\/en\/wp-json\/wp\/v2\/comments?post=4686"}],"version-history":[{"count":0,"href":"https:\/\/www.innovatingbytes.com\/en\/wp-json\/wp\/v2\/product\/4686\/revisions"}],"wp:featuredmedia":[{"embeddable":true,"href":"https:\/\/www.innovatingbytes.com\/en\/wp-json\/wp\/v2\/media\/4687"}],"wp:attachment":[{"href":"https:\/\/www.innovatingbytes.com\/en\/wp-json\/wp\/v2\/media?parent=4686"}],"wp:term":[{"taxonomy":"product_brand","embeddable":true,"href":"https:\/\/www.innovatingbytes.com\/en\/wp-json\/wp\/v2\/product_brand?post=4686"},{"taxonomy":"product_cat","embeddable":true,"href":"https:\/\/www.innovatingbytes.com\/en\/wp-json\/wp\/v2\/product_cat?post=4686"},{"taxonomy":"product_tag","embeddable":true,"href":"https:\/\/www.innovatingbytes.com\/en\/wp-json\/wp\/v2\/product_tag?post=4686"}],"curies":[{"name":"wp","href":"https:\/\/api.w.org\/{rel}","templated":true}]}}