{"id":4619,"date":"2025-11-06T13:19:07","date_gmt":"2025-11-06T12:19:07","guid":{"rendered":"https:\/\/www.innovatingbytes.com\/product\/cable-dupont-40-broches-male-a-male-male-a-femelle-et-femelle-a-femelle-f-pour-arduino\/"},"modified":"2026-04-08T07:09:07","modified_gmt":"2026-04-08T05:09:07","slug":"cable-dupont-40-broches-male-a-male-male-a-femelle-et-femelle-a-femelle-f-pour-arduino","status":"publish","type":"product","link":"https:\/\/www.innovatingbytes.com\/en\/product\/cable-dupont-40-broches-male-a-male-male-a-femelle-et-femelle-a-femelle-f-pour-arduino\/","title":{"rendered":"C\u00e2ble Dupont 40 broches m\u00e2le \u00e0 m\u00e2le + m\u00e2le \u00e0 femelle et femelle \u00e0 femelle, f pour Arduino"},"content":{"rendered":"<div class=\"product-specs-list-container\">\n<ul class=\"product-specs-list util-clearfix\">\n<li class=\"product-prop line-limit-length\"><span class=\"property-title\">Produit chimique \u00e0 haute pr\u00e9occupation:&nbsp;<\/span><span class=\"property-desc line-limit-length\">Aucun<\/span>\n                        <\/li>\n<li class=\"product-prop line-limit-length\"><span class=\"property-title\">Paquet:&nbsp;<\/span><span class=\"property-desc line-limit-length\">DIP<\/span>\n                        <\/li>\n<li class=\"product-prop line-limit-length\"><span class=\"property-title\">Personnalis\u00e9:&nbsp;<\/span><span class=\"property-desc line-limit-length\">Oui<\/span>\n                        <\/li>\n<li class=\"product-prop line-limit-length\"><span class=\"property-title\">Num\u00e9ro de Mod\u00e8le:&nbsp;<\/span><span class=\"property-desc line-limit-length\">10cm 20cm 15cm<\/span>\n                        <\/li>\n<li class=\"product-prop line-limit-length\"><span class=\"property-title\">Puissance de dissipation:&nbsp;<\/span><span class=\"property-desc line-limit-length\">&#8211;<\/span>\n                        <\/li>\n<li class=\"product-prop line-limit-length\"><span class=\"property-title\">Tension d&rsquo;alimentation:&nbsp;<\/span><span class=\"property-desc line-limit-length\">&#8211;<\/span>\n                        <\/li>\n<li class=\"product-prop line-limit-length\"><span class=\"property-title\">Application:&nbsp;<\/span><span class=\"property-desc line-limit-length\">ordinateur<\/span>\n                        <\/li>\n<li class=\"product-prop line-limit-length\"><span class=\"property-title\">Type:&nbsp;<\/span><span class=\"property-desc line-limit-length\">R\u00c9GULATEUR DE TENSION<\/span>\n                        <\/li>\n<li class=\"product-prop line-limit-length\"><span class=\"property-title\">Origine:&nbsp;<\/span><span class=\"property-desc line-limit-length\">CN (Origine)<\/span>\n                        <\/li>\n<li class=\"product-prop line-limit-length\"><span class=\"property-title\">Condition:&nbsp;<\/span><span class=\"property-desc line-limit-length\">Nouveau<\/span>\n                        <\/li>\n<li class=\"product-prop line-limit-length\"><span class=\"property-title\">Temp\u00e9rature de fonctionnement:&nbsp;<\/span><span class=\"property-desc line-limit-length\">105<\/span>\n                        <\/li>\n<\/ul><\/div>\n<div class=\"detailmodule_html\">\n<div class=\"detail-desc-decorate-richtext\">\n<p><span style=\"font-size:20px\" id=\"tl_1\">Introduction d&eacute;taill&eacute;e: <br \/>Avis:<\/span><br \/><span style=\"font-size:24px\"><span id=\"tl_2\">F-F = femelle &agrave; femelle <br \/>M-M = m&acirc;le &agrave; m&acirc;le <br \/>F-M = femelle &agrave; m&acirc;le<\/span><\/span><\/p>\n<p><span style=\"font-size:20px\"><span id=\"tl_3\">40pcs 10-20cm 2.54mm 1pin Femelle &agrave; Femelle cavalier c&acirc;ble Dupont<\/span><\/span><span style=\"font-size:20px\"><br \/><\/span><span style=\"font-size:20px\"><span id=\"tl_4\">2.54mm 1pin<\/span><\/span><span style=\"font-size:20px\"><br \/><\/span><span style=\"font-size:20px\"><span id=\"tl_5\">Femelle &agrave; Femelle<\/span><\/span><span style=\"font-size:20px\"><br \/><\/span><span style=\"font-size:20px\"><span id=\"tl_6\">Longueur: 10-20cm<\/span><\/span><span style=\"font-size:20px\"><br \/><\/span><span style=\"font-size:20px\"><span id=\"tl_7\">Quantit&eacute;: 40 pi&egrave;ces (40 pi&egrave;ces x 1)<\/span><\/span><\/p>\n<div>\n<\/div>\n<p><img decoding=\"async\" style=\"width:800px\" width=\"800px\" src=\"https:\/\/ae01.alicdn.com\/kf\/H17be9770846240dd9a94db46cee9da53u.jpg?width=800&amp;height=633&amp;hash=1433\" \/><\/p>\n<div style=\", Arial, Helvetica, sans-serif, Heiti;font-size:14px;font-weight:normal;letter-spacing:normal\">\n <span style=\"font-size:16px;font-family:arial\" id=\"tl_8\">40pcs 10cm 2.54mm 1pin Male to Female jumper wire Dupont cable<\/span>\n<\/div>\n<p style=\"font-family:arial, helvetica;font-size:14px;font-weight:normal;letter-spacing:normal;text-align:left;margin:0px;margin-bottom:0px;margin-top:0px;margin-left:0px;margin-right:0px;padding:0px;padding-bottom:0px;padding-top:0px;padding-left:0px;padding-right:0px\" align=\"left\"><span id=\"tl_9\">2.54mm 1pin<\/span><\/p>\n<p style=\", Arial, Helvetica, sans-serif, Heiti;font-size:medium;font-weight:normal;letter-spacing:normal;text-align:left;margin:0px;margin-bottom:0px;margin-top:0px;margin-left:0px;margin-right:0px;padding:0px;padding-bottom:0px;padding-top:0px;padding-left:0px;padding-right:0px\" align=\"left\"><span style=\"font-size:16px;font-family:arial\" id=\"tl_10\">M&acirc;le &agrave; femelle<\/span><\/p>\n<p style=\", Arial, Helvetica, sans-serif, Heiti;font-size:medium;font-weight:normal;letter-spacing:normal;text-align:left;margin:0px;margin-bottom:0px;margin-top:0px;margin-left:0px;margin-right:0px;padding:0px;padding-bottom:0px;padding-top:0px;padding-left:0px;padding-right:0px\" align=\"left\"><span id=\"tl_11\">Longueur: 10cm<\/span><\/p>\n<p style=\", Arial, Helvetica, sans-serif, Heiti;font-size:14px;font-weight:normal;letter-spacing:normal;text-align:left;margin:0px;margin-bottom:0px;margin-top:0px;margin-left:0px;margin-right:0px;padding:0px;padding-bottom:0px;padding-top:0px;padding-left:0px;padding-right:0px\" align=\"left\"><span><span><span style=\"font-size:medium\" id=\"tl_12\">Quantit&eacute;: 40 pi&egrave;ces (40 pi&egrave;ces x 1)<\/span><\/span><\/span><\/p>\n<p><img decoding=\"async\" style=\"width:1301px\" width=\"1301px\" src=\"https:\/\/ae01.alicdn.com\/kf\/H9219d556a86d4235a6ab024890ff9227k.jpg?width=1301&amp;height=1029&amp;hash=2330\" \/><\/p>\n<div style=\", Arial, Helvetica, sans-serif, Heiti;font-size:14px;font-weight:normal;letter-spacing:normal\">\n<p style=\"font-size:14px;font-weight:400;text-align:left;margin:0px;margin-bottom:0px;margin-top:0px;margin-left:0px;margin-right:0px;padding:0px;padding-bottom:0px;padding-top:0px;padding-left:0px;padding-right:0px\" align=\"left\"><span><span><span style=\"font-size:medium\"><span style=\"font-size:16px;font-family:arial\" id=\"tl_13\">40pcs 10cm 2.54mm 1pin Male to Male jumper wire Dupont cable<\/span><\/span><\/span><\/span><\/p>\n<p style=\"font-family:arial, helvetica;font-size:14px;font-weight:400;text-align:left;margin:0px;margin-bottom:0px;margin-top:0px;margin-left:0px;margin-right:0px;padding:0px;padding-bottom:0px;padding-top:0px;padding-left:0px;padding-right:0px\" align=\"left\"><span><span style=\"font-size:medium\"><span id=\"tl_14\">2.54mm 1pin<\/span><\/span><\/span><\/p>\n<p style=\"font-size:medium;font-weight:400;text-align:left;margin:0px;margin-bottom:0px;margin-top:0px;margin-left:0px;margin-right:0px;padding:0px;padding-bottom:0px;padding-top:0px;padding-left:0px;padding-right:0px\" align=\"left\"><span><span><span style=\"font-size:medium\"><span style=\"font-size:16px;font-family:arial\" id=\"tl_15\">M&acirc;le &agrave; m&acirc;le<\/span><\/span><\/span><\/span><\/p>\n<p style=\"font-size:medium;font-weight:400;text-align:left;margin:0px;margin-bottom:0px;margin-top:0px;margin-left:0px;margin-right:0px;padding:0px;padding-bottom:0px;padding-top:0px;padding-left:0px;padding-right:0px\" align=\"left\"><span><span style=\"font-size:medium\"><span id=\"tl_16\">Longueur: 10cm<\/span><\/span><\/span><\/p>\n<p style=\"font-size:14px;font-weight:400;text-align:left;margin:0px;margin-bottom:0px;margin-top:0px;margin-left:0px;margin-right:0px;padding:0px;padding-bottom:0px;padding-top:0px;padding-left:0px;padding-right:0px\" align=\"left\"><span><span><span style=\"font-size:medium\" id=\"tl_17\">Quantit&eacute;: 40 pi&egrave;ces (40 pi&egrave;ces x 1)<\/span><\/span><\/span><\/p>\n<p><img decoding=\"async\" style=\"width:800px\" width=\"800px\" src=\"https:\/\/ae01.alicdn.com\/kf\/Hfef137316f804f2f899cadf0cb10fa7do.jpg?width=800&amp;height=597&amp;hash=1397\" \/><\/p>\n<div>\n  <br \/> \n <\/div>\n<\/div>\n<p><span><span><span style=\"font-size:medium\"><span style=\"font-size:20px;, Arial, Helvetica, sans-serif, Heiti\" id=\"tl_18\">10cm 3 sortes 120 pi&egrave;ces<\/span><\/span><\/span><\/span><\/p>\n<p><img decoding=\"async\" style=\"width:1517px\" width=\"1517px\" src=\"https:\/\/ae01.alicdn.com\/kf\/H9ce0c1ee23594deabe575dfc5eabbbb6m.jpg?width=1024&amp;height=1024&amp;hash=2048\" \/><\/p>\n<p><img decoding=\"async\" style=\"width:1000px\" width=\"1000px\" src=\"https:\/\/ae01.alicdn.com\/kf\/H14f7e242499b4bf3b7257fb19060b8d8N.jpg?width=1000&amp;height=1450&amp;hash=2450\" \/><\/p>\n<p><\/div>\n<\/div>","protected":false},"excerpt":{"rendered":"<p>Produit chimique \u00e0 haute pr\u00e9occupation:&nbsp;Aucun Paquet:&nbsp;DIP Personnalis\u00e9:&nbsp;Oui Num\u00e9ro de Mod\u00e8le:&nbsp;10cm 20cm 15cm Puissance de dissipation:&nbsp;&#8211; Tension d&rsquo;alimentation:&nbsp;&#8211; Application:&nbsp;ordinateur Type:&nbsp;R\u00c9GULATEUR DE TENSION Origine:&nbsp;CN (Origine) Condition:&nbsp;Nouveau Temp\u00e9rature de fonctionnement:&nbsp;105 Introduction d&eacute;taill&eacute;e: Avis:F-F = femelle &agrave; femelle M-M = m&acirc;le &agrave; m&acirc;le F-M = femelle &agrave; m&acirc;le 40pcs 10-20cm 2.54mm 1pin Femelle &agrave; Femelle cavalier c&acirc;ble Dupont2.54mm 1pinFemelle&hellip;<\/p>","protected":false},"featured_media":4620,"comment_status":"closed","ping_status":"closed","template":"","meta":[],"product_brand":[],"product_cat":[540,291,290,286],"product_tag":[],"class_list":{"0":"post-4619","1":"product","2":"type-product","3":"status-publish","4":"has-post-thumbnail","6":"product_cat-arduino","7":"product_cat-electroniques","8":"product_cat-informatique","9":"product_cat-robotique-et-capteurs","11":"first","12":"instock","13":"taxable","14":"shipping-taxable","15":"purchasable","16":"product-type-variable"},"_links":{"self":[{"href":"https:\/\/www.innovatingbytes.com\/en\/wp-json\/wp\/v2\/product\/4619","targetHints":{"allow":["GET"]}}],"collection":[{"href":"https:\/\/www.innovatingbytes.com\/en\/wp-json\/wp\/v2\/product"}],"about":[{"href":"https:\/\/www.innovatingbytes.com\/en\/wp-json\/wp\/v2\/types\/product"}],"replies":[{"embeddable":true,"href":"https:\/\/www.innovatingbytes.com\/en\/wp-json\/wp\/v2\/comments?post=4619"}],"version-history":[{"count":0,"href":"https:\/\/www.innovatingbytes.com\/en\/wp-json\/wp\/v2\/product\/4619\/revisions"}],"wp:featuredmedia":[{"embeddable":true,"href":"https:\/\/www.innovatingbytes.com\/en\/wp-json\/wp\/v2\/media\/4620"}],"wp:attachment":[{"href":"https:\/\/www.innovatingbytes.com\/en\/wp-json\/wp\/v2\/media?parent=4619"}],"wp:term":[{"taxonomy":"product_brand","embeddable":true,"href":"https:\/\/www.innovatingbytes.com\/en\/wp-json\/wp\/v2\/product_brand?post=4619"},{"taxonomy":"product_cat","embeddable":true,"href":"https:\/\/www.innovatingbytes.com\/en\/wp-json\/wp\/v2\/product_cat?post=4619"},{"taxonomy":"product_tag","embeddable":true,"href":"https:\/\/www.innovatingbytes.com\/en\/wp-json\/wp\/v2\/product_tag?post=4619"}],"curies":[{"name":"wp","href":"https:\/\/api.w.org\/{rel}","templated":true}]}}