{"id":4597,"date":"2025-11-06T13:18:33","date_gmt":"2025-11-06T12:18:33","guid":{"rendered":"https:\/\/www.innovatingbytes.com\/product\/carte-dextension-dadaptateur-de-terminal-de-controleur-nano-v3-0-3-0-pour-arduino-avr-atmega328p\/"},"modified":"2026-04-08T07:03:13","modified_gmt":"2026-04-08T05:03:13","slug":"carte-dextension-dadaptateur-de-terminal-de-controleur-nano-v3-0-3-0-pour-arduino-avr-atmega328p","status":"publish","type":"product","link":"https:\/\/www.innovatingbytes.com\/en\/product\/carte-dextension-dadaptateur-de-terminal-de-controleur-nano-v3-0-3-0-pour-arduino-avr-atmega328p\/","title":{"rendered":"NANO V3.0 3.0 Controller Terminal Adapter Expansion Board, for Arduino AVR ATMEGA328P"},"content":{"rendered":"<div class=\"product-specs-list-container\">\n<ul class=\"product-specs-list util-clearfix\">\n<li class=\"product-prop line-limit-length\"><span class=\"property-title\">Produit chimique \u00e0 haute pr\u00e9occupation:&nbsp;<\/span><span class=\"property-desc line-limit-length\">Aucun<\/span>\n                        <\/li>\n<li class=\"product-prop line-limit-length\"><span class=\"property-title\">Paquet:&nbsp;<\/span><span class=\"property-desc line-limit-length\">KY Sensor Module<\/span>\n                        <\/li>\n<li class=\"product-prop line-limit-length\"><span class=\"property-title\">Personnalis\u00e9:&nbsp;<\/span><span class=\"property-desc line-limit-length\">Oui<\/span>\n                        <\/li>\n<li class=\"product-prop line-limit-length\"><span class=\"property-title\">Puissance de dissipation:&nbsp;<\/span><span class=\"property-desc line-limit-length\">Step Down Module<\/span>\n                        <\/li>\n<li class=\"product-prop line-limit-length\"><span class=\"property-title\">Tension d&rsquo;alimentation:&nbsp;<\/span><span class=\"property-desc line-limit-length\">Step Down Module<\/span>\n                        <\/li>\n<li class=\"product-prop line-limit-length\"><span class=\"property-title\">Application:&nbsp;<\/span><span class=\"property-desc line-limit-length\">Step Down Module<\/span>\n                        <\/li>\n<li class=\"product-prop line-limit-length\"><span class=\"property-title\">Type:&nbsp;<\/span><span class=\"property-desc line-limit-length\">R\u00c9GULATEUR DE TENSION<\/span>\n                        <\/li>\n<li class=\"product-prop line-limit-length\"><span class=\"property-title\">Nom de marque:&nbsp;<\/span><span class=\"property-desc line-limit-length\">REALPOY<\/span>\n                        <\/li>\n<li class=\"product-prop line-limit-length\"><span class=\"property-title\">Origine:&nbsp;<\/span><span class=\"property-desc line-limit-length\">CN (Origine)<\/span>\n                        <\/li>\n<li class=\"product-prop line-limit-length\"><span class=\"property-title\">Condition:&nbsp;<\/span><span class=\"property-desc line-limit-length\">Nouveau<\/span>\n                        <\/li>\n<li class=\"product-prop line-limit-length\"><span class=\"property-title\">Temp\u00e9rature de fonctionnement:&nbsp;<\/span><span class=\"property-desc line-limit-length\">Step Down Module<\/span>\n                        <\/li>\n<\/ul><\/div>\n<div class=\"detailmodule_html\">\n<div class=\"detail-desc-decorate-richtext\">\n<div>\n<p><\/p>\n<div>\n  <br \/> \n <\/div>\n<p><\/p>\n<div>\n  <br \/> \n <\/div>\n<p><\/p>\n<div>\n  <br \/> \n <\/div>\n<p><\/p>\n<div>\n  <br \/> \n <\/div>\n<p><\/p>\n<\/div>\n<div>\n<div>\n<div>\n<div>\n<p><img decoding=\"async\" style=\"width:1000px\" width=\"1000px\" src=\"https:\/\/ae01.alicdn.com\/kf\/Se79c1b12f1ff457f80924abe2cbbb1681.jpg\" \/><\/p>\n<p><img decoding=\"async\" style=\"width:1000px\" width=\"1000px\" src=\"https:\/\/ae01.alicdn.com\/kf\/Sb40bfd504f2b443f9c2668c9a51a66ddF.jpg\" \/><\/p>\n<\/p><\/div>\n<div>\n    <br \/> \n   <\/div>\n<\/p><\/div>\n<\/p><\/div>\n<p><\/p>\n<\/div>\n<div>\n <br \/> \n<\/div>\n<p><\/div>\n<\/div>","protected":false},"excerpt":{"rendered":"<p>Produit chimique \u00e0 haute pr\u00e9occupation:&nbsp;Aucun Paquet:&nbsp;KY Sensor Module Personnalis\u00e9:&nbsp;Oui Puissance de dissipation:&nbsp;Step Down Module Tension d&rsquo;alimentation:&nbsp;Step Down Module Application:&nbsp;Step Down Module Type:&nbsp;R\u00c9GULATEUR DE TENSION Nom de marque:&nbsp;REALPOY Origine:&nbsp;CN (Origine) Condition:&nbsp;Nouveau Temp\u00e9rature de fonctionnement:&nbsp;Step Down Module<\/p>","protected":false},"featured_media":4599,"comment_status":"closed","ping_status":"closed","template":"","meta":[],"product_brand":[],"product_cat":[540,291,314,284,286],"product_tag":[],"class_list":{"0":"post-4597","1":"product","2":"type-product","3":"status-publish","4":"has-post-thumbnail","6":"product_cat-arduino","7":"product_cat-electroniques","8":"product_cat-devices","9":"product_cat-maison-connectee","10":"product_cat-robotique-et-capteurs","12":"first","13":"instock","14":"taxable","15":"shipping-taxable","16":"purchasable","17":"product-type-variable"},"_links":{"self":[{"href":"https:\/\/www.innovatingbytes.com\/en\/wp-json\/wp\/v2\/product\/4597","targetHints":{"allow":["GET"]}}],"collection":[{"href":"https:\/\/www.innovatingbytes.com\/en\/wp-json\/wp\/v2\/product"}],"about":[{"href":"https:\/\/www.innovatingbytes.com\/en\/wp-json\/wp\/v2\/types\/product"}],"replies":[{"embeddable":true,"href":"https:\/\/www.innovatingbytes.com\/en\/wp-json\/wp\/v2\/comments?post=4597"}],"version-history":[{"count":0,"href":"https:\/\/www.innovatingbytes.com\/en\/wp-json\/wp\/v2\/product\/4597\/revisions"}],"wp:featuredmedia":[{"embeddable":true,"href":"https:\/\/www.innovatingbytes.com\/en\/wp-json\/wp\/v2\/media\/4599"}],"wp:attachment":[{"href":"https:\/\/www.innovatingbytes.com\/en\/wp-json\/wp\/v2\/media?parent=4597"}],"wp:term":[{"taxonomy":"product_brand","embeddable":true,"href":"https:\/\/www.innovatingbytes.com\/en\/wp-json\/wp\/v2\/product_brand?post=4597"},{"taxonomy":"product_cat","embeddable":true,"href":"https:\/\/www.innovatingbytes.com\/en\/wp-json\/wp\/v2\/product_cat?post=4597"},{"taxonomy":"product_tag","embeddable":true,"href":"https:\/\/www.innovatingbytes.com\/en\/wp-json\/wp\/v2\/product_tag?post=4597"}],"curies":[{"name":"wp","href":"https:\/\/api.w.org\/{rel}","templated":true}]}}