{"id":4518,"date":"2025-11-06T13:15:35","date_gmt":"2025-11-06T12:15:35","guid":{"rendered":"https:\/\/www.innovatingbytes.com\/product\/carte-de-developpement-leonardo-r3-atmega32u4-pour-arduino\/"},"modified":"2026-04-08T07:06:13","modified_gmt":"2026-04-08T05:06:13","slug":"carte-de-developpement-leonardo-r3-atmega32u4-pour-arduino","status":"publish","type":"product","link":"https:\/\/www.innovatingbytes.com\/en\/product\/carte-de-developpement-leonardo-r3-atmega32u4-pour-arduino\/","title":{"rendered":"Carte de d\u00e9veloppement Leonardo R3 ATMEGA32U4 pour arduino"},"content":{"rendered":"<div class=\"product-specs-list-container\">\n<ul class=\"product-specs-list util-clearfix\">\n<li class=\"product-prop line-limit-length\"><span class=\"property-title\">Type:&nbsp;<\/span><span class=\"property-desc line-limit-length\">R\u00c9GULATEUR DE TENSION<\/span>\n                        <\/li>\n<li class=\"product-prop line-limit-length\"><span class=\"property-title\">Origine:&nbsp;<\/span><span class=\"property-desc line-limit-length\">CN (Origine)<\/span>\n                        <\/li>\n<li class=\"product-prop line-limit-length\"><span class=\"property-title\">Condition:&nbsp;<\/span><span class=\"property-desc line-limit-length\">Nouveau<\/span>\n                        <\/li>\n<\/ul><\/div>\n<div class=\"detailmodule_html\">\n<div class=\"detail-desc-decorate-richtext\">\n<div class=\"detailmodule_html\">\n<div class=\"detail-desc-decorate-richtext\">\n<p style=\"font-family: arial, helvetica, sans-serif;font-size: 13.3333px;line-height: inherit;background-color: #ffffff;border: 0px;margin: 0px;padding: 0px;text-align: start\" align=\"start\"><span style=\"font-size: 20px\">Sp\u00e9cification :<\/span><\/p>\n<p style=\"font-family: arial, helvetica, sans-serif;font-size: 13.3333px;line-height: inherit;background-color: #ffffff;border: 0px;margin: 0px;padding: 0px;text-align: start\" align=\"start\"><span style=\"font-size: 20px\"><span style=\"font-size: 16px\">Microcontr\u00f4leur : ATmega32u4<br \/>Tension de fonctionnement : 5 V<br \/>Tension d&rsquo;entr\u00e9e (recommand\u00e9e) : 7-12 V<br \/>Tension d&rsquo;entr\u00e9e (limites): 6-20 V<br \/>Broches d&rsquo;E\/S num\u00e9riques : 20<br \/>Canaux PWM : 7<br \/>Canaux d&rsquo;entr\u00e9e analogiques : 12<br \/>Courant CC par broche E\/S : 40 mA<br \/>Courant CC pour broche 3,3 V : 50 mA.<br \/>M\u00e9moire Flash : 32 Ko (ATmega32u4) dont 4 Ko utilis\u00e9s par le chargeur de d\u00e9marrage<br \/>SRAM : 2,5 Ko (ATmega32u4)<br \/>EEPROM : 1 Ko (ATmega32u4)<br \/>Vitesse d&rsquo;horloge : 16 MHz<br \/>Longueur : 68,6 mm<br \/>Largeur : 53,3 mm<\/span><\/span><\/p>\n<p>&nbsp;<\/p>\n<\/div>\n<\/div>\n<\/div>\n<\/div>","protected":false},"excerpt":{"rendered":"<p>Type:&nbsp;R\u00c9GULATEUR DE TENSION Origine:&nbsp;CN (Origine) Condition:&nbsp;Nouveau Sp\u00e9cification : Microcontr\u00f4leur : ATmega32u4Tension de fonctionnement : 5 VTension d&rsquo;entr\u00e9e (recommand\u00e9e) : 7-12 VTension d&rsquo;entr\u00e9e (limites): 6-20 VBroches d&rsquo;E\/S num\u00e9riques : 20Canaux PWM : 7Canaux d&rsquo;entr\u00e9e analogiques : 12Courant CC par broche E\/S : 40 mACourant CC pour broche 3,3 V : 50 mA.M\u00e9moire Flash : 32 Ko&hellip;<\/p>","protected":false},"featured_media":4520,"comment_status":"","ping_status":"closed","template":"","meta":[],"product_brand":[],"product_cat":[540,286],"product_tag":[],"class_list":{"0":"post-4518","1":"product","2":"type-product","3":"status-publish","4":"has-post-thumbnail","6":"product_cat-arduino","7":"product_cat-robotique-et-capteurs","9":"first","10":"instock","11":"taxable","12":"shipping-taxable","13":"purchasable","14":"product-type-variable"},"_links":{"self":[{"href":"https:\/\/www.innovatingbytes.com\/en\/wp-json\/wp\/v2\/product\/4518","targetHints":{"allow":["GET"]}}],"collection":[{"href":"https:\/\/www.innovatingbytes.com\/en\/wp-json\/wp\/v2\/product"}],"about":[{"href":"https:\/\/www.innovatingbytes.com\/en\/wp-json\/wp\/v2\/types\/product"}],"replies":[{"embeddable":true,"href":"https:\/\/www.innovatingbytes.com\/en\/wp-json\/wp\/v2\/comments?post=4518"}],"version-history":[{"count":0,"href":"https:\/\/www.innovatingbytes.com\/en\/wp-json\/wp\/v2\/product\/4518\/revisions"}],"wp:featuredmedia":[{"embeddable":true,"href":"https:\/\/www.innovatingbytes.com\/en\/wp-json\/wp\/v2\/media\/4520"}],"wp:attachment":[{"href":"https:\/\/www.innovatingbytes.com\/en\/wp-json\/wp\/v2\/media?parent=4518"}],"wp:term":[{"taxonomy":"product_brand","embeddable":true,"href":"https:\/\/www.innovatingbytes.com\/en\/wp-json\/wp\/v2\/product_brand?post=4518"},{"taxonomy":"product_cat","embeddable":true,"href":"https:\/\/www.innovatingbytes.com\/en\/wp-json\/wp\/v2\/product_cat?post=4518"},{"taxonomy":"product_tag","embeddable":true,"href":"https:\/\/www.innovatingbytes.com\/en\/wp-json\/wp\/v2\/product_tag?post=4518"}],"curies":[{"name":"wp","href":"https:\/\/api.w.org\/{rel}","templated":true}]}}