{"id":4483,"date":"2025-11-06T13:14:25","date_gmt":"2025-11-06T12:14:25","guid":{"rendered":"https:\/\/www.innovatingbytes.com\/product\/module-de-pilote-de-moteur-a-courant-continu-l298n-robot-de-voiture-intelligent-pour-arduino\/"},"modified":"2026-04-09T06:53:43","modified_gmt":"2026-04-09T04:53:43","slug":"module-de-pilote-de-moteur-a-courant-continu-l298n-robot-de-voiture-intelligent-pour-arduino","status":"publish","type":"product","link":"https:\/\/www.innovatingbytes.com\/en\/product\/module-de-pilote-de-moteur-a-courant-continu-l298n-robot-de-voiture-intelligent-pour-arduino\/","title":{"rendered":"Module de pilote de moteur \u00e0 courant continu L298N, Robot de voiture intelligent, pour Arduino"},"content":{"rendered":"<div class=\"product-specs-list-container\">\n<ul class=\"product-specs-list util-clearfix\">\n<li class=\"product-prop line-limit-length\"><span class=\"property-title\">Produit chimique \u00e0 haute pr\u00e9occupation:&nbsp;<\/span><span class=\"property-desc line-limit-length\">Aucun<\/span>\n                        <\/li>\n<li class=\"product-prop line-limit-length\"><span class=\"property-title\">Num\u00e9ro de Mod\u00e8le:&nbsp;<\/span><span class=\"property-desc line-limit-length\">L298N<\/span>\n                        <\/li>\n<li class=\"product-prop line-limit-length\"><span class=\"property-title\">Type:&nbsp;<\/span><span class=\"property-desc line-limit-length\">R\u00c9GULATEUR DE TENSION<\/span>\n                        <\/li>\n<li class=\"product-prop line-limit-length\"><span class=\"property-title\">Origine:&nbsp;<\/span><span class=\"property-desc line-limit-length\">CN (Origine)<\/span>\n                        <\/li>\n<li class=\"product-prop line-limit-length\"><span class=\"property-title\">Condition:&nbsp;<\/span><span class=\"property-desc line-limit-length\">Nouveau<\/span>\n                        <\/li>\n<\/ul><\/div>\n<div class=\"detailmodule_html\">\n<div class=\"detail-desc-decorate-richtext\">\n<div class=\"detailmodule_html\">\n<div class=\"detail-desc-decorate-richtext\">\n<div class=\"detailmodule_text\">\n<p style=\"font-family:OpenSans;font-size:14px;font-weight:300;line-height:20px;margin-bottom:12px\" class=\"detail-desc-decorate-content\">L298N<\/p>\n<p>Nom du module : module d&rsquo;entra\u00eenement de moteur \u00e0 double pont H<br \/>Mode de travail : entra\u00eenement au pont H (double route)<br \/>Puce de contr\u00f4le principale : L298N<br \/>Conditionnement : sachet \u00e9lectrostatique<br \/>Tension logique : 5V<br \/>Tension d&rsquo;entra\u00eenement : 5 V-35 V<br \/>Courant logique : 0mA-36mA<br \/>Courant de conduite : 2A (pont unique MAX)<br \/>Temp\u00e9rature de stockage : &#8211; 20\u00b0 \u00e0 + 135\u00b0<br \/>Puissance maximale : 25W<br \/>Poids : 30 g<br \/>Dimensions du p\u00e9riph\u00e9rique : 43*43*27mm<br \/>Caract\u00e9ristiques du produit :<br \/>Ce module UTILISE L298N comme puce d&rsquo;entra\u00eenement principale, avec une forte capacit\u00e9 de conduite, une faible chaleur et une forte capacit\u00e9 anti-interf\u00e9rence.<br \/>Gr\u00e2ce \u00e0 ce module, vous pouvez utiliser les pi\u00e8ces d&rsquo;alimentation d&rsquo;entra\u00eenement int\u00e9gr\u00e9es de 78 m05 de leur travail, mais afin d&rsquo;\u00e9viter d&rsquo;endommager la puce du r\u00e9gulateur de tension, lorsque vous utilisez la tension de commande sup\u00e9rieure \u00e0 12 V, veuillez utiliser l&rsquo;alimentation externe 5 V logique..<br \/>Ce module UTILISE une capacit\u00e9 de filtre de grande capacit\u00e9, une diode de protection de continuation, peut am\u00e9liorer la fiabilit\u00e9.<br \/>Remarques :<br \/>1.Lorsque vous conduisez une tension de commande (au-dessus du logo pour l&rsquo;entr\u00e9e 12 V, vous pouvez r\u00e9ellement accepter une plage d&rsquo;entr\u00e9e de 7 \u00e0 12 V) de 7 V \u00e0 12 V, vous pouvez passer \u00e0 l&rsquo;alimentation int\u00e9gr\u00e9e une logique 5 V, lorsque vous utilisez l&rsquo;alimentation int\u00e9gr\u00e9e apr\u00e8s 5 V. alimentation, interface de + 5 V<br \/>L&rsquo;alimentation n&rsquo;entre pas de tension, mais peut produire une tension de 5 V pour un usage externe.<br \/>2.Lorsque la tension de commande est sup\u00e9rieure \u00e0 12 V, elle est inf\u00e9rieure ou \u00e9gale \u00e0 24 V.<br \/>(le manuel de la puce propose de prendre en charge 35 V, mais selon le livre<br \/>Lorsque la tension maximale est appliqu\u00e9e \u00e0 la tension maximale de 298 applications conservatrices \u00e0 24 V, par exemple, le moteur avec une tension nominale de 18 V doit \u00eatre pilot\u00e9.<br \/>Vous devez d&rsquo;abord retirer la sortie 5 V de la carte pour activer le capuchon du cavalier.Ensuite, 5 V est accessible \u00e0 l&rsquo;ext\u00e9rieur du port de sortie 5 V<br \/>Le 5V permet \u00e0 l&rsquo;alimentation d&rsquo;\u00eatre un signal de commande d&rsquo;un niveau de 5V.Lorsque l&rsquo;entr\u00e9e du signal est valide et lorsque l&rsquo;alimentation \u00e9lectrique est normale dans le module d&rsquo;entra\u00eenement du moteur, le module d&rsquo;entra\u00eenement du moteur produit le courant.Sinon, m\u00eame si l&rsquo;alimentation \u00e9lectrique est normale, il n&rsquo;y a pas de courant sur le moteur.<br \/>Tension vers l&rsquo;alimentation du circuit logique interne L298N. (c&rsquo;est une application haute pression non conventionnelle!)<\/p>\n<\/div>\n<div class=\"detailmodule_image\">\n <img decoding=\"async\" style=\"margin-bottom:10px\" class=\"detail-desc-decorate-image\" src=\"https:\/\/ae01.alicdn.com\/kf\/Sc91768cd100a457f9e2894709898bdd2w.jpg\"><br \/>\n <img decoding=\"async\" style=\"margin-bottom:10px\" class=\"detail-desc-decorate-image\" src=\"https:\/\/ae01.alicdn.com\/kf\/Sb5f61598f80a40cca1b8002b872a1124y.jpeg\"><br \/>\n <img decoding=\"async\" style=\"margin-bottom:10px\" class=\"detail-desc-decorate-image\" src=\"https:\/\/ae01.alicdn.com\/kf\/Sbb1462f407704aadbdc1008e5ff567b0Y.jpeg\"><br \/>\n <img decoding=\"async\" style=\"margin-bottom:10px\" class=\"detail-desc-decorate-image\" src=\"https:\/\/ae01.alicdn.com\/kf\/S31d1a30bfd68425e8d2cf7192910cd5eI.jpeg\"><br \/>\n <img decoding=\"async\" style=\"margin-bottom:10px\" class=\"detail-desc-decorate-image\" src=\"https:\/\/ae01.alicdn.com\/kf\/S48bc17de8efe463a9ca2bb0dd7ee3f40j.jpg\"><br \/>\n <img decoding=\"async\" style=\"margin-bottom:10px\" class=\"detail-desc-decorate-image\" src=\"https:\/\/ae01.alicdn.com\/kf\/S321cc5882bf246cd832cf9f897e42bf4r.jpg\">\n<\/div>\n<p><\/p>\n<\/div>\n<\/div>\n<\/div>\n<\/div>","protected":false},"excerpt":{"rendered":"<p>Produit chimique \u00e0 haute pr\u00e9occupation:&nbsp;Aucun Num\u00e9ro de Mod\u00e8le:&nbsp;L298N Type:&nbsp;R\u00c9GULATEUR DE TENSION Origine:&nbsp;CN (Origine) Condition:&nbsp;Nouveau L298N Nom du module : module d&rsquo;entra\u00eenement de moteur \u00e0 double pont HMode de travail : entra\u00eenement au pont H (double route)Puce de contr\u00f4le principale : L298NConditionnement : sachet \u00e9lectrostatiqueTension logique : 5VTension d&rsquo;entra\u00eenement : 5 V-35 VCourant logique : 0mA-36mACourant&hellip;<\/p>","protected":false},"featured_media":4484,"comment_status":"","ping_status":"closed","template":"","meta":[],"product_brand":[],"product_cat":[540,286],"product_tag":[],"class_list":{"0":"post-4483","1":"product","2":"type-product","3":"status-publish","4":"has-post-thumbnail","6":"product_cat-arduino","7":"product_cat-robotique-et-capteurs","9":"first","10":"outofstock","11":"taxable","12":"shipping-taxable","13":"purchasable","14":"product-type-variable"},"_links":{"self":[{"href":"https:\/\/www.innovatingbytes.com\/en\/wp-json\/wp\/v2\/product\/4483","targetHints":{"allow":["GET"]}}],"collection":[{"href":"https:\/\/www.innovatingbytes.com\/en\/wp-json\/wp\/v2\/product"}],"about":[{"href":"https:\/\/www.innovatingbytes.com\/en\/wp-json\/wp\/v2\/types\/product"}],"replies":[{"embeddable":true,"href":"https:\/\/www.innovatingbytes.com\/en\/wp-json\/wp\/v2\/comments?post=4483"}],"version-history":[{"count":0,"href":"https:\/\/www.innovatingbytes.com\/en\/wp-json\/wp\/v2\/product\/4483\/revisions"}],"wp:featuredmedia":[{"embeddable":true,"href":"https:\/\/www.innovatingbytes.com\/en\/wp-json\/wp\/v2\/media\/4484"}],"wp:attachment":[{"href":"https:\/\/www.innovatingbytes.com\/en\/wp-json\/wp\/v2\/media?parent=4483"}],"wp:term":[{"taxonomy":"product_brand","embeddable":true,"href":"https:\/\/www.innovatingbytes.com\/en\/wp-json\/wp\/v2\/product_brand?post=4483"},{"taxonomy":"product_cat","embeddable":true,"href":"https:\/\/www.innovatingbytes.com\/en\/wp-json\/wp\/v2\/product_cat?post=4483"},{"taxonomy":"product_tag","embeddable":true,"href":"https:\/\/www.innovatingbytes.com\/en\/wp-json\/wp\/v2\/product_tag?post=4483"}],"curies":[{"name":"wp","href":"https:\/\/api.w.org\/{rel}","templated":true}]}}