{"id":4470,"date":"2025-11-06T13:13:23","date_gmt":"2025-11-06T12:13:23","guid":{"rendered":"https:\/\/www.innovatingbytes.com\/product\/mini-micro-servo-moteur-electronique-intelligente-pour-robots-arduino\/"},"modified":"2026-04-08T07:06:41","modified_gmt":"2026-04-08T05:06:41","slug":"mini-micro-servo-moteur-electronique-intelligente-pour-robots-arduino","status":"publish","type":"product","link":"https:\/\/www.innovatingbytes.com\/en\/product\/mini-micro-servo-moteur-electronique-intelligente-pour-robots-arduino\/","title":{"rendered":"Mini Micro Servo moteur, \u00e9lectronique intelligente pour Robots Arduino"},"content":{"rendered":"<div class=\"product-specs-list-container\">\n<ul class=\"product-specs-list util-clearfix\">\n<li class=\"product-prop line-limit-length\"><span class=\"property-title\">Produit chimique \u00e0 haute pr\u00e9occupation:&nbsp;<\/span><span class=\"property-desc line-limit-length\">Aucun<\/span>\n                        <\/li>\n<li class=\"product-prop line-limit-length\"><span class=\"property-title\">Paquet:&nbsp;<\/span><span class=\"property-desc line-limit-length\">Sevro<\/span>\n                        <\/li>\n<li class=\"product-prop line-limit-length\"><span class=\"property-title\">Personnalis\u00e9:&nbsp;<\/span><span class=\"property-desc line-limit-length\">Oui<\/span>\n                        <\/li>\n<li class=\"product-prop line-limit-length\"><span class=\"property-title\">Num\u00e9ro de Mod\u00e8le:&nbsp;<\/span><span class=\"property-desc line-limit-length\">SG90<\/span>\n                        <\/li>\n<li class=\"product-prop line-limit-length\"><span class=\"property-title\">Puissance de dissipation:&nbsp;<\/span><span class=\"property-desc line-limit-length\">Sevro<\/span>\n                        <\/li>\n<li class=\"product-prop line-limit-length\"><span class=\"property-title\">Tension d&rsquo;alimentation:&nbsp;<\/span><span class=\"property-desc line-limit-length\">Sevro<\/span>\n                        <\/li>\n<li class=\"product-prop line-limit-length\"><span class=\"property-title\">Application:&nbsp;<\/span><span class=\"property-desc line-limit-length\">Sevro<\/span>\n                        <\/li>\n<li class=\"product-prop line-limit-length\"><span class=\"property-title\">Type:&nbsp;<\/span><span class=\"property-desc line-limit-length\">R\u00c9GULATEUR DE TENSION<\/span>\n                        <\/li>\n<li class=\"product-prop line-limit-length\"><span class=\"property-title\">Nom de marque:&nbsp;<\/span><span class=\"property-desc line-limit-length\">REALPOY<\/span>\n                        <\/li>\n<li class=\"product-prop line-limit-length\"><span class=\"property-title\">Origine:&nbsp;<\/span><span class=\"property-desc line-limit-length\">CN (Origine)<\/span>\n                        <\/li>\n<li class=\"product-prop line-limit-length\"><span class=\"property-title\">Condition:&nbsp;<\/span><span class=\"property-desc line-limit-length\">Nouveau<\/span>\n                        <\/li>\n<li class=\"product-prop line-limit-length\"><span class=\"property-title\">Temp\u00e9rature de fonctionnement:&nbsp;<\/span><span class=\"property-desc line-limit-length\">Sevro<\/span>\n                        <\/li>\n<\/ul><\/div>\n<div class=\"detailmodule_html\">\n<div class=\"detail-desc-decorate-richtext\">\n<div class=\"detailmodule_html\">\n<div class=\"detail-desc-decorate-richtext\">\n<p><img decoding=\"async\" src=\"https:\/\/ae01.alicdn.com\/kf\/S9708769923d5408ab9724d5ef4097e9c6.jpg\" data-src=\"https:\/\/ae01.alicdn.com\/kf\/S9708769923d5408ab9724d5ef4097e9c6.jpg\"><\/p>\n<\/div>\n<\/div>\n<\/div>\n<\/div>","protected":false},"excerpt":{"rendered":"<p>Produit chimique \u00e0 haute pr\u00e9occupation:&nbsp;Aucun Paquet:&nbsp;Sevro Personnalis\u00e9:&nbsp;Oui Num\u00e9ro de Mod\u00e8le:&nbsp;SG90 Puissance de dissipation:&nbsp;Sevro Tension d&rsquo;alimentation:&nbsp;Sevro Application:&nbsp;Sevro Type:&nbsp;R\u00c9GULATEUR DE TENSION Nom de marque:&nbsp;REALPOY Origine:&nbsp;CN (Origine) Condition:&nbsp;Nouveau Temp\u00e9rature de fonctionnement:&nbsp;Sevro<\/p>","protected":false},"featured_media":4472,"comment_status":"","ping_status":"closed","template":"","meta":[],"product_brand":[],"product_cat":[540,286],"product_tag":[],"class_list":{"0":"post-4470","1":"product","2":"type-product","3":"status-publish","4":"has-post-thumbnail","6":"product_cat-arduino","7":"product_cat-robotique-et-capteurs","9":"first","10":"instock","11":"taxable","12":"shipping-taxable","13":"purchasable","14":"product-type-variable"},"_links":{"self":[{"href":"https:\/\/www.innovatingbytes.com\/en\/wp-json\/wp\/v2\/product\/4470","targetHints":{"allow":["GET"]}}],"collection":[{"href":"https:\/\/www.innovatingbytes.com\/en\/wp-json\/wp\/v2\/product"}],"about":[{"href":"https:\/\/www.innovatingbytes.com\/en\/wp-json\/wp\/v2\/types\/product"}],"replies":[{"embeddable":true,"href":"https:\/\/www.innovatingbytes.com\/en\/wp-json\/wp\/v2\/comments?post=4470"}],"version-history":[{"count":0,"href":"https:\/\/www.innovatingbytes.com\/en\/wp-json\/wp\/v2\/product\/4470\/revisions"}],"wp:featuredmedia":[{"embeddable":true,"href":"https:\/\/www.innovatingbytes.com\/en\/wp-json\/wp\/v2\/media\/4472"}],"wp:attachment":[{"href":"https:\/\/www.innovatingbytes.com\/en\/wp-json\/wp\/v2\/media?parent=4470"}],"wp:term":[{"taxonomy":"product_brand","embeddable":true,"href":"https:\/\/www.innovatingbytes.com\/en\/wp-json\/wp\/v2\/product_brand?post=4470"},{"taxonomy":"product_cat","embeddable":true,"href":"https:\/\/www.innovatingbytes.com\/en\/wp-json\/wp\/v2\/product_cat?post=4470"},{"taxonomy":"product_tag","embeddable":true,"href":"https:\/\/www.innovatingbytes.com\/en\/wp-json\/wp\/v2\/product_tag?post=4470"}],"curies":[{"name":"wp","href":"https:\/\/api.w.org\/{rel}","templated":true}]}}