{"id":4453,"date":"2025-11-06T13:12:57","date_gmt":"2025-11-06T12:12:57","guid":{"rendered":"https:\/\/www.innovatingbytes.com\/product\/wavtzt-dc-5v-28byj-48-moteur-pas-a-pas-pour-arduino\/"},"modified":"2026-04-09T06:54:09","modified_gmt":"2026-04-09T04:54:09","slug":"wavtzt-dc-5v-28byj-48-moteur-pas-a-pas-pour-arduino","status":"publish","type":"product","link":"https:\/\/www.innovatingbytes.com\/en\/product\/wavtzt-dc-5v-28byj-48-moteur-pas-a-pas-pour-arduino\/","title":{"rendered":"WAVTZT DC 5V 28BYJ-48 moteur pas \u00e0 pas pour Arduino"},"content":{"rendered":"<div class=\"product-specs-list-container\">\n<ul class=\"product-specs-list util-clearfix\">\n<li class=\"product-prop line-limit-length\"><span class=\"property-title\">Produit chimique \u00e0 haute pr\u00e9occupation:&nbsp;<\/span><span class=\"property-desc line-limit-length\">Aucun<\/span>\n                        <\/li>\n<li class=\"product-prop line-limit-length\"><span class=\"property-title\">Personnalis\u00e9:&nbsp;<\/span><span class=\"property-desc line-limit-length\">Oui<\/span>\n                        <\/li>\n<li class=\"product-prop line-limit-length\"><span class=\"property-title\">Puissance de dissipation:&nbsp;<\/span><span class=\"property-desc line-limit-length\">Stepper Motor<\/span>\n                        <\/li>\n<li class=\"product-prop line-limit-length\"><span class=\"property-title\">Tension d&rsquo;alimentation:&nbsp;<\/span><span class=\"property-desc line-limit-length\">Stepper Motor<\/span>\n                        <\/li>\n<li class=\"product-prop line-limit-length\"><span class=\"property-title\">Type:&nbsp;<\/span><span class=\"property-desc line-limit-length\">R\u00c9GULATEUR DE TENSION<\/span>\n                        <\/li>\n<li class=\"product-prop line-limit-length\"><span class=\"property-title\">Origine:&nbsp;<\/span><span class=\"property-desc line-limit-length\">CN (Origine)<\/span>\n                        <\/li>\n<li class=\"product-prop line-limit-length\"><span class=\"property-title\">Condition:&nbsp;<\/span><span class=\"property-desc line-limit-length\">Nouveau<\/span>\n                        <\/li>\n<li class=\"product-prop line-limit-length\"><span class=\"property-title\">Temp\u00e9rature de fonctionnement:&nbsp;<\/span><span class=\"property-desc line-limit-length\">Stepper Motor<\/span>\n                        <\/li>\n<\/ul><\/div>\n<div class=\"detailmodule_html\">\n<div class=\"detail-desc-decorate-richtext\">\n<div class=\"detailmodule_html\">\n<div class=\"detail-desc-decorate-richtext\">\n<p><img decoding=\"async\" style=\"width:1000px\" width=\"1000px\" src=\"https:\/\/ae01.alicdn.com\/kf\/Sbc1d6cc9ddde44be9540b47602410d042.jpg\" data-src=\"https:\/\/ae01.alicdn.com\/kf\/Sbc1d6cc9ddde44be9540b47602410d042.jpg\"><\/p>\n<p><img decoding=\"async\" style=\"width:1000px\" width=\"1000px\" src=\"https:\/\/ae01.alicdn.com\/kf\/S18b46e31ce534e92be3d7d09fc8205e8y.jpg\" data-src=\"https:\/\/ae01.alicdn.com\/kf\/S18b46e31ce534e92be3d7d09fc8205e8y.jpg\"><\/p>\n<p><img decoding=\"async\" style=\"width:1000px\" width=\"1000px\" src=\"https:\/\/ae01.alicdn.com\/kf\/Sa82f5b1b16b54feb80924048514f658f1.jpg\" data-src=\"https:\/\/ae01.alicdn.com\/kf\/Sa82f5b1b16b54feb80924048514f658f1.jpg\"><\/p>\n<p><img decoding=\"async\" style=\"width:1000px\" width=\"1000px\" src=\"https:\/\/ae01.alicdn.com\/kf\/S6628d8c057744c26a97e13f0e16a9081a.jpg\" data-src=\"https:\/\/ae01.alicdn.com\/kf\/S6628d8c057744c26a97e13f0e16a9081a.jpg\"><\/p>\n<p><img decoding=\"async\" style=\"width:1000px\" width=\"1000px\" src=\"https:\/\/ae01.alicdn.com\/kf\/Sb8beab7f0b9b459a83edffaae01378fd5.jpg\" data-src=\"https:\/\/ae01.alicdn.com\/kf\/Sb8beab7f0b9b459a83edffaae01378fd5.jpg\"><\/p>\n<p><\/div>\n<\/div>\n<\/div>\n<\/div>","protected":false},"excerpt":{"rendered":"<p>Produit chimique \u00e0 haute pr\u00e9occupation:&nbsp;Aucun Personnalis\u00e9:&nbsp;Oui Puissance de dissipation:&nbsp;Stepper Motor Tension d&rsquo;alimentation:&nbsp;Stepper Motor Type:&nbsp;R\u00c9GULATEUR DE TENSION Origine:&nbsp;CN (Origine) Condition:&nbsp;Nouveau Temp\u00e9rature de fonctionnement:&nbsp;Stepper Motor<\/p>","protected":false},"featured_media":4457,"comment_status":"","ping_status":"closed","template":"","meta":[],"product_brand":[],"product_cat":[540,286],"product_tag":[],"class_list":{"0":"post-4453","1":"product","2":"type-product","3":"status-publish","4":"has-post-thumbnail","6":"product_cat-arduino","7":"product_cat-robotique-et-capteurs","9":"first","10":"outofstock","11":"taxable","12":"shipping-taxable","13":"purchasable","14":"product-type-variable"},"_links":{"self":[{"href":"https:\/\/www.innovatingbytes.com\/en\/wp-json\/wp\/v2\/product\/4453","targetHints":{"allow":["GET"]}}],"collection":[{"href":"https:\/\/www.innovatingbytes.com\/en\/wp-json\/wp\/v2\/product"}],"about":[{"href":"https:\/\/www.innovatingbytes.com\/en\/wp-json\/wp\/v2\/types\/product"}],"replies":[{"embeddable":true,"href":"https:\/\/www.innovatingbytes.com\/en\/wp-json\/wp\/v2\/comments?post=4453"}],"version-history":[{"count":0,"href":"https:\/\/www.innovatingbytes.com\/en\/wp-json\/wp\/v2\/product\/4453\/revisions"}],"wp:featuredmedia":[{"embeddable":true,"href":"https:\/\/www.innovatingbytes.com\/en\/wp-json\/wp\/v2\/media\/4457"}],"wp:attachment":[{"href":"https:\/\/www.innovatingbytes.com\/en\/wp-json\/wp\/v2\/media?parent=4453"}],"wp:term":[{"taxonomy":"product_brand","embeddable":true,"href":"https:\/\/www.innovatingbytes.com\/en\/wp-json\/wp\/v2\/product_brand?post=4453"},{"taxonomy":"product_cat","embeddable":true,"href":"https:\/\/www.innovatingbytes.com\/en\/wp-json\/wp\/v2\/product_cat?post=4453"},{"taxonomy":"product_tag","embeddable":true,"href":"https:\/\/www.innovatingbytes.com\/en\/wp-json\/wp\/v2\/product_tag?post=4453"}],"curies":[{"name":"wp","href":"https:\/\/api.w.org\/{rel}","templated":true}]}}