{"id":4412,"date":"2025-11-06T13:11:47","date_gmt":"2025-11-06T12:11:47","guid":{"rendered":"https:\/\/www.innovatingbytes.com\/product\/capteur-a-ultrasons-pour-arduino-5-pieces-10-pieces-hc-sr04-hcsr04\/"},"modified":"2026-04-09T06:54:31","modified_gmt":"2026-04-09T04:54:31","slug":"capteur-a-ultrasons-pour-arduino-5-pieces-10-pieces-hc-sr04-hcsr04","status":"publish","type":"product","link":"https:\/\/www.innovatingbytes.com\/en\/product\/capteur-a-ultrasons-pour-arduino-5-pieces-10-pieces-hc-sr04-hcsr04\/","title":{"rendered":"Capteur \u00e0 ultrasons pour Arduino, 5 pi\u00e8ces, 10 pi\u00e8ces, HC-SR04 HCSR04"},"content":{"rendered":"<div class=\"product-specs-list-container\">\n<ul class=\"product-specs-list util-clearfix\">\n<li class=\"product-prop line-limit-length\"><span class=\"property-title\">Produit chimique \u00e0 haute pr\u00e9occupation:&nbsp;<\/span><span class=\"property-desc line-limit-length\">Aucun<\/span>\n                        <\/li>\n<li class=\"product-prop line-limit-length\"><span class=\"property-title\">Personnalis\u00e9:&nbsp;<\/span><span class=\"property-desc line-limit-length\">Oui<\/span>\n                        <\/li>\n<li class=\"product-prop line-limit-length\"><span class=\"property-title\">Th\u00e9orie:&nbsp;<\/span><span class=\"property-desc line-limit-length\">Capteur ultrasonique<\/span>\n                        <\/li>\n<li class=\"product-prop line-limit-length\"><span class=\"property-title\">Usage:&nbsp;<\/span><span class=\"property-desc line-limit-length\">Capteur de position<\/span>\n                        <\/li>\n<li class=\"product-prop line-limit-length\"><span class=\"property-title\">Num\u00e9ro de Mod\u00e8le:&nbsp;<\/span><span class=\"property-desc line-limit-length\">new<\/span>\n                        <\/li>\n<li class=\"product-prop line-limit-length\"><span class=\"property-title\">Mat\u00e9riau:&nbsp;<\/span><span class=\"property-desc line-limit-length\">Porcelain<\/span>\n                        <\/li>\n<li class=\"product-prop line-limit-length\"><span class=\"property-title\">Type:&nbsp;<\/span><span class=\"property-desc line-limit-length\">CAPTEUR DE SON<\/span>\n                        <\/li>\n<li class=\"product-prop line-limit-length\"><span class=\"property-title\">Sortie:&nbsp;<\/span><span class=\"property-desc line-limit-length\">Commutation du transducteur<\/span>\n                        <\/li>\n<li class=\"product-prop line-limit-length\"><span class=\"property-title\">Origine:&nbsp;<\/span><span class=\"property-desc line-limit-length\">CN (Origine)<\/span>\n                        <\/li>\n<\/ul><\/div>\n<div class=\"detailmodule_html\">\n<div class=\"detail-desc-decorate-richtext\">\n<div class=\"detailmodule_html\">\n<div class=\"detail-desc-decorate-richtext\">\n<p style=\"text-align:center\" align=\"center\"><span style=\"font-size:26px\"><strong>Capteur ultrasonique HC-SR04 HCSR04 vers le monde, d\u00e9tecteur d&rsquo;ondes ultrasoniques, Module de port\u00e9e HC SR04, capteur de Distance pour Arduino, 5\/10 pi\u00e8ces<\/strong><\/span><\/p>\n<div><\/div>\n<p style=\"text-align:left\" align=\"left\"><span style=\"font-size:26px\"><span style=\"font-size:20px;font-family:Arial, Helvetica, sans-serif\"><strong><span>Sp\u00e9cification :<\/span><\/strong><\/span><\/span><span style=\"font-size:26px\"><br \/><\/span><span style=\"font-size:26px\"><span style=\"font-size:16px;font-family:Arial, Helvetica, sans-serif\">Les performances de ce module sont stables, mesurent la distance avec pr\u00e9cision.performances presque les m\u00eames que le module de mesure de distance ultrasonique SRF05, SRF02 SRF05, SRF02 et autres comparables.Module Haute pr\u00e9cision, angles morts (2 cm) super proche.<\/span><\/span><span style=\"font-size:26px\"><\/p>\n<p><\/span><span style=\"font-size:26px\"><span style=\"font-size:14px;font-family:Arial, Helvetica, sans-serif\"><strong><span><span style=\"font-size:20px\">Principaux param\u00e8tres techniques :<\/span><\/span><\/strong><\/span><\/span><span style=\"font-size:26px\"><span style=\"font-size:16px;font-family:Arial, Helvetica, sans-serif\"><br \/>Tension : 5 V CC.<br \/>Courant statique : moins de 2 mA<br \/>Sortie de niveau \u00e9lectrique : 5 V de haut<br \/>Sortie de niveau \u00e9lectrique : \u00e0 la fin de 0V<br \/>Angle d&rsquo;induction : pas plus de 15 degr\u00e9s<br \/>Distance de d\u00e9tection : 2 cm-450 cm<br \/>Haute pr\u00e9cision : 2 mm<br \/>C\u00e2blage : VCC, d\u00e9clencheur (c\u00f4t\u00e9 contr\u00f4le), \u00e9cho (extr\u00e9mit\u00e9 de r\u00e9ception), GND<\/span><\/span><span style=\"font-size:26px\"><\/p>\n<p><\/span><span style=\"font-size:26px\"><span style=\"font-size:14px;font-family:Arial, Helvetica, sans-serif\"><strong><span><span style=\"font-size:20px\">Le module fonctionne :<\/span><\/span><\/strong><\/span><\/span><span style=\"font-size:26px\"><span style=\"font-size:16px;font-family:Arial, Helvetica, sans-serif\"><br \/>En utilisant la distance de d\u00e9clenchement IO, le signal \u00e9lev\u00e9 atteint au moins 10us<br \/>Le module envoie automatiquement huit ondes carr\u00e9es de 40 kHz, d\u00e9tecte automatiquement si un signal revient ;<br \/>un signal arri\u00e8re, via l&rsquo;IO, une sortie d&rsquo;un niveau \u00e9lectrique \u00e9lev\u00e9, la dur\u00e9e du niveau \u00e9lectrique \u00e9lev\u00e9 est la suivante : le temps d&rsquo;\u00e9chographie du lancement au retour. Distance de test = (temps du niveau \u00e9lectrique \u00e9lev\u00e9 * vitesse du son (340 M\/S)) \/ 2 ;<\/span><\/span><\/p>\n<div><\/div>\n<p><img decoding=\"async\" style=\"width:1000px\" width=\"1000px\" src=\"https:\/\/ae01.alicdn.com\/kf\/Sb987961fe629446ca3b002d2034e1a107.jpg\"><\/p>\n<p><img decoding=\"async\" style=\"width:1000px\" width=\"1000px\" src=\"https:\/\/ae01.alicdn.com\/kf\/Sf7ac30a8f8ab4590a3acfa3a3b678d17m.jpg\"><\/p>\n<p><img decoding=\"async\" style=\"width:1000px\" width=\"1000px\" src=\"https:\/\/ae01.alicdn.com\/kf\/Scffcbf2849614ce0be40fdefa91fbe4c6.jpg\"><\/p>\n<p><img decoding=\"async\" style=\"width:1000px\" width=\"1000px\" src=\"https:\/\/ae01.alicdn.com\/kf\/Sd499c8bb1a7f4315b915eb89e4dd5b01j.jpg\"><\/p>\n<p><img decoding=\"async\" style=\"width:1000px\" width=\"1000px\" src=\"https:\/\/ae01.alicdn.com\/kf\/S1bdd0f534d754a548e3421c8266ec5cdc.jpg\"><\/p>\n<p><img decoding=\"async\" style=\"width:1000px\" width=\"1000px\" src=\"https:\/\/ae01.alicdn.com\/kf\/Se0bd16ed61564cdbac85a67e3f6bb82ca.jpg\"><\/p>\n<p><img decoding=\"async\" style=\"width:1000px\" width=\"1000px\" src=\"https:\/\/ae01.alicdn.com\/kf\/S9ef7d9848f8b494a8ad187d39c3ad6dfz.jpg\"><\/p>\n<\/div>\n<\/div>\n<p><\/p>\n<\/div>\n<\/div>","protected":false},"excerpt":{"rendered":"<p>Produit chimique \u00e0 haute pr\u00e9occupation:&nbsp;Aucun Personnalis\u00e9:&nbsp;Oui Th\u00e9orie:&nbsp;Capteur ultrasonique Usage:&nbsp;Capteur de position Num\u00e9ro de Mod\u00e8le:&nbsp;new Mat\u00e9riau:&nbsp;Porcelain Type:&nbsp;CAPTEUR DE SON Sortie:&nbsp;Commutation du transducteur Origine:&nbsp;CN (Origine) Capteur ultrasonique HC-SR04 HCSR04 vers le monde, d\u00e9tecteur d&rsquo;ondes ultrasoniques, Module de port\u00e9e HC SR04, capteur de Distance pour Arduino, 5\/10 pi\u00e8ces Sp\u00e9cification :Les performances de ce module sont stables, mesurent la&hellip;<\/p>","protected":false},"featured_media":4413,"comment_status":"","ping_status":"closed","template":"","meta":[],"product_brand":[],"product_cat":[540,286],"product_tag":[],"class_list":{"0":"post-4412","1":"product","2":"type-product","3":"status-publish","4":"has-post-thumbnail","6":"product_cat-arduino","7":"product_cat-robotique-et-capteurs","9":"first","10":"instock","11":"taxable","12":"shipping-taxable","13":"purchasable","14":"product-type-variable"},"_links":{"self":[{"href":"https:\/\/www.innovatingbytes.com\/en\/wp-json\/wp\/v2\/product\/4412","targetHints":{"allow":["GET"]}}],"collection":[{"href":"https:\/\/www.innovatingbytes.com\/en\/wp-json\/wp\/v2\/product"}],"about":[{"href":"https:\/\/www.innovatingbytes.com\/en\/wp-json\/wp\/v2\/types\/product"}],"replies":[{"embeddable":true,"href":"https:\/\/www.innovatingbytes.com\/en\/wp-json\/wp\/v2\/comments?post=4412"}],"version-history":[{"count":0,"href":"https:\/\/www.innovatingbytes.com\/en\/wp-json\/wp\/v2\/product\/4412\/revisions"}],"wp:featuredmedia":[{"embeddable":true,"href":"https:\/\/www.innovatingbytes.com\/en\/wp-json\/wp\/v2\/media\/4413"}],"wp:attachment":[{"href":"https:\/\/www.innovatingbytes.com\/en\/wp-json\/wp\/v2\/media?parent=4412"}],"wp:term":[{"taxonomy":"product_brand","embeddable":true,"href":"https:\/\/www.innovatingbytes.com\/en\/wp-json\/wp\/v2\/product_brand?post=4412"},{"taxonomy":"product_cat","embeddable":true,"href":"https:\/\/www.innovatingbytes.com\/en\/wp-json\/wp\/v2\/product_cat?post=4412"},{"taxonomy":"product_tag","embeddable":true,"href":"https:\/\/www.innovatingbytes.com\/en\/wp-json\/wp\/v2\/product_tag?post=4412"}],"curies":[{"name":"wp","href":"https:\/\/api.w.org\/{rel}","templated":true}]}}