{"id":4401,"date":"2025-11-06T13:11:08","date_gmt":"2025-11-06T12:11:08","guid":{"rendered":"https:\/\/www.innovatingbytes.com\/product\/hygrometre-a-huile-et-humidite-5-10-pieces\/"},"modified":"2026-04-08T07:07:56","modified_gmt":"2026-04-08T05:07:56","slug":"hygrometre-a-huile-et-humidite-5-10-pieces","status":"publish","type":"product","link":"https:\/\/www.innovatingbytes.com\/en\/product\/hygrometre-a-huile-et-humidite-5-10-pieces\/","title":{"rendered":"Hygrom\u00e8tre \u00e0 huile et humidit\u00e9, 5\/10 pi\u00e8ces"},"content":{"rendered":"<div class=\"product-specs-list-container\">\n<ul class=\"product-specs-list util-clearfix\">\n<li class=\"product-prop line-limit-length\"><span class=\"property-title\">Produit chimique \u00e0 haute pr\u00e9occupation:&nbsp;<\/span><span class=\"property-desc line-limit-length\">Aucun<\/span>\n                        <\/li>\n<li class=\"product-prop line-limit-length\"><span class=\"property-title\">Personnalis\u00e9:&nbsp;<\/span><span class=\"property-desc line-limit-length\">Oui<\/span>\n                        <\/li>\n<li class=\"product-prop line-limit-length\"><span class=\"property-title\">Th\u00e9orie:&nbsp;<\/span><span class=\"property-desc line-limit-length\">CAPTEUR HALL<\/span>\n                        <\/li>\n<li class=\"product-prop line-limit-length\"><span class=\"property-title\">Num\u00e9ro de Mod\u00e8le:&nbsp;<\/span><span class=\"property-desc line-limit-length\">Humidity Sensor Module<\/span>\n                        <\/li>\n<li class=\"product-prop line-limit-length\"><span class=\"property-title\">Mat\u00e9riau:&nbsp;<\/span><span class=\"property-desc line-limit-length\">M\u00e9lange<\/span>\n                        <\/li>\n<li class=\"product-prop line-limit-length\"><span class=\"property-title\">Type:&nbsp;<\/span><span class=\"property-desc line-limit-length\">Capteur d&rsquo;humidit\u00e9<\/span>\n                        <\/li>\n<li class=\"product-prop line-limit-length\"><span class=\"property-title\">Sortie:&nbsp;<\/span><span class=\"property-desc line-limit-length\">CAPTEUR analogique<\/span>\n                        <\/li>\n<li class=\"product-prop line-limit-length\"><span class=\"property-title\">Origine:&nbsp;<\/span><span class=\"property-desc line-limit-length\">CN (Origine)<\/span>\n                        <\/li>\n<li class=\"product-prop line-limit-length\"><span class=\"property-title\">Utiliser:&nbsp;<\/span><span class=\"property-desc line-limit-length\">Capteur de temp\u00e9rature<\/span>\n                        <\/li>\n<\/ul><\/div>\n<div class=\"detailmodule_html\">\n<div class=\"detail-desc-decorate-richtext\">\n<div class=\"detailmodule_text\">\n<p style=\"font-family:OpenSans;font-size:14px;font-weight:300;line-height:20px;margin-bottom:12px\" class=\"detail-desc-decorate-content\" id=\"tl_1\">5\/10 pi&egrave;ces Module de capteur d&rsquo;humidit&eacute; de d&eacute;tection d&rsquo;hygrom&egrave;tre d&rsquo;humidit&eacute; du sol pour carte de d&eacute;veloppement arduino bricolage Robot voiture intelligente <br \/>Avertissement: <br \/>1 Ceci est un r&eacute;sum&eacute; du capteur d&rsquo;humidit&eacute; peut &ecirc;tre utilis&eacute; pour d&eacute;tecter l&rsquo;humidit&eacute; du sol, lorsque le sol est sec, le module &eacute;met un niveau &eacute;lev&eacute;, tandis que la sortie faible. En utilisant ce capteur faire un syst&egrave;me d&rsquo;arrosage automatique, de sorte que vos plantes de jardin ont besoin de personnes &agrave; g&eacute;rer. <br \/>2 sensibilit&eacute; r&eacute;glable (indiqu&eacute;e en bleu r&eacute;glage du potentiom&egrave;tre num&eacute;rique) <br \/>4 Tension de fonctionnement 3.3V-5V <br \/>Mode de sortie double module 5, une sortie num&eacute;rique simple, une sortie analogique plus pr&eacute;cise. <br \/>6 avec trou de boulon fixe pour une installation facile <br \/>7 petite taille de carte PCB: 3cm * 1.6cm <br \/>8 indicateur d&rsquo;alimentation (rouge) et l&rsquo;indicateur de sortie du commutateur num&eacute;rique (vert) <br \/>9 utilisant la puce de comparateur LM393, stable <br \/>VCC externe 3.3V-5V <br \/>GND GND Externe <br \/>Faites les interfaces de sortie num&eacute;rique de petite carte (0 et 1) <br \/>Interface de sortie analogique AO petite carte <br \/>Instructions: <br \/>Un module d&rsquo;humidit&eacute; du sol tr&egrave;s sensible &agrave; l&rsquo;environnement, g&eacute;n&eacute;ralement utilis&eacute; pour d&eacute;tecter l&rsquo;humidit&eacute; du sol. <br \/>Les modules dans l&rsquo;humidit&eacute; du sol atteignent le seuil d&eacute;fini, le port DO produit haut lorsque l&rsquo;humidit&eacute; du sol d&eacute;passe un seuil d&eacute;fini, le module D0 produit bas; <br \/>Les sorties num&eacute;riques D0 petites plaques peuvent &ecirc;tre connect&eacute;es directement au microcontr&ocirc;leur via le microcontr&ocirc;leur pour d&eacute;tecter haut et bas, d&eacute;tectant ainsi l&rsquo;humidit&eacute; du sol; <br \/>Sortie num&eacute;rique de petites plaques DO NOTRE module de relais peut conduire directement le module buzzer, qui peut &ecirc;tre compos&eacute; d&rsquo;un &eacute;quipement d&rsquo;alarme d&rsquo;humidit&eacute; du sol; <br \/>Les modules de sortie analogique AO de petites plaques peuvent &ecirc;tre connect&eacute;s et AD via le convertisseur AD, vous pouvez obtenir une valeur plus pr&eacute;cise de l&rsquo;humidit&eacute; du sol; <br \/>Le paquet comprend: <br \/>5\/10 pcs X Soli capteurs d&rsquo;humidit&eacute;<\/p>\n<\/div>\n<div class=\"detailmodule_image\">\n <img decoding=\"async\" class=\"detail-desc-decorate-image\" src=\"https:\/\/ae01.alicdn.com\/kf\/S1e4b0ed1179749ef91b8f04ebcd1ec220.jpg\" \/><br \/>\n <img decoding=\"async\" class=\"detail-desc-decorate-image\" src=\"https:\/\/ae01.alicdn.com\/kf\/S14b85c096bd54b1a883d992cee2a3343o.jpg\" \/><br \/>\n <img decoding=\"async\" class=\"detail-desc-decorate-image\" src=\"https:\/\/ae01.alicdn.com\/kf\/Sb27988fbf5dd4dee8ae358f36d118c5bU.jpg\" \/><br \/>\n <img decoding=\"async\" class=\"detail-desc-decorate-image\" src=\"https:\/\/ae01.alicdn.com\/kf\/S515859d0d6a14c668d992b607d568e14n.jpg\" \/><br \/>\n <img decoding=\"async\" class=\"detail-desc-decorate-image\" src=\"https:\/\/ae01.alicdn.com\/kf\/Sbfeb0129febf4125977eccaa5cbae763g.jpg\" \/><br \/>\n <img decoding=\"async\" class=\"detail-desc-decorate-image\" src=\"https:\/\/ae01.alicdn.com\/kf\/Se22452fd6a8d4337b5c201da5adf7a702.jpg\" \/><br \/>\n <img decoding=\"async\" class=\"detail-desc-decorate-image\" src=\"https:\/\/ae01.alicdn.com\/kf\/S106688e59ed04baa9ae62191058eabf7u.jpg\" \/>\n<\/div>\n<p><\/div>\n<\/div>","protected":false},"excerpt":{"rendered":"<p>Produit chimique \u00e0 haute pr\u00e9occupation:&nbsp;Aucun Personnalis\u00e9:&nbsp;Oui Th\u00e9orie:&nbsp;CAPTEUR HALL Num\u00e9ro de Mod\u00e8le:&nbsp;Humidity Sensor Module Mat\u00e9riau:&nbsp;M\u00e9lange Type:&nbsp;Capteur d&rsquo;humidit\u00e9 Sortie:&nbsp;CAPTEUR analogique Origine:&nbsp;CN (Origine) Utiliser:&nbsp;Capteur de temp\u00e9rature 5\/10 pi&egrave;ces Module de capteur d&rsquo;humidit&eacute; de d&eacute;tection d&rsquo;hygrom&egrave;tre d&rsquo;humidit&eacute; du sol pour carte de d&eacute;veloppement arduino bricolage Robot voiture intelligente Avertissement: 1 Ceci est un r&eacute;sum&eacute; du capteur d&rsquo;humidit&eacute; peut &ecirc;tre&hellip;<\/p>","protected":false},"featured_media":4403,"comment_status":"","ping_status":"closed","template":"","meta":[],"product_brand":[],"product_cat":[540,286],"product_tag":[],"class_list":{"0":"post-4401","1":"product","2":"type-product","3":"status-publish","4":"has-post-thumbnail","6":"product_cat-arduino","7":"product_cat-robotique-et-capteurs","9":"first","10":"instock","11":"taxable","12":"shipping-taxable","13":"purchasable","14":"product-type-variable"},"_links":{"self":[{"href":"https:\/\/www.innovatingbytes.com\/en\/wp-json\/wp\/v2\/product\/4401","targetHints":{"allow":["GET"]}}],"collection":[{"href":"https:\/\/www.innovatingbytes.com\/en\/wp-json\/wp\/v2\/product"}],"about":[{"href":"https:\/\/www.innovatingbytes.com\/en\/wp-json\/wp\/v2\/types\/product"}],"replies":[{"embeddable":true,"href":"https:\/\/www.innovatingbytes.com\/en\/wp-json\/wp\/v2\/comments?post=4401"}],"version-history":[{"count":0,"href":"https:\/\/www.innovatingbytes.com\/en\/wp-json\/wp\/v2\/product\/4401\/revisions"}],"wp:featuredmedia":[{"embeddable":true,"href":"https:\/\/www.innovatingbytes.com\/en\/wp-json\/wp\/v2\/media\/4403"}],"wp:attachment":[{"href":"https:\/\/www.innovatingbytes.com\/en\/wp-json\/wp\/v2\/media?parent=4401"}],"wp:term":[{"taxonomy":"product_brand","embeddable":true,"href":"https:\/\/www.innovatingbytes.com\/en\/wp-json\/wp\/v2\/product_brand?post=4401"},{"taxonomy":"product_cat","embeddable":true,"href":"https:\/\/www.innovatingbytes.com\/en\/wp-json\/wp\/v2\/product_cat?post=4401"},{"taxonomy":"product_tag","embeddable":true,"href":"https:\/\/www.innovatingbytes.com\/en\/wp-json\/wp\/v2\/product_tag?post=4401"}],"curies":[{"name":"wp","href":"https:\/\/api.w.org\/{rel}","templated":true}]}}