{"id":4100,"date":"2025-11-06T12:33:29","date_gmt":"2025-11-06T11:33:29","guid":{"rendered":"https:\/\/www.innovatingbytes.com\/product\/montre-intelligente-appel-bluetooth-suivi-de-la-condition-physique\/"},"modified":"2026-04-09T06:54:06","modified_gmt":"2026-04-09T04:54:06","slug":"montre-intelligente-appel-bluetooth-suivi-de-la-condition-physique","status":"publish","type":"product","link":"https:\/\/www.innovatingbytes.com\/en\/product\/montre-intelligente-appel-bluetooth-suivi-de-la-condition-physique\/","title":{"rendered":"Montre intelligente appel Bluetooth suivi de la condition physique"},"content":{"rendered":"\n<div class=\"product-specs-list-container\">\n<ul class=\"product-specs-list util-clearfix\">\n<li class=\"product-prop line-limit-length\"><span class=\"property-title\">Produit chimique \u00e0 haute pr\u00e9occupation:&nbsp;<\/span><span class=\"property-desc line-limit-length\">Aucun<\/span>\n                        <\/li>\n<li class=\"product-prop line-limit-length\"><span class=\"property-title\">Poids [g]:&nbsp;<\/span><span class=\"property-desc line-limit-length\">80<\/span>\n                        <\/li>\n<li class=\"product-prop line-limit-length\"><span class=\"property-title\">Assistant vocal int\u00e9gr\u00e9:&nbsp;<\/span><span class=\"property-desc line-limit-length\">Non<\/span>\n                        <\/li>\n<li class=\"product-prop line-limit-length\"><span class=\"property-title\">Version compatible Bluetooth:&nbsp;<\/span><span class=\"property-desc line-limit-length\">5.3<\/span>\n                        <\/li>\n<li class=\"product-prop line-limit-length\"><span class=\"property-title\">M\u00e9triques mesur\u00e9es:&nbsp;<\/span><span class=\"property-desc line-limit-length\">Moniteur de fr\u00e9quence cardiaque,Moniteur d&rsquo;oxyg\u00e8ne dans le sang,Moniteur de sommeil,Moniteur de pression art\u00e9rielle<\/span>\n                        <\/li>\n<li class=\"product-prop line-limit-length\"><span class=\"property-title\">Activit\u00e9 suivie:&nbsp;<\/span><span class=\"property-desc line-limit-length\">Tracker d&rsquo;activit\u00e9<\/span>\n                        <\/li>\n<li class=\"product-prop line-limit-length\"><span class=\"property-title\">Ecran tactile:&nbsp;<\/span><span class=\"property-desc line-limit-length\">Oui<\/span>\n                        <\/li>\n<li class=\"product-prop line-limit-length\"><span class=\"property-title\">Cat\u00e9gorie:&nbsp;<\/span><span class=\"property-desc line-limit-length\">Montres intelligentes<\/span>\n                        <\/li>\n<li class=\"product-prop line-limit-length\"><span class=\"property-title\">Nom de l&rsquo;application:&nbsp;<\/span><span class=\"property-desc line-limit-length\">fitpro<\/span>\n                        <\/li>\n<li class=\"product-prop line-limit-length\"><span class=\"property-title\">Mat\u00e9riel d&rsquo;\u00e9cran:&nbsp;<\/span><span class=\"property-desc line-limit-length\">TFT<\/span>\n                        <\/li>\n<li class=\"product-prop line-limit-length\"><span class=\"property-title\">T\u00e9l\u00e9chargement de l&rsquo;APP disponible:&nbsp;<\/span><span class=\"property-desc line-limit-length\">Non<\/span>\n                        <\/li>\n<li class=\"product-prop line-limit-length\"><span class=\"property-title\">Batterie d\u00e9tachable:&nbsp;<\/span><span class=\"property-desc line-limit-length\">Non<\/span>\n                        <\/li>\n<li class=\"product-prop line-limit-length\"><span class=\"property-title\">Type de mouvement:&nbsp;<\/span><span class=\"property-desc line-limit-length\">\u00c9lectronique<\/span>\n                        <\/li>\n<li class=\"product-prop line-limit-length\"><span class=\"property-title\">Style:&nbsp;<\/span><span class=\"property-desc line-limit-length\">Mode<\/span>\n                        <\/li>\n<li class=\"product-prop line-limit-length\"><span class=\"property-title\">Groupe d&rsquo;\u00e2ge de l&rsquo;application:&nbsp;<\/span><span class=\"property-desc line-limit-length\">Adult<\/span>\n                        <\/li>\n<li class=\"product-prop line-limit-length\"><span class=\"property-title\">Forme de l\u2019\u00e9cran:&nbsp;<\/span><span class=\"property-desc line-limit-length\">QUIS\u00c9<\/span>\n                        <\/li>\n<li class=\"product-prop line-limit-length\"><span class=\"property-title\">Mat\u00e9riau de Bo\u00eete:&nbsp;<\/span><span class=\"property-desc line-limit-length\">Alliage<\/span>\n                        <\/li>\n<li class=\"product-prop line-limit-length\"><span class=\"property-title\">Mat\u00e9riel de bande:&nbsp;<\/span><span class=\"property-desc line-limit-length\">STEEL<\/span>\n                        <\/li>\n<li class=\"product-prop line-limit-length\"><span class=\"property-title\">Qualit\u00e9 imperm\u00e9able:&nbsp;<\/span><span class=\"property-desc line-limit-length\">Dur\u00e9e de vie imperm\u00e9able \u00e0 l\u2019eau<\/span>\n                        <\/li>\n<li class=\"product-prop line-limit-length\"><span class=\"property-title\">Carte SIM Disponible:&nbsp;<\/span><span class=\"property-desc line-limit-length\">Non<\/span>\n                        <\/li>\n<li class=\"product-prop line-limit-length\"><span class=\"property-title\">M\u00e9canisme:&nbsp;<\/span><span class=\"property-desc line-limit-length\">Oui<\/span>\n                        <\/li>\n<li class=\"product-prop line-limit-length\"><span class=\"property-title\">Cadrans multiples:&nbsp;<\/span><span class=\"property-desc line-limit-length\">Oui<\/span>\n                        <\/li>\n<li class=\"product-prop line-limit-length\"><span class=\"property-title\">GPS:&nbsp;<\/span><span class=\"property-desc line-limit-length\">Non<\/span>\n                        <\/li>\n<li class=\"product-prop line-limit-length\"><span class=\"property-title\">Mode R\u00e9seau:&nbsp;<\/span><span class=\"property-desc line-limit-length\">Aucun<\/span>\n                        <\/li>\n<li class=\"product-prop line-limit-length\"><span class=\"property-title\">Cam\u00e9ra Arri\u00e8re:&nbsp;<\/span><span class=\"property-desc line-limit-length\">Aucun<\/span>\n                        <\/li>\n<li class=\"product-prop line-limit-length\"><span class=\"property-title\">ROM:&nbsp;<\/span><span class=\"property-desc line-limit-length\">&lt;128 MB<\/span>\n                        <\/li>\n<li class=\"product-prop line-limit-length\"><span class=\"property-title\">Syst\u00e8me:&nbsp;<\/span><span class=\"property-desc line-limit-length\">Aucun<\/span>\n                        <\/li>\n<li class=\"product-prop line-limit-length\"><span class=\"property-title\">Type:&nbsp;<\/span><span class=\"property-desc line-limit-length\">Au poignet<\/span>\n                        <\/li>\n<li class=\"product-prop line-limit-length\"><span class=\"property-title\">Compatibilit\u00e9:&nbsp;<\/span><span class=\"property-desc line-limit-length\">Tous compatibles<\/span>\n                        <\/li>\n<li class=\"product-prop line-limit-length\"><span class=\"property-title\">Langue:&nbsp;<\/span><span class=\"property-desc line-limit-length\">english,Russe,Espagnol,POLISH,Portugais,Turkish,Italien,French,allemand,N\u00e9erlandais,Arabe<\/span>\n                        <\/li>\n<li class=\"product-prop line-limit-length\"><span class=\"property-title\">Fonction:&nbsp;<\/span><span class=\"property-desc line-limit-length\">Passometer,Tracker de fitness,Tracker de sommeil,Rappel de message,Rappel d\u2019appel,R\u00e9pondre \u00e0 l\u2019appel,Composer un num\u00e9ro,T\u00e9l\u00e9commande,Message push,Instruction 24 heures,R\u00e9veil,HEURE DU MONDE,MOIS,Moniteur de fr\u00e9quence cardiaque,Musique interactive,Noctilucent,CALENDRIER,\u00c9clairage,COMPTE \u00c0 REBOURS,calculatrices<\/span>\n                        <\/li>\n<li class=\"product-prop line-limit-length\"><span class=\"property-title\">Nom de marque:&nbsp;<\/span><span class=\"property-desc line-limit-length\">LEMFO<\/span>\n                        <\/li>\n<li class=\"product-prop line-limit-length\"><span class=\"property-title\">RAM:&nbsp;<\/span><span class=\"property-desc line-limit-length\">&lt;128 MB<\/span>\n                        <\/li>\n<li class=\"product-prop line-limit-length\"><span class=\"property-title\">Capacit\u00e9 de Batterie (mAh):&nbsp;<\/span><span class=\"property-desc line-limit-length\">220-300mah<\/span>\n                        <\/li>\n<li class=\"product-prop line-limit-length\"><span class=\"property-title\">Origine:&nbsp;<\/span><span class=\"property-desc line-limit-length\">CN (Origine)<\/span>\n                        <\/li>\n<li class=\"product-prop line-limit-length\"><span class=\"property-title\">WIFI:&nbsp;<\/span><span class=\"property-desc line-limit-length\">Non<\/span>\n                        <\/li>\n<li class=\"product-prop line-limit-length\"><span class=\"property-title\">R\u00e9solution:&nbsp;<\/span><span class=\"property-desc line-limit-length\">360*360<\/span>\n                        <\/li>\n<li class=\"product-prop line-limit-length\"><span class=\"property-title\">Taille D&rsquo;\u00e9cran:&nbsp;<\/span><span class=\"property-desc line-limit-length\">2.01\u00a0\u00bb<\/span>\n                        <\/li>\n<li class=\"product-prop line-limit-length\"><span class=\"property-title\">Bande Amovible:&nbsp;<\/span><span class=\"property-desc line-limit-length\">Oui<\/span>\n                        <\/li>\n<\/ul><\/div>\n<div class=\"detailmodule_html\">\n<div class=\"detail-desc-decorate-richtext\">\n<div class=\"detailmodule_text\">\n<p style=\"font-family:OpenSans;font-size:14px;font-weight:300;line-height:20px;margin-bottom:12px\" class=\"detail-desc-decorate-content\" id=\"tl_1\">LEMFO LT10 Smart Watch Femmes Hommes 2024 Smartwatch Touch Dial Call Music Smartclock Pour Android IOS Fitness Tracker Sports Watches<\/p>\n<\/div>\n<div class=\"detailmodule_text\">\n<p style=\"font-family:OpenSans;font-size:20px;font-weight:900;line-height:28px;margin-bottom:12px\" class=\"detail-desc-decorate-title\" id=\"tl_2\">Smartwatch Description:<\/p>\n<p style=\"font-family:OpenSans;font-size:14px;font-weight:300;line-height:20px;margin-bottom:12px\" class=\"detail-desc-decorate-content\" id=\"tl_3\">1. Affichage: &eacute;cran rectangle HD 2.01&quot; <br \/>2. R&eacute;solution: 360*360 <br \/>3. OS compatible: Android et IOS <br \/>4. Compatibilit&eacute;: syst&egrave;me Android 6.0 \/ ios 10.0 et sup&eacute;rieur <br \/>5. M&eacute;thode de connexion: Smartphone connect&eacute; &agrave; l&rsquo;application via Bluetooth 5.0 <br \/>6. &Eacute;tanche: IP67 (La montre ne peut pas &ecirc;tre plac&eacute;e dans l&rsquo;eau.)<\/p>\n<\/div>\n<div class=\"detailmodule_text\">\n<p style=\"font-family:OpenSans;font-size:20px;font-weight:900;line-height:28px;margin-bottom:12px\" class=\"detail-desc-decorate-title\" id=\"tl_4\">Fonctions:<\/p>\n<p style=\"font-family:OpenSans;font-size:14px;font-weight:300;line-height:20px;margin-bottom:12px\" class=\"detail-desc-decorate-content\" id=\"tl_5\">Rappels d&rsquo;alarme personnalis&eacute;s, rappels s&eacute;dentaires, rappels d&rsquo;appels entrants, messages push (SMS\/QQQ\/WeChat, Taobao, Alipay, Facebook, Twitter, whatAPP, Instagram, LinkedIn, messager, Skype, en ligne, kakaotalk, Gmail, Snapchat, etc.). Appuyez sur les informations demand&eacute;es par le t&eacute;l&eacute;phone mobileCadrans personnalis&eacute;s, les cadrans en ligne esportemassive ola, retournement du poignet, affichage de l&rsquo;heure, photo &agrave; distance, r&eacute;glage du mode th&eacute;&acirc;tre\/ne pas d&eacute;ranger, trouver le t&eacute;l&eacute;phone portable, chronom&egrave;tre, soutien APP over-the-air mise &agrave; niveau, p&eacute;riode physiologique des femmes<\/p>\n<\/div>\n<div class=\"detailmodule_text\">\n<p style=\"font-family:OpenSans;font-size:20px;font-weight:900;line-height:28px;margin-bottom:12px\" class=\"detail-desc-decorate-title\" id=\"tl_6\">Langues de montre<\/p>\n<p style=\"font-family:OpenSans;font-size:14px;font-weight:300;line-height:20px;margin-bottom:12px\" class=\"detail-desc-decorate-content\" id=\"tl_7\">Anglais \u3001 SC \u3001 Pays-Bas \u3001 Russe \u3001 Fran&ccedil;ais \u3001 Allemand \u3001 Portugais \u3001 Espagnol \u3001 Turc \u3001 Polonais \u3001 Malaisie \u3001 Tch&egrave;que \u3001 Slovaque \u3001 Arabe \u3001 Italie \u3001 Thai etc.<\/p>\n<\/div>\n<div class=\"detailmodule_text\">\n<p style=\"font-family:OpenSans;font-size:20px;font-weight:900;line-height:28px;margin-bottom:12px\" class=\"detail-desc-decorate-title\" id=\"tl_8\">Langue de support APP<\/p>\n<p style=\"font-family:OpenSans;font-size:14px;font-weight:300;line-height:20px;margin-bottom:12px\" class=\"detail-desc-decorate-content\" id=\"tl_9\">Anglais \u3001 SC \u3001 TC \u3001 Pays-Bas \u3001 Russe \u3001 Fran&ccedil;ais \u3001 Allemand \u3001 Portugais \u3001 Espagnol \u3001 Turc \u3001 Japonais \u3001 Polonais \u3001 Arabe \u3001 Malaisie \u3001 Tha&iuml; \u3001 Tch&egrave;que \u3001 Slovaque, Philippines \u3001 Indon&eacute;sie \u3001 Ukraine \u3001 vietnam \u3001 Italie \u3001 Inde \u3001 Finlande \u3001 Croatie, \u3001 Norv&egrave;ge, \u3001 Danemark \u3001 Su&egrave;de \u3001 Cor&eacute;en \u3001 Hongrie \u3001 Gr&egrave;ce \u3001 Persan<\/p>\n<\/div>\n<div class=\"detailmodule_image\">\n <img decoding=\"async\" class=\"detail-desc-decorate-image\" src=\"https:\/\/ae01.alicdn.com\/kf\/Sb463a9e8adb94a1194c8c75916c1af3bg.jpg\" \/><br \/>\n <img decoding=\"async\" class=\"detail-desc-decorate-image\" src=\"https:\/\/ae01.alicdn.com\/kf\/Sb7b2f163eb994a11b20d79d2a068fa81k.jpg\" \/><br \/>\n <img decoding=\"async\" class=\"detail-desc-decorate-image\" src=\"https:\/\/ae01.alicdn.com\/kf\/S6e29ddf766e04e94a22015860d9991ceE.jpg\" \/><br \/>\n <img decoding=\"async\" class=\"detail-desc-decorate-image\" src=\"https:\/\/ae01.alicdn.com\/kf\/S7c99078fd0ad495d9bca3eb9b4d8a516f.jpg\" \/><br \/>\n <img decoding=\"async\" class=\"detail-desc-decorate-image\" src=\"https:\/\/ae01.alicdn.com\/kf\/S0fae269b3ea84606a1decb158a3b8caah.jpg\" \/><br \/>\n <img decoding=\"async\" class=\"detail-desc-decorate-image\" src=\"https:\/\/ae01.alicdn.com\/kf\/S5d14653fed21411bab97de4f8c7be8d4R.jpg\" \/><br \/>\n <img decoding=\"async\" class=\"detail-desc-decorate-image\" src=\"https:\/\/ae01.alicdn.com\/kf\/S9e1fca82c1ae49d7995e14e75116ac31w.jpg\" \/><br \/>\n <img decoding=\"async\" class=\"detail-desc-decorate-image\" src=\"https:\/\/ae01.alicdn.com\/kf\/S6d48262cf5d04399bcd6f7a48426e9c31.jpg\" \/><br \/>\n <img decoding=\"async\" class=\"detail-desc-decorate-image\" src=\"https:\/\/ae01.alicdn.com\/kf\/S2c70320876d947a1b2aa61467a850fe5Q.jpg\" \/>\n<\/div>\n<div class=\"detailmodule_image\">\n <img decoding=\"async\" class=\"detail-desc-decorate-image\" src=\"https:\/\/ae01.alicdn.com\/kf\/S69a48cc558e94eb391d9b88dfb83bfaee.jpg\" \/><br \/>\n <img decoding=\"async\" class=\"detail-desc-decorate-image\" src=\"https:\/\/ae01.alicdn.com\/kf\/Sd62e2636bf454becaddefafc02a861b0T.jpg\" \/><br \/>\n <img decoding=\"async\" class=\"detail-desc-decorate-image\" src=\"https:\/\/ae01.alicdn.com\/kf\/S1944fd77f08a41d0b5d33ff701536c580.jpg\" \/><br \/>\n <img decoding=\"async\" class=\"detail-desc-decorate-image\" src=\"https:\/\/ae01.alicdn.com\/kf\/Sfa1ea2d24b6f49949aa74b0d310a0a8fB.jpg\" \/><br \/>\n <img decoding=\"async\" class=\"detail-desc-decorate-image\" src=\"https:\/\/ae01.alicdn.com\/kf\/Sfe63e57c88ad45ef9f3b04bc99ac7732H.jpg\" \/>\n<\/div>\n<p><\/div>\n<\/div>\n","protected":false},"excerpt":{"rendered":"<p>Produit chimique \u00e0 haute pr\u00e9occupation:&nbsp;Aucun Poids [g]:&nbsp;80 Assistant vocal int\u00e9gr\u00e9:&nbsp;Non Version compatible Bluetooth:&nbsp;5.3 M\u00e9triques mesur\u00e9es:&nbsp;Moniteur de fr\u00e9quence cardiaque,Moniteur d&rsquo;oxyg\u00e8ne dans le sang,Moniteur de sommeil,Moniteur de pression art\u00e9rielle Activit\u00e9 suivie:&nbsp;Tracker d&rsquo;activit\u00e9 Ecran tactile:&nbsp;Oui Cat\u00e9gorie:&nbsp;Montres intelligentes Nom de l&rsquo;application:&nbsp;fitpro Mat\u00e9riel d&rsquo;\u00e9cran:&nbsp;TFT T\u00e9l\u00e9chargement de l&rsquo;APP disponible:&nbsp;Non Batterie d\u00e9tachable:&nbsp;Non Type de mouvement:&nbsp;\u00c9lectronique Style:&nbsp;Mode Groupe d&rsquo;\u00e2ge de l&rsquo;application:&nbsp;Adult Forme de&hellip;<\/p>\n","protected":false},"featured_media":4102,"comment_status":"closed","ping_status":"closed","template":"","meta":[],"product_brand":[],"product_cat":[292,314,288,480],"product_tag":[],"class_list":{"0":"post-4100","1":"product","2":"type-product","3":"status-publish","4":"has-post-thumbnail","6":"product_cat-accessoires-smartphones","7":"product_cat-devices","8":"product_cat-gadgets","9":"product_cat-montre-intelligente","11":"first","12":"outofstock","13":"taxable","14":"shipping-taxable","15":"purchasable","16":"product-type-variable"},"_links":{"self":[{"href":"https:\/\/www.innovatingbytes.com\/en\/wp-json\/wp\/v2\/product\/4100","targetHints":{"allow":["GET"]}}],"collection":[{"href":"https:\/\/www.innovatingbytes.com\/en\/wp-json\/wp\/v2\/product"}],"about":[{"href":"https:\/\/www.innovatingbytes.com\/en\/wp-json\/wp\/v2\/types\/product"}],"replies":[{"embeddable":true,"href":"https:\/\/www.innovatingbytes.com\/en\/wp-json\/wp\/v2\/comments?post=4100"}],"version-history":[{"count":0,"href":"https:\/\/www.innovatingbytes.com\/en\/wp-json\/wp\/v2\/product\/4100\/revisions"}],"wp:featuredmedia":[{"embeddable":true,"href":"https:\/\/www.innovatingbytes.com\/en\/wp-json\/wp\/v2\/media\/4102"}],"wp:attachment":[{"href":"https:\/\/www.innovatingbytes.com\/en\/wp-json\/wp\/v2\/media?parent=4100"}],"wp:term":[{"taxonomy":"product_brand","embeddable":true,"href":"https:\/\/www.innovatingbytes.com\/en\/wp-json\/wp\/v2\/product_brand?post=4100"},{"taxonomy":"product_cat","embeddable":true,"href":"https:\/\/www.innovatingbytes.com\/en\/wp-json\/wp\/v2\/product_cat?post=4100"},{"taxonomy":"product_tag","embeddable":true,"href":"https:\/\/www.innovatingbytes.com\/en\/wp-json\/wp\/v2\/product_tag?post=4100"}],"curies":[{"name":"wp","href":"https:\/\/api.w.org\/{rel}","templated":true}]}}