{"id":3668,"date":"2025-11-05T14:49:14","date_gmt":"2025-11-05T13:49:14","guid":{"rendered":"https:\/\/www.innovatingbytes.com\/product\/ecouteurs-dorigine-pour-apple-iphone-15-14-11-12-13-pro\/"},"modified":"2026-04-08T07:05:46","modified_gmt":"2026-04-08T05:05:46","slug":"ecouteurs-dorigine-pour-apple-iphone-15-14-11-12-13-pro","status":"publish","type":"product","link":"https:\/\/www.innovatingbytes.com\/en\/product\/ecouteurs-dorigine-pour-apple-iphone-15-14-11-12-13-pro\/","title":{"rendered":"\u00c9couteurs d&rsquo;origine pour Apple iPhone 15 14 11 12 13 Pro"},"content":{"rendered":"<div class=\"product-specs-list-container\">\n<ul class=\"product-specs-list util-clearfix\">\n<li class=\"product-prop line-limit-length\"><span class=\"property-title\">Produit chimique \u00e0 haute pr\u00e9occupation:&nbsp;<\/span><span class=\"property-desc line-limit-length\">Aucun<\/span>\n                        <\/li>\n<li class=\"product-prop line-limit-length\"><span class=\"property-title\">Mat\u00e9riau:&nbsp;<\/span><span class=\"property-desc line-limit-length\">plastique<\/span>\n                        <\/li>\n<li class=\"product-prop line-limit-length\"><span class=\"property-title\">Cat\u00e9gorie:&nbsp;<\/span><span class=\"property-desc line-limit-length\">\u00c9couteurs et \u00e9couteurs<\/span>\n                        <\/li>\n<li class=\"product-prop line-limit-length\"><span class=\"property-title\">Plage de r\u00e9ponse de fr\u00e9quence:&nbsp;<\/span><span class=\"property-desc line-limit-length\">-Hz<\/span>\n                        <\/li>\n<li class=\"product-prop line-limit-length\"><span class=\"property-title\">Annulation active du bruit:&nbsp;<\/span><span class=\"property-desc line-limit-length\">Oui<\/span>\n                        <\/li>\n<li class=\"product-prop line-limit-length\"><span class=\"property-title\">Contr\u00f4le de Volume:&nbsp;<\/span><span class=\"property-desc line-limit-length\">Oui<\/span>\n                        <\/li>\n<li class=\"product-prop line-limit-length\"><span class=\"property-title\">Bouton de contr\u00f4le:&nbsp;<\/span><span class=\"property-desc line-limit-length\">Oui<\/span>\n                        <\/li>\n<li class=\"product-prop line-limit-length\"><span class=\"property-title\">Principe du Vocalisme:&nbsp;<\/span><span class=\"property-desc line-limit-length\">Technologie hybride<\/span>\n                        <\/li>\n<li class=\"product-prop line-limit-length\"><span class=\"property-title\">Type sans fil:&nbsp;<\/span><span class=\"property-desc line-limit-length\">Bluetooth<\/span>\n                        <\/li>\n<li class=\"product-prop line-limit-length\"><span class=\"property-title\">Communication:&nbsp;<\/span><span class=\"property-desc line-limit-length\">Filaire<\/span>\n                        <\/li>\n<li class=\"product-prop line-limit-length\"><span class=\"property-title\">Style:&nbsp;<\/span><span class=\"property-desc line-limit-length\">dans l&rsquo;oreille<\/span>\n                        <\/li>\n<li class=\"product-prop line-limit-length\"><span class=\"property-title\">Origine:&nbsp;<\/span><span class=\"property-desc line-limit-length\">CN (Origine)<\/span>\n                        <\/li>\n<li class=\"product-prop line-limit-length\"><span class=\"property-title\">Nom de marque:&nbsp;<\/span><span class=\"property-desc line-limit-length\">KADIXI<\/span>\n                        <\/li>\n<li class=\"product-prop line-limit-length\"><span class=\"property-title\">Brand Name:&nbsp;<\/span><span class=\"property-desc line-limit-length\">LPLEA<\/span>\n                        <\/li>\n<\/ul><\/div>\n<div class=\"detailmodule_html\">\n<div class=\"detail-desc-decorate-richtext\">\n<div class=\"detailmodule_html\">\n<div class=\"detail-desc-decorate-richtext\">\n<p><img decoding=\"async\" src=\"https:\/\/ae01.alicdn.com\/kf\/S3a4dab3f40d5468e953d27c9e1e14af1D.jpg?width=960&amp;height=960&amp;hash=1920\" \/><img decoding=\"async\" src=\"https:\/\/ae01.alicdn.com\/kf\/Seb3180c8c9fd4dc69f198345357d9ab7t.jpg?width=960&amp;height=1616&amp;hash=2576\" \/><img decoding=\"async\" src=\"https:\/\/ae01.alicdn.com\/kf\/S7816a28ec9674dd1a49c7f1d17d152c96.jpg?width=960&amp;height=1616&amp;hash=2576\" \/><img decoding=\"async\" src=\"https:\/\/ae01.alicdn.com\/kf\/Sd663aa852483467fb4ec1e267cc74978e.jpg?width=960&amp;height=1617&amp;hash=2577\" \/><img decoding=\"async\" src=\"https:\/\/ae01.alicdn.com\/kf\/Se4f212cda0324156bf9da8c2d708fbd3t.jpg?width=960&amp;height=1616&amp;hash=2576\" \/><img decoding=\"async\" src=\"https:\/\/ae01.alicdn.com\/kf\/S087741086e804acabb7d603f56e8665a2.jpg?width=960&amp;height=1616&amp;hash=2576\" \/><img decoding=\"async\" src=\"https:\/\/ae01.alicdn.com\/kf\/Sbac3e76974384fa7a69019c6ba44a3adf.jpg?width=960&amp;height=1616&amp;hash=2576\" \/><img decoding=\"async\" src=\"https:\/\/ae01.alicdn.com\/kf\/Sbe63e087b5d64277a840b6d5c9166a35P.jpg?width=960&amp;height=1616&amp;hash=2576\" \/><img decoding=\"async\" src=\"https:\/\/ae01.alicdn.com\/kf\/Sc62c676ca120402ea97d29bdb6afe289F.jpg?width=960&amp;height=1617&amp;hash=2577\" \/><img decoding=\"async\" src=\"https:\/\/ae01.alicdn.com\/kf\/Sdb03808d7d7249e88aed5feae44d11cbL.jpg?width=960&amp;height=1616&amp;hash=2576\" \/><img decoding=\"async\" src=\"https:\/\/ae01.alicdn.com\/kf\/S0ed6038db4574a878e3a534910abe9d3q.jpg?width=960&amp;height=1616&amp;hash=2576\" \/><\/p>\n<\/div>\n<\/div>\n<p><\/p>\n<\/div>\n<\/div>","protected":false},"excerpt":{"rendered":"<p>Produit chimique \u00e0 haute pr\u00e9occupation:&nbsp;Aucun Mat\u00e9riau:&nbsp;plastique Cat\u00e9gorie:&nbsp;\u00c9couteurs et \u00e9couteurs Plage de r\u00e9ponse de fr\u00e9quence:&nbsp;-Hz Annulation active du bruit:&nbsp;Oui Contr\u00f4le de Volume:&nbsp;Oui Bouton de contr\u00f4le:&nbsp;Oui Principe du Vocalisme:&nbsp;Technologie hybride Type sans fil:&nbsp;Bluetooth Communication:&nbsp;Filaire Style:&nbsp;dans l&rsquo;oreille Origine:&nbsp;CN (Origine) Nom de marque:&nbsp;KADIXI Brand Name:&nbsp;LPLEA<\/p>","protected":false},"featured_media":3669,"comment_status":"closed","ping_status":"closed","template":"","meta":[],"product_brand":[],"product_cat":[292,314,285,288,313],"product_tag":[],"class_list":{"0":"post-3668","1":"product","2":"type-product","3":"status-publish","4":"has-post-thumbnail","6":"product_cat-accessoires-smartphones","7":"product_cat-devices","8":"product_cat-ecouteurs","9":"product_cat-gadgets","10":"product_cat-technology","12":"first","13":"instock","14":"taxable","15":"shipping-taxable","16":"purchasable","17":"product-type-variable"},"_links":{"self":[{"href":"https:\/\/www.innovatingbytes.com\/en\/wp-json\/wp\/v2\/product\/3668","targetHints":{"allow":["GET"]}}],"collection":[{"href":"https:\/\/www.innovatingbytes.com\/en\/wp-json\/wp\/v2\/product"}],"about":[{"href":"https:\/\/www.innovatingbytes.com\/en\/wp-json\/wp\/v2\/types\/product"}],"replies":[{"embeddable":true,"href":"https:\/\/www.innovatingbytes.com\/en\/wp-json\/wp\/v2\/comments?post=3668"}],"version-history":[{"count":0,"href":"https:\/\/www.innovatingbytes.com\/en\/wp-json\/wp\/v2\/product\/3668\/revisions"}],"wp:featuredmedia":[{"embeddable":true,"href":"https:\/\/www.innovatingbytes.com\/en\/wp-json\/wp\/v2\/media\/3669"}],"wp:attachment":[{"href":"https:\/\/www.innovatingbytes.com\/en\/wp-json\/wp\/v2\/media?parent=3668"}],"wp:term":[{"taxonomy":"product_brand","embeddable":true,"href":"https:\/\/www.innovatingbytes.com\/en\/wp-json\/wp\/v2\/product_brand?post=3668"},{"taxonomy":"product_cat","embeddable":true,"href":"https:\/\/www.innovatingbytes.com\/en\/wp-json\/wp\/v2\/product_cat?post=3668"},{"taxonomy":"product_tag","embeddable":true,"href":"https:\/\/www.innovatingbytes.com\/en\/wp-json\/wp\/v2\/product_tag?post=3668"}],"curies":[{"name":"wp","href":"https:\/\/api.w.org\/{rel}","templated":true}]}}