{"id":3649,"date":"2025-11-05T14:48:54","date_gmt":"2025-11-05T13:48:54","guid":{"rendered":"https:\/\/www.innovatingbytes.com\/product\/ecouteurs-filaires-hifi-basse-stereo-avec-controle-du-volume\/"},"modified":"2026-04-09T06:54:05","modified_gmt":"2026-04-09T04:54:05","slug":"ecouteurs-filaires-hifi-basse-stereo-avec-controle-du-volume","status":"publish","type":"product","link":"https:\/\/www.innovatingbytes.com\/en\/product\/ecouteurs-filaires-hifi-basse-stereo-avec-controle-du-volume\/","title":{"rendered":"\u00c9couteurs filaires HiFi basse st\u00e9r\u00e9o avec contr\u00f4le du volume"},"content":{"rendered":"\n<div class=\"product-specs-list-container\">\n<ul class=\"product-specs-list util-clearfix\">\n<li class=\"product-prop line-limit-length\"><span class=\"property-title\">Produit chimique \u00e0 haute pr\u00e9occupation:&nbsp;<\/span><span class=\"property-desc line-limit-length\">Aucun<\/span>\n                        <\/li>\n<li class=\"product-prop line-limit-length\"><span class=\"property-title\">Mat\u00e9riau:&nbsp;<\/span><span class=\"property-desc line-limit-length\">PVC<\/span>\n                        <\/li>\n<li class=\"product-prop line-limit-length\"><span class=\"property-title\">Profondeur [mm]:&nbsp;<\/span><span class=\"property-desc line-limit-length\">120<\/span>\n                        <\/li>\n<li class=\"product-prop line-limit-length\"><span class=\"property-title\">Isolation sonore:&nbsp;<\/span><span class=\"property-desc line-limit-length\">Oui<\/span>\n                        <\/li>\n<li class=\"product-prop line-limit-length\"><span class=\"property-title\">Cat\u00e9gorie:&nbsp;<\/span><span class=\"property-desc line-limit-length\">\u00c9couteurs et \u00e9couteurs<\/span>\n                        <\/li>\n<li class=\"product-prop line-limit-length\"><span class=\"property-title\">Avec microphone:&nbsp;<\/span><span class=\"property-desc line-limit-length\">Oui<\/span>\n                        <\/li>\n<li class=\"product-prop line-limit-length\"><span class=\"property-title\">Est sans fil:&nbsp;<\/span><span class=\"property-desc line-limit-length\">No<\/span>\n                        <\/li>\n<li class=\"product-prop line-limit-length\"><span class=\"property-title\">Longueur de la ligne:&nbsp;<\/span><span class=\"property-desc line-limit-length\">1.2m<\/span>\n                        <\/li>\n<li class=\"product-prop line-limit-length\"><span class=\"property-title\">Type de prise:&nbsp;<\/span><span class=\"property-desc line-limit-length\">Type de ligne<\/span>\n                        <\/li>\n<li class=\"product-prop line-limit-length\"><span class=\"property-title\">Annulation active du bruit:&nbsp;<\/span><span class=\"property-desc line-limit-length\">Oui<\/span>\n                        <\/li>\n<li class=\"product-prop line-limit-length\"><span class=\"property-title\">Contr\u00f4le de Volume:&nbsp;<\/span><span class=\"property-desc line-limit-length\">Oui<\/span>\n                        <\/li>\n<li class=\"product-prop line-limit-length\"><span class=\"property-title\">Bouton de contr\u00f4le:&nbsp;<\/span><span class=\"property-desc line-limit-length\">Oui<\/span>\n                        <\/li>\n<li class=\"product-prop line-limit-length\"><span class=\"property-title\">Principe du Vocalisme:&nbsp;<\/span><span class=\"property-desc line-limit-length\">Dynamique<\/span>\n                        <\/li>\n<li class=\"product-prop line-limit-length\"><span class=\"property-title\">Type sans fil:&nbsp;<\/span><span class=\"property-desc line-limit-length\">Bluetooth<\/span>\n                        <\/li>\n<li class=\"product-prop line-limit-length\"><span class=\"property-title\">Connecteurs:&nbsp;<\/span><span class=\"property-desc line-limit-length\">Type c<\/span>\n                        <\/li>\n<li class=\"product-prop line-limit-length\"><span class=\"property-title\">Communication:&nbsp;<\/span><span class=\"property-desc line-limit-length\">Filaire<\/span>\n                        <\/li>\n<li class=\"product-prop line-limit-length\"><span class=\"property-title\">Style:&nbsp;<\/span><span class=\"property-desc line-limit-length\">dans l&rsquo;oreille<\/span>\n                        <\/li>\n<li class=\"product-prop line-limit-length\"><span class=\"property-title\">Origine:&nbsp;<\/span><span class=\"property-desc line-limit-length\">CN (Origine)<\/span>\n                        <\/li>\n<li class=\"product-prop line-limit-length\"><span class=\"property-title\">Nom de marque:&nbsp;<\/span><span class=\"property-desc line-limit-length\">Newmsnr<\/span>\n                        <\/li>\n<\/ul><\/div>\n<div class=\"detailmodule_html\">\n<div class=\"detail-desc-decorate-richtext\">\n<p><span style=\"font-size:18px\"><strong id=\"tl_1\"># Type C Casque HiFi Bass St&eacute;r&eacute;o Contr&ocirc;le Du Volume Casque Avec HD Mic 3.5mm Filaire &Eacute;couteurs Pour iPhone15\/Samsung Galaxy &Eacute;couteurs<\/strong><\/span><\/p>\n<p><img decoding=\"async\" src=\"https:\/\/ae01.alicdn.com\/kf\/S09c66ef373eb439ba7a16163edc31f77w.jpg\" \/><img decoding=\"async\" src=\"https:\/\/ae01.alicdn.com\/kf\/S6f665a0be034457fb2bb1dee2be560152.jpg\" \/><img decoding=\"async\" src=\"https:\/\/ae01.alicdn.com\/kf\/S690a6d18ce244f8899962e777e521e276.jpg\" \/><img decoding=\"async\" src=\"https:\/\/ae01.alicdn.com\/kf\/Sab715831cd784fc7ba8def59948bd693m.jpg\" \/><img decoding=\"async\" src=\"https:\/\/ae01.alicdn.com\/kf\/S6354eb5534834272a956897202d397e3k.jpg\" \/><img decoding=\"async\" src=\"https:\/\/ae01.alicdn.com\/kf\/S1f6f6d03d3014236a46c3794983a63f6d.jpg\" \/><img decoding=\"async\" src=\"https:\/\/ae01.alicdn.com\/kf\/Sf09c4850c3914368b7d88a612581ddc1f.jpg\" \/><img decoding=\"async\" src=\"https:\/\/ae01.alicdn.com\/kf\/Sde770daac0a4441e8520981ec8074624W.jpg\" \/><img decoding=\"async\" src=\"https:\/\/ae01.alicdn.com\/kf\/S09b964e66b8f45e3a7fdfbda6fd8afebc.jpg\" \/><img decoding=\"async\" src=\"https:\/\/ae01.alicdn.com\/kf\/S11971566c09a432d94ff8ce1f4188952m.jpg\" \/><img decoding=\"async\" src=\"https:\/\/ae01.alicdn.com\/kf\/S30ae9368084e4ebfb26665e083bc88112.jpg\" \/><img decoding=\"async\" src=\"https:\/\/ae01.alicdn.com\/kf\/Sff38a37a90cc4deb98f921083e717722N.jpg\" \/><\/p>\n<\/div>\n<\/div>\n","protected":false},"excerpt":{"rendered":"<p>Produit chimique \u00e0 haute pr\u00e9occupation:&nbsp;Aucun Mat\u00e9riau:&nbsp;PVC Profondeur [mm]:&nbsp;120 Isolation sonore:&nbsp;Oui Cat\u00e9gorie:&nbsp;\u00c9couteurs et \u00e9couteurs Avec microphone:&nbsp;Oui Est sans fil:&nbsp;No Longueur de la ligne:&nbsp;1.2m Type de prise:&nbsp;Type de ligne Annulation active du bruit:&nbsp;Oui Contr\u00f4le de Volume:&nbsp;Oui Bouton de contr\u00f4le:&nbsp;Oui Principe du Vocalisme:&nbsp;Dynamique Type sans fil:&nbsp;Bluetooth Connecteurs:&nbsp;Type c Communication:&nbsp;Filaire Style:&nbsp;dans l&rsquo;oreille Origine:&nbsp;CN (Origine) Nom de marque:&nbsp;Newmsnr # Type&hellip;<\/p>\n","protected":false},"featured_media":3650,"comment_status":"closed","ping_status":"closed","template":"","meta":[],"product_brand":[],"product_cat":[292,314,285,288],"product_tag":[],"class_list":{"0":"post-3649","1":"product","2":"type-product","3":"status-publish","4":"has-post-thumbnail","6":"product_cat-accessoires-smartphones","7":"product_cat-devices","8":"product_cat-ecouteurs","9":"product_cat-gadgets","11":"first","12":"outofstock","13":"taxable","14":"shipping-taxable","15":"purchasable","16":"product-type-variable"},"_links":{"self":[{"href":"https:\/\/www.innovatingbytes.com\/en\/wp-json\/wp\/v2\/product\/3649","targetHints":{"allow":["GET"]}}],"collection":[{"href":"https:\/\/www.innovatingbytes.com\/en\/wp-json\/wp\/v2\/product"}],"about":[{"href":"https:\/\/www.innovatingbytes.com\/en\/wp-json\/wp\/v2\/types\/product"}],"replies":[{"embeddable":true,"href":"https:\/\/www.innovatingbytes.com\/en\/wp-json\/wp\/v2\/comments?post=3649"}],"version-history":[{"count":0,"href":"https:\/\/www.innovatingbytes.com\/en\/wp-json\/wp\/v2\/product\/3649\/revisions"}],"wp:featuredmedia":[{"embeddable":true,"href":"https:\/\/www.innovatingbytes.com\/en\/wp-json\/wp\/v2\/media\/3650"}],"wp:attachment":[{"href":"https:\/\/www.innovatingbytes.com\/en\/wp-json\/wp\/v2\/media?parent=3649"}],"wp:term":[{"taxonomy":"product_brand","embeddable":true,"href":"https:\/\/www.innovatingbytes.com\/en\/wp-json\/wp\/v2\/product_brand?post=3649"},{"taxonomy":"product_cat","embeddable":true,"href":"https:\/\/www.innovatingbytes.com\/en\/wp-json\/wp\/v2\/product_cat?post=3649"},{"taxonomy":"product_tag","embeddable":true,"href":"https:\/\/www.innovatingbytes.com\/en\/wp-json\/wp\/v2\/product_tag?post=3649"}],"curies":[{"name":"wp","href":"https:\/\/api.w.org\/{rel}","templated":true}]}}