{"id":3644,"date":"2025-11-05T14:48:44","date_gmt":"2025-11-05T13:48:44","guid":{"rendered":"https:\/\/www.innovatingbytes.com\/product\/ecouteurs-sans-fil-bluetooth-sur-loreille-casques-stereo-hifi-reduction-du-bruit\/"},"modified":"2026-04-09T06:53:24","modified_gmt":"2026-04-09T04:53:24","slug":"ecouteurs-sans-fil-bluetooth-sur-loreille-casques-stereo-hifi-reduction-du-bruit","status":"publish","type":"product","link":"https:\/\/www.innovatingbytes.com\/en\/product\/ecouteurs-sans-fil-bluetooth-sur-loreille-casques-stereo-hifi-reduction-du-bruit\/","title":{"rendered":"\u00c9couteurs sans fil Bluetooth sur l&rsquo;oreille casques st\u00e9r\u00e9o HIFI r\u00e9duction du bruit"},"content":{"rendered":"<div class=\"detailmodule_html\">\n<div class=\"detail-desc-decorate-richtext\">\n<h2 style=\"text-align:center\" align=\"center\"><strong id=\"tl_1\">&Eacute;couteurs Bluetooth sans fil sur l&rsquo;oreille, st&eacute;r&eacute;o HIFI, r&eacute;duction du bruit, &eacute;couteurs de sport et de jeu, lecteur de musique avec micro, cadeaux<\/strong><\/h2>\n<p><\/p>\n<h3 id=\"tl_2\">Caract&eacute;ristiques du produit :<\/h3>\n<h3 id=\"tl_3\">1.Bluetooth V5.3 :<\/h3>\n<h3 id=\"tl_4\">L&rsquo;audio sans fil pur via Bluetooth V5.3, le contr&ocirc;le intelligent rend la technologie essentielle pour votre vie moderne.<\/h3>\n<h3 id=\"tl_5\">Autonomie de la batterie et charge rapide de 2,10 &agrave; 12 heures :<\/h3>\n<h3 id=\"tl_6\">Le casque Bluetooth offre 10 &agrave; 12 heures d&rsquo;une qualit&eacute; audio exceptionnelle avec une seule charge. Et continuez &agrave; parler jusqu&rsquo;&agrave; 10 heures, autonomie en veille jusqu&rsquo;&agrave; 300 heures.<\/h3>\n<h3 id=\"tl_7\">3. Compatibilit&eacute; avanc&eacute;e :<\/h3>\n<h3 id=\"tl_8\">Peut &ecirc;tre compatible avec la plupart des appareils Bluetooth, tels que t&eacute;l&eacute;phone\/PC\/ordinateur portable\/tablette\/MP3\/TV.<\/h3>\n<h3 id=\"tl_9\">4. Restez toujours &agrave; l&rsquo;aise :<\/h3>\n<h3 id=\"tl_10\">Les cache-oreilles souples et spacieux offrent un excellent ajustement, assurent un haut niveau de confort de port, m&ecirc;me pendant les s&eacute;ances plus longues.<\/h3>\n<h3 id=\"tl_11\">5.Multifonction 2 en 1 :<\/h3>\n<h3 id=\"tl_12\">Achetez un casque, vous pourrez d&eacute;couvrir 2 modes de lecture diff&eacute;rents (mode sans fil\/filaire) pour r&eacute;pondre &agrave; vos divers besoins quotidiens, qui m&eacute;ritent d&rsquo;essayer.<\/h3>\n<h3 id=\"tl_13\">6. Microphone HD :<\/h3>\n<h3 id=\"tl_14\">Le microphone int&eacute;gr&eacute; et le bouton de l&rsquo;&eacute;couteur permettent de contr&ocirc;ler facilement votre musique et vos appels en toute simplicit&eacute;.<\/h3>\n<h3 id=\"tl_15\">Liste de colisage :<\/h3>\n<h3 id=\"tl_16\">1x casque sans fil<\/h3>\n<h3 id=\"tl_17\">1x c&acirc;ble audio<\/h3>\n<h3 id=\"tl_18\">1x c&acirc;ble de chargement<\/h3>\n<h3 id=\"tl_19\">1x manuel d&rsquo;utilisation<\/h3>\n<p><\/p>\n<p style=\"text-align:center\" align=\"center\"><img decoding=\"async\" src=\"https:\/\/ae01.alicdn.com\/kf\/S66c146a7c51f4b3d8d5d77eedbabfbd2k.jpeg\" \/><img decoding=\"async\" src=\"https:\/\/ae01.alicdn.com\/kf\/S2726e0c0a74d476a9dd3f24ba88381fb8.jpeg\" \/><img decoding=\"async\" src=\"https:\/\/ae01.alicdn.com\/kf\/S98bcd456d506442195cee9135481f1c9I.jpeg\" \/><img decoding=\"async\" src=\"https:\/\/ae01.alicdn.com\/kf\/S9399e367232e4a7f92a1762f544f4ccfe.jpeg\" \/><img decoding=\"async\" src=\"https:\/\/ae01.alicdn.com\/kf\/S7927d7f477ac4b909b6deebcc61ac290D.jpeg\" \/><img decoding=\"async\" src=\"https:\/\/ae01.alicdn.com\/kf\/Seadfe15fe90647fc93695b8200bd11a2F.jpeg\" \/><img decoding=\"async\" src=\"https:\/\/ae01.alicdn.com\/kf\/S1e998a073c5b4f4b954f049f02cd6c63K.jpeg\" \/><img decoding=\"async\" src=\"https:\/\/ae01.alicdn.com\/kf\/Sdd281609db0b49098ddaaf1d6513c2f43.jpeg\" \/><img decoding=\"async\" src=\"https:\/\/ae01.alicdn.com\/kf\/Sb35bba18e47c46afa0a3f7a1b914b5f29.jpeg\" \/><img decoding=\"async\" src=\"https:\/\/ae01.alicdn.com\/kf\/S396cdfb9f7444f7a9d0ab5769bdc0f4cQ.jpeg\" \/><img decoding=\"async\" src=\"https:\/\/ae01.alicdn.com\/kf\/S56ada027ed34472784edf08d921d9168T.jpeg\" \/><img decoding=\"async\" src=\"https:\/\/ae01.alicdn.com\/kf\/S282b7bf11339424091658c78bd2aabc3C.jpeg\" \/><\/p>\n<p><\/div>\n<\/div>","protected":false},"excerpt":{"rendered":"<p>&Eacute;couteurs Bluetooth sans fil sur l&rsquo;oreille, st&eacute;r&eacute;o HIFI, r&eacute;duction du bruit, &eacute;couteurs de sport et de jeu, lecteur de musique avec micro, cadeaux Caract&eacute;ristiques du produit : 1.Bluetooth V5.3 : L&rsquo;audio sans fil pur via Bluetooth V5.3, le contr&ocirc;le intelligent rend la technologie essentielle pour votre vie moderne. Autonomie de la batterie et charge rapide&hellip;<\/p>","protected":false},"featured_media":3645,"comment_status":"closed","ping_status":"closed","template":"","meta":[],"product_brand":[],"product_cat":[292,314,285,288],"product_tag":[],"class_list":{"0":"post-3644","1":"product","2":"type-product","3":"status-publish","4":"has-post-thumbnail","6":"product_cat-accessoires-smartphones","7":"product_cat-devices","8":"product_cat-ecouteurs","9":"product_cat-gadgets","11":"first","12":"instock","13":"taxable","14":"shipping-taxable","15":"purchasable","16":"product-type-variable"},"_links":{"self":[{"href":"https:\/\/www.innovatingbytes.com\/en\/wp-json\/wp\/v2\/product\/3644","targetHints":{"allow":["GET"]}}],"collection":[{"href":"https:\/\/www.innovatingbytes.com\/en\/wp-json\/wp\/v2\/product"}],"about":[{"href":"https:\/\/www.innovatingbytes.com\/en\/wp-json\/wp\/v2\/types\/product"}],"replies":[{"embeddable":true,"href":"https:\/\/www.innovatingbytes.com\/en\/wp-json\/wp\/v2\/comments?post=3644"}],"version-history":[{"count":0,"href":"https:\/\/www.innovatingbytes.com\/en\/wp-json\/wp\/v2\/product\/3644\/revisions"}],"wp:featuredmedia":[{"embeddable":true,"href":"https:\/\/www.innovatingbytes.com\/en\/wp-json\/wp\/v2\/media\/3645"}],"wp:attachment":[{"href":"https:\/\/www.innovatingbytes.com\/en\/wp-json\/wp\/v2\/media?parent=3644"}],"wp:term":[{"taxonomy":"product_brand","embeddable":true,"href":"https:\/\/www.innovatingbytes.com\/en\/wp-json\/wp\/v2\/product_brand?post=3644"},{"taxonomy":"product_cat","embeddable":true,"href":"https:\/\/www.innovatingbytes.com\/en\/wp-json\/wp\/v2\/product_cat?post=3644"},{"taxonomy":"product_tag","embeddable":true,"href":"https:\/\/www.innovatingbytes.com\/en\/wp-json\/wp\/v2\/product_tag?post=3644"}],"curies":[{"name":"wp","href":"https:\/\/api.w.org\/{rel}","templated":true}]}}