{"id":3519,"date":"2025-11-05T14:43:37","date_gmt":"2025-11-05T13:43:37","guid":{"rendered":"https:\/\/www.innovatingbytes.com\/product\/ecouteurs-filaires-bluetooth-pour-apple-iphone-14-13-12-11\/"},"modified":"2026-04-08T07:03:08","modified_gmt":"2026-04-08T05:03:08","slug":"ecouteurs-filaires-bluetooth-pour-apple-iphone-14-13-12-11","status":"publish","type":"product","link":"https:\/\/www.innovatingbytes.com\/en\/product\/ecouteurs-filaires-bluetooth-pour-apple-iphone-14-13-12-11\/","title":{"rendered":"\u00c9couteurs filaires Bluetooth, pour Apple iPhone 14, 13 12 11"},"content":{"rendered":"\n<div class=\"product-specs-list-container\">\n<ul class=\"product-specs-list util-clearfix\">\n<li class=\"product-prop line-limit-length\"><span class=\"property-title\">Produit chimique \u00e0 haute pr\u00e9occupation:&nbsp;<\/span><span class=\"property-desc line-limit-length\">Aucun<\/span>\n                        <\/li>\n<li class=\"product-prop line-limit-length\"><span class=\"property-title\">Mat\u00e9riau:&nbsp;<\/span><span class=\"property-desc line-limit-length\">M\u00e9tal<\/span>\n                        <\/li>\n<li class=\"product-prop line-limit-length\"><span class=\"property-title\">Capacit\u00e9 de la batterie [mAh]:&nbsp;<\/span><span class=\"property-desc line-limit-length\">0<\/span>\n                        <\/li>\n<li class=\"product-prop line-limit-length\"><span class=\"property-title\">Isolation sonore:&nbsp;<\/span><span class=\"property-desc line-limit-length\">Oui<\/span>\n                        <\/li>\n<li class=\"product-prop line-limit-length\"><span class=\"property-title\">Cat\u00e9gorie:&nbsp;<\/span><span class=\"property-desc line-limit-length\">\u00c9couteurs et \u00e9couteurs<\/span>\n                        <\/li>\n<li class=\"product-prop line-limit-length\"><span class=\"property-title\">Version Bluetooth:&nbsp;<\/span><span class=\"property-desc line-limit-length\">autre<\/span>\n                        <\/li>\n<li class=\"product-prop line-limit-length\"><span class=\"property-title\">Liste des paquets:&nbsp;<\/span><span class=\"property-desc line-limit-length\">adaptateur lightning<\/span>\n                        <\/li>\n<li class=\"product-prop line-limit-length\"><span class=\"property-title\">Caract\u00e9ristiques:&nbsp;<\/span><span class=\"property-desc line-limit-length\">avec microphone,Supporte Apple Siri,Annulation active du bruit<\/span>\n                        <\/li>\n<li class=\"product-prop line-limit-length\"><span class=\"property-title\">Avec microphone:&nbsp;<\/span><span class=\"property-desc line-limit-length\">Oui<\/span>\n                        <\/li>\n<li class=\"product-prop line-limit-length\"><span class=\"property-title\">Est sans fil:&nbsp;<\/span><span class=\"property-desc line-limit-length\">No<\/span>\n                        <\/li>\n<li class=\"product-prop line-limit-length\"><span class=\"property-title\">Type de prise:&nbsp;<\/span><span class=\"property-desc line-limit-length\">Type de ligne<\/span>\n                        <\/li>\n<li class=\"product-prop line-limit-length\"><span class=\"property-title\">Fonction:&nbsp;<\/span><span class=\"property-desc line-limit-length\">Pour le jeu vid\u00e9o,Casque commun,pour t\u00e9l\u00e9phone mobile,Casque HiFi,Sport,Casque pour enfants,Pour ext\u00e9rieur,Pour bureau,Pour DJ,Pour \u00e9tude<\/span>\n                        <\/li>\n<li class=\"product-prop line-limit-length\"><span class=\"property-title\">Annulation active du bruit:&nbsp;<\/span><span class=\"property-desc line-limit-length\">Oui<\/span>\n                        <\/li>\n<li class=\"product-prop line-limit-length\"><span class=\"property-title\">Contr\u00f4le de Volume:&nbsp;<\/span><span class=\"property-desc line-limit-length\">Oui<\/span>\n                        <\/li>\n<li class=\"product-prop line-limit-length\"><span class=\"property-title\">Bouton de contr\u00f4le:&nbsp;<\/span><span class=\"property-desc line-limit-length\">Oui<\/span>\n                        <\/li>\n<li class=\"product-prop line-limit-length\"><span class=\"property-title\">Principe du Vocalisme:&nbsp;<\/span><span class=\"property-desc line-limit-length\">Armature \u00e9quilibr\u00e9e<\/span>\n                        <\/li>\n<li class=\"product-prop line-limit-length\"><span class=\"property-title\">Type sans fil:&nbsp;<\/span><span class=\"property-desc line-limit-length\">Bluetooth<\/span>\n                        <\/li>\n<li class=\"product-prop line-limit-length\"><span class=\"property-title\">Connecteurs:&nbsp;<\/span><span class=\"property-desc line-limit-length\">\u00c9clair<\/span>\n                        <\/li>\n<li class=\"product-prop line-limit-length\"><span class=\"property-title\">Communication:&nbsp;<\/span><span class=\"property-desc line-limit-length\">Filaire<\/span>\n                        <\/li>\n<li class=\"product-prop line-limit-length\"><span class=\"property-title\">Style:&nbsp;<\/span><span class=\"property-desc line-limit-length\">dans l&rsquo;oreille<\/span>\n                        <\/li>\n<li class=\"product-prop line-limit-length\"><span class=\"property-title\">Origine:&nbsp;<\/span><span class=\"property-desc line-limit-length\">CN (Origine)<\/span>\n                        <\/li>\n<li class=\"product-prop line-limit-length\"><span class=\"property-title\">Nom de marque:&nbsp;<\/span><span class=\"property-desc line-limit-length\">VIKEFON<\/span>\n                        <\/li>\n<\/ul><\/div>\n<div class=\"detailmodule_html\">\n<div class=\"detail-desc-decorate-richtext\">\n<div class=\"detailmodule_html\">\n<div class=\"detail-desc-decorate-richtext\">\n<div><img decoding=\"async\" class=\"detail-desc-decorate-image\" src=\"https:\/\/ae01.alicdn.com\/kf\/S791f9bdfe60045e9ade54289e29121d70.jpg\"><img decoding=\"async\" class=\"detail-desc-decorate-image\" src=\"https:\/\/ae01.alicdn.com\/kf\/S56ce2d707d08442aa93847a39c0162bdK.jpg\"><img decoding=\"async\" class=\"detail-desc-decorate-image\" src=\"https:\/\/ae01.alicdn.com\/kf\/Sc5c70ac4b7a842f9b8df8fcc3b819b9bs.jpg\"><img decoding=\"async\" class=\"detail-desc-decorate-image\" src=\"https:\/\/ae01.alicdn.com\/kf\/S7270edb6aa564f49be8f1265b673ce8bb.jpg\"><img decoding=\"async\" class=\"detail-desc-decorate-image\" src=\"https:\/\/ae01.alicdn.com\/kf\/Sc50c95508de9466497c92c75d4e5dd83I.jpg\"><img decoding=\"async\" class=\"detail-desc-decorate-image\" src=\"https:\/\/ae01.alicdn.com\/kf\/S647f2eeaaab04e9685eb78dc4337f0f9e.jpg\"><img decoding=\"async\" class=\"detail-desc-decorate-image\" src=\"https:\/\/ae01.alicdn.com\/kf\/Sa5c2e6a3b5bf4d239249f12823d8a461z.jpg\"><\/div>\n<p>&nbsp;<\/p>\n<\/div>\n<\/div>\n<\/div>\n<\/div>\n","protected":false},"excerpt":{"rendered":"<p>Produit chimique \u00e0 haute pr\u00e9occupation:&nbsp;Aucun Mat\u00e9riau:&nbsp;M\u00e9tal Capacit\u00e9 de la batterie [mAh]:&nbsp;0 Isolation sonore:&nbsp;Oui Cat\u00e9gorie:&nbsp;\u00c9couteurs et \u00e9couteurs Version Bluetooth:&nbsp;autre Liste des paquets:&nbsp;adaptateur lightning Caract\u00e9ristiques:&nbsp;avec microphone,Supporte Apple Siri,Annulation active du bruit Avec microphone:&nbsp;Oui Est sans fil:&nbsp;No Type de prise:&nbsp;Type de ligne Fonction:&nbsp;Pour le jeu vid\u00e9o,Casque commun,pour t\u00e9l\u00e9phone mobile,Casque HiFi,Sport,Casque pour enfants,Pour ext\u00e9rieur,Pour bureau,Pour DJ,Pour \u00e9tude Annulation active&hellip;<\/p>\n","protected":false},"featured_media":3521,"comment_status":"closed","ping_status":"closed","template":"","meta":[],"product_brand":[],"product_cat":[292,314,285,288],"product_tag":[],"class_list":{"0":"post-3519","1":"product","2":"type-product","3":"status-publish","4":"has-post-thumbnail","6":"product_cat-accessoires-smartphones","7":"product_cat-devices","8":"product_cat-ecouteurs","9":"product_cat-gadgets","11":"first","12":"instock","13":"taxable","14":"shipping-taxable","15":"purchasable","16":"product-type-variable"},"_links":{"self":[{"href":"https:\/\/www.innovatingbytes.com\/en\/wp-json\/wp\/v2\/product\/3519","targetHints":{"allow":["GET"]}}],"collection":[{"href":"https:\/\/www.innovatingbytes.com\/en\/wp-json\/wp\/v2\/product"}],"about":[{"href":"https:\/\/www.innovatingbytes.com\/en\/wp-json\/wp\/v2\/types\/product"}],"replies":[{"embeddable":true,"href":"https:\/\/www.innovatingbytes.com\/en\/wp-json\/wp\/v2\/comments?post=3519"}],"version-history":[{"count":0,"href":"https:\/\/www.innovatingbytes.com\/en\/wp-json\/wp\/v2\/product\/3519\/revisions"}],"wp:featuredmedia":[{"embeddable":true,"href":"https:\/\/www.innovatingbytes.com\/en\/wp-json\/wp\/v2\/media\/3521"}],"wp:attachment":[{"href":"https:\/\/www.innovatingbytes.com\/en\/wp-json\/wp\/v2\/media?parent=3519"}],"wp:term":[{"taxonomy":"product_brand","embeddable":true,"href":"https:\/\/www.innovatingbytes.com\/en\/wp-json\/wp\/v2\/product_brand?post=3519"},{"taxonomy":"product_cat","embeddable":true,"href":"https:\/\/www.innovatingbytes.com\/en\/wp-json\/wp\/v2\/product_cat?post=3519"},{"taxonomy":"product_tag","embeddable":true,"href":"https:\/\/www.innovatingbytes.com\/en\/wp-json\/wp\/v2\/product_tag?post=3519"}],"curies":[{"name":"wp","href":"https:\/\/api.w.org\/{rel}","templated":true}]}}