{"id":3354,"date":"2025-11-05T14:26:16","date_gmt":"2025-11-05T13:26:16","guid":{"rendered":"https:\/\/www.innovatingbytes.com\/product\/8k-drone-esc-professionnel\/"},"modified":"2026-04-09T06:53:23","modified_gmt":"2026-04-09T04:53:23","slug":"8k-drone-esc-professionnel","status":"publish","type":"product","link":"https:\/\/www.innovatingbytes.com\/en\/product\/8k-drone-esc-professionnel\/","title":{"rendered":"8K Drone ESC professionnel"},"content":{"rendered":"\n<div class=\"product-specs-list-container\">\n<ul class=\"product-specs-list util-clearfix\">\n<li class=\"product-prop line-limit-length\"><span class=\"property-title\">Produit chimique \u00e0 haute pr\u00e9occupation:&nbsp;<\/span><span class=\"property-desc line-limit-length\">Aucun<\/span>\n                        <\/li>\n<li class=\"product-prop line-limit-length\"><span class=\"property-title\">Types d&rsquo;\u00e9vitement d&rsquo;obstacles:&nbsp;<\/span><span class=\"property-desc line-limit-length\">\u00c9vitement visuel<\/span>\n                        <\/li>\n<li class=\"product-prop line-limit-length\"><span class=\"property-title\">Type de Moteur:&nbsp;<\/span><span class=\"property-desc line-limit-length\">Moteur sans balais<\/span>\n                        <\/li>\n<li class=\"product-prop line-limit-length\"><span class=\"property-title\">Protection d&rsquo;h\u00e9lice int\u00e9gr\u00e9e:&nbsp;<\/span><span class=\"property-desc line-limit-length\">Inclure<\/span>\n                        <\/li>\n<li class=\"product-prop line-limit-length\"><span class=\"property-title\">Max R\u00e9sistance \u00c0 La Vitesse Du Vent:&nbsp;<\/span><span class=\"property-desc line-limit-length\">&lt;10 km\/h<\/span>\n                        <\/li>\n<li class=\"product-prop line-limit-length\"><span class=\"property-title\">Poids Max d\u00e9collage:&nbsp;<\/span><span class=\"property-desc line-limit-length\">&lt;1kg<\/span>\n                        <\/li>\n<li class=\"product-prop line-limit-length\"><span class=\"property-title\">\u00c9quip\u00e9 d&rsquo;un syst\u00e8me de pulv\u00e9risation d&rsquo;a\u00e9rosol\/volume du r\u00e9servoir de propagation:&nbsp;<\/span><span class=\"property-desc line-limit-length\">Non<\/span>\n                        <\/li>\n<li class=\"product-prop line-limit-length\"><span class=\"property-title\">Batterie amovible\/rempla\u00e7able:&nbsp;<\/span><span class=\"property-desc line-limit-length\">Oui<\/span>\n                        <\/li>\n<li class=\"product-prop line-limit-length\"><span class=\"property-title\">Affichage int\u00e9gr\u00e9:&nbsp;<\/span><span class=\"property-desc line-limit-length\">Non<\/span>\n                        <\/li>\n<li class=\"product-prop line-limit-length\"><span class=\"property-title\">Format vid\u00e9o [nom\/Type]:&nbsp;<\/span><span class=\"property-desc line-limit-length\">MP4<\/span>\n                        <\/li>\n<li class=\"product-prop line-limit-length\"><span class=\"property-title\">R\u00e9solution maximale vid\u00e9o [Pixel X Pixel]:&nbsp;<\/span><span class=\"property-desc line-limit-length\">4K(4096*2160)<\/span>\n                        <\/li>\n<li class=\"product-prop line-limit-length\"><span class=\"property-title\">Cat\u00e9gorie:&nbsp;<\/span><span class=\"property-desc line-limit-length\">Cam\u00e9ra drone<\/span>\n                        <\/li>\n<li class=\"product-prop line-limit-length\"><span class=\"property-title\">Fr\u00e9quence de fonctionnement de l&rsquo;avion:&nbsp;<\/span><span class=\"property-desc line-limit-length\">2,4 GHz,5GHz<\/span>\n                        <\/li>\n<li class=\"product-prop line-limit-length\"><span class=\"property-title\">Drone Poids:&nbsp;<\/span><span class=\"property-desc line-limit-length\">169g<\/span>\n                        <\/li>\n<li class=\"product-prop line-limit-length\"><span class=\"property-title\">Support de cam\u00e9ra Type:&nbsp;<\/span><span class=\"property-desc line-limit-length\">autre<\/span>\n                        <\/li>\n<li class=\"product-prop line-limit-length\"><span class=\"property-title\">GPS:&nbsp;<\/span><span class=\"property-desc line-limit-length\">Non<\/span>\n                        <\/li>\n<li class=\"product-prop line-limit-length\"><span class=\"property-title\">Contr\u00f4le de l&rsquo;affichage:&nbsp;<\/span><span class=\"property-desc line-limit-length\">Non<\/span>\n                        <\/li>\n<li class=\"product-prop line-limit-length\"><span class=\"property-title\">Connectivit\u00e9:&nbsp;<\/span><span class=\"property-desc line-limit-length\">Contr\u00f4leur APP,T\u00e9l\u00e9commande,Wi-Fi<\/span>\n                        <\/li>\n<li class=\"product-prop line-limit-length\"><span class=\"property-title\">Canaux de contr\u00f4le:&nbsp;<\/span><span class=\"property-desc line-limit-length\">4 Canaux<\/span>\n                        <\/li>\n<li class=\"product-prop line-limit-length\"><span class=\"property-title\">Temps d&rsquo;action:&nbsp;<\/span><span class=\"property-desc line-limit-length\">20min<\/span>\n                        <\/li>\n<li class=\"product-prop line-limit-length\"><span class=\"property-title\">Distance:&nbsp;<\/span><span class=\"property-desc line-limit-length\">3000M<\/span>\n                        <\/li>\n<li class=\"product-prop line-limit-length\"><span class=\"property-title\">Int\u00e9gration de Cam\u00e9ra:&nbsp;<\/span><span class=\"property-desc line-limit-length\">Cam\u00e9ra incluse<\/span>\n                        <\/li>\n<li class=\"product-prop line-limit-length\"><span class=\"property-title\">Caract\u00e9ristiques de la cam\u00e9ra:&nbsp;<\/span><span class=\"property-desc line-limit-length\">Enregistrement vid\u00e9o HD 4K,Enregistrement vid\u00e9o HD 6K,Enregistrement vid\u00e9o HD 8K<\/span>\n                        <\/li>\n<li class=\"product-prop line-limit-length\"><span class=\"property-title\">Nom de marque:&nbsp;<\/span><span class=\"property-desc line-limit-length\">LS<\/span>\n                        <\/li>\n<li class=\"product-prop line-limit-length\"><span class=\"property-title\">Origine:&nbsp;<\/span><span class=\"property-desc line-limit-length\">CN (Origine)<\/span>\n                        <\/li>\n<li class=\"product-prop line-limit-length\"><span class=\"property-title\">Taille du capteur:&nbsp;<\/span><span class=\"property-desc line-limit-length\">1\/1.28 pouces<\/span>\n                        <\/li>\n<li class=\"product-prop line-limit-length\"><span class=\"property-title\">Photographie A\u00e9rienne:&nbsp;<\/span><span class=\"property-desc line-limit-length\">Oui<\/span>\n                        <\/li>\n<li class=\"product-prop line-limit-length\"><span class=\"property-title\">Brand:&nbsp;<\/span><span class=\"property-desc line-limit-length\">LS<\/span>\n                        <\/li>\n<li class=\"product-prop line-limit-length\"><span class=\"property-title\">Origin:&nbsp;<\/span><span class=\"property-desc line-limit-length\">Mainland China<\/span>\n                        <\/li>\n<\/ul><\/div>\n<div class=\"detailmodule_html\">\n<div class=\"detail-desc-decorate-richtext\">\n<div class=\"detailmodule_html\">\n<div class=\"detail-desc-decorate-richtext\">\n<p align=\"center\" style=\"text-align:center\"><span style=\"font-size:24px\"><span id=\"tl_1\">Pour Xiaomi Z908 Pro\/MAX 8K Drone ESC professionnel 4K GPS Dron diffusion de flux optique 3 c&ocirc;t&eacute;s &eacute;vitement d&rsquo;obstacles Quadcopter jouet<\/span><\/span><\/p>\n<p><span style=\"font-size:20px\"><span id=\"tl_2\">Caract&eacute;ristiques :<\/span><\/span><\/p>\n<p><span style=\"font-size:14px\" id=\"tl_3\">Fr&eacute;quence :<\/span><span style=\"font-size:14px\"><strong><span id=\"tl_4\">2,4 G<\/span><\/strong><\/span><\/p>\n<p><span style=\"font-size:14px\" id=\"tl_5\">Canal :<\/span><span style=\"font-size:14px\"><strong><span id=\"tl_6\">4CH<\/span><\/strong><\/span><\/p>\n<p><span style=\"font-size:14px\" id=\"tl_7\">Batterie du quadricopt&egrave;re :<\/span><span style=\"font-size:14px\"><strong><span id=\"tl_8\">LiPo 3,7 V 2000 mAh (inclus)<\/span><\/strong><\/span><\/p>\n<p><span style=\"font-size:14px\" id=\"tl_9\">Autonomie d&rsquo;une seule batterie :<\/span><span style=\"font-size:14px\"><strong><span id=\"tl_10\">15-18 minutes<\/span><\/strong><\/span><\/p>\n<p><span style=\"font-size:14px\" id=\"tl_11\">Temps de charge :<\/span><span style=\"font-size:14px\"><strong><span id=\"tl_12\">60 minutes<\/span><\/strong><\/span><\/p>\n<p><span style=\"font-size:14px\" id=\"tl_13\">Couleur<\/span><span style=\"font-size:14px\"><strong><span id=\"tl_14\">: Noir, Gris<\/span><\/strong><\/span><\/p>\n<p><span style=\"font-size:14px\" id=\"tl_15\">Options de cam&eacute;ra :<\/span><span style=\"font-size:14px\"><strong><span id=\"tl_16\">2.4G WiFi 4K HD\/2.4G WIFI 6K\/2.4G WIFI 8K<\/span><\/strong><\/span><\/p>\n<p><span style=\"font-size:14px\" id=\"tl_17\">Taille :<\/span><\/p>\n<p><span style=\"font-size:14px\" id=\"tl_18\">Taille du pli du produit (CM) :<\/span><span style=\"font-size:14px\"><strong><span id=\"tl_19\">14,5*10*5 cm<\/span><\/strong><\/span><\/p>\n<p><span style=\"font-size:14px\" id=\"tl_20\">Taille d&eacute;pli&eacute;e du produit (CM) :<\/span><span style=\"font-size:14px\"><strong><span id=\"tl_21\">33*28*5cm<\/span><\/strong><\/span><\/p>\n<p><span style=\"font-size:20px\"><span id=\"tl_22\">Description :<\/span><\/span><\/p>\n<p><span style=\"font-size:14px\" id=\"tl_23\">-Avec bras pliables, compact et facile &agrave; transporter.<\/span><\/p>\n<p><span style=\"font-size:14px\" id=\"tl_24\">-Avec la fonction wifi 2,4G, peut se connecter &agrave; l&rsquo;application, au syst&egrave;me APK pour prendre des photos\/vid&eacute;os et transmettre des images en temps r&eacute;el via la cam&eacute;ra du t&eacute;l&eacute;phone mobile<\/span><\/p>\n<p><span style=\"font-size:14px\" id=\"tl_25\">-La cam&eacute;ra WiFi 2.4G 4K HD \/ 2.4G WiFi 6K HD \/2.4G WiFi 8K HD peut fournir diverses images et vid&eacute;os HD.<\/span><\/p>\n<p><span style=\"font-size:14px\" id=\"tl_26\">-Avec fonction de mode de maintien d&rsquo;altitude pour fournir un vol stable.<\/span><\/p>\n<p><span style=\"font-size:14px\" id=\"tl_27\">-Le mouvement orbital permettra &agrave; l&rsquo;avion de voler en cercles, offrant ainsi des angles de cam&eacute;ra plus cool.<\/span><\/p>\n<p><span style=\"font-size:14px\" id=\"tl_28\">-Mode vol Waypoint, tracez simplement un itin&eacute;raire &agrave; l&rsquo;&eacute;cran avec l&rsquo;h&eacute;licopt&egrave;re comme chemin donn&eacute;e.<\/span><\/p>\n<p><span style=\"font-size:14px\" id=\"tl_29\">-Temps de vol jusqu&rsquo;&agrave; 15-18 minutes.<\/span><\/p>\n<p><span style=\"font-size:14px\" id=\"tl_30\">-Pas besoin d&rsquo;ajuster la position de l&rsquo;avion avant le vol.<\/span><\/p>\n<p><span style=\"font-size:14px\" id=\"tl_31\">-Fonction de retour &agrave; une touche, vous pouvez facilement trouver votre chemin vers la maison.<\/span><\/p>\n<p><span style=\"font-size:14px\" id=\"tl_32\">-D&eacute;collage\/atterrissage &agrave; une touche.D&eacute;collage ou atterrissage automatique &agrave; un bouton, le drone d&eacute;collera ou reviendra automatiquement en position de d&eacute;collage.<\/span><\/p>\n<p><span style=\"font-size:14px\" id=\"tl_33\">-Avec protection de faible puissance contre les surintensit&eacute;s.<\/span><\/p>\n<p><span style=\"font-size:14px\" id=\"tl_34\">-Immunit&eacute; aux interf&eacute;rences utilisant la technologie 2,4 GHz.<\/span><\/p>\n<p><span style=\"font-size:14px\" id=\"tl_35\">-4 canaux, peut voler vers le haut, vers le bas, avancer, reculer, gauche et droite.<\/span><\/p>\n<p><span style=\"font-size:14px\" id=\"tl_36\">-Gyroscope &agrave; six axes pour un vol plus stable et un contr&ocirc;le plus facile.<\/span><\/p>\n<p><span style=\"font-size:14px\" id=\"tl_37\">-Il dispose de 3 niveaux de commutation de vitesse de vol pour rendre le vol plus amusant.<\/span><\/p>\n<p><span style=\"font-size:14px\" id=\"tl_38\">-Le fuselage &agrave; quatre rotors est fabriqu&eacute; en plastique technique solide et &agrave; haute r&eacute;sistance, l&eacute;ger et durable.<\/span><\/p>\n<p><span style=\"font-size:14px\" id=\"tl_39\">Haut\/bas, avant\/arri&egrave;re, gauche\/droite, vol lat&eacute;ral, 3 niveaux de vitesse de vol, lumi&egrave;res LED, suivi, vol surround, vol de waypoint, mode maintien d&rsquo;altitude, mode sans t&ecirc;te, retour &agrave; un bouton, d&eacute;collage\/attraction &agrave; un bouton, WiFi FPV, cam&eacute;ra\/vid&eacute;o.<\/span><\/p>\n<p><span style=\"font-size:20px\"><span id=\"tl_40\">Accessoires :<\/span><\/span><\/p>\n<p><span style=\"font-size:14px\" id=\"tl_41\">Drone * 1<\/span><\/p>\n<p><span style=\"font-size:14px\" id=\"tl_42\">T&eacute;l&eacute;commande * 1<\/span><\/p>\n<p><span style=\"font-size:14px\" id=\"tl_43\">Batterie du corps * 1<\/span><\/p>\n<p><span style=\"font-size:14px\" id=\"tl_44\">C&acirc;ble USB * 1<\/span><\/p>\n<p><span style=\"font-size:14px\" id=\"tl_45\">Tournevis * 1<\/span><\/p>\n<p><span style=\"font-size:14px\" id=\"tl_46\">Lames de rechange * 4<\/span><\/p>\n<p><span style=\"font-size:14px\" id=\"tl_47\">Manuel du drone * 1<\/span><\/p>\n<p><span style=\"font-size:14px\" id=\"tl_48\">Manuel APP * 1<\/span><\/p>\n<p align=\"center\" style=\"text-align:center;margin:0px;margin-bottom:0px;margin-top:0px;margin-left:0px;margin-right:0px\"><img decoding=\"async\" data-id=\"ckeditor_img27\" src=\"https:\/\/ae01.alicdn.com\/kf\/Sf1d767a82bc94f8a947e49b077ac946aK.jpg?width=1000&amp;height=1618&amp;hash=2618\" \/><img decoding=\"async\" data-id=\"ckeditor_img28\" src=\"https:\/\/ae01.alicdn.com\/kf\/S78a55e04fa3942b589ec82ce235a7ed7p.jpg?width=1000&amp;height=2294&amp;hash=3294\" \/><img decoding=\"async\" data-id=\"ckeditor_img29\" src=\"https:\/\/ae01.alicdn.com\/kf\/S01a9147711c846059cd9df2701111fccZ.jpg?width=1000&amp;height=1552&amp;hash=2552\" \/><img decoding=\"async\" data-id=\"ckeditor_img30\" src=\"https:\/\/ae01.alicdn.com\/kf\/S82fc4710b9064c58b3e64d3a08bdd243y.jpg?width=1000&amp;height=1500&amp;hash=2500\" \/><img decoding=\"async\" data-id=\"ckeditor_img31\" src=\"https:\/\/ae01.alicdn.com\/kf\/S3e490a9e6bbb44d2b267cb96deea50e2r.jpg?width=1000&amp;height=1292&amp;hash=2292\" \/><img decoding=\"async\" data-id=\"ckeditor_img32\" src=\"https:\/\/ae01.alicdn.com\/kf\/S49f232d91cbe49229cebc21a8e6f4459X.jpg?width=1000&amp;height=1594&amp;hash=2594\" \/><img decoding=\"async\" data-id=\"ckeditor_img33\" src=\"https:\/\/ae01.alicdn.com\/kf\/S9f1762b2134045c7aa8f5a17cec071c8x.jpg?width=1000&amp;height=2294&amp;hash=3294\" \/><img decoding=\"async\" data-id=\"ckeditor_img34\" src=\"https:\/\/ae01.alicdn.com\/kf\/Seb2042b2b41248ea9bb764aef21fba24X.jpg?width=1000&amp;height=1684&amp;hash=2684\" \/><img decoding=\"async\" data-id=\"ckeditor_img35\" src=\"https:\/\/ae01.alicdn.com\/kf\/S79e186e521a7421c9d59188a783bb455n.jpg?width=1000&amp;height=1361&amp;hash=2361\" \/><img decoding=\"async\" data-id=\"ckeditor_img36\" src=\"https:\/\/ae01.alicdn.com\/kf\/Se5effb50a05b4100bda7b08c8d312b2di.jpg?width=1000&amp;height=1504&amp;hash=2504\" \/><img decoding=\"async\" data-id=\"ckeditor_img37\" src=\"https:\/\/ae01.alicdn.com\/kf\/S62f103a140fb48efadb1e8f8e0c6c231s.jpg?width=1000&amp;height=2267&amp;hash=3267\" \/><img decoding=\"async\" data-id=\"ckeditor_img38\" src=\"https:\/\/ae01.alicdn.com\/kf\/S4507c4b4ecf842eead5500d8d60006439.jpg?width=1000&amp;height=2137&amp;hash=3137\" \/><img decoding=\"async\" data-id=\"ckeditor_img39\" src=\"https:\/\/ae01.alicdn.com\/kf\/S07882ca66cf34c9e845ee0babfe218f2U.jpg?width=1000&amp;height=1594&amp;hash=2594\" \/><img decoding=\"async\" data-id=\"ckeditor_img40\" src=\"https:\/\/ae01.alicdn.com\/kf\/S757d227c661449f2964c390ad7d973d7C.jpg?width=1000&amp;height=1592&amp;hash=2592\" \/><img decoding=\"async\" data-id=\"ckeditor_img41\" src=\"https:\/\/ae01.alicdn.com\/kf\/Sad17023fbf8349f2968f8bee1795ee8do.jpg?width=1000&amp;height=1594&amp;hash=2594\" \/><img decoding=\"async\" data-id=\"ckeditor_img42\" src=\"https:\/\/ae01.alicdn.com\/kf\/S10148c5dbe244dc2a824ec14de4c2428D.jpg?width=1000&amp;height=1532&amp;hash=2532\" \/><img decoding=\"async\" data-id=\"ckeditor_img43\" src=\"https:\/\/ae01.alicdn.com\/kf\/S9e13fa0edde14da8a499da0c6ea1b346b.jpg?width=1000&amp;height=1851&amp;hash=2851\" \/><img decoding=\"async\" data-id=\"ckeditor_img44\" src=\"https:\/\/ae01.alicdn.com\/kf\/S1f4c78b14f70416096c4a2a193efcda3j.jpg?width=1000&amp;height=1529&amp;hash=2529\" \/><\/p>\n<p>&nbsp;<\/p>\n<\/p><\/div>\n<\/div>\n<\/div>\n<\/div>\n","protected":false},"excerpt":{"rendered":"<p>Produit chimique \u00e0 haute pr\u00e9occupation:&nbsp;Aucun Types d&rsquo;\u00e9vitement d&rsquo;obstacles:&nbsp;\u00c9vitement visuel Type de Moteur:&nbsp;Moteur sans balais Protection d&rsquo;h\u00e9lice int\u00e9gr\u00e9e:&nbsp;Inclure Max R\u00e9sistance \u00c0 La Vitesse Du Vent:&nbsp;&lt;10 km\/h Poids Max d\u00e9collage:&nbsp;&lt;1kg \u00c9quip\u00e9 d&rsquo;un syst\u00e8me de pulv\u00e9risation d&rsquo;a\u00e9rosol\/volume du r\u00e9servoir de propagation:&nbsp;Non Batterie amovible\/rempla\u00e7able:&nbsp;Oui Affichage int\u00e9gr\u00e9:&nbsp;Non Format vid\u00e9o [nom\/Type]:&nbsp;MP4 R\u00e9solution maximale vid\u00e9o [Pixel X Pixel]:&nbsp;4K(4096*2160) Cat\u00e9gorie:&nbsp;Cam\u00e9ra drone Fr\u00e9quence de&hellip;<\/p>\n","protected":false},"featured_media":3355,"comment_status":"closed","ping_status":"closed","template":"","meta":[],"product_brand":[],"product_cat":[315,946],"product_tag":[],"class_list":{"0":"post-3354","1":"product","2":"type-product","3":"status-publish","4":"has-post-thumbnail","6":"product_cat-drones","7":"product_cat-jouets","9":"first","10":"instock","11":"taxable","12":"shipping-taxable","13":"purchasable","14":"product-type-variable"},"_links":{"self":[{"href":"https:\/\/www.innovatingbytes.com\/en\/wp-json\/wp\/v2\/product\/3354","targetHints":{"allow":["GET"]}}],"collection":[{"href":"https:\/\/www.innovatingbytes.com\/en\/wp-json\/wp\/v2\/product"}],"about":[{"href":"https:\/\/www.innovatingbytes.com\/en\/wp-json\/wp\/v2\/types\/product"}],"replies":[{"embeddable":true,"href":"https:\/\/www.innovatingbytes.com\/en\/wp-json\/wp\/v2\/comments?post=3354"}],"version-history":[{"count":0,"href":"https:\/\/www.innovatingbytes.com\/en\/wp-json\/wp\/v2\/product\/3354\/revisions"}],"wp:featuredmedia":[{"embeddable":true,"href":"https:\/\/www.innovatingbytes.com\/en\/wp-json\/wp\/v2\/media\/3355"}],"wp:attachment":[{"href":"https:\/\/www.innovatingbytes.com\/en\/wp-json\/wp\/v2\/media?parent=3354"}],"wp:term":[{"taxonomy":"product_brand","embeddable":true,"href":"https:\/\/www.innovatingbytes.com\/en\/wp-json\/wp\/v2\/product_brand?post=3354"},{"taxonomy":"product_cat","embeddable":true,"href":"https:\/\/www.innovatingbytes.com\/en\/wp-json\/wp\/v2\/product_cat?post=3354"},{"taxonomy":"product_tag","embeddable":true,"href":"https:\/\/www.innovatingbytes.com\/en\/wp-json\/wp\/v2\/product_tag?post=3354"}],"curies":[{"name":"wp","href":"https:\/\/api.w.org\/{rel}","templated":true}]}}